{"id":500,"date":"2026-02-05T07:28:15","date_gmt":"2026-02-05T07:28:15","guid":{"rendered":"https:\/\/store.conimcert.com\/?post_type=product&#038;p=500"},"modified":"2026-02-05T07:42:06","modified_gmt":"2026-02-05T07:42:06","slug":"iso-27701-lead-auditor-copy","status":"publish","type":"product","link":"https:\/\/store.conimcert.com\/az\/course\/information-security\/iso-27701-lead-auditor-copy\/","title":{"rendered":"ISO 27701 Lead Auditor"},"content":{"rendered":"<p data-start=\"140\" data-end=\"509\">This package includes official registration for the <strong data-start=\"192\" data-end=\"232\">PECB ISO\/IEC 27701 Lead Auditor exam<\/strong>, along with comprehensive training and study materials. It\u2019s designed for professionals who want to develop the knowledge and practical skills required to plan, conduct, manage, and lead audits of a<strong data-start=\"388\" data-end=\"480\"> Privacy Information Management System (PIMS)<\/strong> based on ISO\/IEC 27701:2025.<\/p>\n<p data-start=\"511\" data-end=\"715\">Ideal for auditors, consultants, and privacy professionals responsible for assessing compliance, effectiveness, and continual improvement of privacy controls for Personally Identifiable Information (PII).<\/p>\n<p data-start=\"615\" data-end=\"747\"><a href=\"https:\/\/pecb.com\/en\/education-and-certification-for-individuals\/iso-iec-27701\/iso-iec-27701-lead-auditor\" target=\"_blank\" rel=\"noopener\">Click for more info<\/a><\/p>\n<p data-start=\"749\" data-end=\"771\"><strong data-start=\"749\" data-end=\"769\">N\u0259 Daxildir:<\/strong><\/p>\n<ul data-start=\"772\" data-end=\"1015\">\n<li data-start=\"772\" data-end=\"826\">\n<p data-start=\"774\" data-end=\"826\">R\u0259smi PECB Apar\u0131c\u0131 Auditor s\u0259viyy\u0259sind\u0259 imtahan qeydiyyat\u0131<\/p>\n<\/li>\n<li data-start=\"827\" data-end=\"882\">\n<p data-start=\"829\" data-end=\"882\">T\u0259lim materiallar\u0131 (r\u0259q\u0259msal) + n\u00fcmun\u0259vi imtahan suallar\u0131<\/p>\n<\/li>\n<li data-start=\"883\" data-end=\"907\">\n<p data-start=\"885\" data-end=\"907\">1 illik imtahan\u0131n etibarl\u0131l\u0131\u011f\u0131<\/p>\n<\/li>\n<li data-start=\"908\" data-end=\"941\">\n<p data-start=\"910\" data-end=\"941\">\u00d6d\u0259ni\u015fsiz ikinci c\u0259hd (1-ci imtahandan k\u0259sils\u0259niz)<\/p>\n<\/li>\n<li data-start=\"942\" data-end=\"1015\">\n<p data-start=\"944\" data-end=\"1015\">Onlayn imtahan format\u0131 \u2013 CONIM ofisind\u0259n v\u0259 ya siz\u0259 rahat m\u0259kanda imtahana daxil olun<\/p>\n<\/li>\n<\/ul>\n<p data-start=\"1017\" data-end=\"1047\"><strong data-start=\"1017\" data-end=\"1045\">Niy\u0259 bu paketi se\u00e7m\u0259lisiniz?<\/strong><\/p>\n<ul data-start=\"1048\" data-end=\"1599\">\n<li data-start=\"1048\" data-end=\"1096\">\n<p data-start=\"1050\" data-end=\"1096\">100% \u00f6z\u00fcn\u00fct\u0259dris \u2013 ist\u0259diyiniz vaxt v\u0259 tempd\u0259 oxuyun<\/p>\n<\/li>\n<li data-start=\"1167\" data-end=\"1235\">\n<p data-start=\"1169\" data-end=\"1235\">Based on ISO\/IEC 27701:2025 and international auditing standards<\/p>\n<\/li>\n<li data-start=\"1236\" data-end=\"1743\">\n<p data-start=\"1238\" data-end=\"1284\">Covers essential auditing topics, including:<\/p>\n<ul data-start=\"1287\" data-end=\"1743\">\n<li data-start=\"1287\" data-end=\"1369\">\n<p data-start=\"1289\" data-end=\"1369\">Core concepts and principles of a Privacy Information Management System (PIMS)<\/p>\n<\/li>\n<li data-start=\"1372\" data-end=\"1432\">\n<p data-start=\"1374\" data-end=\"1432\">ISO\/IEC 27701 requirements from an auditor\u2019s perspective<\/p>\n<\/li>\n<li data-start=\"1435\" data-end=\"1482\">\n<p data-start=\"1437\" data-end=\"1482\">Auditing PII controllers and PII processors<\/p>\n<\/li>\n<li data-start=\"1485\" data-end=\"1545\">\n<p data-start=\"1487\" data-end=\"1545\">Planning, conducting, reporting, and closing PIMS audits<\/p>\n<\/li>\n<li data-start=\"1548\" data-end=\"1629\">\n<p data-start=\"1550\" data-end=\"1629\">Evaluating implementation, effectiveness, and continual improvement of a PIMS<\/p>\n<\/li>\n<li data-start=\"1632\" data-end=\"1675\">\n<p data-start=\"1634\" data-end=\"1675\">Managing an ISO\/IEC 27701 audit program<\/p>\n<\/li>\n<li data-start=\"1678\" data-end=\"1743\">\n<p data-start=\"1680\" data-end=\"1743\">Compliance with ISO 19011, ISO\/IEC 17021-1, and ISO\/IEC 27706<\/p>\n<\/li>\n<\/ul>\n<\/li>\n<\/ul>\n<p data-start=\"1601\" data-end=\"1623\"><strong data-start=\"1601\" data-end=\"1621\">Kiml\u0259r \u00dc\u00e7\u00fcnd\u00fcr?<\/strong><\/p>\n<ul>\n<li data-start=\"1767\" data-end=\"1842\">\n<p data-start=\"1769\" data-end=\"1842\">Auditors seeking to perform and lead ISO\/IEC 27701 certification audits<\/p>\n<\/li>\n<li data-start=\"1843\" data-end=\"1910\">\n<p data-start=\"1845\" data-end=\"1910\">Managers or consultants aiming to master the PIMS audit process<\/p>\n<\/li>\n<li data-start=\"1911\" data-end=\"1989\">\n<p data-start=\"1913\" data-end=\"1989\">Individuals responsible for maintaining conformance with PIMS requirements<\/p>\n<\/li>\n<li data-start=\"1990\" data-end=\"2058\">\n<p data-start=\"1992\" data-end=\"2058\">Technical experts preparing for internal or external PIMS audits<\/p>\n<\/li>\n<li data-start=\"2059\" data-end=\"2150\">\n<p data-start=\"2061\" data-end=\"2150\">Expert advisors involved in the protection of Personally Identifiable Information (PII)<\/p>\n<\/li>\n<\/ul>\n<p>&nbsp;<\/p>\n<p><a href=\"https:\/\/help.pecb.com\/index.php\/list-of-pecb-exams\/\" target=\"_blank\" rel=\"noopener\">Explore official exam details on PECB<\/a><\/p>\n<p>&nbsp;<\/p>","protected":false},"excerpt":{"rendered":"<p>This package includes official registration for the PECB ISO\/IEC 27701 Lead Auditor exam, along with comprehensive training and study materials. It\u2019s designed for professionals who want to develop the knowledge and practical skills required to plan, conduct, manage, and lead audits of a Privacy Information Management System (PIMS) based on ISO\/IEC 27701:2025. Ideal for auditors, [&hellip;]<\/p>","protected":false},"featured_media":501,"template":"","meta":{"_acf_changed":false},"brand":[],"product_brand":[],"product_cat":[22],"product_tag":[],"class_list":{"0":"post-500","1":"product","2":"type-product","3":"status-publish","4":"has-post-thumbnail","6":"product_cat-information-security","7":"pa_services-self-study","9":"first","10":"instock","11":"shipping-taxable","12":"purchasable","13":"product-type-simple"},"acf":[],"yoast_head":"<!-- This site is optimized with the Yoast SEO plugin v25.7 - https:\/\/yoast.com\/wordpress\/plugins\/seo\/ -->\n<title>ISO 27701 Lead Auditor - Conimcert E-Store<\/title>\n<meta name=\"robots\" content=\"index, follow, max-snippet:-1, max-image-preview:large, max-video-preview:-1\" \/>\n<link rel=\"canonical\" href=\"https:\/\/pecb.com\/en\/education-and-certification-for-individuals\/iso-iec-27701\/iso-iec-27701-lead-auditor\" \/>\n<meta property=\"og:locale\" content=\"az_AZ\" \/>\n<meta property=\"og:type\" content=\"article\" \/>\n<meta property=\"og:title\" content=\"ISO 27701 Lead Auditor - Conimcert E-Store\" \/>\n<meta property=\"og:description\" content=\"This package includes official registration for the PECB ISO\/IEC 27701 Lead Auditor exam, along with comprehensive training and study materials. It\u2019s designed for professionals who want to develop the knowledge and practical skills required to plan, conduct, manage, and lead audits of a Privacy Information Management System (PIMS) based on ISO\/IEC 27701:2025. Ideal for auditors, [&hellip;]\" \/>\n<meta property=\"og:url\" content=\"https:\/\/pecb.com\/en\/education-and-certification-for-individuals\/iso-iec-27701\/iso-iec-27701-lead-auditor\" \/>\n<meta property=\"og:site_name\" content=\"Conimcert E-Store\" \/>\n<meta property=\"article:modified_time\" content=\"2026-02-05T07:42:06+00:00\" \/>\n<meta property=\"og:image\" content=\"https:\/\/store.conimcert.com\/wp-content\/uploads\/2026\/02\/ISO-27701-Lead-Auditor.png\" \/>\n\t<meta property=\"og:image:width\" content=\"451\" \/>\n\t<meta property=\"og:image:height\" content=\"451\" \/>\n\t<meta property=\"og:image:type\" content=\"image\/png\" \/>\n<meta name=\"twitter:card\" content=\"summary_large_image\" \/>\n<meta name=\"twitter:label1\" content=\"Est. reading time\" \/>\n\t<meta name=\"twitter:data1\" content=\"2 minutes\" \/>\n<script type=\"application\/ld+json\" class=\"yoast-schema-graph\">{\"@context\":\"https:\/\/schema.org\",\"@graph\":[{\"@type\":\"WebPage\",\"@id\":\"https:\/\/store.conimcert.com\/course\/information-security\/iso-27701-lead-auditor-copy\/\",\"url\":\"https:\/\/pecb.com\/en\/education-and-certification-for-individuals\/iso-iec-27701\/iso-iec-27701-lead-auditor\",\"name\":\"ISO 27701 Lead Auditor - Conimcert E-Store\",\"isPartOf\":{\"@id\":\"https:\/\/store.conimcert.com\/#website\"},\"primaryImageOfPage\":{\"@id\":\"https:\/\/pecb.com\/en\/education-and-certification-for-individuals\/iso-iec-27701\/iso-iec-27701-lead-auditor#primaryimage\"},\"image\":{\"@id\":\"https:\/\/pecb.com\/en\/education-and-certification-for-individuals\/iso-iec-27701\/iso-iec-27701-lead-auditor#primaryimage\"},\"thumbnailUrl\":\"https:\/\/store.conimcert.com\/wp-content\/uploads\/2026\/02\/ISO-27701-Lead-Auditor.png\",\"datePublished\":\"2026-02-05T07:28:15+00:00\",\"dateModified\":\"2026-02-05T07:42:06+00:00\",\"breadcrumb\":{\"@id\":\"https:\/\/pecb.com\/en\/education-and-certification-for-individuals\/iso-iec-27701\/iso-iec-27701-lead-auditor#breadcrumb\"},\"inLanguage\":\"az\",\"potentialAction\":[{\"@type\":\"ReadAction\",\"target\":[\"https:\/\/pecb.com\/en\/education-and-certification-for-individuals\/iso-iec-27701\/iso-iec-27701-lead-auditor\"]}]},{\"@type\":\"ImageObject\",\"inLanguage\":\"az\",\"@id\":\"https:\/\/pecb.com\/en\/education-and-certification-for-individuals\/iso-iec-27701\/iso-iec-27701-lead-auditor#primaryimage\",\"url\":\"https:\/\/store.conimcert.com\/wp-content\/uploads\/2026\/02\/ISO-27701-Lead-Auditor.png\",\"contentUrl\":\"https:\/\/store.conimcert.com\/wp-content\/uploads\/2026\/02\/ISO-27701-Lead-Auditor.png\",\"width\":451,\"height\":451},{\"@type\":\"BreadcrumbList\",\"@id\":\"https:\/\/pecb.com\/en\/education-and-certification-for-individuals\/iso-iec-27701\/iso-iec-27701-lead-auditor#breadcrumb\",\"itemListElement\":[{\"@type\":\"ListItem\",\"position\":1,\"name\":\"Home\",\"item\":\"https:\/\/store.conimcert.com\/\"},{\"@type\":\"ListItem\",\"position\":2,\"name\":\"Shop\",\"item\":\"https:\/\/store.conimcert.com\/shop\/\"},{\"@type\":\"ListItem\",\"position\":3,\"name\":\"ISO 27701 Lead Auditor\"}]},{\"@type\":\"WebSite\",\"@id\":\"https:\/\/store.conimcert.com\/#website\",\"url\":\"https:\/\/store.conimcert.com\/\",\"name\":\"Conimcert E-Store\",\"description\":\"\",\"publisher\":{\"@id\":\"https:\/\/store.conimcert.com\/#organization\"},\"potentialAction\":[{\"@type\":\"SearchAction\",\"target\":{\"@type\":\"EntryPoint\",\"urlTemplate\":\"https:\/\/store.conimcert.com\/?s={search_term_string}\"},\"query-input\":{\"@type\":\"PropertyValueSpecification\",\"valueRequired\":true,\"valueName\":\"search_term_string\"}}],\"inLanguage\":\"az\"},{\"@type\":\"Organization\",\"@id\":\"https:\/\/store.conimcert.com\/#organization\",\"name\":\"Conimcert E-Store\",\"url\":\"https:\/\/store.conimcert.com\/\",\"logo\":{\"@type\":\"ImageObject\",\"inLanguage\":\"az\",\"@id\":\"https:\/\/store.conimcert.com\/#\/schema\/logo\/image\/\",\"url\":\"https:\/\/store.conimcert.com\/wp-content\/uploads\/2025\/07\/Conim-LOGO-768x132-1.png\",\"contentUrl\":\"https:\/\/store.conimcert.com\/wp-content\/uploads\/2025\/07\/Conim-LOGO-768x132-1.png\",\"width\":768,\"height\":132,\"caption\":\"Conimcert E-Store\"},\"image\":{\"@id\":\"https:\/\/store.conimcert.com\/#\/schema\/logo\/image\/\"}}]}<\/script>\n<!-- \/ Yoast SEO plugin. -->","yoast_head_json":{"title":"ISO 27701 Lead Auditor - Conimcert E-Store","robots":{"index":"index","follow":"follow","max-snippet":"max-snippet:-1","max-image-preview":"max-image-preview:large","max-video-preview":"max-video-preview:-1"},"canonical":"https:\/\/pecb.com\/en\/education-and-certification-for-individuals\/iso-iec-27701\/iso-iec-27701-lead-auditor","og_locale":"az_AZ","og_type":"article","og_title":"ISO 27701 Lead Auditor - Conimcert E-Store","og_description":"This package includes official registration for the PECB ISO\/IEC 27701 Lead Auditor exam, along with comprehensive training and study materials. It\u2019s designed for professionals who want to develop the knowledge and practical skills required to plan, conduct, manage, and lead audits of a Privacy Information Management System (PIMS) based on ISO\/IEC 27701:2025. Ideal for auditors, [&hellip;]","og_url":"https:\/\/pecb.com\/en\/education-and-certification-for-individuals\/iso-iec-27701\/iso-iec-27701-lead-auditor","og_site_name":"Conimcert E-Store","article_modified_time":"2026-02-05T07:42:06+00:00","og_image":[{"width":451,"height":451,"url":"https:\/\/store.conimcert.com\/wp-content\/uploads\/2026\/02\/ISO-27701-Lead-Auditor.png","type":"image\/png"}],"twitter_card":"summary_large_image","twitter_misc":{"Est. reading time":"2 minutes"},"schema":{"@context":"https:\/\/schema.org","@graph":[{"@type":"WebPage","@id":"https:\/\/store.conimcert.com\/course\/information-security\/iso-27701-lead-auditor-copy\/","url":"https:\/\/pecb.com\/en\/education-and-certification-for-individuals\/iso-iec-27701\/iso-iec-27701-lead-auditor","name":"ISO 27701 Lead Auditor - Conimcert E-Store","isPartOf":{"@id":"https:\/\/store.conimcert.com\/#website"},"primaryImageOfPage":{"@id":"https:\/\/pecb.com\/en\/education-and-certification-for-individuals\/iso-iec-27701\/iso-iec-27701-lead-auditor#primaryimage"},"image":{"@id":"https:\/\/pecb.com\/en\/education-and-certification-for-individuals\/iso-iec-27701\/iso-iec-27701-lead-auditor#primaryimage"},"thumbnailUrl":"https:\/\/store.conimcert.com\/wp-content\/uploads\/2026\/02\/ISO-27701-Lead-Auditor.png","datePublished":"2026-02-05T07:28:15+00:00","dateModified":"2026-02-05T07:42:06+00:00","breadcrumb":{"@id":"https:\/\/pecb.com\/en\/education-and-certification-for-individuals\/iso-iec-27701\/iso-iec-27701-lead-auditor#breadcrumb"},"inLanguage":"az","potentialAction":[{"@type":"ReadAction","target":["https:\/\/pecb.com\/en\/education-and-certification-for-individuals\/iso-iec-27701\/iso-iec-27701-lead-auditor"]}]},{"@type":"ImageObject","inLanguage":"az","@id":"https:\/\/pecb.com\/en\/education-and-certification-for-individuals\/iso-iec-27701\/iso-iec-27701-lead-auditor#primaryimage","url":"https:\/\/store.conimcert.com\/wp-content\/uploads\/2026\/02\/ISO-27701-Lead-Auditor.png","contentUrl":"https:\/\/store.conimcert.com\/wp-content\/uploads\/2026\/02\/ISO-27701-Lead-Auditor.png","width":451,"height":451},{"@type":"BreadcrumbList","@id":"https:\/\/pecb.com\/en\/education-and-certification-for-individuals\/iso-iec-27701\/iso-iec-27701-lead-auditor#breadcrumb","itemListElement":[{"@type":"ListItem","position":1,"name":"Home","item":"https:\/\/store.conimcert.com\/"},{"@type":"ListItem","position":2,"name":"Shop","item":"https:\/\/store.conimcert.com\/shop\/"},{"@type":"ListItem","position":3,"name":"ISO 27701 Lead Auditor"}]},{"@type":"WebSite","@id":"https:\/\/store.conimcert.com\/#website","url":"https:\/\/store.conimcert.com\/","name":"Conimcert E-Store","description":"","publisher":{"@id":"https:\/\/store.conimcert.com\/#organization"},"potentialAction":[{"@type":"SearchAction","target":{"@type":"EntryPoint","urlTemplate":"https:\/\/store.conimcert.com\/?s={search_term_string}"},"query-input":{"@type":"PropertyValueSpecification","valueRequired":true,"valueName":"search_term_string"}}],"inLanguage":"az"},{"@type":"Organization","@id":"https:\/\/store.conimcert.com\/#organization","name":"Conimcert E-Store","url":"https:\/\/store.conimcert.com\/","logo":{"@type":"ImageObject","inLanguage":"az","@id":"https:\/\/store.conimcert.com\/#\/schema\/logo\/image\/","url":"https:\/\/store.conimcert.com\/wp-content\/uploads\/2025\/07\/Conim-LOGO-768x132-1.png","contentUrl":"https:\/\/store.conimcert.com\/wp-content\/uploads\/2025\/07\/Conim-LOGO-768x132-1.png","width":768,"height":132,"caption":"Conimcert E-Store"},"image":{"@id":"https:\/\/store.conimcert.com\/#\/schema\/logo\/image\/"}}]}},"_links":{"self":[{"href":"https:\/\/store.conimcert.com\/az\/wp-json\/wp\/v2\/product\/500","targetHints":{"allow":["GET"]}}],"collection":[{"href":"https:\/\/store.conimcert.com\/az\/wp-json\/wp\/v2\/product"}],"about":[{"href":"https:\/\/store.conimcert.com\/az\/wp-json\/wp\/v2\/types\/product"}],"wp:featuredmedia":[{"embeddable":true,"href":"https:\/\/store.conimcert.com\/az\/wp-json\/wp\/v2\/media\/501"}],"wp:attachment":[{"href":"https:\/\/store.conimcert.com\/az\/wp-json\/wp\/v2\/media?parent=500"}],"wp:term":[{"taxonomy":"brand","embeddable":true,"href":"https:\/\/store.conimcert.com\/az\/wp-json\/wp\/v2\/brand?post=500"},{"taxonomy":"product_brand","embeddable":true,"href":"https:\/\/store.conimcert.com\/az\/wp-json\/wp\/v2\/product_brand?post=500"},{"taxonomy":"product_cat","embeddable":true,"href":"https:\/\/store.conimcert.com\/az\/wp-json\/wp\/v2\/product_cat?post=500"},{"taxonomy":"product_tag","embeddable":true,"href":"https:\/\/store.conimcert.com\/az\/wp-json\/wp\/v2\/product_tag?post=500"}],"curies":[{"name":"wp","href":"https:\/\/api.w.org\/{rel}","templated":true}]}}