{"id":498,"date":"2026-02-05T06:59:57","date_gmt":"2026-02-05T06:59:57","guid":{"rendered":"https:\/\/store.conimcert.com\/?post_type=product&#038;p=498"},"modified":"2026-02-05T07:23:30","modified_gmt":"2026-02-05T07:23:30","slug":"iso-27701-lead-implementer","status":"publish","type":"product","link":"https:\/\/store.conimcert.com\/az\/course\/information-security\/iso-27701-lead-implementer\/","title":{"rendered":"ISO 27701 Lead Implementer"},"content":{"rendered":"<p data-start=\"133\" data-end=\"507\">This package includes official registration for the <strong>PECB ISO\/IEC 27701 Lead Implementer<\/strong> exam, along with comprehensive training and study materials. It\u2019s designed for professionals who want to gain the practical expertise needed to establish, implement, manage, and continually improve a <strong>Privacy Information Management System (PIMS)<\/strong> in accordance with ISO\/IEC 27701.<\/p>\n<p data-start=\"641\" data-end=\"809\">Ideal for those who want to lead or support ISMS implementation projects and help organizations protect their data and align with global information security standards.<\/p>\n<p data-start=\"641\" data-end=\"809\"><a href=\"https:\/\/pecb.com\/en\/education-and-certification-for-individuals\/iso-iec-27701\/iso-iec-27701-lead-implementer\" target=\"_blank\" rel=\"noopener\">Click for more info<\/a><\/p>\n<h3 data-start=\"816\" data-end=\"840\"><strong data-start=\"820\" data-end=\"840\">N\u0259 Daxildir:<\/strong><\/h3>\n<ul data-start=\"842\" data-end=\"1089\">\n<li data-start=\"842\" data-end=\"900\">\n<p data-start=\"844\" data-end=\"900\">Official PECB Lead Implementer-level exam registration<\/p>\n<\/li>\n<li data-start=\"901\" data-end=\"956\">\n<p data-start=\"903\" data-end=\"956\">T\u0259lim materiallar\u0131 (r\u0259q\u0259msal) + n\u00fcmun\u0259vi imtahan suallar\u0131<\/p>\n<\/li>\n<li data-start=\"957\" data-end=\"981\">\n<p data-start=\"959\" data-end=\"981\">1 illik imtahan\u0131n etibarl\u0131l\u0131\u011f\u0131<\/p>\n<\/li>\n<li data-start=\"982\" data-end=\"1015\">\n<p data-start=\"984\" data-end=\"1015\">\u00d6d\u0259ni\u015fsiz ikinci c\u0259hd (1-ci imtahandan k\u0259sils\u0259niz)<\/p>\n<\/li>\n<li data-start=\"1016\" data-end=\"1089\">\n<p data-start=\"1018\" data-end=\"1089\">Onlayn imtahan format\u0131 \u2013 CONIM ofisind\u0259n v\u0259 ya siz\u0259 rahat m\u0259kanda imtahana daxil olun<\/p>\n<\/li>\n<\/ul>\n<h3 data-start=\"1096\" data-end=\"1128\"><strong data-start=\"1100\" data-end=\"1128\">Niy\u0259 bu paketi se\u00e7m\u0259lisiniz?<\/strong><\/h3>\n<ul data-start=\"1130\" data-end=\"1604\">\n<li data-start=\"1130\" data-end=\"1178\">\n<p data-start=\"1132\" data-end=\"1178\">100% \u00f6z\u00fcn\u00fct\u0259dris \u2013 ist\u0259diyiniz vaxt v\u0259 tempd\u0259 oxuyun<\/p>\n<\/li>\n<li data-start=\"1172\" data-end=\"1224\">\n<p data-start=\"1174\" data-end=\"1224\">Based on ISO\/IEC 27701 requirements and guidance<\/p>\n<\/li>\n<li data-start=\"1225\" data-end=\"1786\">\n<p data-start=\"1227\" data-end=\"1309\">Covers the full lifecycle of a Privacy Information Management System, including:<\/p>\n<ul data-start=\"1312\" data-end=\"1786\">\n<li data-start=\"1312\" data-end=\"1352\">\n<p data-start=\"1314\" data-end=\"1352\">Core concepts and principles of PIMS<\/p>\n<\/li>\n<li data-start=\"1355\" data-end=\"1423\">\n<p data-start=\"1357\" data-end=\"1423\">Understanding organizational context, leadership, and governance<\/p>\n<\/li>\n<li data-start=\"1426\" data-end=\"1472\">\n<p data-start=\"1428\" data-end=\"1472\">Privacy risk assessment and risk treatment<\/p>\n<\/li>\n<li data-start=\"1475\" data-end=\"1540\">\n<p data-start=\"1477\" data-end=\"1540\">Implementation of privacy objectives, controls, and processes<\/p>\n<\/li>\n<li data-start=\"1543\" data-end=\"1590\">\n<p data-start=\"1545\" data-end=\"1590\">Roles of PII controllers and PII processors<\/p>\n<\/li>\n<li data-start=\"1593\" data-end=\"1660\">\n<p data-start=\"1595\" data-end=\"1660\">Communication, awareness, and documented information management<\/p>\n<\/li>\n<li data-start=\"1663\" data-end=\"1729\">\n<p data-start=\"1665\" data-end=\"1729\">Monitoring, measurement, and continual improvement of the PIMS<\/p>\n<\/li>\n<li data-start=\"1732\" data-end=\"1786\">\n<p data-start=\"1734\" data-end=\"1786\">Preparation for ISO\/IEC 27701 certification audits<\/p>\n<\/li>\n<\/ul>\n<\/li>\n<\/ul>\n<h3 data-start=\"1611\" data-end=\"1635\"><strong data-start=\"1615\" data-end=\"1635\">Kiml\u0259r \u00dc\u00e7\u00fcnd\u00fcr?<\/strong><\/h3>\n<ul data-start=\"1637\" data-end=\"1941\">\n<li data-start=\"1810\" data-end=\"1878\">\n<p data-start=\"1812\" data-end=\"1878\">Managers and consultants involved in privacy and data management<\/p>\n<\/li>\n<li data-start=\"1879\" data-end=\"1947\">\n<p data-start=\"1881\" data-end=\"1947\">Expert advisors responsible for implementing or improving a PIMS<\/p>\n<\/li>\n<li data-start=\"1948\" data-end=\"2050\">\n<p data-start=\"1950\" data-end=\"2050\">Professionals responsible for maintaining compliance with privacy and data protection requirements<\/p>\n<\/li>\n<li data-start=\"2051\" data-end=\"2113\">\n<p data-start=\"2053\" data-end=\"2113\">Members of PIMS or privacy governance implementation teams<\/p>\n<\/li>\n<li data-start=\"2114\" data-end=\"2211\">\n<p data-start=\"2116\" data-end=\"2211\">Individuals aiming to earn a globally recognized ISO\/IEC 27701 Lead Implementer certification<\/p>\n<\/li>\n<\/ul>\n<p>&nbsp;<\/p>\n<p><a href=\"https:\/\/help.pecb.com\/index.php\/list-of-pecb-exams\/\" target=\"_blank\" rel=\"noopener\">Explore official exam details on PECB<\/a><\/p>","protected":false},"excerpt":{"rendered":"<p>This package includes official registration for the PECB ISO\/IEC 27701 Lead Implementer exam, along with comprehensive training and study materials. It\u2019s designed for professionals who want to gain the practical expertise needed to establish, implement, manage, and continually improve a Privacy Information Management System (PIMS) in accordance with ISO\/IEC 27701. Ideal for those who want [&hellip;]<\/p>","protected":false},"featured_media":499,"template":"","meta":{"_acf_changed":false},"brand":[],"product_brand":[],"product_cat":[22],"product_tag":[],"class_list":{"0":"post-498","1":"product","2":"type-product","3":"status-publish","4":"has-post-thumbnail","6":"product_cat-information-security","7":"pa_services-self-study","9":"first","10":"instock","11":"virtual","12":"purchasable","13":"product-type-simple"},"acf":[],"yoast_head":"<!-- This site is optimized with the Yoast SEO plugin v25.7 - https:\/\/yoast.com\/wordpress\/plugins\/seo\/ -->\n<title>ISO 27701 Lead Implementer - Conimcert E-Store<\/title>\n<meta name=\"robots\" content=\"index, follow, max-snippet:-1, max-image-preview:large, max-video-preview:-1\" \/>\n<link rel=\"canonical\" href=\"https:\/\/pecb.com\/en\/education-and-certification-for-individuals\/iso-iec-27001\/iso-iec-27001-lead-implementer\" \/>\n<meta property=\"og:locale\" content=\"az_AZ\" \/>\n<meta property=\"og:type\" content=\"article\" \/>\n<meta property=\"og:title\" content=\"ISO 27701 Lead Implementer - Conimcert E-Store\" \/>\n<meta property=\"og:description\" content=\"This package includes official registration for the PECB ISO\/IEC 27701 Lead Implementer exam, along with comprehensive training and study materials. It\u2019s designed for professionals who want to gain the practical expertise needed to establish, implement, manage, and continually improve a Privacy Information Management System (PIMS) in accordance with ISO\/IEC 27701. Ideal for those who want [&hellip;]\" \/>\n<meta property=\"og:url\" content=\"https:\/\/pecb.com\/en\/education-and-certification-for-individuals\/iso-iec-27001\/iso-iec-27001-lead-implementer\" \/>\n<meta property=\"og:site_name\" content=\"Conimcert E-Store\" \/>\n<meta property=\"article:modified_time\" content=\"2026-02-05T07:23:30+00:00\" \/>\n<meta property=\"og:image\" content=\"https:\/\/store.conimcert.com\/wp-content\/uploads\/2026\/02\/ISO-27701-Lead-Implementer.png\" \/>\n\t<meta property=\"og:image:width\" content=\"451\" \/>\n\t<meta property=\"og:image:height\" content=\"451\" \/>\n\t<meta property=\"og:image:type\" content=\"image\/png\" \/>\n<meta name=\"twitter:card\" content=\"summary_large_image\" \/>\n<meta name=\"twitter:label1\" content=\"Est. reading time\" \/>\n\t<meta name=\"twitter:data1\" content=\"2 minutes\" \/>\n<script type=\"application\/ld+json\" class=\"yoast-schema-graph\">{\"@context\":\"https:\/\/schema.org\",\"@graph\":[{\"@type\":\"WebPage\",\"@id\":\"https:\/\/store.conimcert.com\/course\/information-security\/iso-27701-lead-implementer\/\",\"url\":\"https:\/\/pecb.com\/en\/education-and-certification-for-individuals\/iso-iec-27001\/iso-iec-27001-lead-implementer\",\"name\":\"ISO 27701 Lead Implementer - Conimcert E-Store\",\"isPartOf\":{\"@id\":\"https:\/\/store.conimcert.com\/#website\"},\"primaryImageOfPage\":{\"@id\":\"https:\/\/pecb.com\/en\/education-and-certification-for-individuals\/iso-iec-27001\/iso-iec-27001-lead-implementer#primaryimage\"},\"image\":{\"@id\":\"https:\/\/pecb.com\/en\/education-and-certification-for-individuals\/iso-iec-27001\/iso-iec-27001-lead-implementer#primaryimage\"},\"thumbnailUrl\":\"https:\/\/store.conimcert.com\/wp-content\/uploads\/2026\/02\/ISO-27701-Lead-Implementer.png\",\"datePublished\":\"2026-02-05T06:59:57+00:00\",\"dateModified\":\"2026-02-05T07:23:30+00:00\",\"breadcrumb\":{\"@id\":\"https:\/\/pecb.com\/en\/education-and-certification-for-individuals\/iso-iec-27001\/iso-iec-27001-lead-implementer#breadcrumb\"},\"inLanguage\":\"az\",\"potentialAction\":[{\"@type\":\"ReadAction\",\"target\":[\"https:\/\/pecb.com\/en\/education-and-certification-for-individuals\/iso-iec-27001\/iso-iec-27001-lead-implementer\"]}]},{\"@type\":\"ImageObject\",\"inLanguage\":\"az\",\"@id\":\"https:\/\/pecb.com\/en\/education-and-certification-for-individuals\/iso-iec-27001\/iso-iec-27001-lead-implementer#primaryimage\",\"url\":\"https:\/\/store.conimcert.com\/wp-content\/uploads\/2026\/02\/ISO-27701-Lead-Implementer.png\",\"contentUrl\":\"https:\/\/store.conimcert.com\/wp-content\/uploads\/2026\/02\/ISO-27701-Lead-Implementer.png\",\"width\":451,\"height\":451},{\"@type\":\"BreadcrumbList\",\"@id\":\"https:\/\/pecb.com\/en\/education-and-certification-for-individuals\/iso-iec-27001\/iso-iec-27001-lead-implementer#breadcrumb\",\"itemListElement\":[{\"@type\":\"ListItem\",\"position\":1,\"name\":\"Home\",\"item\":\"https:\/\/store.conimcert.com\/\"},{\"@type\":\"ListItem\",\"position\":2,\"name\":\"Shop\",\"item\":\"https:\/\/store.conimcert.com\/shop\/\"},{\"@type\":\"ListItem\",\"position\":3,\"name\":\"ISO 27701 Lead Implementer\"}]},{\"@type\":\"WebSite\",\"@id\":\"https:\/\/store.conimcert.com\/#website\",\"url\":\"https:\/\/store.conimcert.com\/\",\"name\":\"Conimcert E-Store\",\"description\":\"\",\"publisher\":{\"@id\":\"https:\/\/store.conimcert.com\/#organization\"},\"potentialAction\":[{\"@type\":\"SearchAction\",\"target\":{\"@type\":\"EntryPoint\",\"urlTemplate\":\"https:\/\/store.conimcert.com\/?s={search_term_string}\"},\"query-input\":{\"@type\":\"PropertyValueSpecification\",\"valueRequired\":true,\"valueName\":\"search_term_string\"}}],\"inLanguage\":\"az\"},{\"@type\":\"Organization\",\"@id\":\"https:\/\/store.conimcert.com\/#organization\",\"name\":\"Conimcert E-Store\",\"url\":\"https:\/\/store.conimcert.com\/\",\"logo\":{\"@type\":\"ImageObject\",\"inLanguage\":\"az\",\"@id\":\"https:\/\/store.conimcert.com\/#\/schema\/logo\/image\/\",\"url\":\"https:\/\/store.conimcert.com\/wp-content\/uploads\/2025\/07\/Conim-LOGO-768x132-1.png\",\"contentUrl\":\"https:\/\/store.conimcert.com\/wp-content\/uploads\/2025\/07\/Conim-LOGO-768x132-1.png\",\"width\":768,\"height\":132,\"caption\":\"Conimcert E-Store\"},\"image\":{\"@id\":\"https:\/\/store.conimcert.com\/#\/schema\/logo\/image\/\"}}]}<\/script>\n<!-- \/ Yoast SEO plugin. -->","yoast_head_json":{"title":"ISO 27701 Lead Implementer - Conimcert E-Store","robots":{"index":"index","follow":"follow","max-snippet":"max-snippet:-1","max-image-preview":"max-image-preview:large","max-video-preview":"max-video-preview:-1"},"canonical":"https:\/\/pecb.com\/en\/education-and-certification-for-individuals\/iso-iec-27001\/iso-iec-27001-lead-implementer","og_locale":"az_AZ","og_type":"article","og_title":"ISO 27701 Lead Implementer - Conimcert E-Store","og_description":"This package includes official registration for the PECB ISO\/IEC 27701 Lead Implementer exam, along with comprehensive training and study materials. It\u2019s designed for professionals who want to gain the practical expertise needed to establish, implement, manage, and continually improve a Privacy Information Management System (PIMS) in accordance with ISO\/IEC 27701. Ideal for those who want [&hellip;]","og_url":"https:\/\/pecb.com\/en\/education-and-certification-for-individuals\/iso-iec-27001\/iso-iec-27001-lead-implementer","og_site_name":"Conimcert E-Store","article_modified_time":"2026-02-05T07:23:30+00:00","og_image":[{"width":451,"height":451,"url":"https:\/\/store.conimcert.com\/wp-content\/uploads\/2026\/02\/ISO-27701-Lead-Implementer.png","type":"image\/png"}],"twitter_card":"summary_large_image","twitter_misc":{"Est. reading time":"2 minutes"},"schema":{"@context":"https:\/\/schema.org","@graph":[{"@type":"WebPage","@id":"https:\/\/store.conimcert.com\/course\/information-security\/iso-27701-lead-implementer\/","url":"https:\/\/pecb.com\/en\/education-and-certification-for-individuals\/iso-iec-27001\/iso-iec-27001-lead-implementer","name":"ISO 27701 Lead Implementer - Conimcert E-Store","isPartOf":{"@id":"https:\/\/store.conimcert.com\/#website"},"primaryImageOfPage":{"@id":"https:\/\/pecb.com\/en\/education-and-certification-for-individuals\/iso-iec-27001\/iso-iec-27001-lead-implementer#primaryimage"},"image":{"@id":"https:\/\/pecb.com\/en\/education-and-certification-for-individuals\/iso-iec-27001\/iso-iec-27001-lead-implementer#primaryimage"},"thumbnailUrl":"https:\/\/store.conimcert.com\/wp-content\/uploads\/2026\/02\/ISO-27701-Lead-Implementer.png","datePublished":"2026-02-05T06:59:57+00:00","dateModified":"2026-02-05T07:23:30+00:00","breadcrumb":{"@id":"https:\/\/pecb.com\/en\/education-and-certification-for-individuals\/iso-iec-27001\/iso-iec-27001-lead-implementer#breadcrumb"},"inLanguage":"az","potentialAction":[{"@type":"ReadAction","target":["https:\/\/pecb.com\/en\/education-and-certification-for-individuals\/iso-iec-27001\/iso-iec-27001-lead-implementer"]}]},{"@type":"ImageObject","inLanguage":"az","@id":"https:\/\/pecb.com\/en\/education-and-certification-for-individuals\/iso-iec-27001\/iso-iec-27001-lead-implementer#primaryimage","url":"https:\/\/store.conimcert.com\/wp-content\/uploads\/2026\/02\/ISO-27701-Lead-Implementer.png","contentUrl":"https:\/\/store.conimcert.com\/wp-content\/uploads\/2026\/02\/ISO-27701-Lead-Implementer.png","width":451,"height":451},{"@type":"BreadcrumbList","@id":"https:\/\/pecb.com\/en\/education-and-certification-for-individuals\/iso-iec-27001\/iso-iec-27001-lead-implementer#breadcrumb","itemListElement":[{"@type":"ListItem","position":1,"name":"Home","item":"https:\/\/store.conimcert.com\/"},{"@type":"ListItem","position":2,"name":"Shop","item":"https:\/\/store.conimcert.com\/shop\/"},{"@type":"ListItem","position":3,"name":"ISO 27701 Lead Implementer"}]},{"@type":"WebSite","@id":"https:\/\/store.conimcert.com\/#website","url":"https:\/\/store.conimcert.com\/","name":"Conimcert E-Store","description":"","publisher":{"@id":"https:\/\/store.conimcert.com\/#organization"},"potentialAction":[{"@type":"SearchAction","target":{"@type":"EntryPoint","urlTemplate":"https:\/\/store.conimcert.com\/?s={search_term_string}"},"query-input":{"@type":"PropertyValueSpecification","valueRequired":true,"valueName":"search_term_string"}}],"inLanguage":"az"},{"@type":"Organization","@id":"https:\/\/store.conimcert.com\/#organization","name":"Conimcert E-Store","url":"https:\/\/store.conimcert.com\/","logo":{"@type":"ImageObject","inLanguage":"az","@id":"https:\/\/store.conimcert.com\/#\/schema\/logo\/image\/","url":"https:\/\/store.conimcert.com\/wp-content\/uploads\/2025\/07\/Conim-LOGO-768x132-1.png","contentUrl":"https:\/\/store.conimcert.com\/wp-content\/uploads\/2025\/07\/Conim-LOGO-768x132-1.png","width":768,"height":132,"caption":"Conimcert E-Store"},"image":{"@id":"https:\/\/store.conimcert.com\/#\/schema\/logo\/image\/"}}]}},"_links":{"self":[{"href":"https:\/\/store.conimcert.com\/az\/wp-json\/wp\/v2\/product\/498","targetHints":{"allow":["GET"]}}],"collection":[{"href":"https:\/\/store.conimcert.com\/az\/wp-json\/wp\/v2\/product"}],"about":[{"href":"https:\/\/store.conimcert.com\/az\/wp-json\/wp\/v2\/types\/product"}],"wp:featuredmedia":[{"embeddable":true,"href":"https:\/\/store.conimcert.com\/az\/wp-json\/wp\/v2\/media\/499"}],"wp:attachment":[{"href":"https:\/\/store.conimcert.com\/az\/wp-json\/wp\/v2\/media?parent=498"}],"wp:term":[{"taxonomy":"brand","embeddable":true,"href":"https:\/\/store.conimcert.com\/az\/wp-json\/wp\/v2\/brand?post=498"},{"taxonomy":"product_brand","embeddable":true,"href":"https:\/\/store.conimcert.com\/az\/wp-json\/wp\/v2\/product_brand?post=498"},{"taxonomy":"product_cat","embeddable":true,"href":"https:\/\/store.conimcert.com\/az\/wp-json\/wp\/v2\/product_cat?post=498"},{"taxonomy":"product_tag","embeddable":true,"href":"https:\/\/store.conimcert.com\/az\/wp-json\/wp\/v2\/product_tag?post=498"}],"curies":[{"name":"wp","href":"https:\/\/api.w.org\/{rel}","templated":true}]}}