{"id":496,"date":"2026-02-05T05:52:05","date_gmt":"2026-02-05T05:52:05","guid":{"rendered":"https:\/\/store.conimcert.com\/?post_type=product&#038;p=496"},"modified":"2026-02-05T06:10:35","modified_gmt":"2026-02-05T06:10:35","slug":"iso-27701-foundation","status":"publish","type":"product","link":"https:\/\/store.conimcert.com\/az\/course\/information-security\/iso-27701-foundation\/","title":{"rendered":"ISO 27701 Foundation"},"content":{"rendered":"<p data-start=\"138\" data-end=\"476\">This package includes official registration for the <strong data-start=\"190\" data-end=\"228\">PECB ISO\/IEC 27701 Foundation exam<\/strong>, along with comprehensive digital self-study materials. It\u2019s designed for professionals who want to understand the core concepts, principles, and requirements of a <strong data-start=\"393\" data-end=\"441\">Privacy Information Management System (PIMS)<\/strong> \u2014 without attending live training.<\/p>\n<p data-start=\"478\" data-end=\"686\">Ideal for individuals starting their journey in privacy and data protection, or for those who want a strong foundational understanding of ISO\/IEC 27701 before advancing to higher-level privacy certifications.<\/p>\n<p data-start=\"526\" data-end=\"698\"><a href=\"https:\/\/pecb.com\/en\/education-and-certification-for-individuals\/iso-iec-27701\/iso-iec-27701-foundation\" target=\"_blank\" rel=\"noopener\">Click for more info<\/a><\/p>\n<p data-start=\"700\" data-end=\"722\"><strong data-start=\"700\" data-end=\"720\">N\u0259 Daxildir:<\/strong><\/p>\n<ul>\n<li data-start=\"735\" data-end=\"795\">\n<p data-start=\"737\" data-end=\"795\">Official PECB ISO\/IEC 27701 Foundation exam registration<\/p>\n<\/li>\n<li data-start=\"796\" data-end=\"851\">\n<p data-start=\"798\" data-end=\"851\">T\u0259lim materiallar\u0131 (r\u0259q\u0259msal) + n\u00fcmun\u0259vi imtahan suallar\u0131<\/p>\n<\/li>\n<li data-start=\"852\" data-end=\"876\">\n<p data-start=\"854\" data-end=\"876\">1 illik imtahan\u0131n etibarl\u0131l\u0131\u011f\u0131<\/p>\n<\/li>\n<li data-start=\"877\" data-end=\"910\">\n<p data-start=\"879\" data-end=\"910\">\u00d6d\u0259ni\u015fsiz ikinci c\u0259hd (1-ci imtahandan k\u0259sils\u0259niz)<\/p>\n<\/li>\n<li data-start=\"911\" data-end=\"984\">\n<p data-start=\"913\" data-end=\"984\">Onlayn imtahan format\u0131 \u2013 CONIM ofisind\u0259n v\u0259 ya siz\u0259 rahat m\u0259kanda imtahana daxil olun<\/p>\n<\/li>\n<\/ul>\n<p data-start=\"966\" data-end=\"996\"><strong data-start=\"966\" data-end=\"994\">Niy\u0259 bu paketi se\u00e7m\u0259lisiniz?<\/strong><\/p>\n<ul data-start=\"997\" data-end=\"1420\">\n<li data-start=\"997\" data-end=\"1042\">\n<p data-start=\"999\" data-end=\"1042\">100% self-paced \u2013 learn at your own speed<\/p>\n<\/li>\n<li data-start=\"1043\" data-end=\"1083\">\n<p data-start=\"1045\" data-end=\"1083\">Based on ISO\/IEC 27001:2022 standard<\/p>\n<\/li>\n<li data-start=\"1043\" data-end=\"1083\">\n<p data-start=\"1104\" data-end=\"1148\">Covers fundamental PIMS topics, including:<\/p>\n<ul data-start=\"1151\" data-end=\"1534\">\n<li data-start=\"1151\" data-end=\"1211\">\n<p data-start=\"1153\" data-end=\"1211\">Core privacy and data protection concepts and principles<\/p>\n<\/li>\n<li data-start=\"1214\" data-end=\"1261\">\n<p data-start=\"1216\" data-end=\"1261\">Structure and requirements of ISO\/IEC 27701<\/p>\n<\/li>\n<li data-start=\"1264\" data-end=\"1336\">\n<p data-start=\"1266\" data-end=\"1336\">Relationship between ISO\/IEC 27701, ISO\/IEC 27001, and ISO\/IEC 27002<\/p>\n<\/li>\n<li data-start=\"1339\" data-end=\"1398\">\n<p data-start=\"1341\" data-end=\"1398\">Protection of Personally Identifiable Information (PII)<\/p>\n<\/li>\n<li data-start=\"1401\" data-end=\"1465\">\n<p data-start=\"1403\" data-end=\"1465\">Roles, responsibilities, and controls for privacy management<\/p>\n<\/li>\n<li data-start=\"1468\" data-end=\"1534\">\n<p data-start=\"1470\" data-end=\"1534\">Approaches and techniques for implementing and managing a PIMS<\/p>\n<\/li>\n<\/ul>\n<\/li>\n<\/ul>\n<p data-start=\"1422\" data-end=\"1444\"><strong data-start=\"1422\" data-end=\"1442\">Kiml\u0259r \u00dc\u00e7\u00fcnd\u00fcr?<\/strong><\/p>\n<ul>\n<li data-start=\"1558\" data-end=\"1629\">\n<p data-start=\"1560\" data-end=\"1629\">Individuals involved in information security and privacy management<\/p>\n<\/li>\n<li data-start=\"1630\" data-end=\"1711\">\n<p data-start=\"1632\" data-end=\"1711\">Professionals responsible for handling or overseeing PII within organizations<\/p>\n<\/li>\n<li data-start=\"1712\" data-end=\"1764\">\n<p data-start=\"1714\" data-end=\"1764\">Information security and compliance team members<\/p>\n<\/li>\n<li data-start=\"1765\" data-end=\"1859\">\n<p data-start=\"1767\" data-end=\"1859\">Individuals seeking to build or transition into a career in privacy information management<\/p>\n<\/li>\n<li data-start=\"1860\" data-end=\"1961\">\n<p data-start=\"1862\" data-end=\"1961\">Students or early-career professionals aiming to earn a globally recognized privacy certification<\/p>\n<\/li>\n<\/ul>\n<p>&nbsp;<\/p>\n<p><a href=\"https:\/\/help.pecb.com\/index.php\/list-of-pecb-exams\/\" target=\"_blank\" rel=\"noopener\">Explore official exam details on PECB<\/a><\/p>","protected":false},"excerpt":{"rendered":"<p>This package includes official registration for the PECB ISO\/IEC 27701 Foundation exam, along with comprehensive digital self-study materials. It\u2019s designed for professionals who want to understand the core concepts, principles, and requirements of a Privacy Information Management System (PIMS) \u2014 without attending live training. Ideal for individuals starting their journey in privacy and data protection, [&hellip;]<\/p>","protected":false},"featured_media":497,"template":"","meta":{"_acf_changed":false},"brand":[],"product_brand":[],"product_cat":[22],"product_tag":[],"class_list":{"0":"post-496","1":"product","2":"type-product","3":"status-publish","4":"has-post-thumbnail","6":"product_cat-information-security","7":"pa_services-self-study","9":"first","10":"instock","11":"virtual","12":"purchasable","13":"product-type-simple"},"acf":[],"yoast_head":"<!-- This site is optimized with the Yoast SEO plugin v25.7 - https:\/\/yoast.com\/wordpress\/plugins\/seo\/ -->\n<title>ISO 27701 Foundation - Conimcert E-Store<\/title>\n<meta name=\"robots\" content=\"index, follow, max-snippet:-1, max-image-preview:large, max-video-preview:-1\" \/>\n<link rel=\"canonical\" href=\"https:\/\/pecb.com\/en\/education-and-certification-for-individuals\/iso-iec-27701\/iso-iec-27701-foundation\" \/>\n<meta property=\"og:locale\" content=\"az_AZ\" \/>\n<meta property=\"og:type\" content=\"article\" \/>\n<meta property=\"og:title\" content=\"ISO 27701 Foundation - Conimcert E-Store\" \/>\n<meta property=\"og:description\" content=\"This package includes official registration for the PECB ISO\/IEC 27701 Foundation exam, along with comprehensive digital self-study materials. It\u2019s designed for professionals who want to understand the core concepts, principles, and requirements of a Privacy Information Management System (PIMS) \u2014 without attending live training. Ideal for individuals starting their journey in privacy and data protection, [&hellip;]\" \/>\n<meta property=\"og:url\" content=\"https:\/\/pecb.com\/en\/education-and-certification-for-individuals\/iso-iec-27701\/iso-iec-27701-foundation\" \/>\n<meta property=\"og:site_name\" content=\"Conimcert E-Store\" \/>\n<meta property=\"article:modified_time\" content=\"2026-02-05T06:10:35+00:00\" \/>\n<meta property=\"og:image\" content=\"https:\/\/store.conimcert.com\/wp-content\/uploads\/2026\/02\/ISO-27701-Foundation.png\" \/>\n\t<meta property=\"og:image:width\" content=\"451\" \/>\n\t<meta property=\"og:image:height\" content=\"451\" \/>\n\t<meta property=\"og:image:type\" content=\"image\/png\" \/>\n<meta name=\"twitter:card\" content=\"summary_large_image\" \/>\n<meta name=\"twitter:label1\" content=\"Est. reading time\" \/>\n\t<meta name=\"twitter:data1\" content=\"2 minutes\" \/>\n<script type=\"application\/ld+json\" class=\"yoast-schema-graph\">{\"@context\":\"https:\/\/schema.org\",\"@graph\":[{\"@type\":\"WebPage\",\"@id\":\"https:\/\/store.conimcert.com\/course\/information-security\/iso-27701-foundation\/\",\"url\":\"https:\/\/pecb.com\/en\/education-and-certification-for-individuals\/iso-iec-27701\/iso-iec-27701-foundation\",\"name\":\"ISO 27701 Foundation - Conimcert E-Store\",\"isPartOf\":{\"@id\":\"https:\/\/store.conimcert.com\/#website\"},\"primaryImageOfPage\":{\"@id\":\"https:\/\/pecb.com\/en\/education-and-certification-for-individuals\/iso-iec-27701\/iso-iec-27701-foundation#primaryimage\"},\"image\":{\"@id\":\"https:\/\/pecb.com\/en\/education-and-certification-for-individuals\/iso-iec-27701\/iso-iec-27701-foundation#primaryimage\"},\"thumbnailUrl\":\"https:\/\/store.conimcert.com\/wp-content\/uploads\/2026\/02\/ISO-27701-Foundation.png\",\"datePublished\":\"2026-02-05T05:52:05+00:00\",\"dateModified\":\"2026-02-05T06:10:35+00:00\",\"breadcrumb\":{\"@id\":\"https:\/\/pecb.com\/en\/education-and-certification-for-individuals\/iso-iec-27701\/iso-iec-27701-foundation#breadcrumb\"},\"inLanguage\":\"az\",\"potentialAction\":[{\"@type\":\"ReadAction\",\"target\":[\"https:\/\/pecb.com\/en\/education-and-certification-for-individuals\/iso-iec-27701\/iso-iec-27701-foundation\"]}]},{\"@type\":\"ImageObject\",\"inLanguage\":\"az\",\"@id\":\"https:\/\/pecb.com\/en\/education-and-certification-for-individuals\/iso-iec-27701\/iso-iec-27701-foundation#primaryimage\",\"url\":\"https:\/\/store.conimcert.com\/wp-content\/uploads\/2026\/02\/ISO-27701-Foundation.png\",\"contentUrl\":\"https:\/\/store.conimcert.com\/wp-content\/uploads\/2026\/02\/ISO-27701-Foundation.png\",\"width\":451,\"height\":451},{\"@type\":\"BreadcrumbList\",\"@id\":\"https:\/\/pecb.com\/en\/education-and-certification-for-individuals\/iso-iec-27701\/iso-iec-27701-foundation#breadcrumb\",\"itemListElement\":[{\"@type\":\"ListItem\",\"position\":1,\"name\":\"Home\",\"item\":\"https:\/\/store.conimcert.com\/\"},{\"@type\":\"ListItem\",\"position\":2,\"name\":\"Shop\",\"item\":\"https:\/\/store.conimcert.com\/shop\/\"},{\"@type\":\"ListItem\",\"position\":3,\"name\":\"ISO 27701 Foundation\"}]},{\"@type\":\"WebSite\",\"@id\":\"https:\/\/store.conimcert.com\/#website\",\"url\":\"https:\/\/store.conimcert.com\/\",\"name\":\"Conimcert E-Store\",\"description\":\"\",\"publisher\":{\"@id\":\"https:\/\/store.conimcert.com\/#organization\"},\"potentialAction\":[{\"@type\":\"SearchAction\",\"target\":{\"@type\":\"EntryPoint\",\"urlTemplate\":\"https:\/\/store.conimcert.com\/?s={search_term_string}\"},\"query-input\":{\"@type\":\"PropertyValueSpecification\",\"valueRequired\":true,\"valueName\":\"search_term_string\"}}],\"inLanguage\":\"az\"},{\"@type\":\"Organization\",\"@id\":\"https:\/\/store.conimcert.com\/#organization\",\"name\":\"Conimcert E-Store\",\"url\":\"https:\/\/store.conimcert.com\/\",\"logo\":{\"@type\":\"ImageObject\",\"inLanguage\":\"az\",\"@id\":\"https:\/\/store.conimcert.com\/#\/schema\/logo\/image\/\",\"url\":\"https:\/\/store.conimcert.com\/wp-content\/uploads\/2025\/07\/Conim-LOGO-768x132-1.png\",\"contentUrl\":\"https:\/\/store.conimcert.com\/wp-content\/uploads\/2025\/07\/Conim-LOGO-768x132-1.png\",\"width\":768,\"height\":132,\"caption\":\"Conimcert E-Store\"},\"image\":{\"@id\":\"https:\/\/store.conimcert.com\/#\/schema\/logo\/image\/\"}}]}<\/script>\n<!-- \/ Yoast SEO plugin. -->","yoast_head_json":{"title":"ISO 27701 Foundation - Conimcert E-Store","robots":{"index":"index","follow":"follow","max-snippet":"max-snippet:-1","max-image-preview":"max-image-preview:large","max-video-preview":"max-video-preview:-1"},"canonical":"https:\/\/pecb.com\/en\/education-and-certification-for-individuals\/iso-iec-27701\/iso-iec-27701-foundation","og_locale":"az_AZ","og_type":"article","og_title":"ISO 27701 Foundation - Conimcert E-Store","og_description":"This package includes official registration for the PECB ISO\/IEC 27701 Foundation exam, along with comprehensive digital self-study materials. It\u2019s designed for professionals who want to understand the core concepts, principles, and requirements of a Privacy Information Management System (PIMS) \u2014 without attending live training. Ideal for individuals starting their journey in privacy and data protection, [&hellip;]","og_url":"https:\/\/pecb.com\/en\/education-and-certification-for-individuals\/iso-iec-27701\/iso-iec-27701-foundation","og_site_name":"Conimcert E-Store","article_modified_time":"2026-02-05T06:10:35+00:00","og_image":[{"width":451,"height":451,"url":"https:\/\/store.conimcert.com\/wp-content\/uploads\/2026\/02\/ISO-27701-Foundation.png","type":"image\/png"}],"twitter_card":"summary_large_image","twitter_misc":{"Est. reading time":"2 minutes"},"schema":{"@context":"https:\/\/schema.org","@graph":[{"@type":"WebPage","@id":"https:\/\/store.conimcert.com\/course\/information-security\/iso-27701-foundation\/","url":"https:\/\/pecb.com\/en\/education-and-certification-for-individuals\/iso-iec-27701\/iso-iec-27701-foundation","name":"ISO 27701 Foundation - Conimcert E-Store","isPartOf":{"@id":"https:\/\/store.conimcert.com\/#website"},"primaryImageOfPage":{"@id":"https:\/\/pecb.com\/en\/education-and-certification-for-individuals\/iso-iec-27701\/iso-iec-27701-foundation#primaryimage"},"image":{"@id":"https:\/\/pecb.com\/en\/education-and-certification-for-individuals\/iso-iec-27701\/iso-iec-27701-foundation#primaryimage"},"thumbnailUrl":"https:\/\/store.conimcert.com\/wp-content\/uploads\/2026\/02\/ISO-27701-Foundation.png","datePublished":"2026-02-05T05:52:05+00:00","dateModified":"2026-02-05T06:10:35+00:00","breadcrumb":{"@id":"https:\/\/pecb.com\/en\/education-and-certification-for-individuals\/iso-iec-27701\/iso-iec-27701-foundation#breadcrumb"},"inLanguage":"az","potentialAction":[{"@type":"ReadAction","target":["https:\/\/pecb.com\/en\/education-and-certification-for-individuals\/iso-iec-27701\/iso-iec-27701-foundation"]}]},{"@type":"ImageObject","inLanguage":"az","@id":"https:\/\/pecb.com\/en\/education-and-certification-for-individuals\/iso-iec-27701\/iso-iec-27701-foundation#primaryimage","url":"https:\/\/store.conimcert.com\/wp-content\/uploads\/2026\/02\/ISO-27701-Foundation.png","contentUrl":"https:\/\/store.conimcert.com\/wp-content\/uploads\/2026\/02\/ISO-27701-Foundation.png","width":451,"height":451},{"@type":"BreadcrumbList","@id":"https:\/\/pecb.com\/en\/education-and-certification-for-individuals\/iso-iec-27701\/iso-iec-27701-foundation#breadcrumb","itemListElement":[{"@type":"ListItem","position":1,"name":"Home","item":"https:\/\/store.conimcert.com\/"},{"@type":"ListItem","position":2,"name":"Shop","item":"https:\/\/store.conimcert.com\/shop\/"},{"@type":"ListItem","position":3,"name":"ISO 27701 Foundation"}]},{"@type":"WebSite","@id":"https:\/\/store.conimcert.com\/#website","url":"https:\/\/store.conimcert.com\/","name":"Conimcert E-Store","description":"","publisher":{"@id":"https:\/\/store.conimcert.com\/#organization"},"potentialAction":[{"@type":"SearchAction","target":{"@type":"EntryPoint","urlTemplate":"https:\/\/store.conimcert.com\/?s={search_term_string}"},"query-input":{"@type":"PropertyValueSpecification","valueRequired":true,"valueName":"search_term_string"}}],"inLanguage":"az"},{"@type":"Organization","@id":"https:\/\/store.conimcert.com\/#organization","name":"Conimcert E-Store","url":"https:\/\/store.conimcert.com\/","logo":{"@type":"ImageObject","inLanguage":"az","@id":"https:\/\/store.conimcert.com\/#\/schema\/logo\/image\/","url":"https:\/\/store.conimcert.com\/wp-content\/uploads\/2025\/07\/Conim-LOGO-768x132-1.png","contentUrl":"https:\/\/store.conimcert.com\/wp-content\/uploads\/2025\/07\/Conim-LOGO-768x132-1.png","width":768,"height":132,"caption":"Conimcert E-Store"},"image":{"@id":"https:\/\/store.conimcert.com\/#\/schema\/logo\/image\/"}}]}},"_links":{"self":[{"href":"https:\/\/store.conimcert.com\/az\/wp-json\/wp\/v2\/product\/496","targetHints":{"allow":["GET"]}}],"collection":[{"href":"https:\/\/store.conimcert.com\/az\/wp-json\/wp\/v2\/product"}],"about":[{"href":"https:\/\/store.conimcert.com\/az\/wp-json\/wp\/v2\/types\/product"}],"wp:featuredmedia":[{"embeddable":true,"href":"https:\/\/store.conimcert.com\/az\/wp-json\/wp\/v2\/media\/497"}],"wp:attachment":[{"href":"https:\/\/store.conimcert.com\/az\/wp-json\/wp\/v2\/media?parent=496"}],"wp:term":[{"taxonomy":"brand","embeddable":true,"href":"https:\/\/store.conimcert.com\/az\/wp-json\/wp\/v2\/brand?post=496"},{"taxonomy":"product_brand","embeddable":true,"href":"https:\/\/store.conimcert.com\/az\/wp-json\/wp\/v2\/product_brand?post=496"},{"taxonomy":"product_cat","embeddable":true,"href":"https:\/\/store.conimcert.com\/az\/wp-json\/wp\/v2\/product_cat?post=496"},{"taxonomy":"product_tag","embeddable":true,"href":"https:\/\/store.conimcert.com\/az\/wp-json\/wp\/v2\/product_tag?post=496"}],"curies":[{"name":"wp","href":"https:\/\/api.w.org\/{rel}","templated":true}]}}