{"id":478,"date":"2025-12-29T05:47:55","date_gmt":"2025-12-29T05:47:55","guid":{"rendered":"https:\/\/store.conimcert.com\/?post_type=product&#038;p=478"},"modified":"2026-01-16T19:39:58","modified_gmt":"2026-01-16T19:39:58","slug":"iso-17025-foundation","status":"publish","type":"product","link":"https:\/\/store.conimcert.com\/az\/course\/quality-and-sustainability\/iso-17025-foundation\/","title":{"rendered":"ISO 17025 Foundation"},"content":{"rendered":"<p data-start=\"170\" data-end=\"505\">This package includes official registration for the <strong data-start=\"222\" data-end=\"260\">PECB ISO\/IEC 17025 Foundation exam<\/strong>, along with comprehensive training materials. It is designed for professionals who want to understand the fundamental principles, requirements, and management approach of <strong data-start=\"432\" data-end=\"471\">Laboratory Management Systems (LMS)<\/strong> in accordance with ISO\/IEC 17025.<\/p>\n<p data-start=\"507\" data-end=\"710\">Ideal for individuals aiming to build a solid foundation in laboratory quality management and contribute to the competence, reliability, and continual improvement of testing and calibration laboratories.<\/p>\n<p data-start=\"712\" data-end=\"735\"><a href=\"https:\/\/pecb.com\/en\/education-and-certification-for-individuals\/iso-iec-17025\/iso-iec-17025-foundation\"><strong data-start=\"712\" data-end=\"735\">Click for more info<\/strong><\/a><\/p>\n<h3 data-start=\"737\" data-end=\"757\">N\u0259 Daxildir:<\/h3>\n<ul data-start=\"759\" data-end=\"1227\">\n<li data-start=\"759\" data-end=\"819\">\n<p data-start=\"761\" data-end=\"819\">Official PECB ISO\/IEC 17025 Foundation exam registration<\/p>\n<\/li>\n<li data-start=\"820\" data-end=\"905\">\n<p data-start=\"822\" data-end=\"905\">Full training course materials covering LMS policy, procedures, and key processes<\/p>\n<\/li>\n<li data-start=\"906\" data-end=\"980\">\n<p data-start=\"908\" data-end=\"980\">Practical explanations, real-world examples, and interactive exercises<\/p>\n<\/li>\n<li data-start=\"981\" data-end=\"1038\">\n<p data-start=\"983\" data-end=\"1038\">Practice tests aligned with the PECB Certificate Exam<\/p>\n<\/li>\n<li data-start=\"1039\" data-end=\"1090\">\n<p data-start=\"1041\" data-end=\"1090\">Digital learning resources for exam preparation<\/p>\n<\/li>\n<li data-start=\"1091\" data-end=\"1115\">\n<p data-start=\"1093\" data-end=\"1115\">1 illik imtahan\u0131n etibarl\u0131l\u0131\u011f\u0131<\/p>\n<\/li>\n<li data-start=\"1116\" data-end=\"1156\">\n<p data-start=\"1118\" data-end=\"1156\">Free second exam attempt if required<\/p>\n<\/li>\n<li data-start=\"1157\" data-end=\"1227\">\n<p data-start=\"1159\" data-end=\"1227\">Online exam format \u2013 accessible anytime, anywhere via <strong data-start=\"1213\" data-end=\"1227\">PECB Exams<\/strong><\/p>\n<\/li>\n<\/ul>\n<h3 data-start=\"1229\" data-end=\"1257\">Niy\u0259 bu paketi se\u00e7m\u0259lisiniz?<\/h3>\n<ul data-start=\"1259\" data-end=\"1835\">\n<li data-start=\"1259\" data-end=\"1347\">\n<p data-start=\"1261\" data-end=\"1347\">Understand the core components and operation of a Laboratory Management System (LMS)<\/p>\n<\/li>\n<li data-start=\"1348\" data-end=\"1428\">\n<p data-start=\"1350\" data-end=\"1428\">Learn how ISO\/IEC 17025 requirements are implemented and managed in practice<\/p>\n<\/li>\n<li data-start=\"1429\" data-end=\"1527\">\n<p data-start=\"1431\" data-end=\"1527\">Recognize the relationship between ISO\/IEC 17025 and other standards and regulatory frameworks<\/p>\n<\/li>\n<li data-start=\"1528\" data-end=\"1635\">\n<p data-start=\"1530\" data-end=\"1635\">Gain insight into management commitment, internal audits, management reviews, and continual improvement<\/p>\n<\/li>\n<li data-start=\"1636\" data-end=\"1724\">\n<p data-start=\"1638\" data-end=\"1724\">Prepare confidently for certification through structured learning and practice tests<\/p>\n<\/li>\n<li data-start=\"1725\" data-end=\"1835\">\n<p data-start=\"1727\" data-end=\"1835\">Earn a globally recognized <strong data-start=\"1754\" data-end=\"1785\">PECB Foundation Certificate<\/strong>, proving your understanding of LMS fundamentals<\/p>\n<\/li>\n<\/ul>\n<h3 data-start=\"1837\" data-end=\"1857\">Kiml\u0259r \u00dc\u00e7\u00fcnd\u00fcr?<\/h3>\n<ul data-start=\"1859\" data-end=\"2279\">\n<li data-start=\"1859\" data-end=\"1936\">\n<p data-start=\"1861\" data-end=\"1936\">Individuals involved in <strong data-start=\"1885\" data-end=\"1934\">Testing and Calibration Laboratory Management<\/strong><\/p>\n<\/li>\n<li data-start=\"1937\" data-end=\"2015\">\n<p data-start=\"1939\" data-end=\"2015\">Professionals seeking knowledge of <strong data-start=\"1974\" data-end=\"2013\">Laboratory Management Systems (LMS)<\/strong><\/p>\n<\/li>\n<li data-start=\"2016\" data-end=\"2111\">\n<p data-start=\"2018\" data-end=\"2111\">Individuals planning to pursue a career in <strong data-start=\"2061\" data-end=\"2109\">laboratory quality and competence management<\/strong><\/p>\n<\/li>\n<li data-start=\"2112\" data-end=\"2180\">\n<p data-start=\"2114\" data-end=\"2180\">Managers, supervisors, and consultants working with laboratories<\/p>\n<\/li>\n<li data-start=\"2181\" data-end=\"2279\">\n<p data-start=\"2183\" data-end=\"2279\">Anyone aiming to obtain an <strong data-start=\"2210\" data-end=\"2279\">internationally recognized ISO\/IEC 17025 Foundation certification<\/strong><\/p>\n<\/li>\n<\/ul>\n<p>&nbsp;<\/p>\n<p><a href=\"https:\/\/help.pecb.com\/index.php\/list-of-pecb-exams\/\" target=\"_blank\" rel=\"noopener\">Explore official exam details on PECB<\/a><\/p>","protected":false},"excerpt":{"rendered":"<p>This package includes official registration for the PECB ISO\/IEC 17025 Foundation exam, along with comprehensive training materials. It is designed for professionals who want to understand the fundamental principles, requirements, and management approach of Laboratory Management Systems (LMS) in accordance with ISO\/IEC 17025. Ideal for individuals aiming to build a solid foundation in laboratory quality [&hellip;]<\/p>","protected":false},"featured_media":479,"template":"","meta":{"_acf_changed":false},"brand":[],"product_brand":[],"product_cat":[24,18],"product_tag":[],"class_list":{"0":"post-478","1":"product","2":"type-product","3":"status-publish","4":"has-post-thumbnail","6":"product_cat-health-and-safety","7":"product_cat-quality-and-sustainability","8":"pa_services-quality","10":"first","11":"instock","12":"virtual","13":"purchasable","14":"product-type-simple"},"acf":[],"yoast_head":"<!-- This site is optimized with the Yoast SEO plugin v27.4 - https:\/\/yoast.com\/product\/yoast-seo-wordpress\/ -->\n<title>ISO 17025 Foundation - Conimcert E-Store<\/title>\n<meta name=\"robots\" content=\"index, follow, max-snippet:-1, max-image-preview:large, max-video-preview:-1\" \/>\n<link rel=\"canonical\" href=\"https:\/\/pecb.com\/en\/education-and-certification-for-individuals\/iso-iec-17025\/iso-iec-17025-foundation\" \/>\n<meta property=\"og:locale\" content=\"az_AZ\" \/>\n<meta property=\"og:type\" content=\"article\" \/>\n<meta property=\"og:title\" content=\"ISO 17025 Foundation - Conimcert E-Store\" \/>\n<meta property=\"og:description\" content=\"This package includes official registration for the PECB ISO\/IEC 17025 Foundation exam, along with comprehensive training materials. It is designed for professionals who want to understand the fundamental principles, requirements, and management approach of Laboratory Management Systems (LMS) in accordance with ISO\/IEC 17025. Ideal for individuals aiming to build a solid foundation in laboratory quality [&hellip;]\" \/>\n<meta property=\"og:url\" content=\"https:\/\/pecb.com\/en\/education-and-certification-for-individuals\/iso-iec-17025\/iso-iec-17025-foundation\" \/>\n<meta property=\"og:site_name\" content=\"Conimcert E-Store\" \/>\n<meta property=\"article:modified_time\" content=\"2026-01-16T19:39:58+00:00\" \/>\n<meta property=\"og:image\" content=\"https:\/\/store.conimcert.com\/wp-content\/uploads\/2025\/12\/ISO-17025-Foundation.png\" \/>\n\t<meta property=\"og:image:width\" content=\"451\" \/>\n\t<meta property=\"og:image:height\" content=\"451\" \/>\n\t<meta property=\"og:image:type\" content=\"image\/png\" \/>\n<meta name=\"twitter:card\" content=\"summary_large_image\" \/>\n<meta name=\"twitter:label1\" content=\"Est. reading time\" \/>\n\t<meta name=\"twitter:data1\" content=\"2 minutes\" \/>\n<script type=\"application\/ld+json\" class=\"yoast-schema-graph\">{\"@context\":\"https:\\\/\\\/schema.org\",\"@graph\":[{\"@type\":\"WebPage\",\"@id\":\"https:\\\/\\\/store.conimcert.com\\\/course\\\/quality-and-sustainability\\\/iso-17025-foundation\\\/\",\"url\":\"https:\\\/\\\/pecb.com\\\/en\\\/education-and-certification-for-individuals\\\/iso-iec-17025\\\/iso-iec-17025-foundation\",\"name\":\"ISO 17025 Foundation - Conimcert E-Store\",\"isPartOf\":{\"@id\":\"https:\\\/\\\/store.conimcert.com\\\/#website\"},\"primaryImageOfPage\":{\"@id\":\"https:\\\/\\\/pecb.com\\\/en\\\/education-and-certification-for-individuals\\\/iso-iec-17025\\\/iso-iec-17025-foundation#primaryimage\"},\"image\":{\"@id\":\"https:\\\/\\\/pecb.com\\\/en\\\/education-and-certification-for-individuals\\\/iso-iec-17025\\\/iso-iec-17025-foundation#primaryimage\"},\"thumbnailUrl\":\"https:\\\/\\\/store.conimcert.com\\\/wp-content\\\/uploads\\\/2025\\\/12\\\/ISO-17025-Foundation.png\",\"datePublished\":\"2025-12-29T05:47:55+00:00\",\"dateModified\":\"2026-01-16T19:39:58+00:00\",\"breadcrumb\":{\"@id\":\"https:\\\/\\\/pecb.com\\\/en\\\/education-and-certification-for-individuals\\\/iso-iec-17025\\\/iso-iec-17025-foundation#breadcrumb\"},\"inLanguage\":\"az\",\"potentialAction\":[{\"@type\":\"ReadAction\",\"target\":[\"https:\\\/\\\/pecb.com\\\/en\\\/education-and-certification-for-individuals\\\/iso-iec-17025\\\/iso-iec-17025-foundation\"]}]},{\"@type\":\"ImageObject\",\"inLanguage\":\"az\",\"@id\":\"https:\\\/\\\/pecb.com\\\/en\\\/education-and-certification-for-individuals\\\/iso-iec-17025\\\/iso-iec-17025-foundation#primaryimage\",\"url\":\"https:\\\/\\\/store.conimcert.com\\\/wp-content\\\/uploads\\\/2025\\\/12\\\/ISO-17025-Foundation.png\",\"contentUrl\":\"https:\\\/\\\/store.conimcert.com\\\/wp-content\\\/uploads\\\/2025\\\/12\\\/ISO-17025-Foundation.png\",\"width\":451,\"height\":451},{\"@type\":\"BreadcrumbList\",\"@id\":\"https:\\\/\\\/pecb.com\\\/en\\\/education-and-certification-for-individuals\\\/iso-iec-17025\\\/iso-iec-17025-foundation#breadcrumb\",\"itemListElement\":[{\"@type\":\"ListItem\",\"position\":1,\"name\":\"Home\",\"item\":\"https:\\\/\\\/store.conimcert.com\\\/\"},{\"@type\":\"ListItem\",\"position\":2,\"name\":\"Shop\",\"item\":\"https:\\\/\\\/store.conimcert.com\\\/shop\\\/\"},{\"@type\":\"ListItem\",\"position\":3,\"name\":\"ISO 17025 Foundation\"}]},{\"@type\":\"WebSite\",\"@id\":\"https:\\\/\\\/store.conimcert.com\\\/#website\",\"url\":\"https:\\\/\\\/store.conimcert.com\\\/\",\"name\":\"Conimcert E-Store\",\"description\":\"\",\"publisher\":{\"@id\":\"https:\\\/\\\/store.conimcert.com\\\/#organization\"},\"potentialAction\":[{\"@type\":\"SearchAction\",\"target\":{\"@type\":\"EntryPoint\",\"urlTemplate\":\"https:\\\/\\\/store.conimcert.com\\\/?s={search_term_string}\"},\"query-input\":{\"@type\":\"PropertyValueSpecification\",\"valueRequired\":true,\"valueName\":\"search_term_string\"}}],\"inLanguage\":\"az\"},{\"@type\":\"Organization\",\"@id\":\"https:\\\/\\\/store.conimcert.com\\\/#organization\",\"name\":\"Conimcert E-Store\",\"url\":\"https:\\\/\\\/store.conimcert.com\\\/\",\"logo\":{\"@type\":\"ImageObject\",\"inLanguage\":\"az\",\"@id\":\"https:\\\/\\\/store.conimcert.com\\\/#\\\/schema\\\/logo\\\/image\\\/\",\"url\":\"https:\\\/\\\/store.conimcert.com\\\/wp-content\\\/uploads\\\/2025\\\/07\\\/Conim-LOGO-768x132-1.png\",\"contentUrl\":\"https:\\\/\\\/store.conimcert.com\\\/wp-content\\\/uploads\\\/2025\\\/07\\\/Conim-LOGO-768x132-1.png\",\"width\":768,\"height\":132,\"caption\":\"Conimcert E-Store\"},\"image\":{\"@id\":\"https:\\\/\\\/store.conimcert.com\\\/#\\\/schema\\\/logo\\\/image\\\/\"}}]}<\/script>\n<!-- \/ Yoast SEO plugin. -->","yoast_head_json":{"title":"ISO 17025 Foundation - Conimcert E-Store","robots":{"index":"index","follow":"follow","max-snippet":"max-snippet:-1","max-image-preview":"max-image-preview:large","max-video-preview":"max-video-preview:-1"},"canonical":"https:\/\/pecb.com\/en\/education-and-certification-for-individuals\/iso-iec-17025\/iso-iec-17025-foundation","og_locale":"az_AZ","og_type":"article","og_title":"ISO 17025 Foundation - Conimcert E-Store","og_description":"This package includes official registration for the PECB ISO\/IEC 17025 Foundation exam, along with comprehensive training materials. It is designed for professionals who want to understand the fundamental principles, requirements, and management approach of Laboratory Management Systems (LMS) in accordance with ISO\/IEC 17025. Ideal for individuals aiming to build a solid foundation in laboratory quality [&hellip;]","og_url":"https:\/\/pecb.com\/en\/education-and-certification-for-individuals\/iso-iec-17025\/iso-iec-17025-foundation","og_site_name":"Conimcert E-Store","article_modified_time":"2026-01-16T19:39:58+00:00","og_image":[{"width":451,"height":451,"url":"https:\/\/store.conimcert.com\/wp-content\/uploads\/2025\/12\/ISO-17025-Foundation.png","type":"image\/png"}],"twitter_card":"summary_large_image","twitter_misc":{"Est. reading time":"2 minutes"},"schema":{"@context":"https:\/\/schema.org","@graph":[{"@type":"WebPage","@id":"https:\/\/store.conimcert.com\/course\/quality-and-sustainability\/iso-17025-foundation\/","url":"https:\/\/pecb.com\/en\/education-and-certification-for-individuals\/iso-iec-17025\/iso-iec-17025-foundation","name":"ISO 17025 Foundation - Conimcert E-Store","isPartOf":{"@id":"https:\/\/store.conimcert.com\/#website"},"primaryImageOfPage":{"@id":"https:\/\/pecb.com\/en\/education-and-certification-for-individuals\/iso-iec-17025\/iso-iec-17025-foundation#primaryimage"},"image":{"@id":"https:\/\/pecb.com\/en\/education-and-certification-for-individuals\/iso-iec-17025\/iso-iec-17025-foundation#primaryimage"},"thumbnailUrl":"https:\/\/store.conimcert.com\/wp-content\/uploads\/2025\/12\/ISO-17025-Foundation.png","datePublished":"2025-12-29T05:47:55+00:00","dateModified":"2026-01-16T19:39:58+00:00","breadcrumb":{"@id":"https:\/\/pecb.com\/en\/education-and-certification-for-individuals\/iso-iec-17025\/iso-iec-17025-foundation#breadcrumb"},"inLanguage":"az","potentialAction":[{"@type":"ReadAction","target":["https:\/\/pecb.com\/en\/education-and-certification-for-individuals\/iso-iec-17025\/iso-iec-17025-foundation"]}]},{"@type":"ImageObject","inLanguage":"az","@id":"https:\/\/pecb.com\/en\/education-and-certification-for-individuals\/iso-iec-17025\/iso-iec-17025-foundation#primaryimage","url":"https:\/\/store.conimcert.com\/wp-content\/uploads\/2025\/12\/ISO-17025-Foundation.png","contentUrl":"https:\/\/store.conimcert.com\/wp-content\/uploads\/2025\/12\/ISO-17025-Foundation.png","width":451,"height":451},{"@type":"BreadcrumbList","@id":"https:\/\/pecb.com\/en\/education-and-certification-for-individuals\/iso-iec-17025\/iso-iec-17025-foundation#breadcrumb","itemListElement":[{"@type":"ListItem","position":1,"name":"Home","item":"https:\/\/store.conimcert.com\/"},{"@type":"ListItem","position":2,"name":"Shop","item":"https:\/\/store.conimcert.com\/shop\/"},{"@type":"ListItem","position":3,"name":"ISO 17025 Foundation"}]},{"@type":"WebSite","@id":"https:\/\/store.conimcert.com\/#website","url":"https:\/\/store.conimcert.com\/","name":"Conimcert E-Store","description":"","publisher":{"@id":"https:\/\/store.conimcert.com\/#organization"},"potentialAction":[{"@type":"SearchAction","target":{"@type":"EntryPoint","urlTemplate":"https:\/\/store.conimcert.com\/?s={search_term_string}"},"query-input":{"@type":"PropertyValueSpecification","valueRequired":true,"valueName":"search_term_string"}}],"inLanguage":"az"},{"@type":"Organization","@id":"https:\/\/store.conimcert.com\/#organization","name":"Conimcert E-Store","url":"https:\/\/store.conimcert.com\/","logo":{"@type":"ImageObject","inLanguage":"az","@id":"https:\/\/store.conimcert.com\/#\/schema\/logo\/image\/","url":"https:\/\/store.conimcert.com\/wp-content\/uploads\/2025\/07\/Conim-LOGO-768x132-1.png","contentUrl":"https:\/\/store.conimcert.com\/wp-content\/uploads\/2025\/07\/Conim-LOGO-768x132-1.png","width":768,"height":132,"caption":"Conimcert E-Store"},"image":{"@id":"https:\/\/store.conimcert.com\/#\/schema\/logo\/image\/"}}]}},"_links":{"self":[{"href":"https:\/\/store.conimcert.com\/az\/wp-json\/wp\/v2\/product\/478","targetHints":{"allow":["GET"]}}],"collection":[{"href":"https:\/\/store.conimcert.com\/az\/wp-json\/wp\/v2\/product"}],"about":[{"href":"https:\/\/store.conimcert.com\/az\/wp-json\/wp\/v2\/types\/product"}],"wp:featuredmedia":[{"embeddable":true,"href":"https:\/\/store.conimcert.com\/az\/wp-json\/wp\/v2\/media\/479"}],"wp:attachment":[{"href":"https:\/\/store.conimcert.com\/az\/wp-json\/wp\/v2\/media?parent=478"}],"wp:term":[{"taxonomy":"brand","embeddable":true,"href":"https:\/\/store.conimcert.com\/az\/wp-json\/wp\/v2\/brand?post=478"},{"taxonomy":"product_brand","embeddable":true,"href":"https:\/\/store.conimcert.com\/az\/wp-json\/wp\/v2\/product_brand?post=478"},{"taxonomy":"product_cat","embeddable":true,"href":"https:\/\/store.conimcert.com\/az\/wp-json\/wp\/v2\/product_cat?post=478"},{"taxonomy":"product_tag","embeddable":true,"href":"https:\/\/store.conimcert.com\/az\/wp-json\/wp\/v2\/product_tag?post=478"}],"curies":[{"name":"wp","href":"https:\/\/api.w.org\/{rel}","templated":true}]}}