{"id":375,"date":"2025-10-15T03:05:11","date_gmt":"2025-10-15T03:05:11","guid":{"rendered":"https:\/\/store.conimcert.com\/?post_type=product&#038;p=375"},"modified":"2025-10-15T03:15:08","modified_gmt":"2025-10-15T03:15:08","slug":"gdpr-foundation-copy","status":"publish","type":"product","link":"https:\/\/store.conimcert.com\/az\/course\/privacy-and-data-protection\/gdpr-foundation-copy\/","title":{"rendered":"GDPR \u2013 Certified Data Protection Officer"},"content":{"rendered":"<p data-start=\"333\" data-end=\"709\">This package includes <strong data-start=\"355\" data-end=\"438\">official registration for the PECB Certified Data Protection Officer (DPO) exam<\/strong>, along with <strong data-start=\"451\" data-end=\"522\">full access to interactive eLearning training via the PECB KATE app<\/strong>. It is designed for professionals aiming to master the implementation and management of a <strong data-start=\"613\" data-end=\"640\">GDPR compliance program<\/strong> and to perform the official duties of a <strong data-start=\"681\" data-end=\"708\">Data Protection Officer<\/strong>.<\/p>\n<p data-start=\"711\" data-end=\"923\">Ideal for privacy professionals, compliance managers, consultants, and anyone seeking to build in-depth expertise in <strong data-start=\"828\" data-end=\"870\">data protection and privacy governance<\/strong> under the General Data Protection Regulation (GDPR).<\/p>\n<p data-start=\"526\" data-end=\"698\"><a href=\"https:\/\/pecb.com\/en\/education-and-certification-for-individuals\/gdpr\/gdpr-foundation\" target=\"_blank\" rel=\"noopener\">Click for more info<\/a><\/p>\n<h3 data-start=\"650\" data-end=\"670\">N\u0259 Daxildir:<\/h3>\n<ul>\n<li data-start=\"979\" data-end=\"1052\">\n<p data-start=\"981\" data-end=\"1052\">Official PECB Certified Data Protection Officer exam registration<\/p>\n<\/li>\n<li data-start=\"1053\" data-end=\"1165\">\n<p data-start=\"1055\" data-end=\"1165\">Full eLearning course on the PECB KATE app (video lessons, practical exercises, and interactive quizzes)<\/p>\n<\/li>\n<li data-start=\"1166\" data-end=\"1295\">\n<p data-start=\"1168\" data-end=\"1295\">Comprehensive digital training materials (over 400 pages including real-world examples, best practices, and case studies)<\/p>\n<\/li>\n<li data-start=\"1296\" data-end=\"1372\">\n<p data-start=\"1298\" data-end=\"1372\">31 CPD (Continuing Professional Development) credits upon completion<\/p>\n<\/li>\n<li data-start=\"1373\" data-end=\"1408\">\n<p data-start=\"1375\" data-end=\"1408\">1-year exam validity period<\/p>\n<\/li>\n<li data-start=\"1409\" data-end=\"1453\">\n<p data-start=\"1411\" data-end=\"1453\">Free second exam attempt (if needed)<\/p>\n<\/li>\n<li data-start=\"1454\" data-end=\"1526\">\n<p data-start=\"1456\" data-end=\"1526\">Online exam format \u2013 take it from anywhere, anytime via PECB Exams<\/p>\n<\/li>\n<\/ul>\n<h3 data-start=\"995\" data-end=\"1023\"><strong>Why<\/strong> Choose This Package?<\/h3>\n<ul>\n<li data-start=\"1567\" data-end=\"1646\">\n<p data-start=\"1569\" data-end=\"1646\">100% online eLearning format \u2013 study anytime, anywhere at your own pace<\/p>\n<\/li>\n<li data-start=\"1647\" data-end=\"1763\">\n<p data-start=\"1649\" data-end=\"1763\">Gain the expertise to act as an official Data Protection Officer and advise organizations on GDPR compliance<\/p>\n<\/li>\n<li data-start=\"1764\" data-end=\"1880\">\n<p data-start=\"1766\" data-end=\"1880\">Understand the correlation between GDPR and international frameworks such as ISO\/IEC 27701 and ISO\/IEC 29134<\/p>\n<\/li>\n<li data-start=\"1881\" data-end=\"2042\">\n<p data-start=\"1883\" data-end=\"2042\">Master practical DPO responsibilities including monitoring compliance, reporting to supervisory authorities, and advising data controllers and processors<\/p>\n<\/li>\n<li data-start=\"2043\" data-end=\"2141\">\n<p data-start=\"2045\" data-end=\"2141\">Develop the competence to build, manage, and continuously improve GDPR compliance programs<\/p>\n<\/li>\n<li data-start=\"2142\" data-end=\"2275\">\n<p data-start=\"2144\" data-end=\"2275\">Enhance your credibility with an internationally recognized PECB certification that demonstrates your data protection expertise<\/p>\n<\/li>\n<\/ul>\n<h3 data-start=\"995\" data-end=\"1023\">Kiml\u0259r \u00dc\u00e7\u00fcnd\u00fcr?<\/h3>\n<ul>\n<li data-start=\"2308\" data-end=\"2413\">\n<p data-start=\"2310\" data-end=\"2413\">Managers and consultants involved in planning, implementing, or maintaining a GDPR compliance program<\/p>\n<\/li>\n<li data-start=\"2414\" data-end=\"2492\">\n<p data-start=\"2416\" data-end=\"2492\">Data Protection Officers (DPOs) or those preparing to assume this role<\/p>\n<\/li>\n<li data-start=\"2493\" data-end=\"2577\">\n<p data-start=\"2495\" data-end=\"2577\">Members of information security, legal, compliance, or risk management teams<\/p>\n<\/li>\n<li data-start=\"2578\" data-end=\"2682\">\n<p data-start=\"2580\" data-end=\"2682\">IT and privacy professionals seeking to strengthen their understanding of data protection principles<\/p>\n<\/li>\n<li data-start=\"2683\" data-end=\"2790\">\n<p data-start=\"2685\" data-end=\"2790\">Advisors, auditors, or consultants working with data protection and information governance frameworks<\/p>\n<\/li>\n<\/ul>\n<p>&nbsp;<\/p>\n<p><a href=\"https:\/\/help.pecb.com\/index.php\/list-of-pecb-exams\/\" target=\"_blank\" rel=\"noopener\">Explore official exam details on PECB<\/a><\/p>","protected":false},"excerpt":{"rendered":"<p>This package includes official registration for the PECB Certified Data Protection Officer (DPO) exam, along with full access to interactive eLearning training via the PECB KATE app. It is designed for professionals aiming to master the implementation and management of a GDPR compliance program and to perform the official duties of a Data Protection Officer. [&hellip;]<\/p>","protected":false},"featured_media":372,"template":"","meta":{"_acf_changed":false},"brand":[],"product_brand":[],"product_cat":[20,19],"product_tag":[],"class_list":{"0":"post-375","1":"product","2":"type-product","3":"status-publish","4":"has-post-thumbnail","6":"product_cat-governance-risk-and-compliance","7":"product_cat-privacy-and-data-protection","8":"pa_services-self-study","10":"first","11":"instock","12":"sale","13":"shipping-taxable","14":"purchasable","15":"product-type-simple"},"acf":[],"yoast_head":"<!-- This site is optimized with the Yoast SEO plugin v27.4 - https:\/\/yoast.com\/product\/yoast-seo-wordpress\/ -->\n<title>GDPR \u2013 Certified Data Protection Officer - Conimcert E-Store<\/title>\n<meta name=\"robots\" content=\"index, follow, max-snippet:-1, max-image-preview:large, max-video-preview:-1\" \/>\n<link rel=\"canonical\" href=\"https:\/\/pecb.com\/en\/education-and-certification-for-individuals\/gdpr\/certified-data-protection-officer\" \/>\n<meta property=\"og:locale\" content=\"az_AZ\" \/>\n<meta property=\"og:type\" content=\"article\" \/>\n<meta property=\"og:title\" content=\"GDPR \u2013 Certified Data Protection Officer - Conimcert E-Store\" \/>\n<meta property=\"og:description\" content=\"This package includes official registration for the PECB Certified Data Protection Officer (DPO) exam, along with full access to interactive eLearning training via the PECB KATE app. It is designed for professionals aiming to master the implementation and management of a GDPR compliance program and to perform the official duties of a Data Protection Officer. [&hellip;]\" \/>\n<meta property=\"og:url\" content=\"https:\/\/pecb.com\/en\/education-and-certification-for-individuals\/gdpr\/certified-data-protection-officer\" \/>\n<meta property=\"og:site_name\" content=\"Conimcert E-Store\" \/>\n<meta property=\"article:modified_time\" content=\"2025-10-15T03:15:08+00:00\" \/>\n<meta property=\"og:image\" content=\"https:\/\/store.conimcert.com\/wp-content\/uploads\/2025\/10\/GDPR-\u2013-Certified-Data-Protection-Officer.png\" \/>\n\t<meta property=\"og:image:width\" content=\"452\" \/>\n\t<meta property=\"og:image:height\" content=\"451\" \/>\n\t<meta property=\"og:image:type\" content=\"image\/png\" \/>\n<meta name=\"twitter:card\" content=\"summary_large_image\" \/>\n<meta name=\"twitter:label1\" content=\"Est. reading time\" \/>\n\t<meta name=\"twitter:data1\" content=\"2 minutes\" \/>\n<script type=\"application\/ld+json\" class=\"yoast-schema-graph\">{\"@context\":\"https:\\\/\\\/schema.org\",\"@graph\":[{\"@type\":\"WebPage\",\"@id\":\"https:\\\/\\\/store.conimcert.com\\\/course\\\/privacy-and-data-protection\\\/gdpr-foundation-copy\\\/\",\"url\":\"https:\\\/\\\/pecb.com\\\/en\\\/education-and-certification-for-individuals\\\/gdpr\\\/certified-data-protection-officer\",\"name\":\"GDPR \u2013 Certified Data Protection Officer - Conimcert E-Store\",\"isPartOf\":{\"@id\":\"https:\\\/\\\/store.conimcert.com\\\/#website\"},\"primaryImageOfPage\":{\"@id\":\"https:\\\/\\\/pecb.com\\\/en\\\/education-and-certification-for-individuals\\\/gdpr\\\/certified-data-protection-officer#primaryimage\"},\"image\":{\"@id\":\"https:\\\/\\\/pecb.com\\\/en\\\/education-and-certification-for-individuals\\\/gdpr\\\/certified-data-protection-officer#primaryimage\"},\"thumbnailUrl\":\"https:\\\/\\\/store.conimcert.com\\\/wp-content\\\/uploads\\\/2025\\\/10\\\/GDPR-\u2013-Certified-Data-Protection-Officer.png\",\"datePublished\":\"2025-10-15T03:05:11+00:00\",\"dateModified\":\"2025-10-15T03:15:08+00:00\",\"breadcrumb\":{\"@id\":\"https:\\\/\\\/pecb.com\\\/en\\\/education-and-certification-for-individuals\\\/gdpr\\\/certified-data-protection-officer#breadcrumb\"},\"inLanguage\":\"az\",\"potentialAction\":[{\"@type\":\"ReadAction\",\"target\":[\"https:\\\/\\\/pecb.com\\\/en\\\/education-and-certification-for-individuals\\\/gdpr\\\/certified-data-protection-officer\"]}]},{\"@type\":\"ImageObject\",\"inLanguage\":\"az\",\"@id\":\"https:\\\/\\\/pecb.com\\\/en\\\/education-and-certification-for-individuals\\\/gdpr\\\/certified-data-protection-officer#primaryimage\",\"url\":\"https:\\\/\\\/store.conimcert.com\\\/wp-content\\\/uploads\\\/2025\\\/10\\\/GDPR-\u2013-Certified-Data-Protection-Officer.png\",\"contentUrl\":\"https:\\\/\\\/store.conimcert.com\\\/wp-content\\\/uploads\\\/2025\\\/10\\\/GDPR-\u2013-Certified-Data-Protection-Officer.png\",\"width\":452,\"height\":451},{\"@type\":\"BreadcrumbList\",\"@id\":\"https:\\\/\\\/pecb.com\\\/en\\\/education-and-certification-for-individuals\\\/gdpr\\\/certified-data-protection-officer#breadcrumb\",\"itemListElement\":[{\"@type\":\"ListItem\",\"position\":1,\"name\":\"Home\",\"item\":\"https:\\\/\\\/store.conimcert.com\\\/\"},{\"@type\":\"ListItem\",\"position\":2,\"name\":\"Shop\",\"item\":\"https:\\\/\\\/store.conimcert.com\\\/shop\\\/\"},{\"@type\":\"ListItem\",\"position\":3,\"name\":\"GDPR \u2013 Certified Data Protection Officer\"}]},{\"@type\":\"WebSite\",\"@id\":\"https:\\\/\\\/store.conimcert.com\\\/#website\",\"url\":\"https:\\\/\\\/store.conimcert.com\\\/\",\"name\":\"Conimcert E-Store\",\"description\":\"\",\"publisher\":{\"@id\":\"https:\\\/\\\/store.conimcert.com\\\/#organization\"},\"potentialAction\":[{\"@type\":\"SearchAction\",\"target\":{\"@type\":\"EntryPoint\",\"urlTemplate\":\"https:\\\/\\\/store.conimcert.com\\\/?s={search_term_string}\"},\"query-input\":{\"@type\":\"PropertyValueSpecification\",\"valueRequired\":true,\"valueName\":\"search_term_string\"}}],\"inLanguage\":\"az\"},{\"@type\":\"Organization\",\"@id\":\"https:\\\/\\\/store.conimcert.com\\\/#organization\",\"name\":\"Conimcert E-Store\",\"url\":\"https:\\\/\\\/store.conimcert.com\\\/\",\"logo\":{\"@type\":\"ImageObject\",\"inLanguage\":\"az\",\"@id\":\"https:\\\/\\\/store.conimcert.com\\\/#\\\/schema\\\/logo\\\/image\\\/\",\"url\":\"https:\\\/\\\/store.conimcert.com\\\/wp-content\\\/uploads\\\/2025\\\/07\\\/Conim-LOGO-768x132-1.png\",\"contentUrl\":\"https:\\\/\\\/store.conimcert.com\\\/wp-content\\\/uploads\\\/2025\\\/07\\\/Conim-LOGO-768x132-1.png\",\"width\":768,\"height\":132,\"caption\":\"Conimcert E-Store\"},\"image\":{\"@id\":\"https:\\\/\\\/store.conimcert.com\\\/#\\\/schema\\\/logo\\\/image\\\/\"}}]}<\/script>\n<!-- \/ Yoast SEO plugin. -->","yoast_head_json":{"title":"GDPR \u2013 Certified Data Protection Officer - Conimcert E-Store","robots":{"index":"index","follow":"follow","max-snippet":"max-snippet:-1","max-image-preview":"max-image-preview:large","max-video-preview":"max-video-preview:-1"},"canonical":"https:\/\/pecb.com\/en\/education-and-certification-for-individuals\/gdpr\/certified-data-protection-officer","og_locale":"az_AZ","og_type":"article","og_title":"GDPR \u2013 Certified Data Protection Officer - Conimcert E-Store","og_description":"This package includes official registration for the PECB Certified Data Protection Officer (DPO) exam, along with full access to interactive eLearning training via the PECB KATE app. It is designed for professionals aiming to master the implementation and management of a GDPR compliance program and to perform the official duties of a Data Protection Officer. [&hellip;]","og_url":"https:\/\/pecb.com\/en\/education-and-certification-for-individuals\/gdpr\/certified-data-protection-officer","og_site_name":"Conimcert E-Store","article_modified_time":"2025-10-15T03:15:08+00:00","og_image":[{"width":452,"height":451,"url":"https:\/\/store.conimcert.com\/wp-content\/uploads\/2025\/10\/GDPR-\u2013-Certified-Data-Protection-Officer.png","type":"image\/png"}],"twitter_card":"summary_large_image","twitter_misc":{"Est. reading time":"2 minutes"},"schema":{"@context":"https:\/\/schema.org","@graph":[{"@type":"WebPage","@id":"https:\/\/store.conimcert.com\/course\/privacy-and-data-protection\/gdpr-foundation-copy\/","url":"https:\/\/pecb.com\/en\/education-and-certification-for-individuals\/gdpr\/certified-data-protection-officer","name":"GDPR \u2013 Certified Data Protection Officer - Conimcert E-Store","isPartOf":{"@id":"https:\/\/store.conimcert.com\/#website"},"primaryImageOfPage":{"@id":"https:\/\/pecb.com\/en\/education-and-certification-for-individuals\/gdpr\/certified-data-protection-officer#primaryimage"},"image":{"@id":"https:\/\/pecb.com\/en\/education-and-certification-for-individuals\/gdpr\/certified-data-protection-officer#primaryimage"},"thumbnailUrl":"https:\/\/store.conimcert.com\/wp-content\/uploads\/2025\/10\/GDPR-\u2013-Certified-Data-Protection-Officer.png","datePublished":"2025-10-15T03:05:11+00:00","dateModified":"2025-10-15T03:15:08+00:00","breadcrumb":{"@id":"https:\/\/pecb.com\/en\/education-and-certification-for-individuals\/gdpr\/certified-data-protection-officer#breadcrumb"},"inLanguage":"az","potentialAction":[{"@type":"ReadAction","target":["https:\/\/pecb.com\/en\/education-and-certification-for-individuals\/gdpr\/certified-data-protection-officer"]}]},{"@type":"ImageObject","inLanguage":"az","@id":"https:\/\/pecb.com\/en\/education-and-certification-for-individuals\/gdpr\/certified-data-protection-officer#primaryimage","url":"https:\/\/store.conimcert.com\/wp-content\/uploads\/2025\/10\/GDPR-\u2013-Certified-Data-Protection-Officer.png","contentUrl":"https:\/\/store.conimcert.com\/wp-content\/uploads\/2025\/10\/GDPR-\u2013-Certified-Data-Protection-Officer.png","width":452,"height":451},{"@type":"BreadcrumbList","@id":"https:\/\/pecb.com\/en\/education-and-certification-for-individuals\/gdpr\/certified-data-protection-officer#breadcrumb","itemListElement":[{"@type":"ListItem","position":1,"name":"Home","item":"https:\/\/store.conimcert.com\/"},{"@type":"ListItem","position":2,"name":"Shop","item":"https:\/\/store.conimcert.com\/shop\/"},{"@type":"ListItem","position":3,"name":"GDPR \u2013 Certified Data Protection Officer"}]},{"@type":"WebSite","@id":"https:\/\/store.conimcert.com\/#website","url":"https:\/\/store.conimcert.com\/","name":"Conimcert E-Store","description":"","publisher":{"@id":"https:\/\/store.conimcert.com\/#organization"},"potentialAction":[{"@type":"SearchAction","target":{"@type":"EntryPoint","urlTemplate":"https:\/\/store.conimcert.com\/?s={search_term_string}"},"query-input":{"@type":"PropertyValueSpecification","valueRequired":true,"valueName":"search_term_string"}}],"inLanguage":"az"},{"@type":"Organization","@id":"https:\/\/store.conimcert.com\/#organization","name":"Conimcert E-Store","url":"https:\/\/store.conimcert.com\/","logo":{"@type":"ImageObject","inLanguage":"az","@id":"https:\/\/store.conimcert.com\/#\/schema\/logo\/image\/","url":"https:\/\/store.conimcert.com\/wp-content\/uploads\/2025\/07\/Conim-LOGO-768x132-1.png","contentUrl":"https:\/\/store.conimcert.com\/wp-content\/uploads\/2025\/07\/Conim-LOGO-768x132-1.png","width":768,"height":132,"caption":"Conimcert E-Store"},"image":{"@id":"https:\/\/store.conimcert.com\/#\/schema\/logo\/image\/"}}]}},"_links":{"self":[{"href":"https:\/\/store.conimcert.com\/az\/wp-json\/wp\/v2\/product\/375","targetHints":{"allow":["GET"]}}],"collection":[{"href":"https:\/\/store.conimcert.com\/az\/wp-json\/wp\/v2\/product"}],"about":[{"href":"https:\/\/store.conimcert.com\/az\/wp-json\/wp\/v2\/types\/product"}],"wp:featuredmedia":[{"embeddable":true,"href":"https:\/\/store.conimcert.com\/az\/wp-json\/wp\/v2\/media\/372"}],"wp:attachment":[{"href":"https:\/\/store.conimcert.com\/az\/wp-json\/wp\/v2\/media?parent=375"}],"wp:term":[{"taxonomy":"brand","embeddable":true,"href":"https:\/\/store.conimcert.com\/az\/wp-json\/wp\/v2\/brand?post=375"},{"taxonomy":"product_brand","embeddable":true,"href":"https:\/\/store.conimcert.com\/az\/wp-json\/wp\/v2\/product_brand?post=375"},{"taxonomy":"product_cat","embeddable":true,"href":"https:\/\/store.conimcert.com\/az\/wp-json\/wp\/v2\/product_cat?post=375"},{"taxonomy":"product_tag","embeddable":true,"href":"https:\/\/store.conimcert.com\/az\/wp-json\/wp\/v2\/product_tag?post=375"}],"curies":[{"name":"wp","href":"https:\/\/api.w.org\/{rel}","templated":true}]}}