{"id":371,"date":"2025-10-14T12:53:34","date_gmt":"2025-10-14T12:53:34","guid":{"rendered":"https:\/\/store.conimcert.com\/?post_type=product&#038;p=371"},"modified":"2025-12-07T00:13:25","modified_gmt":"2025-12-07T00:13:25","slug":"gdpr-foundation","status":"publish","type":"product","link":"https:\/\/store.conimcert.com\/az\/course\/privacy-and-data-protection\/gdpr-foundation\/","title":{"rendered":"GDPR Foundation"},"content":{"rendered":"<h6 class=\"sr-only\"><span style=\"font-size: 16px;\">This package includes official registration for the PECB GDPR Foundation exam, along with comprehensive training materials. It is designed for professionals who want to understand the fundamental concepts and requirements of data protection and privacy in compliance with the General Data Protection Regulation (GDPR).<\/span><\/h6>\n<div class=\"text-base my-auto mx-auto pb-10 [--thread-content-margin:--spacing(4)] thread-sm:[--thread-content-margin:--spacing(6)] thread-lg:[--thread-content-margin:--spacing(16)] px-(--thread-content-margin)\">\n<div class=\"[--thread-content-max-width:40rem] thread-lg:[--thread-content-max-width:48rem] mx-auto max-w-(--thread-content-max-width) flex-1 group\/turn-messages focus-visible:outline-hidden relative flex w-full min-w-0 flex-col agent-turn\" tabindex=\"-1\">\n<div class=\"flex max-w-full flex-col grow\">\n<div class=\"min-h-8 text-message relative flex w-full flex-col items-end gap-2 text-start break-words whitespace-normal [.text-message+&amp;]:mt-1\" dir=\"auto\" data-message-author-role=\"assistant\" data-message-id=\"c02e930d-3e0d-4d45-9316-0955df5ecd72\" data-message-model-slug=\"gpt-4o-mini\">\n<div class=\"flex w-full flex-col gap-1 empty:hidden first:pt-[1px]\">\n<div class=\"markdown prose dark:prose-invert w-full break-words dark markdown-new-styling\">\n<p data-start=\"320\" data-end=\"475\">Ideal for those looking to build a strong foundation in privacy practices and contribute to protecting personal data in compliance with legal requirements.<\/p>\n<\/div>\n<\/div>\n<\/div>\n<\/div>\n<\/div>\n<\/div>\n<p data-start=\"526\" data-end=\"698\"><a href=\"https:\/\/pecb.com\/en\/education-and-certification-for-individuals\/gdpr\/gdpr-foundation\" target=\"_blank\" rel=\"noopener\">Click for more info<\/a><\/p>\n<h3 data-start=\"650\" data-end=\"670\">N\u0259 Daxildir:<\/h3>\n<ul>\n<li data-start=\"523\" data-end=\"572\">\n<p data-start=\"525\" data-end=\"572\">Official PECB GDPR Foundation exam registration<\/p>\n<\/li>\n<li data-start=\"573\" data-end=\"648\">\n<p data-start=\"575\" data-end=\"648\">Full training course materials with explanations, examples, and exercises<\/p>\n<\/li>\n<li data-start=\"649\" data-end=\"699\">\n<p data-start=\"651\" data-end=\"699\">Digital resources for study and exam preparation<\/p>\n<\/li>\n<li data-start=\"700\" data-end=\"722\">\n<p data-start=\"702\" data-end=\"722\">1 illik imtahan\u0131n etibarl\u0131l\u0131\u011f\u0131<\/p>\n<\/li>\n<li data-start=\"723\" data-end=\"759\">\n<p data-start=\"725\" data-end=\"759\">Free second exam attempt if needed<\/p>\n<\/li>\n<li data-start=\"760\" data-end=\"828\">\n<p data-start=\"762\" data-end=\"828\">Online exam format \u2013 take it from anywhere, anytime via PECB Exams<\/p>\n<\/li>\n<\/ul>\n<h3 data-start=\"995\" data-end=\"1023\">Niy\u0259 bu paketi se\u00e7m\u0259lisiniz?<\/h3>\n<ul>\n<li data-start=\"859\" data-end=\"921\">\n<p data-start=\"861\" data-end=\"921\">Understand the core principles of GDPR and how to apply them<\/p>\n<\/li>\n<li data-start=\"922\" data-end=\"1003\">\n<p data-start=\"924\" data-end=\"1003\">Gain knowledge of GDPR requirements and the role of the Data Protection Officer<\/p>\n<\/li>\n<li data-start=\"1004\" data-end=\"1094\">\n<p data-start=\"1006\" data-end=\"1094\">Learn about data subject rights, privacy principles, and organizational responsibilities<\/p>\n<\/li>\n<li data-start=\"1095\" data-end=\"1172\">\n<p data-start=\"1097\" data-end=\"1172\">Equip yourself with the necessary skills to support GDPR compliance efforts<\/p>\n<\/li>\n<li data-start=\"1173\" data-end=\"1256\">\n<p data-start=\"1175\" data-end=\"1256\">Prepare for certification with interactive exercises, quizzes, and practice tests<\/p>\n<\/li>\n<\/ul>\n<h3 data-start=\"1486\" data-end=\"1506\">Kiml\u0259r \u00dc\u00e7\u00fcnd\u00fcr?<\/h3>\n<ul>\n<li data-start=\"1279\" data-end=\"1354\">\n<p data-start=\"1281\" data-end=\"1354\">Individuals involved in Personal Data Protection and Information Security<\/p>\n<\/li>\n<li data-start=\"1355\" data-end=\"1435\">\n<p data-start=\"1357\" data-end=\"1435\">Individuals seeking to gain knowledge about the fundamental privacy principles<\/p>\n<\/li>\n<li data-start=\"1436\" data-end=\"1502\">\n<p data-start=\"1438\" data-end=\"1502\">Professionals interested in pursuing a career in Data Protection<\/p>\n<\/li>\n<li data-start=\"1503\" data-end=\"1576\">\n<p data-start=\"1505\" data-end=\"1576\">Managers and consultants looking to understand compliance with the GDPR<\/p>\n<\/li>\n<li data-start=\"1577\" data-end=\"1653\" data-is-last-node=\"\">\n<p data-start=\"1579\" data-end=\"1653\" data-is-last-node=\"\">Anyone looking to earn a globally recognized GDPR Foundation certification<\/p>\n<\/li>\n<\/ul>\n<p>&nbsp;<\/p>\n<p><a href=\"https:\/\/help.pecb.com\/index.php\/list-of-pecb-exams\/\" target=\"_blank\" rel=\"noopener\">Explore official exam details on PECB<\/a><\/p>","protected":false},"excerpt":{"rendered":"<p>This package includes official registration for the PECB GDPR Foundation exam, along with comprehensive training materials. It is designed for professionals who want to understand the fundamental concepts and requirements of data protection and privacy in compliance with the General Data Protection Regulation (GDPR). Ideal for those looking to build a strong foundation in privacy [&hellip;]<\/p>","protected":false},"featured_media":374,"template":"","meta":{"_acf_changed":false},"brand":[],"product_brand":[],"product_cat":[20,19],"product_tag":[],"class_list":{"0":"post-371","1":"product","2":"type-product","3":"status-publish","4":"has-post-thumbnail","6":"product_cat-governance-risk-and-compliance","7":"product_cat-privacy-and-data-protection","8":"pa_services-self-study","10":"first","11":"instock","12":"shipping-taxable","13":"purchasable","14":"product-type-simple"},"acf":[],"yoast_head":"<!-- This site is optimized with the Yoast SEO plugin v27.4 - https:\/\/yoast.com\/product\/yoast-seo-wordpress\/ -->\n<title>GDPR Foundation - Conimcert E-Store<\/title>\n<meta name=\"robots\" content=\"index, follow, max-snippet:-1, max-image-preview:large, max-video-preview:-1\" \/>\n<link rel=\"canonical\" href=\"https:\/\/pecb.com\/en\/education-and-certification-for-individuals\/gdpr\/gdpr-foundation\" \/>\n<meta property=\"og:locale\" content=\"az_AZ\" \/>\n<meta property=\"og:type\" content=\"article\" \/>\n<meta property=\"og:title\" content=\"GDPR Foundation - Conimcert E-Store\" \/>\n<meta property=\"og:description\" content=\"This package includes official registration for the PECB GDPR Foundation exam, along with comprehensive training materials. It is designed for professionals who want to understand the fundamental concepts and requirements of data protection and privacy in compliance with the General Data Protection Regulation (GDPR). Ideal for those looking to build a strong foundation in privacy [&hellip;]\" \/>\n<meta property=\"og:url\" content=\"https:\/\/pecb.com\/en\/education-and-certification-for-individuals\/gdpr\/gdpr-foundation\" \/>\n<meta property=\"og:site_name\" content=\"Conimcert E-Store\" \/>\n<meta property=\"article:modified_time\" content=\"2025-12-07T00:13:25+00:00\" \/>\n<meta property=\"og:image\" content=\"https:\/\/store.conimcert.com\/wp-content\/uploads\/2025\/10\/GDPR-Foundation.png\" \/>\n\t<meta property=\"og:image:width\" content=\"452\" \/>\n\t<meta property=\"og:image:height\" content=\"451\" \/>\n\t<meta property=\"og:image:type\" content=\"image\/png\" \/>\n<meta name=\"twitter:card\" content=\"summary_large_image\" \/>\n<meta name=\"twitter:label1\" content=\"Est. reading time\" \/>\n\t<meta name=\"twitter:data1\" content=\"2 minutes\" \/>\n<script type=\"application\/ld+json\" class=\"yoast-schema-graph\">{\"@context\":\"https:\\\/\\\/schema.org\",\"@graph\":[{\"@type\":\"WebPage\",\"@id\":\"https:\\\/\\\/store.conimcert.com\\\/course\\\/privacy-and-data-protection\\\/gdpr-foundation\\\/\",\"url\":\"https:\\\/\\\/pecb.com\\\/en\\\/education-and-certification-for-individuals\\\/gdpr\\\/gdpr-foundation\",\"name\":\"GDPR Foundation - Conimcert E-Store\",\"isPartOf\":{\"@id\":\"https:\\\/\\\/store.conimcert.com\\\/#website\"},\"primaryImageOfPage\":{\"@id\":\"https:\\\/\\\/pecb.com\\\/en\\\/education-and-certification-for-individuals\\\/gdpr\\\/gdpr-foundation#primaryimage\"},\"image\":{\"@id\":\"https:\\\/\\\/pecb.com\\\/en\\\/education-and-certification-for-individuals\\\/gdpr\\\/gdpr-foundation#primaryimage\"},\"thumbnailUrl\":\"https:\\\/\\\/store.conimcert.com\\\/wp-content\\\/uploads\\\/2025\\\/10\\\/GDPR-Foundation.png\",\"datePublished\":\"2025-10-14T12:53:34+00:00\",\"dateModified\":\"2025-12-07T00:13:25+00:00\",\"breadcrumb\":{\"@id\":\"https:\\\/\\\/pecb.com\\\/en\\\/education-and-certification-for-individuals\\\/gdpr\\\/gdpr-foundation#breadcrumb\"},\"inLanguage\":\"az\",\"potentialAction\":[{\"@type\":\"ReadAction\",\"target\":[\"https:\\\/\\\/pecb.com\\\/en\\\/education-and-certification-for-individuals\\\/gdpr\\\/gdpr-foundation\"]}]},{\"@type\":\"ImageObject\",\"inLanguage\":\"az\",\"@id\":\"https:\\\/\\\/pecb.com\\\/en\\\/education-and-certification-for-individuals\\\/gdpr\\\/gdpr-foundation#primaryimage\",\"url\":\"https:\\\/\\\/store.conimcert.com\\\/wp-content\\\/uploads\\\/2025\\\/10\\\/GDPR-Foundation.png\",\"contentUrl\":\"https:\\\/\\\/store.conimcert.com\\\/wp-content\\\/uploads\\\/2025\\\/10\\\/GDPR-Foundation.png\",\"width\":452,\"height\":451},{\"@type\":\"BreadcrumbList\",\"@id\":\"https:\\\/\\\/pecb.com\\\/en\\\/education-and-certification-for-individuals\\\/gdpr\\\/gdpr-foundation#breadcrumb\",\"itemListElement\":[{\"@type\":\"ListItem\",\"position\":1,\"name\":\"Home\",\"item\":\"https:\\\/\\\/store.conimcert.com\\\/\"},{\"@type\":\"ListItem\",\"position\":2,\"name\":\"Shop\",\"item\":\"https:\\\/\\\/store.conimcert.com\\\/shop\\\/\"},{\"@type\":\"ListItem\",\"position\":3,\"name\":\"GDPR Foundation\"}]},{\"@type\":\"WebSite\",\"@id\":\"https:\\\/\\\/store.conimcert.com\\\/#website\",\"url\":\"https:\\\/\\\/store.conimcert.com\\\/\",\"name\":\"Conimcert E-Store\",\"description\":\"\",\"publisher\":{\"@id\":\"https:\\\/\\\/store.conimcert.com\\\/#organization\"},\"potentialAction\":[{\"@type\":\"SearchAction\",\"target\":{\"@type\":\"EntryPoint\",\"urlTemplate\":\"https:\\\/\\\/store.conimcert.com\\\/?s={search_term_string}\"},\"query-input\":{\"@type\":\"PropertyValueSpecification\",\"valueRequired\":true,\"valueName\":\"search_term_string\"}}],\"inLanguage\":\"az\"},{\"@type\":\"Organization\",\"@id\":\"https:\\\/\\\/store.conimcert.com\\\/#organization\",\"name\":\"Conimcert E-Store\",\"url\":\"https:\\\/\\\/store.conimcert.com\\\/\",\"logo\":{\"@type\":\"ImageObject\",\"inLanguage\":\"az\",\"@id\":\"https:\\\/\\\/store.conimcert.com\\\/#\\\/schema\\\/logo\\\/image\\\/\",\"url\":\"https:\\\/\\\/store.conimcert.com\\\/wp-content\\\/uploads\\\/2025\\\/07\\\/Conim-LOGO-768x132-1.png\",\"contentUrl\":\"https:\\\/\\\/store.conimcert.com\\\/wp-content\\\/uploads\\\/2025\\\/07\\\/Conim-LOGO-768x132-1.png\",\"width\":768,\"height\":132,\"caption\":\"Conimcert E-Store\"},\"image\":{\"@id\":\"https:\\\/\\\/store.conimcert.com\\\/#\\\/schema\\\/logo\\\/image\\\/\"}}]}<\/script>\n<!-- \/ Yoast SEO plugin. -->","yoast_head_json":{"title":"GDPR Foundation - Conimcert E-Store","robots":{"index":"index","follow":"follow","max-snippet":"max-snippet:-1","max-image-preview":"max-image-preview:large","max-video-preview":"max-video-preview:-1"},"canonical":"https:\/\/pecb.com\/en\/education-and-certification-for-individuals\/gdpr\/gdpr-foundation","og_locale":"az_AZ","og_type":"article","og_title":"GDPR Foundation - Conimcert E-Store","og_description":"This package includes official registration for the PECB GDPR Foundation exam, along with comprehensive training materials. It is designed for professionals who want to understand the fundamental concepts and requirements of data protection and privacy in compliance with the General Data Protection Regulation (GDPR). Ideal for those looking to build a strong foundation in privacy [&hellip;]","og_url":"https:\/\/pecb.com\/en\/education-and-certification-for-individuals\/gdpr\/gdpr-foundation","og_site_name":"Conimcert E-Store","article_modified_time":"2025-12-07T00:13:25+00:00","og_image":[{"width":452,"height":451,"url":"https:\/\/store.conimcert.com\/wp-content\/uploads\/2025\/10\/GDPR-Foundation.png","type":"image\/png"}],"twitter_card":"summary_large_image","twitter_misc":{"Est. reading time":"2 minutes"},"schema":{"@context":"https:\/\/schema.org","@graph":[{"@type":"WebPage","@id":"https:\/\/store.conimcert.com\/course\/privacy-and-data-protection\/gdpr-foundation\/","url":"https:\/\/pecb.com\/en\/education-and-certification-for-individuals\/gdpr\/gdpr-foundation","name":"GDPR Foundation - Conimcert E-Store","isPartOf":{"@id":"https:\/\/store.conimcert.com\/#website"},"primaryImageOfPage":{"@id":"https:\/\/pecb.com\/en\/education-and-certification-for-individuals\/gdpr\/gdpr-foundation#primaryimage"},"image":{"@id":"https:\/\/pecb.com\/en\/education-and-certification-for-individuals\/gdpr\/gdpr-foundation#primaryimage"},"thumbnailUrl":"https:\/\/store.conimcert.com\/wp-content\/uploads\/2025\/10\/GDPR-Foundation.png","datePublished":"2025-10-14T12:53:34+00:00","dateModified":"2025-12-07T00:13:25+00:00","breadcrumb":{"@id":"https:\/\/pecb.com\/en\/education-and-certification-for-individuals\/gdpr\/gdpr-foundation#breadcrumb"},"inLanguage":"az","potentialAction":[{"@type":"ReadAction","target":["https:\/\/pecb.com\/en\/education-and-certification-for-individuals\/gdpr\/gdpr-foundation"]}]},{"@type":"ImageObject","inLanguage":"az","@id":"https:\/\/pecb.com\/en\/education-and-certification-for-individuals\/gdpr\/gdpr-foundation#primaryimage","url":"https:\/\/store.conimcert.com\/wp-content\/uploads\/2025\/10\/GDPR-Foundation.png","contentUrl":"https:\/\/store.conimcert.com\/wp-content\/uploads\/2025\/10\/GDPR-Foundation.png","width":452,"height":451},{"@type":"BreadcrumbList","@id":"https:\/\/pecb.com\/en\/education-and-certification-for-individuals\/gdpr\/gdpr-foundation#breadcrumb","itemListElement":[{"@type":"ListItem","position":1,"name":"Home","item":"https:\/\/store.conimcert.com\/"},{"@type":"ListItem","position":2,"name":"Shop","item":"https:\/\/store.conimcert.com\/shop\/"},{"@type":"ListItem","position":3,"name":"GDPR Foundation"}]},{"@type":"WebSite","@id":"https:\/\/store.conimcert.com\/#website","url":"https:\/\/store.conimcert.com\/","name":"Conimcert E-Store","description":"","publisher":{"@id":"https:\/\/store.conimcert.com\/#organization"},"potentialAction":[{"@type":"SearchAction","target":{"@type":"EntryPoint","urlTemplate":"https:\/\/store.conimcert.com\/?s={search_term_string}"},"query-input":{"@type":"PropertyValueSpecification","valueRequired":true,"valueName":"search_term_string"}}],"inLanguage":"az"},{"@type":"Organization","@id":"https:\/\/store.conimcert.com\/#organization","name":"Conimcert E-Store","url":"https:\/\/store.conimcert.com\/","logo":{"@type":"ImageObject","inLanguage":"az","@id":"https:\/\/store.conimcert.com\/#\/schema\/logo\/image\/","url":"https:\/\/store.conimcert.com\/wp-content\/uploads\/2025\/07\/Conim-LOGO-768x132-1.png","contentUrl":"https:\/\/store.conimcert.com\/wp-content\/uploads\/2025\/07\/Conim-LOGO-768x132-1.png","width":768,"height":132,"caption":"Conimcert E-Store"},"image":{"@id":"https:\/\/store.conimcert.com\/#\/schema\/logo\/image\/"}}]}},"_links":{"self":[{"href":"https:\/\/store.conimcert.com\/az\/wp-json\/wp\/v2\/product\/371","targetHints":{"allow":["GET"]}}],"collection":[{"href":"https:\/\/store.conimcert.com\/az\/wp-json\/wp\/v2\/product"}],"about":[{"href":"https:\/\/store.conimcert.com\/az\/wp-json\/wp\/v2\/types\/product"}],"wp:featuredmedia":[{"embeddable":true,"href":"https:\/\/store.conimcert.com\/az\/wp-json\/wp\/v2\/media\/374"}],"wp:attachment":[{"href":"https:\/\/store.conimcert.com\/az\/wp-json\/wp\/v2\/media?parent=371"}],"wp:term":[{"taxonomy":"brand","embeddable":true,"href":"https:\/\/store.conimcert.com\/az\/wp-json\/wp\/v2\/brand?post=371"},{"taxonomy":"product_brand","embeddable":true,"href":"https:\/\/store.conimcert.com\/az\/wp-json\/wp\/v2\/product_brand?post=371"},{"taxonomy":"product_cat","embeddable":true,"href":"https:\/\/store.conimcert.com\/az\/wp-json\/wp\/v2\/product_cat?post=371"},{"taxonomy":"product_tag","embeddable":true,"href":"https:\/\/store.conimcert.com\/az\/wp-json\/wp\/v2\/product_tag?post=371"}],"curies":[{"name":"wp","href":"https:\/\/api.w.org\/{rel}","templated":true}]}}