{"id":362,"date":"2025-09-01T08:18:53","date_gmt":"2025-09-01T08:18:53","guid":{"rendered":"https:\/\/store.conimcert.com\/?post_type=product&#038;p=362"},"modified":"2026-01-01T17:19:00","modified_gmt":"2026-01-01T17:19:00","slug":"iso-27005-risk-manager-e-learning","status":"publish","type":"product","link":"https:\/\/store.conimcert.com\/az\/course\/information-security\/iso-27005-risk-manager-e-learning\/","title":{"rendered":"ISO 27005 Risk Manager &#8211; E-learning"},"content":{"rendered":"<p data-start=\"60\" data-end=\"397\">This package includes official registration for the PECB ISO\/IEC 27005 Risk Manager exam, along with full access to interactive eLearning training via the PECB KATE app. It is designed for professionals who want to learn the essential elements of managing Information Security Risk Management (ISRM) based on ISO\/IEC 27005 and ISO 31000.<\/p>\n<p data-start=\"399\" data-end=\"619\">Ideal for those starting their journey in information security risk management or professionals seeking to gain a comprehensive understanding of risk management principles before advancing to higher-level certifications.<\/p>\n<p data-start=\"648\" data-end=\"825\"><a href=\"https:\/\/pecb.com\/pdf\/brochures\/iso-iec-27005-risk-manager-elearning-en.pdf\" target=\"_blank\" rel=\"noopener\">Click for more info<\/a><\/p>\n<h3 data-start=\"647\" data-end=\"667\">N\u0259 Daxildir:<\/h3>\n<ul data-start=\"668\" data-end=\"1094\">\n<li data-start=\"668\" data-end=\"728\">\n<p data-start=\"670\" data-end=\"728\">Official PECB ISO\/IEC 27005 Risk Manager exam registration<\/p>\n<\/li>\n<li data-start=\"729\" data-end=\"803\">\n<p data-start=\"731\" data-end=\"803\">Full eLearning training course on the KATE app (video modules + quizzes)<\/p>\n<\/li>\n<li data-start=\"804\" data-end=\"894\">\n<p data-start=\"806\" data-end=\"894\">Digital training materials (over 350 pages with examples, best practices, and exercises)<\/p>\n<\/li>\n<li data-start=\"895\" data-end=\"965\">\n<p data-start=\"897\" data-end=\"965\">21 CPD (Continuing Professional Development) credits upon completion<\/p>\n<\/li>\n<li data-start=\"966\" data-end=\"988\">\n<p data-start=\"968\" data-end=\"988\">1 illik imtahan\u0131n etibarl\u0131l\u0131\u011f\u0131<\/p>\n<\/li>\n<li data-start=\"989\" data-end=\"1025\">\n<p data-start=\"991\" data-end=\"1025\">Free second exam attempt if needed<\/p>\n<\/li>\n<li data-start=\"1026\" data-end=\"1094\">\n<p data-start=\"1028\" data-end=\"1094\">Online exam format \u2013 take it from anywhere, anytime via PECB Exams<\/p>\n<\/li>\n<\/ul>\n<h3 data-start=\"1101\" data-end=\"1129\">Niy\u0259 bu paketi se\u00e7m\u0259lisiniz?<\/h3>\n<ul data-start=\"1130\" data-end=\"1582\">\n<li data-start=\"1130\" data-end=\"1191\">\n<p data-start=\"1132\" data-end=\"1191\">100% online eLearning format \u2013 accessible anytime, anywhere<\/p>\n<\/li>\n<li data-start=\"1192\" data-end=\"1256\">\n<p data-start=\"1194\" data-end=\"1256\">Learn at your own pace with unlimited access to course modules<\/p>\n<\/li>\n<li data-start=\"1257\" data-end=\"1355\">\n<p data-start=\"1259\" data-end=\"1355\">Gain fundamental knowledge of information security risk management (ISRM) concepts and practices<\/p>\n<\/li>\n<li data-start=\"1356\" data-end=\"1479\">\n<p data-start=\"1358\" data-end=\"1479\">Understand the application of ISO\/IEC 27005 and other best risk assessment methods such as OCTAVE, MEHARI, NIST, and more<\/p>\n<\/li>\n<li data-start=\"1480\" data-end=\"1582\">\n<p data-start=\"1482\" data-end=\"1582\">Prepare for certification with practical examples, exercises, and quizzes integrated into the course<\/p>\n<\/li>\n<\/ul>\n<h3 data-start=\"1589\" data-end=\"1609\">Kiml\u0259r \u00dc\u00e7\u00fcnd\u00fcr?<\/h3>\n<ul data-start=\"1610\" data-end=\"2031\">\n<li data-start=\"1610\" data-end=\"1706\">\n<p data-start=\"1612\" data-end=\"1706\">Managers or consultants involved in or responsible for information security in an organization<\/p>\n<\/li>\n<li data-start=\"1707\" data-end=\"1772\">\n<p data-start=\"1709\" data-end=\"1772\">Individuals responsible for managing information security risks<\/p>\n<\/li>\n<li data-start=\"1773\" data-end=\"1852\">\n<p data-start=\"1775\" data-end=\"1852\">Members of information security teams, IT professionals, and privacy officers<\/p>\n<\/li>\n<li data-start=\"1853\" data-end=\"1924\">\n<p data-start=\"1855\" data-end=\"1924\">Individuals responsible for maintaining conformity with ISO\/IEC 27001<\/p>\n<\/li>\n<li data-start=\"1925\" data-end=\"2031\">\n<p data-start=\"1927\" data-end=\"2031\">Project managers, consultants, or expert advisers seeking to master information security risk management<\/p>\n<\/li>\n<\/ul>\n<p>&nbsp;<\/p>\n<p><a href=\"https:\/\/help.pecb.com\/index.php\/list-of-pecb-exams\/\" target=\"_blank\" rel=\"noopener\">Explore official exam details on PECB<\/a><\/p>","protected":false},"excerpt":{"rendered":"<p>This package includes official registration for the PECB ISO\/IEC 27005 Risk Manager exam, along with full access to interactive eLearning training via the PECB KATE app. It is designed for professionals who want to learn the essential elements of managing Information Security Risk Management (ISRM) based on ISO\/IEC 27005 and ISO 31000. Ideal for those [&hellip;]<\/p>","protected":false},"featured_media":343,"template":"","meta":{"_acf_changed":false},"brand":[],"product_brand":[],"product_cat":[22],"product_tag":[],"class_list":{"0":"post-362","1":"product","2":"type-product","3":"status-publish","4":"has-post-thumbnail","6":"product_cat-information-security","7":"pa_services-e-learning","9":"first","10":"instock","11":"virtual","12":"purchasable","13":"product-type-simple"},"acf":[],"yoast_head":"<!-- This site is optimized with the Yoast SEO plugin v27.4 - https:\/\/yoast.com\/product\/yoast-seo-wordpress\/ -->\n<title>ISO 27005 Risk Manager - E-learning - Conimcert E-Store<\/title>\n<meta name=\"robots\" content=\"index, follow, max-snippet:-1, max-image-preview:large, max-video-preview:-1\" \/>\n<link rel=\"canonical\" href=\"https:\/\/pecb.com\/pdf\/brochures\/iso-iec-27005-risk-manager-elearning-en.pdf\" \/>\n<meta property=\"og:locale\" content=\"az_AZ\" \/>\n<meta property=\"og:type\" content=\"article\" \/>\n<meta property=\"og:title\" content=\"ISO 27005 Risk Manager - E-learning - Conimcert E-Store\" \/>\n<meta property=\"og:description\" content=\"This package includes official registration for the PECB ISO\/IEC 27005 Risk Manager exam, along with full access to interactive eLearning training via the PECB KATE app. It is designed for professionals who want to learn the essential elements of managing Information Security Risk Management (ISRM) based on ISO\/IEC 27005 and ISO 31000. Ideal for those [&hellip;]\" \/>\n<meta property=\"og:url\" content=\"https:\/\/pecb.com\/pdf\/brochures\/iso-iec-27005-risk-manager-elearning-en.pdf\" \/>\n<meta property=\"og:site_name\" content=\"Conimcert E-Store\" \/>\n<meta property=\"article:modified_time\" content=\"2026-01-01T17:19:00+00:00\" \/>\n<meta property=\"og:image\" content=\"https:\/\/store.conimcert.com\/wp-content\/uploads\/2025\/08\/IEC-27005-RM-e-learning.png\" \/>\n\t<meta property=\"og:image:width\" content=\"451\" \/>\n\t<meta property=\"og:image:height\" content=\"451\" \/>\n\t<meta property=\"og:image:type\" content=\"image\/png\" \/>\n<meta name=\"twitter:card\" content=\"summary_large_image\" \/>\n<meta name=\"twitter:label1\" content=\"Est. reading time\" \/>\n\t<meta name=\"twitter:data1\" content=\"2 minutes\" \/>\n<script type=\"application\/ld+json\" class=\"yoast-schema-graph\">{\"@context\":\"https:\\\/\\\/schema.org\",\"@graph\":[{\"@type\":\"WebPage\",\"@id\":\"https:\\\/\\\/store.conimcert.com\\\/course\\\/information-security\\\/iso-27005-risk-manager-e-learning\\\/\",\"url\":\"https:\\\/\\\/pecb.com\\\/pdf\\\/brochures\\\/iso-iec-27005-risk-manager-elearning-en.pdf\",\"name\":\"ISO 27005 Risk Manager - E-learning - Conimcert E-Store\",\"isPartOf\":{\"@id\":\"https:\\\/\\\/store.conimcert.com\\\/#website\"},\"primaryImageOfPage\":{\"@id\":\"https:\\\/\\\/pecb.com\\\/pdf\\\/brochures\\\/iso-iec-27005-risk-manager-elearning-en.pdf#primaryimage\"},\"image\":{\"@id\":\"https:\\\/\\\/pecb.com\\\/pdf\\\/brochures\\\/iso-iec-27005-risk-manager-elearning-en.pdf#primaryimage\"},\"thumbnailUrl\":\"https:\\\/\\\/store.conimcert.com\\\/wp-content\\\/uploads\\\/2025\\\/08\\\/IEC-27005-RM-e-learning.png\",\"datePublished\":\"2025-09-01T08:18:53+00:00\",\"dateModified\":\"2026-01-01T17:19:00+00:00\",\"breadcrumb\":{\"@id\":\"https:\\\/\\\/pecb.com\\\/pdf\\\/brochures\\\/iso-iec-27005-risk-manager-elearning-en.pdf#breadcrumb\"},\"inLanguage\":\"az\",\"potentialAction\":[{\"@type\":\"ReadAction\",\"target\":[\"https:\\\/\\\/pecb.com\\\/pdf\\\/brochures\\\/iso-iec-27005-risk-manager-elearning-en.pdf\"]}]},{\"@type\":\"ImageObject\",\"inLanguage\":\"az\",\"@id\":\"https:\\\/\\\/pecb.com\\\/pdf\\\/brochures\\\/iso-iec-27005-risk-manager-elearning-en.pdf#primaryimage\",\"url\":\"https:\\\/\\\/store.conimcert.com\\\/wp-content\\\/uploads\\\/2025\\\/08\\\/IEC-27005-RM-e-learning.png\",\"contentUrl\":\"https:\\\/\\\/store.conimcert.com\\\/wp-content\\\/uploads\\\/2025\\\/08\\\/IEC-27005-RM-e-learning.png\",\"width\":451,\"height\":451},{\"@type\":\"BreadcrumbList\",\"@id\":\"https:\\\/\\\/pecb.com\\\/pdf\\\/brochures\\\/iso-iec-27005-risk-manager-elearning-en.pdf#breadcrumb\",\"itemListElement\":[{\"@type\":\"ListItem\",\"position\":1,\"name\":\"Home\",\"item\":\"https:\\\/\\\/store.conimcert.com\\\/\"},{\"@type\":\"ListItem\",\"position\":2,\"name\":\"Shop\",\"item\":\"https:\\\/\\\/store.conimcert.com\\\/shop\\\/\"},{\"@type\":\"ListItem\",\"position\":3,\"name\":\"ISO 27005 Risk Manager &#8211; E-learning\"}]},{\"@type\":\"WebSite\",\"@id\":\"https:\\\/\\\/store.conimcert.com\\\/#website\",\"url\":\"https:\\\/\\\/store.conimcert.com\\\/\",\"name\":\"Conimcert E-Store\",\"description\":\"\",\"publisher\":{\"@id\":\"https:\\\/\\\/store.conimcert.com\\\/#organization\"},\"potentialAction\":[{\"@type\":\"SearchAction\",\"target\":{\"@type\":\"EntryPoint\",\"urlTemplate\":\"https:\\\/\\\/store.conimcert.com\\\/?s={search_term_string}\"},\"query-input\":{\"@type\":\"PropertyValueSpecification\",\"valueRequired\":true,\"valueName\":\"search_term_string\"}}],\"inLanguage\":\"az\"},{\"@type\":\"Organization\",\"@id\":\"https:\\\/\\\/store.conimcert.com\\\/#organization\",\"name\":\"Conimcert E-Store\",\"url\":\"https:\\\/\\\/store.conimcert.com\\\/\",\"logo\":{\"@type\":\"ImageObject\",\"inLanguage\":\"az\",\"@id\":\"https:\\\/\\\/store.conimcert.com\\\/#\\\/schema\\\/logo\\\/image\\\/\",\"url\":\"https:\\\/\\\/store.conimcert.com\\\/wp-content\\\/uploads\\\/2025\\\/07\\\/Conim-LOGO-768x132-1.png\",\"contentUrl\":\"https:\\\/\\\/store.conimcert.com\\\/wp-content\\\/uploads\\\/2025\\\/07\\\/Conim-LOGO-768x132-1.png\",\"width\":768,\"height\":132,\"caption\":\"Conimcert E-Store\"},\"image\":{\"@id\":\"https:\\\/\\\/store.conimcert.com\\\/#\\\/schema\\\/logo\\\/image\\\/\"}}]}<\/script>\n<!-- \/ Yoast SEO plugin. -->","yoast_head_json":{"title":"ISO 27005 Risk Manager - E-learning - Conimcert E-Store","robots":{"index":"index","follow":"follow","max-snippet":"max-snippet:-1","max-image-preview":"max-image-preview:large","max-video-preview":"max-video-preview:-1"},"canonical":"https:\/\/pecb.com\/pdf\/brochures\/iso-iec-27005-risk-manager-elearning-en.pdf","og_locale":"az_AZ","og_type":"article","og_title":"ISO 27005 Risk Manager - E-learning - Conimcert E-Store","og_description":"This package includes official registration for the PECB ISO\/IEC 27005 Risk Manager exam, along with full access to interactive eLearning training via the PECB KATE app. It is designed for professionals who want to learn the essential elements of managing Information Security Risk Management (ISRM) based on ISO\/IEC 27005 and ISO 31000. Ideal for those [&hellip;]","og_url":"https:\/\/pecb.com\/pdf\/brochures\/iso-iec-27005-risk-manager-elearning-en.pdf","og_site_name":"Conimcert E-Store","article_modified_time":"2026-01-01T17:19:00+00:00","og_image":[{"width":451,"height":451,"url":"https:\/\/store.conimcert.com\/wp-content\/uploads\/2025\/08\/IEC-27005-RM-e-learning.png","type":"image\/png"}],"twitter_card":"summary_large_image","twitter_misc":{"Est. reading time":"2 minutes"},"schema":{"@context":"https:\/\/schema.org","@graph":[{"@type":"WebPage","@id":"https:\/\/store.conimcert.com\/course\/information-security\/iso-27005-risk-manager-e-learning\/","url":"https:\/\/pecb.com\/pdf\/brochures\/iso-iec-27005-risk-manager-elearning-en.pdf","name":"ISO 27005 Risk Manager - E-learning - Conimcert E-Store","isPartOf":{"@id":"https:\/\/store.conimcert.com\/#website"},"primaryImageOfPage":{"@id":"https:\/\/pecb.com\/pdf\/brochures\/iso-iec-27005-risk-manager-elearning-en.pdf#primaryimage"},"image":{"@id":"https:\/\/pecb.com\/pdf\/brochures\/iso-iec-27005-risk-manager-elearning-en.pdf#primaryimage"},"thumbnailUrl":"https:\/\/store.conimcert.com\/wp-content\/uploads\/2025\/08\/IEC-27005-RM-e-learning.png","datePublished":"2025-09-01T08:18:53+00:00","dateModified":"2026-01-01T17:19:00+00:00","breadcrumb":{"@id":"https:\/\/pecb.com\/pdf\/brochures\/iso-iec-27005-risk-manager-elearning-en.pdf#breadcrumb"},"inLanguage":"az","potentialAction":[{"@type":"ReadAction","target":["https:\/\/pecb.com\/pdf\/brochures\/iso-iec-27005-risk-manager-elearning-en.pdf"]}]},{"@type":"ImageObject","inLanguage":"az","@id":"https:\/\/pecb.com\/pdf\/brochures\/iso-iec-27005-risk-manager-elearning-en.pdf#primaryimage","url":"https:\/\/store.conimcert.com\/wp-content\/uploads\/2025\/08\/IEC-27005-RM-e-learning.png","contentUrl":"https:\/\/store.conimcert.com\/wp-content\/uploads\/2025\/08\/IEC-27005-RM-e-learning.png","width":451,"height":451},{"@type":"BreadcrumbList","@id":"https:\/\/pecb.com\/pdf\/brochures\/iso-iec-27005-risk-manager-elearning-en.pdf#breadcrumb","itemListElement":[{"@type":"ListItem","position":1,"name":"Home","item":"https:\/\/store.conimcert.com\/"},{"@type":"ListItem","position":2,"name":"Shop","item":"https:\/\/store.conimcert.com\/shop\/"},{"@type":"ListItem","position":3,"name":"ISO 27005 Risk Manager &#8211; E-learning"}]},{"@type":"WebSite","@id":"https:\/\/store.conimcert.com\/#website","url":"https:\/\/store.conimcert.com\/","name":"Conimcert E-Store","description":"","publisher":{"@id":"https:\/\/store.conimcert.com\/#organization"},"potentialAction":[{"@type":"SearchAction","target":{"@type":"EntryPoint","urlTemplate":"https:\/\/store.conimcert.com\/?s={search_term_string}"},"query-input":{"@type":"PropertyValueSpecification","valueRequired":true,"valueName":"search_term_string"}}],"inLanguage":"az"},{"@type":"Organization","@id":"https:\/\/store.conimcert.com\/#organization","name":"Conimcert E-Store","url":"https:\/\/store.conimcert.com\/","logo":{"@type":"ImageObject","inLanguage":"az","@id":"https:\/\/store.conimcert.com\/#\/schema\/logo\/image\/","url":"https:\/\/store.conimcert.com\/wp-content\/uploads\/2025\/07\/Conim-LOGO-768x132-1.png","contentUrl":"https:\/\/store.conimcert.com\/wp-content\/uploads\/2025\/07\/Conim-LOGO-768x132-1.png","width":768,"height":132,"caption":"Conimcert E-Store"},"image":{"@id":"https:\/\/store.conimcert.com\/#\/schema\/logo\/image\/"}}]}},"_links":{"self":[{"href":"https:\/\/store.conimcert.com\/az\/wp-json\/wp\/v2\/product\/362","targetHints":{"allow":["GET"]}}],"collection":[{"href":"https:\/\/store.conimcert.com\/az\/wp-json\/wp\/v2\/product"}],"about":[{"href":"https:\/\/store.conimcert.com\/az\/wp-json\/wp\/v2\/types\/product"}],"wp:featuredmedia":[{"embeddable":true,"href":"https:\/\/store.conimcert.com\/az\/wp-json\/wp\/v2\/media\/343"}],"wp:attachment":[{"href":"https:\/\/store.conimcert.com\/az\/wp-json\/wp\/v2\/media?parent=362"}],"wp:term":[{"taxonomy":"brand","embeddable":true,"href":"https:\/\/store.conimcert.com\/az\/wp-json\/wp\/v2\/brand?post=362"},{"taxonomy":"product_brand","embeddable":true,"href":"https:\/\/store.conimcert.com\/az\/wp-json\/wp\/v2\/product_brand?post=362"},{"taxonomy":"product_cat","embeddable":true,"href":"https:\/\/store.conimcert.com\/az\/wp-json\/wp\/v2\/product_cat?post=362"},{"taxonomy":"product_tag","embeddable":true,"href":"https:\/\/store.conimcert.com\/az\/wp-json\/wp\/v2\/product_tag?post=362"}],"curies":[{"name":"wp","href":"https:\/\/api.w.org\/{rel}","templated":true}]}}