{"id":360,"date":"2025-09-01T08:00:55","date_gmt":"2025-09-01T08:00:55","guid":{"rendered":"https:\/\/store.conimcert.com\/?post_type=product&#038;p=360"},"modified":"2025-12-07T00:13:24","modified_gmt":"2025-12-07T00:13:24","slug":"iso-9001-lead-auditor","status":"publish","type":"product","link":"https:\/\/store.conimcert.com\/az\/course\/quality-and-sustainability\/iso-9001-lead-auditor\/","title":{"rendered":"ISO 9001 Quality Management System Lead Auditor"},"content":{"rendered":"<p data-start=\"190\" data-end=\"510\">This package includes official registration for the <strong data-start=\"241\" data-end=\"276\">PECB ISO 9001 Lead Auditor exam<\/strong>, along with comprehensive training materials. It is designed for professionals who want to develop the expertise to perform <strong data-start=\"401\" data-end=\"436\">Quality Management System (QMS)<\/strong> audits based on ISO 9001.<\/p>\n<p data-start=\"190\" data-end=\"510\">Ideal for those looking to enhance their auditing skills, ensure QMS compliance, and lead successful audits to improve organizational performance.<\/p>\n<p data-start=\"615\" data-end=\"747\"><a href=\"https:\/\/pecb.com\/en\/education-and-certification-for-individuals\/iso-14001\/iso-14001-lead-auditor\" target=\"_blank\" rel=\"noopener\">Click for more info<\/a><\/p>\n<h3 data-start=\"643\" data-end=\"665\">N\u0259 Daxildir:<\/h3>\n<ul data-start=\"666\" data-end=\"988\">\n<li data-start=\"666\" data-end=\"723\">\n<p data-start=\"668\" data-end=\"723\">Official PECB ISO 9001 Lead Auditor exam registration<\/p>\n<\/li>\n<li data-start=\"724\" data-end=\"800\">\n<p data-start=\"726\" data-end=\"800\">Full training course materials with case studies, exercises, and quizzes<\/p>\n<\/li>\n<li data-start=\"801\" data-end=\"853\">\n<p data-start=\"803\" data-end=\"853\">Digital resources for study and exam preparation<\/p>\n<\/li>\n<li data-start=\"854\" data-end=\"878\">\n<p data-start=\"856\" data-end=\"878\">1 illik imtahan\u0131n etibarl\u0131l\u0131\u011f\u0131<\/p>\n<\/li>\n<li data-start=\"879\" data-end=\"917\">\n<p data-start=\"881\" data-end=\"917\">Free second exam attempt if needed<\/p>\n<\/li>\n<li data-start=\"918\" data-end=\"988\">\n<p data-start=\"920\" data-end=\"988\">Online exam format \u2013 take it from anywhere, anytime via PECB Exams<\/p>\n<\/li>\n<\/ul>\n<h3 data-start=\"995\" data-end=\"1025\">Niy\u0259 bu paketi se\u00e7m\u0259lisiniz?<\/h3>\n<ul data-start=\"1026\" data-end=\"1459\">\n<li data-start=\"1026\" data-end=\"1105\">\n<p data-start=\"1028\" data-end=\"1105\">Gain in-depth knowledge of ISO 9001 audit principles, tools, and techniques<\/p>\n<\/li>\n<li data-start=\"1106\" data-end=\"1175\">\n<p data-start=\"1108\" data-end=\"1175\">Master how to plan, conduct, and close ISO 9001 compliance audits<\/p>\n<\/li>\n<li data-start=\"1176\" data-end=\"1267\">\n<p data-start=\"1178\" data-end=\"1267\">Learn how to evaluate QMS conformity with ISO 9001 and audit using ISO 19011 guidelines<\/p>\n<\/li>\n<li data-start=\"1268\" data-end=\"1357\">\n<p data-start=\"1270\" data-end=\"1357\">Develop the skills to lead audit teams, conduct interviews, and prepare audit reports<\/p>\n<\/li>\n<li data-start=\"1358\" data-end=\"1459\">\n<p data-start=\"1360\" data-end=\"1459\">Prepare for certification with interactive exercises, role-playing, and practice exam simulations<\/p>\n<\/li>\n<\/ul>\n<h3 data-start=\"1466\" data-end=\"1488\">Kiml\u0259r \u00dc\u00e7\u00fcnd\u00fcr?<\/h3>\n<ul data-start=\"1489\" data-end=\"1863\">\n<li data-start=\"1489\" data-end=\"1574\">\n<p data-start=\"1491\" data-end=\"1574\">Auditors seeking to perform and lead QMS audits on behalf of certification bodies<\/p>\n<\/li>\n<li data-start=\"1575\" data-end=\"1659\">\n<p data-start=\"1577\" data-end=\"1659\">Professionals wishing to adopt PECB\u2019s <strong data-start=\"1615\" data-end=\"1635\">AMS2 Methodology<\/strong> for conducting audits<\/p>\n<\/li>\n<li data-start=\"1660\" data-end=\"1746\">\n<p data-start=\"1662\" data-end=\"1746\">Individuals responsible for maintaining conformity to the requirements of ISO 9001<\/p>\n<\/li>\n<li data-start=\"1747\" data-end=\"1793\">\n<p data-start=\"1749\" data-end=\"1793\">Technical experts preparing for QMS audits<\/p>\n<\/li>\n<li data-start=\"1794\" data-end=\"1863\">\n<p data-start=\"1796\" data-end=\"1863\">Professionals wanting to pursue a career in conformity assessment<\/p>\n<\/li>\n<\/ul>\n<p>&nbsp;<\/p>\n<p><a href=\"https:\/\/help.pecb.com\/index.php\/list-of-pecb-exams\/\" target=\"_blank\" rel=\"noopener\">Explore official exam details on PECB<\/a><\/p>","protected":false},"excerpt":{"rendered":"<p>This package includes official registration for the PECB ISO 9001 Lead Auditor exam, along with comprehensive training materials. It is designed for professionals who want to develop the expertise to perform Quality Management System (QMS) audits based on ISO 9001. Ideal for those looking to enhance their auditing skills, ensure QMS compliance, and lead successful [&hellip;]<\/p>","protected":false},"featured_media":295,"template":"","meta":{"_acf_changed":false},"brand":[],"product_brand":[],"product_cat":[24,18],"product_tag":[],"class_list":{"0":"post-360","1":"product","2":"type-product","3":"status-publish","4":"has-post-thumbnail","6":"product_cat-health-and-safety","7":"product_cat-quality-and-sustainability","8":"pa_services-self-study","10":"first","11":"instock","12":"shipping-taxable","13":"purchasable","14":"product-type-simple"},"acf":[],"yoast_head":"<!-- This site is optimized with the Yoast SEO plugin v27.4 - https:\/\/yoast.com\/product\/yoast-seo-wordpress\/ -->\n<title>ISO 9001 Quality Management System Lead Auditor - Conimcert E-Store<\/title>\n<meta name=\"robots\" content=\"index, follow, max-snippet:-1, max-image-preview:large, max-video-preview:-1\" \/>\n<link rel=\"canonical\" href=\"https:\/\/pecb.com\/en\/education-and-certification-for-individuals\/iso-9001\/iso-9001-lead-auditor\" \/>\n<meta property=\"og:locale\" content=\"az_AZ\" \/>\n<meta property=\"og:type\" content=\"article\" \/>\n<meta property=\"og:title\" content=\"ISO 9001 Quality Management System Lead Auditor - Conimcert E-Store\" \/>\n<meta property=\"og:description\" content=\"This package includes official registration for the PECB ISO 9001 Lead Auditor exam, along with comprehensive training materials. It is designed for professionals who want to develop the expertise to perform Quality Management System (QMS) audits based on ISO 9001. Ideal for those looking to enhance their auditing skills, ensure QMS compliance, and lead successful [&hellip;]\" \/>\n<meta property=\"og:url\" content=\"https:\/\/pecb.com\/en\/education-and-certification-for-individuals\/iso-9001\/iso-9001-lead-auditor\" \/>\n<meta property=\"og:site_name\" content=\"Conimcert E-Store\" \/>\n<meta property=\"article:modified_time\" content=\"2025-12-07T00:13:24+00:00\" \/>\n<meta property=\"og:image\" content=\"https:\/\/store.conimcert.com\/wp-content\/uploads\/2025\/08\/ISO-9001-Lead-Auditor.png\" \/>\n\t<meta property=\"og:image:width\" content=\"452\" \/>\n\t<meta property=\"og:image:height\" content=\"451\" \/>\n\t<meta property=\"og:image:type\" content=\"image\/png\" \/>\n<meta name=\"twitter:card\" content=\"summary_large_image\" \/>\n<meta name=\"twitter:label1\" content=\"Est. reading time\" \/>\n\t<meta name=\"twitter:data1\" content=\"2 minutes\" \/>\n<script type=\"application\/ld+json\" class=\"yoast-schema-graph\">{\"@context\":\"https:\\\/\\\/schema.org\",\"@graph\":[{\"@type\":\"WebPage\",\"@id\":\"https:\\\/\\\/store.conimcert.com\\\/course\\\/quality-and-sustainability\\\/iso-9001-lead-auditor\\\/\",\"url\":\"https:\\\/\\\/pecb.com\\\/en\\\/education-and-certification-for-individuals\\\/iso-9001\\\/iso-9001-lead-auditor\",\"name\":\"ISO 9001 Quality Management System Lead Auditor - Conimcert E-Store\",\"isPartOf\":{\"@id\":\"https:\\\/\\\/store.conimcert.com\\\/#website\"},\"primaryImageOfPage\":{\"@id\":\"https:\\\/\\\/pecb.com\\\/en\\\/education-and-certification-for-individuals\\\/iso-9001\\\/iso-9001-lead-auditor#primaryimage\"},\"image\":{\"@id\":\"https:\\\/\\\/pecb.com\\\/en\\\/education-and-certification-for-individuals\\\/iso-9001\\\/iso-9001-lead-auditor#primaryimage\"},\"thumbnailUrl\":\"https:\\\/\\\/store.conimcert.com\\\/wp-content\\\/uploads\\\/2025\\\/08\\\/ISO-9001-Lead-Auditor.png\",\"datePublished\":\"2025-09-01T08:00:55+00:00\",\"dateModified\":\"2025-12-07T00:13:24+00:00\",\"breadcrumb\":{\"@id\":\"https:\\\/\\\/pecb.com\\\/en\\\/education-and-certification-for-individuals\\\/iso-9001\\\/iso-9001-lead-auditor#breadcrumb\"},\"inLanguage\":\"az\",\"potentialAction\":[{\"@type\":\"ReadAction\",\"target\":[\"https:\\\/\\\/pecb.com\\\/en\\\/education-and-certification-for-individuals\\\/iso-9001\\\/iso-9001-lead-auditor\"]}]},{\"@type\":\"ImageObject\",\"inLanguage\":\"az\",\"@id\":\"https:\\\/\\\/pecb.com\\\/en\\\/education-and-certification-for-individuals\\\/iso-9001\\\/iso-9001-lead-auditor#primaryimage\",\"url\":\"https:\\\/\\\/store.conimcert.com\\\/wp-content\\\/uploads\\\/2025\\\/08\\\/ISO-9001-Lead-Auditor.png\",\"contentUrl\":\"https:\\\/\\\/store.conimcert.com\\\/wp-content\\\/uploads\\\/2025\\\/08\\\/ISO-9001-Lead-Auditor.png\",\"width\":452,\"height\":451},{\"@type\":\"BreadcrumbList\",\"@id\":\"https:\\\/\\\/pecb.com\\\/en\\\/education-and-certification-for-individuals\\\/iso-9001\\\/iso-9001-lead-auditor#breadcrumb\",\"itemListElement\":[{\"@type\":\"ListItem\",\"position\":1,\"name\":\"Home\",\"item\":\"https:\\\/\\\/store.conimcert.com\\\/\"},{\"@type\":\"ListItem\",\"position\":2,\"name\":\"Shop\",\"item\":\"https:\\\/\\\/store.conimcert.com\\\/shop\\\/\"},{\"@type\":\"ListItem\",\"position\":3,\"name\":\"ISO 9001 Quality Management System Lead Auditor\"}]},{\"@type\":\"WebSite\",\"@id\":\"https:\\\/\\\/store.conimcert.com\\\/#website\",\"url\":\"https:\\\/\\\/store.conimcert.com\\\/\",\"name\":\"Conimcert E-Store\",\"description\":\"\",\"publisher\":{\"@id\":\"https:\\\/\\\/store.conimcert.com\\\/#organization\"},\"potentialAction\":[{\"@type\":\"SearchAction\",\"target\":{\"@type\":\"EntryPoint\",\"urlTemplate\":\"https:\\\/\\\/store.conimcert.com\\\/?s={search_term_string}\"},\"query-input\":{\"@type\":\"PropertyValueSpecification\",\"valueRequired\":true,\"valueName\":\"search_term_string\"}}],\"inLanguage\":\"az\"},{\"@type\":\"Organization\",\"@id\":\"https:\\\/\\\/store.conimcert.com\\\/#organization\",\"name\":\"Conimcert E-Store\",\"url\":\"https:\\\/\\\/store.conimcert.com\\\/\",\"logo\":{\"@type\":\"ImageObject\",\"inLanguage\":\"az\",\"@id\":\"https:\\\/\\\/store.conimcert.com\\\/#\\\/schema\\\/logo\\\/image\\\/\",\"url\":\"https:\\\/\\\/store.conimcert.com\\\/wp-content\\\/uploads\\\/2025\\\/07\\\/Conim-LOGO-768x132-1.png\",\"contentUrl\":\"https:\\\/\\\/store.conimcert.com\\\/wp-content\\\/uploads\\\/2025\\\/07\\\/Conim-LOGO-768x132-1.png\",\"width\":768,\"height\":132,\"caption\":\"Conimcert E-Store\"},\"image\":{\"@id\":\"https:\\\/\\\/store.conimcert.com\\\/#\\\/schema\\\/logo\\\/image\\\/\"}}]}<\/script>\n<!-- \/ Yoast SEO plugin. -->","yoast_head_json":{"title":"ISO 9001 Quality Management System Lead Auditor - Conimcert E-Store","robots":{"index":"index","follow":"follow","max-snippet":"max-snippet:-1","max-image-preview":"max-image-preview:large","max-video-preview":"max-video-preview:-1"},"canonical":"https:\/\/pecb.com\/en\/education-and-certification-for-individuals\/iso-9001\/iso-9001-lead-auditor","og_locale":"az_AZ","og_type":"article","og_title":"ISO 9001 Quality Management System Lead Auditor - Conimcert E-Store","og_description":"This package includes official registration for the PECB ISO 9001 Lead Auditor exam, along with comprehensive training materials. It is designed for professionals who want to develop the expertise to perform Quality Management System (QMS) audits based on ISO 9001. Ideal for those looking to enhance their auditing skills, ensure QMS compliance, and lead successful [&hellip;]","og_url":"https:\/\/pecb.com\/en\/education-and-certification-for-individuals\/iso-9001\/iso-9001-lead-auditor","og_site_name":"Conimcert E-Store","article_modified_time":"2025-12-07T00:13:24+00:00","og_image":[{"width":452,"height":451,"url":"https:\/\/store.conimcert.com\/wp-content\/uploads\/2025\/08\/ISO-9001-Lead-Auditor.png","type":"image\/png"}],"twitter_card":"summary_large_image","twitter_misc":{"Est. reading time":"2 minutes"},"schema":{"@context":"https:\/\/schema.org","@graph":[{"@type":"WebPage","@id":"https:\/\/store.conimcert.com\/course\/quality-and-sustainability\/iso-9001-lead-auditor\/","url":"https:\/\/pecb.com\/en\/education-and-certification-for-individuals\/iso-9001\/iso-9001-lead-auditor","name":"ISO 9001 Quality Management System Lead Auditor - Conimcert E-Store","isPartOf":{"@id":"https:\/\/store.conimcert.com\/#website"},"primaryImageOfPage":{"@id":"https:\/\/pecb.com\/en\/education-and-certification-for-individuals\/iso-9001\/iso-9001-lead-auditor#primaryimage"},"image":{"@id":"https:\/\/pecb.com\/en\/education-and-certification-for-individuals\/iso-9001\/iso-9001-lead-auditor#primaryimage"},"thumbnailUrl":"https:\/\/store.conimcert.com\/wp-content\/uploads\/2025\/08\/ISO-9001-Lead-Auditor.png","datePublished":"2025-09-01T08:00:55+00:00","dateModified":"2025-12-07T00:13:24+00:00","breadcrumb":{"@id":"https:\/\/pecb.com\/en\/education-and-certification-for-individuals\/iso-9001\/iso-9001-lead-auditor#breadcrumb"},"inLanguage":"az","potentialAction":[{"@type":"ReadAction","target":["https:\/\/pecb.com\/en\/education-and-certification-for-individuals\/iso-9001\/iso-9001-lead-auditor"]}]},{"@type":"ImageObject","inLanguage":"az","@id":"https:\/\/pecb.com\/en\/education-and-certification-for-individuals\/iso-9001\/iso-9001-lead-auditor#primaryimage","url":"https:\/\/store.conimcert.com\/wp-content\/uploads\/2025\/08\/ISO-9001-Lead-Auditor.png","contentUrl":"https:\/\/store.conimcert.com\/wp-content\/uploads\/2025\/08\/ISO-9001-Lead-Auditor.png","width":452,"height":451},{"@type":"BreadcrumbList","@id":"https:\/\/pecb.com\/en\/education-and-certification-for-individuals\/iso-9001\/iso-9001-lead-auditor#breadcrumb","itemListElement":[{"@type":"ListItem","position":1,"name":"Home","item":"https:\/\/store.conimcert.com\/"},{"@type":"ListItem","position":2,"name":"Shop","item":"https:\/\/store.conimcert.com\/shop\/"},{"@type":"ListItem","position":3,"name":"ISO 9001 Quality Management System Lead Auditor"}]},{"@type":"WebSite","@id":"https:\/\/store.conimcert.com\/#website","url":"https:\/\/store.conimcert.com\/","name":"Conimcert E-Store","description":"","publisher":{"@id":"https:\/\/store.conimcert.com\/#organization"},"potentialAction":[{"@type":"SearchAction","target":{"@type":"EntryPoint","urlTemplate":"https:\/\/store.conimcert.com\/?s={search_term_string}"},"query-input":{"@type":"PropertyValueSpecification","valueRequired":true,"valueName":"search_term_string"}}],"inLanguage":"az"},{"@type":"Organization","@id":"https:\/\/store.conimcert.com\/#organization","name":"Conimcert E-Store","url":"https:\/\/store.conimcert.com\/","logo":{"@type":"ImageObject","inLanguage":"az","@id":"https:\/\/store.conimcert.com\/#\/schema\/logo\/image\/","url":"https:\/\/store.conimcert.com\/wp-content\/uploads\/2025\/07\/Conim-LOGO-768x132-1.png","contentUrl":"https:\/\/store.conimcert.com\/wp-content\/uploads\/2025\/07\/Conim-LOGO-768x132-1.png","width":768,"height":132,"caption":"Conimcert E-Store"},"image":{"@id":"https:\/\/store.conimcert.com\/#\/schema\/logo\/image\/"}}]}},"_links":{"self":[{"href":"https:\/\/store.conimcert.com\/az\/wp-json\/wp\/v2\/product\/360","targetHints":{"allow":["GET"]}}],"collection":[{"href":"https:\/\/store.conimcert.com\/az\/wp-json\/wp\/v2\/product"}],"about":[{"href":"https:\/\/store.conimcert.com\/az\/wp-json\/wp\/v2\/types\/product"}],"wp:featuredmedia":[{"embeddable":true,"href":"https:\/\/store.conimcert.com\/az\/wp-json\/wp\/v2\/media\/295"}],"wp:attachment":[{"href":"https:\/\/store.conimcert.com\/az\/wp-json\/wp\/v2\/media?parent=360"}],"wp:term":[{"taxonomy":"brand","embeddable":true,"href":"https:\/\/store.conimcert.com\/az\/wp-json\/wp\/v2\/brand?post=360"},{"taxonomy":"product_brand","embeddable":true,"href":"https:\/\/store.conimcert.com\/az\/wp-json\/wp\/v2\/product_brand?post=360"},{"taxonomy":"product_cat","embeddable":true,"href":"https:\/\/store.conimcert.com\/az\/wp-json\/wp\/v2\/product_cat?post=360"},{"taxonomy":"product_tag","embeddable":true,"href":"https:\/\/store.conimcert.com\/az\/wp-json\/wp\/v2\/product_tag?post=360"}],"curies":[{"name":"wp","href":"https:\/\/api.w.org\/{rel}","templated":true}]}}