{"id":358,"date":"2025-09-01T07:50:58","date_gmt":"2025-09-01T07:50:58","guid":{"rendered":"https:\/\/store.conimcert.com\/?post_type=product&#038;p=358"},"modified":"2025-12-07T00:13:24","modified_gmt":"2025-12-07T00:13:24","slug":"iso-14001-lead-auditor","status":"publish","type":"product","link":"https:\/\/store.conimcert.com\/az\/course\/quality-and-sustainability\/iso-14001-lead-auditor\/","title":{"rendered":"ISO 14001 Lead Auditor"},"content":{"rendered":"<p data-start=\"190\" data-end=\"510\">This package includes official registration for the <strong data-start=\"244\" data-end=\"280\">PECB ISO 14001 Lead Auditor exam<\/strong>, along with comprehensive training materials. It is designed for professionals who want to develop the expertise to conduct effective <strong data-start=\"415\" data-end=\"456\">Environmental Management System (EMS)<\/strong> audits based on ISO 14001.<\/p>\n<p data-start=\"190\" data-end=\"510\">Ideal for those seeking to enhance their auditing skills, ensure compliance with ISO 14001, and lead successful audits to improve environmental performance.<\/p>\n<p data-start=\"615\" data-end=\"747\"><a href=\"https:\/\/pecb.com\/en\/education-and-certification-for-individuals\/iso-14001\/iso-14001-lead-auditor\" target=\"_blank\" rel=\"noopener\">Click for more info<\/a><\/p>\n<h3 data-start=\"674\" data-end=\"696\">N\u0259 Daxildir:<\/h3>\n<ul data-start=\"697\" data-end=\"1020\">\n<li data-start=\"697\" data-end=\"755\">\n<p data-start=\"699\" data-end=\"755\">Official PECB ISO 14001 Lead Auditor exam registration<\/p>\n<\/li>\n<li data-start=\"756\" data-end=\"832\">\n<p data-start=\"758\" data-end=\"832\">Full training course materials with case studies, exercises, and quizzes<\/p>\n<\/li>\n<li data-start=\"833\" data-end=\"885\">\n<p data-start=\"835\" data-end=\"885\">Digital resources for study and exam preparation<\/p>\n<\/li>\n<li data-start=\"886\" data-end=\"910\">\n<p data-start=\"888\" data-end=\"910\">1 illik imtahan\u0131n etibarl\u0131l\u0131\u011f\u0131<\/p>\n<\/li>\n<li data-start=\"911\" data-end=\"949\">\n<p data-start=\"913\" data-end=\"949\">Free second exam attempt if needed<\/p>\n<\/li>\n<li data-start=\"950\" data-end=\"1020\">\n<p data-start=\"952\" data-end=\"1020\">Online exam format \u2013 take it from anywhere, anytime via PECB Exams<\/p>\n<\/li>\n<\/ul>\n<h3 data-start=\"1027\" data-end=\"1057\">Niy\u0259 bu paketi se\u00e7m\u0259lisiniz?<\/h3>\n<ul data-start=\"1058\" data-end=\"1494\">\n<li data-start=\"1058\" data-end=\"1138\">\n<p data-start=\"1060\" data-end=\"1138\">Gain in-depth knowledge of ISO 14001 audit principles, tools, and techniques<\/p>\n<\/li>\n<li data-start=\"1139\" data-end=\"1209\">\n<p data-start=\"1141\" data-end=\"1209\">Master how to plan, conduct, and close ISO 14001 compliance audits<\/p>\n<\/li>\n<li data-start=\"1210\" data-end=\"1302\">\n<p data-start=\"1212\" data-end=\"1302\">Learn how to evaluate EMS conformity with ISO 14001 and audit using ISO 19011 guidelines<\/p>\n<\/li>\n<li data-start=\"1303\" data-end=\"1392\">\n<p data-start=\"1305\" data-end=\"1392\">Acquire the skills to lead audit teams, conduct interviews, and prepare audit reports<\/p>\n<\/li>\n<li data-start=\"1393\" data-end=\"1494\">\n<p data-start=\"1395\" data-end=\"1494\">Prepare for certification with interactive exercises, role-playing, and practice exam simulations<\/p>\n<\/li>\n<\/ul>\n<h3 data-start=\"1501\" data-end=\"1523\">Kiml\u0259r \u00dc\u00e7\u00fcnd\u00fcr?<\/h3>\n<ul data-start=\"1524\" data-end=\"1847\">\n<li data-start=\"1524\" data-end=\"1575\">\n<p data-start=\"1526\" data-end=\"1575\">Auditors seeking to conduct and lead EMS audits<\/p>\n<\/li>\n<li data-start=\"1576\" data-end=\"1643\">\n<p data-start=\"1578\" data-end=\"1643\">Managers or consultants seeking to master the EMS audit process<\/p>\n<\/li>\n<li data-start=\"1644\" data-end=\"1752\">\n<p data-start=\"1646\" data-end=\"1752\">Professionals responsible for maintaining conformity to the requirements of ISO 14001 in an organization<\/p>\n<\/li>\n<li data-start=\"1753\" data-end=\"1799\">\n<p data-start=\"1755\" data-end=\"1799\">Technical experts preparing for EMS audits<\/p>\n<\/li>\n<li data-start=\"1800\" data-end=\"1847\">\n<p data-start=\"1802\" data-end=\"1847\">Expert advisors in environmental management<\/p>\n<\/li>\n<\/ul>\n<p>&nbsp;<\/p>\n<p><a href=\"https:\/\/help.pecb.com\/index.php\/list-of-pecb-exams\/\" target=\"_blank\" rel=\"noopener\">Explore official exam details on PECB<\/a><\/p>","protected":false},"excerpt":{"rendered":"<p>This package includes official registration for the PECB ISO 14001 Lead Auditor exam, along with comprehensive training materials. It is designed for professionals who want to develop the expertise to conduct effective Environmental Management System (EMS) audits based on ISO 14001. Ideal for those seeking to enhance their auditing skills, ensure compliance with ISO 14001, [&hellip;]<\/p>","protected":false},"featured_media":359,"template":"","meta":{"_acf_changed":false},"brand":[],"product_brand":[],"product_cat":[24,18],"product_tag":[],"class_list":{"0":"post-358","1":"product","2":"type-product","3":"status-publish","4":"has-post-thumbnail","6":"product_cat-health-and-safety","7":"product_cat-quality-and-sustainability","8":"pa_services-self-study","10":"first","11":"instock","12":"shipping-taxable","13":"purchasable","14":"product-type-simple"},"acf":[],"yoast_head":"<!-- This site is optimized with the Yoast SEO plugin v27.4 - https:\/\/yoast.com\/product\/yoast-seo-wordpress\/ -->\n<title>ISO 14001 Lead Auditor - Conimcert E-Store<\/title>\n<meta name=\"robots\" content=\"index, follow, max-snippet:-1, max-image-preview:large, max-video-preview:-1\" \/>\n<link rel=\"canonical\" href=\"https:\/\/pecb.com\/en\/education-and-certification-for-individuals\/iso-14001\/iso-14001-lead-auditor\" \/>\n<meta property=\"og:locale\" content=\"az_AZ\" \/>\n<meta property=\"og:type\" content=\"article\" \/>\n<meta property=\"og:title\" content=\"ISO 14001 Lead Auditor - Conimcert E-Store\" \/>\n<meta property=\"og:description\" content=\"This package includes official registration for the PECB ISO 14001 Lead Auditor exam, along with comprehensive training materials. It is designed for professionals who want to develop the expertise to conduct effective Environmental Management System (EMS) audits based on ISO 14001. Ideal for those seeking to enhance their auditing skills, ensure compliance with ISO 14001, [&hellip;]\" \/>\n<meta property=\"og:url\" content=\"https:\/\/pecb.com\/en\/education-and-certification-for-individuals\/iso-14001\/iso-14001-lead-auditor\" \/>\n<meta property=\"og:site_name\" content=\"Conimcert E-Store\" \/>\n<meta property=\"article:modified_time\" content=\"2025-12-07T00:13:24+00:00\" \/>\n<meta property=\"og:image\" content=\"https:\/\/store.conimcert.com\/wp-content\/uploads\/2025\/09\/ISO-14001-Lead-Auditor.png\" \/>\n\t<meta property=\"og:image:width\" content=\"451\" \/>\n\t<meta property=\"og:image:height\" content=\"451\" \/>\n\t<meta property=\"og:image:type\" content=\"image\/png\" \/>\n<meta name=\"twitter:card\" content=\"summary_large_image\" \/>\n<meta name=\"twitter:label1\" content=\"Est. reading time\" \/>\n\t<meta name=\"twitter:data1\" content=\"2 minutes\" \/>\n<script type=\"application\/ld+json\" class=\"yoast-schema-graph\">{\"@context\":\"https:\\\/\\\/schema.org\",\"@graph\":[{\"@type\":\"WebPage\",\"@id\":\"https:\\\/\\\/store.conimcert.com\\\/course\\\/quality-and-sustainability\\\/iso-14001-lead-auditor\\\/\",\"url\":\"https:\\\/\\\/pecb.com\\\/en\\\/education-and-certification-for-individuals\\\/iso-14001\\\/iso-14001-lead-auditor\",\"name\":\"ISO 14001 Lead Auditor - Conimcert E-Store\",\"isPartOf\":{\"@id\":\"https:\\\/\\\/store.conimcert.com\\\/#website\"},\"primaryImageOfPage\":{\"@id\":\"https:\\\/\\\/pecb.com\\\/en\\\/education-and-certification-for-individuals\\\/iso-14001\\\/iso-14001-lead-auditor#primaryimage\"},\"image\":{\"@id\":\"https:\\\/\\\/pecb.com\\\/en\\\/education-and-certification-for-individuals\\\/iso-14001\\\/iso-14001-lead-auditor#primaryimage\"},\"thumbnailUrl\":\"https:\\\/\\\/store.conimcert.com\\\/wp-content\\\/uploads\\\/2025\\\/09\\\/ISO-14001-Lead-Auditor.png\",\"datePublished\":\"2025-09-01T07:50:58+00:00\",\"dateModified\":\"2025-12-07T00:13:24+00:00\",\"breadcrumb\":{\"@id\":\"https:\\\/\\\/pecb.com\\\/en\\\/education-and-certification-for-individuals\\\/iso-14001\\\/iso-14001-lead-auditor#breadcrumb\"},\"inLanguage\":\"az\",\"potentialAction\":[{\"@type\":\"ReadAction\",\"target\":[\"https:\\\/\\\/pecb.com\\\/en\\\/education-and-certification-for-individuals\\\/iso-14001\\\/iso-14001-lead-auditor\"]}]},{\"@type\":\"ImageObject\",\"inLanguage\":\"az\",\"@id\":\"https:\\\/\\\/pecb.com\\\/en\\\/education-and-certification-for-individuals\\\/iso-14001\\\/iso-14001-lead-auditor#primaryimage\",\"url\":\"https:\\\/\\\/store.conimcert.com\\\/wp-content\\\/uploads\\\/2025\\\/09\\\/ISO-14001-Lead-Auditor.png\",\"contentUrl\":\"https:\\\/\\\/store.conimcert.com\\\/wp-content\\\/uploads\\\/2025\\\/09\\\/ISO-14001-Lead-Auditor.png\",\"width\":451,\"height\":451},{\"@type\":\"BreadcrumbList\",\"@id\":\"https:\\\/\\\/pecb.com\\\/en\\\/education-and-certification-for-individuals\\\/iso-14001\\\/iso-14001-lead-auditor#breadcrumb\",\"itemListElement\":[{\"@type\":\"ListItem\",\"position\":1,\"name\":\"Home\",\"item\":\"https:\\\/\\\/store.conimcert.com\\\/\"},{\"@type\":\"ListItem\",\"position\":2,\"name\":\"Shop\",\"item\":\"https:\\\/\\\/store.conimcert.com\\\/shop\\\/\"},{\"@type\":\"ListItem\",\"position\":3,\"name\":\"ISO 14001 Lead Auditor\"}]},{\"@type\":\"WebSite\",\"@id\":\"https:\\\/\\\/store.conimcert.com\\\/#website\",\"url\":\"https:\\\/\\\/store.conimcert.com\\\/\",\"name\":\"Conimcert E-Store\",\"description\":\"\",\"publisher\":{\"@id\":\"https:\\\/\\\/store.conimcert.com\\\/#organization\"},\"potentialAction\":[{\"@type\":\"SearchAction\",\"target\":{\"@type\":\"EntryPoint\",\"urlTemplate\":\"https:\\\/\\\/store.conimcert.com\\\/?s={search_term_string}\"},\"query-input\":{\"@type\":\"PropertyValueSpecification\",\"valueRequired\":true,\"valueName\":\"search_term_string\"}}],\"inLanguage\":\"az\"},{\"@type\":\"Organization\",\"@id\":\"https:\\\/\\\/store.conimcert.com\\\/#organization\",\"name\":\"Conimcert E-Store\",\"url\":\"https:\\\/\\\/store.conimcert.com\\\/\",\"logo\":{\"@type\":\"ImageObject\",\"inLanguage\":\"az\",\"@id\":\"https:\\\/\\\/store.conimcert.com\\\/#\\\/schema\\\/logo\\\/image\\\/\",\"url\":\"https:\\\/\\\/store.conimcert.com\\\/wp-content\\\/uploads\\\/2025\\\/07\\\/Conim-LOGO-768x132-1.png\",\"contentUrl\":\"https:\\\/\\\/store.conimcert.com\\\/wp-content\\\/uploads\\\/2025\\\/07\\\/Conim-LOGO-768x132-1.png\",\"width\":768,\"height\":132,\"caption\":\"Conimcert E-Store\"},\"image\":{\"@id\":\"https:\\\/\\\/store.conimcert.com\\\/#\\\/schema\\\/logo\\\/image\\\/\"}}]}<\/script>\n<!-- \/ Yoast SEO plugin. -->","yoast_head_json":{"title":"ISO 14001 Lead Auditor - Conimcert E-Store","robots":{"index":"index","follow":"follow","max-snippet":"max-snippet:-1","max-image-preview":"max-image-preview:large","max-video-preview":"max-video-preview:-1"},"canonical":"https:\/\/pecb.com\/en\/education-and-certification-for-individuals\/iso-14001\/iso-14001-lead-auditor","og_locale":"az_AZ","og_type":"article","og_title":"ISO 14001 Lead Auditor - Conimcert E-Store","og_description":"This package includes official registration for the PECB ISO 14001 Lead Auditor exam, along with comprehensive training materials. It is designed for professionals who want to develop the expertise to conduct effective Environmental Management System (EMS) audits based on ISO 14001. Ideal for those seeking to enhance their auditing skills, ensure compliance with ISO 14001, [&hellip;]","og_url":"https:\/\/pecb.com\/en\/education-and-certification-for-individuals\/iso-14001\/iso-14001-lead-auditor","og_site_name":"Conimcert E-Store","article_modified_time":"2025-12-07T00:13:24+00:00","og_image":[{"width":451,"height":451,"url":"https:\/\/store.conimcert.com\/wp-content\/uploads\/2025\/09\/ISO-14001-Lead-Auditor.png","type":"image\/png"}],"twitter_card":"summary_large_image","twitter_misc":{"Est. reading time":"2 minutes"},"schema":{"@context":"https:\/\/schema.org","@graph":[{"@type":"WebPage","@id":"https:\/\/store.conimcert.com\/course\/quality-and-sustainability\/iso-14001-lead-auditor\/","url":"https:\/\/pecb.com\/en\/education-and-certification-for-individuals\/iso-14001\/iso-14001-lead-auditor","name":"ISO 14001 Lead Auditor - Conimcert E-Store","isPartOf":{"@id":"https:\/\/store.conimcert.com\/#website"},"primaryImageOfPage":{"@id":"https:\/\/pecb.com\/en\/education-and-certification-for-individuals\/iso-14001\/iso-14001-lead-auditor#primaryimage"},"image":{"@id":"https:\/\/pecb.com\/en\/education-and-certification-for-individuals\/iso-14001\/iso-14001-lead-auditor#primaryimage"},"thumbnailUrl":"https:\/\/store.conimcert.com\/wp-content\/uploads\/2025\/09\/ISO-14001-Lead-Auditor.png","datePublished":"2025-09-01T07:50:58+00:00","dateModified":"2025-12-07T00:13:24+00:00","breadcrumb":{"@id":"https:\/\/pecb.com\/en\/education-and-certification-for-individuals\/iso-14001\/iso-14001-lead-auditor#breadcrumb"},"inLanguage":"az","potentialAction":[{"@type":"ReadAction","target":["https:\/\/pecb.com\/en\/education-and-certification-for-individuals\/iso-14001\/iso-14001-lead-auditor"]}]},{"@type":"ImageObject","inLanguage":"az","@id":"https:\/\/pecb.com\/en\/education-and-certification-for-individuals\/iso-14001\/iso-14001-lead-auditor#primaryimage","url":"https:\/\/store.conimcert.com\/wp-content\/uploads\/2025\/09\/ISO-14001-Lead-Auditor.png","contentUrl":"https:\/\/store.conimcert.com\/wp-content\/uploads\/2025\/09\/ISO-14001-Lead-Auditor.png","width":451,"height":451},{"@type":"BreadcrumbList","@id":"https:\/\/pecb.com\/en\/education-and-certification-for-individuals\/iso-14001\/iso-14001-lead-auditor#breadcrumb","itemListElement":[{"@type":"ListItem","position":1,"name":"Home","item":"https:\/\/store.conimcert.com\/"},{"@type":"ListItem","position":2,"name":"Shop","item":"https:\/\/store.conimcert.com\/shop\/"},{"@type":"ListItem","position":3,"name":"ISO 14001 Lead Auditor"}]},{"@type":"WebSite","@id":"https:\/\/store.conimcert.com\/#website","url":"https:\/\/store.conimcert.com\/","name":"Conimcert E-Store","description":"","publisher":{"@id":"https:\/\/store.conimcert.com\/#organization"},"potentialAction":[{"@type":"SearchAction","target":{"@type":"EntryPoint","urlTemplate":"https:\/\/store.conimcert.com\/?s={search_term_string}"},"query-input":{"@type":"PropertyValueSpecification","valueRequired":true,"valueName":"search_term_string"}}],"inLanguage":"az"},{"@type":"Organization","@id":"https:\/\/store.conimcert.com\/#organization","name":"Conimcert E-Store","url":"https:\/\/store.conimcert.com\/","logo":{"@type":"ImageObject","inLanguage":"az","@id":"https:\/\/store.conimcert.com\/#\/schema\/logo\/image\/","url":"https:\/\/store.conimcert.com\/wp-content\/uploads\/2025\/07\/Conim-LOGO-768x132-1.png","contentUrl":"https:\/\/store.conimcert.com\/wp-content\/uploads\/2025\/07\/Conim-LOGO-768x132-1.png","width":768,"height":132,"caption":"Conimcert E-Store"},"image":{"@id":"https:\/\/store.conimcert.com\/#\/schema\/logo\/image\/"}}]}},"_links":{"self":[{"href":"https:\/\/store.conimcert.com\/az\/wp-json\/wp\/v2\/product\/358","targetHints":{"allow":["GET"]}}],"collection":[{"href":"https:\/\/store.conimcert.com\/az\/wp-json\/wp\/v2\/product"}],"about":[{"href":"https:\/\/store.conimcert.com\/az\/wp-json\/wp\/v2\/types\/product"}],"wp:featuredmedia":[{"embeddable":true,"href":"https:\/\/store.conimcert.com\/az\/wp-json\/wp\/v2\/media\/359"}],"wp:attachment":[{"href":"https:\/\/store.conimcert.com\/az\/wp-json\/wp\/v2\/media?parent=358"}],"wp:term":[{"taxonomy":"brand","embeddable":true,"href":"https:\/\/store.conimcert.com\/az\/wp-json\/wp\/v2\/brand?post=358"},{"taxonomy":"product_brand","embeddable":true,"href":"https:\/\/store.conimcert.com\/az\/wp-json\/wp\/v2\/product_brand?post=358"},{"taxonomy":"product_cat","embeddable":true,"href":"https:\/\/store.conimcert.com\/az\/wp-json\/wp\/v2\/product_cat?post=358"},{"taxonomy":"product_tag","embeddable":true,"href":"https:\/\/store.conimcert.com\/az\/wp-json\/wp\/v2\/product_tag?post=358"}],"curies":[{"name":"wp","href":"https:\/\/api.w.org\/{rel}","templated":true}]}}