{"id":357,"date":"2025-09-01T07:48:15","date_gmt":"2025-09-01T07:48:15","guid":{"rendered":"https:\/\/store.conimcert.com\/?post_type=product&#038;p=357"},"modified":"2025-12-07T00:13:24","modified_gmt":"2025-12-07T00:13:24","slug":"iso-14001-lead-implementer","status":"publish","type":"product","link":"https:\/\/store.conimcert.com\/az\/course\/quality-and-sustainability\/iso-14001-lead-implementer\/","title":{"rendered":"ISO 14001 Lead Implementer"},"content":{"rendered":"<p data-start=\"226\" data-end=\"591\">This package includes official registration for the <strong data-start=\"251\" data-end=\"291\">PECB ISO 14001 Lead Implementer exam<\/strong>, along with comprehensive training materials. It is designed for professionals who want to develop the expertise to establish, implement, maintain, and continually improve an <strong data-start=\"467\" data-end=\"508\">Environmental Management System (EMS)<\/strong> based on ISO 14001.<\/p>\n<p data-start=\"226\" data-end=\"591\">Ideal for those seeking to enhance their knowledge of environmental management, improve organizational performance, and demonstrate commitment to environmental responsibility.<\/p>\n<p data-start=\"641\" data-end=\"809\"><a href=\"https:\/\/pecb.com\/en\/education-and-certification-for-individuals\/iso-45001\/iso-45001-lead-implementer\" target=\"_blank\" rel=\"noopener\">Click for more info<\/a><\/p>\n<h3 data-start=\"736\" data-end=\"756\">N\u0259 Daxildir:<\/h3>\n<ul data-start=\"757\" data-end=\"1084\">\n<li data-start=\"757\" data-end=\"819\">\n<p data-start=\"759\" data-end=\"819\">Official PECB ISO 14001 Lead Implementer exam registration<\/p>\n<\/li>\n<li data-start=\"820\" data-end=\"896\">\n<p data-start=\"822\" data-end=\"896\">Full training course materials with case studies, exercises, and quizzes<\/p>\n<\/li>\n<li data-start=\"897\" data-end=\"949\">\n<p data-start=\"899\" data-end=\"949\">Digital resources for study and exam preparation<\/p>\n<\/li>\n<li data-start=\"950\" data-end=\"974\">\n<p data-start=\"952\" data-end=\"974\">1 illik imtahan\u0131n etibarl\u0131l\u0131\u011f\u0131<\/p>\n<\/li>\n<li data-start=\"975\" data-end=\"1013\">\n<p data-start=\"977\" data-end=\"1013\">Free second exam attempt if needed<\/p>\n<\/li>\n<li data-start=\"1014\" data-end=\"1084\">\n<p data-start=\"1016\" data-end=\"1084\">Online exam format \u2013 take it from anywhere, anytime via PECB Exams<\/p>\n<\/li>\n<\/ul>\n<h3 data-start=\"1091\" data-end=\"1119\">Niy\u0259 bu paketi se\u00e7m\u0259lisiniz?<\/h3>\n<ul data-start=\"1120\" data-end=\"1573\">\n<li data-start=\"1120\" data-end=\"1205\">\n<p data-start=\"1122\" data-end=\"1205\">Gain comprehensive understanding of ISO 14001 requirements and EMS implementation<\/p>\n<\/li>\n<li data-start=\"1206\" data-end=\"1291\">\n<p data-start=\"1208\" data-end=\"1291\">Master methods and techniques for establishing, maintaining, and improving an EMS<\/p>\n<\/li>\n<li data-start=\"1292\" data-end=\"1381\">\n<p data-start=\"1294\" data-end=\"1381\">Learn to align ISO 14001 with other environmental standards and regulatory frameworks<\/p>\n<\/li>\n<li data-start=\"1382\" data-end=\"1471\">\n<p data-start=\"1384\" data-end=\"1471\">Equip yourself to advise organizations on best practices for environmental management<\/p>\n<\/li>\n<li data-start=\"1472\" data-end=\"1573\">\n<p data-start=\"1474\" data-end=\"1573\">Prepare for certification with interactive exercises, role-playing, and practice exam simulations<\/p>\n<\/li>\n<\/ul>\n<h3 data-start=\"1580\" data-end=\"1600\">Kiml\u0259r \u00dc\u00e7\u00fcnd\u00fcr?<\/h3>\n<ul data-start=\"1601\" data-end=\"1933\">\n<li data-start=\"1601\" data-end=\"1676\">\n<p data-start=\"1603\" data-end=\"1676\">Individuals involved in the implementation of an EMS in an organization<\/p>\n<\/li>\n<li data-start=\"1677\" data-end=\"1763\">\n<p data-start=\"1679\" data-end=\"1763\">Professionals responsible for ensuring conformity to the requirements of ISO 14001<\/p>\n<\/li>\n<li data-start=\"1764\" data-end=\"1830\">\n<p data-start=\"1766\" data-end=\"1830\">Expert advisors seeking to master the implementation of an EMS<\/p>\n<\/li>\n<li data-start=\"1831\" data-end=\"1892\">\n<p data-start=\"1833\" data-end=\"1892\">Individuals pursuing a career in environmental management<\/p>\n<\/li>\n<li data-start=\"1893\" data-end=\"1933\">\n<p data-start=\"1895\" data-end=\"1933\">Environmental management consultants<\/p>\n<\/li>\n<\/ul>\n<p>&nbsp;<\/p>\n<p><a href=\"https:\/\/help.pecb.com\/index.php\/list-of-pecb-exams\/\" target=\"_blank\" rel=\"noopener\">Explore official exam details on PECB<\/a><\/p>","protected":false},"excerpt":{"rendered":"<p>This package includes official registration for the PECB ISO 14001 Lead Implementer exam, along with comprehensive training materials. It is designed for professionals who want to develop the expertise to establish, implement, maintain, and continually improve an Environmental Management System (EMS) based on ISO 14001. Ideal for those seeking to enhance their knowledge of environmental [&hellip;]<\/p>","protected":false},"featured_media":352,"template":"","meta":{"_acf_changed":false},"brand":[],"product_brand":[],"product_cat":[24,18],"product_tag":[],"class_list":{"0":"post-357","1":"product","2":"type-product","3":"status-publish","4":"has-post-thumbnail","6":"product_cat-health-and-safety","7":"product_cat-quality-and-sustainability","8":"pa_services-self-study","10":"first","11":"instock","12":"shipping-taxable","13":"purchasable","14":"product-type-simple"},"acf":[],"yoast_head":"<!-- This site is optimized with the Yoast SEO plugin v27.4 - https:\/\/yoast.com\/product\/yoast-seo-wordpress\/ -->\n<title>ISO 14001 Lead Implementer - Conimcert E-Store<\/title>\n<meta name=\"robots\" content=\"index, follow, max-snippet:-1, max-image-preview:large, max-video-preview:-1\" \/>\n<link rel=\"canonical\" href=\"https:\/\/pecb.com\/en\/education-and-certification-for-individuals\/iso-14001\/iso-14001-lead-implementer\" \/>\n<meta property=\"og:locale\" content=\"az_AZ\" \/>\n<meta property=\"og:type\" content=\"article\" \/>\n<meta property=\"og:title\" content=\"ISO 14001 Lead Implementer - Conimcert E-Store\" \/>\n<meta property=\"og:description\" content=\"This package includes official registration for the PECB ISO 14001 Lead Implementer exam, along with comprehensive training materials. It is designed for professionals who want to develop the expertise to establish, implement, maintain, and continually improve an Environmental Management System (EMS) based on ISO 14001. Ideal for those seeking to enhance their knowledge of environmental [&hellip;]\" \/>\n<meta property=\"og:url\" content=\"https:\/\/pecb.com\/en\/education-and-certification-for-individuals\/iso-14001\/iso-14001-lead-implementer\" \/>\n<meta property=\"og:site_name\" content=\"Conimcert E-Store\" \/>\n<meta property=\"article:modified_time\" content=\"2025-12-07T00:13:24+00:00\" \/>\n<meta property=\"og:image\" content=\"https:\/\/store.conimcert.com\/wp-content\/uploads\/2025\/09\/ISO-14001-Lead-Implementer.png\" \/>\n\t<meta property=\"og:image:width\" content=\"451\" \/>\n\t<meta property=\"og:image:height\" content=\"451\" \/>\n\t<meta property=\"og:image:type\" content=\"image\/png\" \/>\n<meta name=\"twitter:card\" content=\"summary_large_image\" \/>\n<meta name=\"twitter:label1\" content=\"Est. reading time\" \/>\n\t<meta name=\"twitter:data1\" content=\"2 minutes\" \/>\n<script type=\"application\/ld+json\" class=\"yoast-schema-graph\">{\"@context\":\"https:\\\/\\\/schema.org\",\"@graph\":[{\"@type\":\"WebPage\",\"@id\":\"https:\\\/\\\/store.conimcert.com\\\/course\\\/quality-and-sustainability\\\/iso-14001-lead-implementer\\\/\",\"url\":\"https:\\\/\\\/pecb.com\\\/en\\\/education-and-certification-for-individuals\\\/iso-14001\\\/iso-14001-lead-implementer\",\"name\":\"ISO 14001 Lead Implementer - Conimcert E-Store\",\"isPartOf\":{\"@id\":\"https:\\\/\\\/store.conimcert.com\\\/#website\"},\"primaryImageOfPage\":{\"@id\":\"https:\\\/\\\/pecb.com\\\/en\\\/education-and-certification-for-individuals\\\/iso-14001\\\/iso-14001-lead-implementer#primaryimage\"},\"image\":{\"@id\":\"https:\\\/\\\/pecb.com\\\/en\\\/education-and-certification-for-individuals\\\/iso-14001\\\/iso-14001-lead-implementer#primaryimage\"},\"thumbnailUrl\":\"https:\\\/\\\/store.conimcert.com\\\/wp-content\\\/uploads\\\/2025\\\/09\\\/ISO-14001-Lead-Implementer.png\",\"datePublished\":\"2025-09-01T07:48:15+00:00\",\"dateModified\":\"2025-12-07T00:13:24+00:00\",\"breadcrumb\":{\"@id\":\"https:\\\/\\\/pecb.com\\\/en\\\/education-and-certification-for-individuals\\\/iso-14001\\\/iso-14001-lead-implementer#breadcrumb\"},\"inLanguage\":\"az\",\"potentialAction\":[{\"@type\":\"ReadAction\",\"target\":[\"https:\\\/\\\/pecb.com\\\/en\\\/education-and-certification-for-individuals\\\/iso-14001\\\/iso-14001-lead-implementer\"]}]},{\"@type\":\"ImageObject\",\"inLanguage\":\"az\",\"@id\":\"https:\\\/\\\/pecb.com\\\/en\\\/education-and-certification-for-individuals\\\/iso-14001\\\/iso-14001-lead-implementer#primaryimage\",\"url\":\"https:\\\/\\\/store.conimcert.com\\\/wp-content\\\/uploads\\\/2025\\\/09\\\/ISO-14001-Lead-Implementer.png\",\"contentUrl\":\"https:\\\/\\\/store.conimcert.com\\\/wp-content\\\/uploads\\\/2025\\\/09\\\/ISO-14001-Lead-Implementer.png\",\"width\":451,\"height\":451},{\"@type\":\"BreadcrumbList\",\"@id\":\"https:\\\/\\\/pecb.com\\\/en\\\/education-and-certification-for-individuals\\\/iso-14001\\\/iso-14001-lead-implementer#breadcrumb\",\"itemListElement\":[{\"@type\":\"ListItem\",\"position\":1,\"name\":\"Home\",\"item\":\"https:\\\/\\\/store.conimcert.com\\\/\"},{\"@type\":\"ListItem\",\"position\":2,\"name\":\"Shop\",\"item\":\"https:\\\/\\\/store.conimcert.com\\\/shop\\\/\"},{\"@type\":\"ListItem\",\"position\":3,\"name\":\"ISO 14001 Lead Implementer\"}]},{\"@type\":\"WebSite\",\"@id\":\"https:\\\/\\\/store.conimcert.com\\\/#website\",\"url\":\"https:\\\/\\\/store.conimcert.com\\\/\",\"name\":\"Conimcert E-Store\",\"description\":\"\",\"publisher\":{\"@id\":\"https:\\\/\\\/store.conimcert.com\\\/#organization\"},\"potentialAction\":[{\"@type\":\"SearchAction\",\"target\":{\"@type\":\"EntryPoint\",\"urlTemplate\":\"https:\\\/\\\/store.conimcert.com\\\/?s={search_term_string}\"},\"query-input\":{\"@type\":\"PropertyValueSpecification\",\"valueRequired\":true,\"valueName\":\"search_term_string\"}}],\"inLanguage\":\"az\"},{\"@type\":\"Organization\",\"@id\":\"https:\\\/\\\/store.conimcert.com\\\/#organization\",\"name\":\"Conimcert E-Store\",\"url\":\"https:\\\/\\\/store.conimcert.com\\\/\",\"logo\":{\"@type\":\"ImageObject\",\"inLanguage\":\"az\",\"@id\":\"https:\\\/\\\/store.conimcert.com\\\/#\\\/schema\\\/logo\\\/image\\\/\",\"url\":\"https:\\\/\\\/store.conimcert.com\\\/wp-content\\\/uploads\\\/2025\\\/07\\\/Conim-LOGO-768x132-1.png\",\"contentUrl\":\"https:\\\/\\\/store.conimcert.com\\\/wp-content\\\/uploads\\\/2025\\\/07\\\/Conim-LOGO-768x132-1.png\",\"width\":768,\"height\":132,\"caption\":\"Conimcert E-Store\"},\"image\":{\"@id\":\"https:\\\/\\\/store.conimcert.com\\\/#\\\/schema\\\/logo\\\/image\\\/\"}}]}<\/script>\n<!-- \/ Yoast SEO plugin. -->","yoast_head_json":{"title":"ISO 14001 Lead Implementer - Conimcert E-Store","robots":{"index":"index","follow":"follow","max-snippet":"max-snippet:-1","max-image-preview":"max-image-preview:large","max-video-preview":"max-video-preview:-1"},"canonical":"https:\/\/pecb.com\/en\/education-and-certification-for-individuals\/iso-14001\/iso-14001-lead-implementer","og_locale":"az_AZ","og_type":"article","og_title":"ISO 14001 Lead Implementer - Conimcert E-Store","og_description":"This package includes official registration for the PECB ISO 14001 Lead Implementer exam, along with comprehensive training materials. It is designed for professionals who want to develop the expertise to establish, implement, maintain, and continually improve an Environmental Management System (EMS) based on ISO 14001. Ideal for those seeking to enhance their knowledge of environmental [&hellip;]","og_url":"https:\/\/pecb.com\/en\/education-and-certification-for-individuals\/iso-14001\/iso-14001-lead-implementer","og_site_name":"Conimcert E-Store","article_modified_time":"2025-12-07T00:13:24+00:00","og_image":[{"width":451,"height":451,"url":"https:\/\/store.conimcert.com\/wp-content\/uploads\/2025\/09\/ISO-14001-Lead-Implementer.png","type":"image\/png"}],"twitter_card":"summary_large_image","twitter_misc":{"Est. reading time":"2 minutes"},"schema":{"@context":"https:\/\/schema.org","@graph":[{"@type":"WebPage","@id":"https:\/\/store.conimcert.com\/course\/quality-and-sustainability\/iso-14001-lead-implementer\/","url":"https:\/\/pecb.com\/en\/education-and-certification-for-individuals\/iso-14001\/iso-14001-lead-implementer","name":"ISO 14001 Lead Implementer - Conimcert E-Store","isPartOf":{"@id":"https:\/\/store.conimcert.com\/#website"},"primaryImageOfPage":{"@id":"https:\/\/pecb.com\/en\/education-and-certification-for-individuals\/iso-14001\/iso-14001-lead-implementer#primaryimage"},"image":{"@id":"https:\/\/pecb.com\/en\/education-and-certification-for-individuals\/iso-14001\/iso-14001-lead-implementer#primaryimage"},"thumbnailUrl":"https:\/\/store.conimcert.com\/wp-content\/uploads\/2025\/09\/ISO-14001-Lead-Implementer.png","datePublished":"2025-09-01T07:48:15+00:00","dateModified":"2025-12-07T00:13:24+00:00","breadcrumb":{"@id":"https:\/\/pecb.com\/en\/education-and-certification-for-individuals\/iso-14001\/iso-14001-lead-implementer#breadcrumb"},"inLanguage":"az","potentialAction":[{"@type":"ReadAction","target":["https:\/\/pecb.com\/en\/education-and-certification-for-individuals\/iso-14001\/iso-14001-lead-implementer"]}]},{"@type":"ImageObject","inLanguage":"az","@id":"https:\/\/pecb.com\/en\/education-and-certification-for-individuals\/iso-14001\/iso-14001-lead-implementer#primaryimage","url":"https:\/\/store.conimcert.com\/wp-content\/uploads\/2025\/09\/ISO-14001-Lead-Implementer.png","contentUrl":"https:\/\/store.conimcert.com\/wp-content\/uploads\/2025\/09\/ISO-14001-Lead-Implementer.png","width":451,"height":451},{"@type":"BreadcrumbList","@id":"https:\/\/pecb.com\/en\/education-and-certification-for-individuals\/iso-14001\/iso-14001-lead-implementer#breadcrumb","itemListElement":[{"@type":"ListItem","position":1,"name":"Home","item":"https:\/\/store.conimcert.com\/"},{"@type":"ListItem","position":2,"name":"Shop","item":"https:\/\/store.conimcert.com\/shop\/"},{"@type":"ListItem","position":3,"name":"ISO 14001 Lead Implementer"}]},{"@type":"WebSite","@id":"https:\/\/store.conimcert.com\/#website","url":"https:\/\/store.conimcert.com\/","name":"Conimcert E-Store","description":"","publisher":{"@id":"https:\/\/store.conimcert.com\/#organization"},"potentialAction":[{"@type":"SearchAction","target":{"@type":"EntryPoint","urlTemplate":"https:\/\/store.conimcert.com\/?s={search_term_string}"},"query-input":{"@type":"PropertyValueSpecification","valueRequired":true,"valueName":"search_term_string"}}],"inLanguage":"az"},{"@type":"Organization","@id":"https:\/\/store.conimcert.com\/#organization","name":"Conimcert E-Store","url":"https:\/\/store.conimcert.com\/","logo":{"@type":"ImageObject","inLanguage":"az","@id":"https:\/\/store.conimcert.com\/#\/schema\/logo\/image\/","url":"https:\/\/store.conimcert.com\/wp-content\/uploads\/2025\/07\/Conim-LOGO-768x132-1.png","contentUrl":"https:\/\/store.conimcert.com\/wp-content\/uploads\/2025\/07\/Conim-LOGO-768x132-1.png","width":768,"height":132,"caption":"Conimcert E-Store"},"image":{"@id":"https:\/\/store.conimcert.com\/#\/schema\/logo\/image\/"}}]}},"_links":{"self":[{"href":"https:\/\/store.conimcert.com\/az\/wp-json\/wp\/v2\/product\/357","targetHints":{"allow":["GET"]}}],"collection":[{"href":"https:\/\/store.conimcert.com\/az\/wp-json\/wp\/v2\/product"}],"about":[{"href":"https:\/\/store.conimcert.com\/az\/wp-json\/wp\/v2\/types\/product"}],"wp:featuredmedia":[{"embeddable":true,"href":"https:\/\/store.conimcert.com\/az\/wp-json\/wp\/v2\/media\/352"}],"wp:attachment":[{"href":"https:\/\/store.conimcert.com\/az\/wp-json\/wp\/v2\/media?parent=357"}],"wp:term":[{"taxonomy":"brand","embeddable":true,"href":"https:\/\/store.conimcert.com\/az\/wp-json\/wp\/v2\/brand?post=357"},{"taxonomy":"product_brand","embeddable":true,"href":"https:\/\/store.conimcert.com\/az\/wp-json\/wp\/v2\/product_brand?post=357"},{"taxonomy":"product_cat","embeddable":true,"href":"https:\/\/store.conimcert.com\/az\/wp-json\/wp\/v2\/product_cat?post=357"},{"taxonomy":"product_tag","embeddable":true,"href":"https:\/\/store.conimcert.com\/az\/wp-json\/wp\/v2\/product_tag?post=357"}],"curies":[{"name":"wp","href":"https:\/\/api.w.org\/{rel}","templated":true}]}}