{"id":356,"date":"2025-09-01T07:37:28","date_gmt":"2025-09-01T07:37:28","guid":{"rendered":"https:\/\/store.conimcert.com\/?post_type=product&#038;p=356"},"modified":"2025-12-07T00:13:23","modified_gmt":"2025-12-07T00:13:23","slug":"iso-14001-foundation","status":"publish","type":"product","link":"https:\/\/store.conimcert.com\/az\/course\/quality-and-sustainability\/iso-14001-foundation\/","title":{"rendered":"ISO 14001 Foundation"},"content":{"rendered":"<p data-start=\"250\" data-end=\"573\">This package includes official registration for the <strong data-start=\"201\" data-end=\"235\">PECB ISO 14001 Foundation exam<\/strong>, along with comprehensive training materials. It is designed for professionals who want to understand the fundamental concepts and requirements of an <strong data-start=\"386\" data-end=\"427\">Environmental Management System (EMS)<\/strong> based on ISO 14001.<\/p>\n<p data-start=\"250\" data-end=\"573\">Ideal for those looking to develop a strong foundation in environmental management practices and contribute to creating sustainable and environmentally-conscious organizations.<\/p>\n<p data-start=\"526\" data-end=\"698\"><a href=\"https:\/\/pecb.com\/en\/education-and-certification-for-individuals\/iso-14001\/iso-14001-foundation\" target=\"_blank\" rel=\"noopener\">Click for more info<\/a><\/p>\n<h3 data-start=\"650\" data-end=\"670\">N\u0259 Daxildir:<\/h3>\n<ul data-start=\"671\" data-end=\"993\">\n<li data-start=\"671\" data-end=\"727\">\n<p data-start=\"673\" data-end=\"727\">Official PECB ISO 14001 Foundation exam registration<\/p>\n<\/li>\n<li data-start=\"728\" data-end=\"805\">\n<p data-start=\"730\" data-end=\"805\">Full training course materials with explanations, examples, and exercises<\/p>\n<\/li>\n<li data-start=\"806\" data-end=\"858\">\n<p data-start=\"808\" data-end=\"858\">Digital resources for study and exam preparation<\/p>\n<\/li>\n<li data-start=\"859\" data-end=\"883\">\n<p data-start=\"861\" data-end=\"883\">1 illik imtahan\u0131n etibarl\u0131l\u0131\u011f\u0131<\/p>\n<\/li>\n<li data-start=\"884\" data-end=\"922\">\n<p data-start=\"886\" data-end=\"922\">Free second exam attempt if needed<\/p>\n<\/li>\n<li data-start=\"923\" data-end=\"993\">\n<p data-start=\"925\" data-end=\"993\">Online exam format \u2013 take it from anywhere, anytime via PECB Exams<\/p>\n<\/li>\n<\/ul>\n<h3 data-start=\"995\" data-end=\"1023\">Niy\u0259 bu paketi se\u00e7m\u0259lisiniz?<\/h3>\n<ul data-start=\"1024\" data-end=\"1484\">\n<li data-start=\"1024\" data-end=\"1106\">\n<p data-start=\"1026\" data-end=\"1106\">Understand the core concepts of environmental management and how to apply them<\/p>\n<\/li>\n<li data-start=\"1107\" data-end=\"1175\">\n<p data-start=\"1109\" data-end=\"1175\">Gain knowledge of ISO 14001 requirements for implementing an EMS<\/p>\n<\/li>\n<li data-start=\"1176\" data-end=\"1286\">\n<p data-start=\"1178\" data-end=\"1286\">Learn about environmental policy, operational controls, performance measurement, and continual improvement<\/p>\n<\/li>\n<li data-start=\"1287\" data-end=\"1398\">\n<p data-start=\"1289\" data-end=\"1398\">Get equipped to support an organization in achieving environmental sustainability and regulatory compliance<\/p>\n<\/li>\n<li data-start=\"1399\" data-end=\"1484\">\n<p data-start=\"1401\" data-end=\"1484\">Prepare for certification with interactive exercises, quizzes, and practice tests<\/p>\n<\/li>\n<\/ul>\n<h3 data-start=\"1486\" data-end=\"1506\">Kiml\u0259r \u00dc\u00e7\u00fcnd\u00fcr?<\/h3>\n<ul data-start=\"1507\" data-end=\"1964\">\n<li data-start=\"1507\" data-end=\"1599\">\n<p data-start=\"1509\" data-end=\"1599\">Managers and consultants looking to learn the basic concepts of environmental management<\/p>\n<\/li>\n<li data-start=\"1600\" data-end=\"1716\">\n<p data-start=\"1602\" data-end=\"1716\">Individuals aiming to transform their organizations into more sustainable and environmentally-conscious entities<\/p>\n<\/li>\n<li data-start=\"1717\" data-end=\"1796\">\n<p data-start=\"1719\" data-end=\"1796\">Professionals interested in understanding ISO 14001 requirements for an EMS<\/p>\n<\/li>\n<li data-start=\"1797\" data-end=\"1876\">\n<p data-start=\"1799\" data-end=\"1876\">Individuals pursuing a career in environmental management or sustainability<\/p>\n<\/li>\n<li data-start=\"1877\" data-end=\"1964\">\n<p data-start=\"1879\" data-end=\"1964\">Anyone looking to earn a globally recognized <strong data-start=\"1924\" data-end=\"1962\">ISO 14001 Foundation certification<\/strong><\/p>\n<\/li>\n<\/ul>\n<p>&nbsp;<\/p>\n<p><a href=\"https:\/\/help.pecb.com\/index.php\/list-of-pecb-exams\/\" target=\"_blank\" rel=\"noopener\">Explore official exam details on PECB<\/a><\/p>","protected":false},"excerpt":{"rendered":"<p>This package includes official registration for the PECB ISO 14001 Foundation exam, along with comprehensive training materials. It is designed for professionals who want to understand the fundamental concepts and requirements of an Environmental Management System (EMS) based on ISO 14001. Ideal for those looking to develop a strong foundation in environmental management practices and [&hellip;]<\/p>","protected":false},"featured_media":353,"template":"","meta":{"_acf_changed":false},"brand":[],"product_brand":[],"product_cat":[24,18],"product_tag":[],"class_list":{"0":"post-356","1":"product","2":"type-product","3":"status-publish","4":"has-post-thumbnail","6":"product_cat-health-and-safety","7":"product_cat-quality-and-sustainability","8":"pa_services-self-study","10":"first","11":"instock","12":"shipping-taxable","13":"purchasable","14":"product-type-simple"},"acf":[],"yoast_head":"<!-- This site is optimized with the Yoast SEO plugin v27.4 - https:\/\/yoast.com\/product\/yoast-seo-wordpress\/ -->\n<title>ISO 14001 Foundation - Conimcert E-Store<\/title>\n<meta name=\"robots\" content=\"index, follow, max-snippet:-1, max-image-preview:large, max-video-preview:-1\" \/>\n<link rel=\"canonical\" href=\"https:\/\/pecb.com\/en\/education-and-certification-for-individuals\/iso-14001\/iso-14001-foundation\" \/>\n<meta property=\"og:locale\" content=\"az_AZ\" \/>\n<meta property=\"og:type\" content=\"article\" \/>\n<meta property=\"og:title\" content=\"ISO 14001 Foundation - Conimcert E-Store\" \/>\n<meta property=\"og:description\" content=\"This package includes official registration for the PECB ISO 14001 Foundation exam, along with comprehensive training materials. It is designed for professionals who want to understand the fundamental concepts and requirements of an Environmental Management System (EMS) based on ISO 14001. Ideal for those looking to develop a strong foundation in environmental management practices and [&hellip;]\" \/>\n<meta property=\"og:url\" content=\"https:\/\/pecb.com\/en\/education-and-certification-for-individuals\/iso-14001\/iso-14001-foundation\" \/>\n<meta property=\"og:site_name\" content=\"Conimcert E-Store\" \/>\n<meta property=\"article:modified_time\" content=\"2025-12-07T00:13:23+00:00\" \/>\n<meta property=\"og:image\" content=\"https:\/\/store.conimcert.com\/wp-content\/uploads\/2025\/09\/ISO-14001-Foundation.png\" \/>\n\t<meta property=\"og:image:width\" content=\"451\" \/>\n\t<meta property=\"og:image:height\" content=\"451\" \/>\n\t<meta property=\"og:image:type\" content=\"image\/png\" \/>\n<meta name=\"twitter:card\" content=\"summary_large_image\" \/>\n<meta name=\"twitter:label1\" content=\"Est. reading time\" \/>\n\t<meta name=\"twitter:data1\" content=\"2 minutes\" \/>\n<script type=\"application\/ld+json\" class=\"yoast-schema-graph\">{\"@context\":\"https:\\\/\\\/schema.org\",\"@graph\":[{\"@type\":\"WebPage\",\"@id\":\"https:\\\/\\\/store.conimcert.com\\\/course\\\/quality-and-sustainability\\\/iso-14001-foundation\\\/\",\"url\":\"https:\\\/\\\/pecb.com\\\/en\\\/education-and-certification-for-individuals\\\/iso-14001\\\/iso-14001-foundation\",\"name\":\"ISO 14001 Foundation - Conimcert E-Store\",\"isPartOf\":{\"@id\":\"https:\\\/\\\/store.conimcert.com\\\/#website\"},\"primaryImageOfPage\":{\"@id\":\"https:\\\/\\\/pecb.com\\\/en\\\/education-and-certification-for-individuals\\\/iso-14001\\\/iso-14001-foundation#primaryimage\"},\"image\":{\"@id\":\"https:\\\/\\\/pecb.com\\\/en\\\/education-and-certification-for-individuals\\\/iso-14001\\\/iso-14001-foundation#primaryimage\"},\"thumbnailUrl\":\"https:\\\/\\\/store.conimcert.com\\\/wp-content\\\/uploads\\\/2025\\\/09\\\/ISO-14001-Foundation.png\",\"datePublished\":\"2025-09-01T07:37:28+00:00\",\"dateModified\":\"2025-12-07T00:13:23+00:00\",\"breadcrumb\":{\"@id\":\"https:\\\/\\\/pecb.com\\\/en\\\/education-and-certification-for-individuals\\\/iso-14001\\\/iso-14001-foundation#breadcrumb\"},\"inLanguage\":\"az\",\"potentialAction\":[{\"@type\":\"ReadAction\",\"target\":[\"https:\\\/\\\/pecb.com\\\/en\\\/education-and-certification-for-individuals\\\/iso-14001\\\/iso-14001-foundation\"]}]},{\"@type\":\"ImageObject\",\"inLanguage\":\"az\",\"@id\":\"https:\\\/\\\/pecb.com\\\/en\\\/education-and-certification-for-individuals\\\/iso-14001\\\/iso-14001-foundation#primaryimage\",\"url\":\"https:\\\/\\\/store.conimcert.com\\\/wp-content\\\/uploads\\\/2025\\\/09\\\/ISO-14001-Foundation.png\",\"contentUrl\":\"https:\\\/\\\/store.conimcert.com\\\/wp-content\\\/uploads\\\/2025\\\/09\\\/ISO-14001-Foundation.png\",\"width\":451,\"height\":451},{\"@type\":\"BreadcrumbList\",\"@id\":\"https:\\\/\\\/pecb.com\\\/en\\\/education-and-certification-for-individuals\\\/iso-14001\\\/iso-14001-foundation#breadcrumb\",\"itemListElement\":[{\"@type\":\"ListItem\",\"position\":1,\"name\":\"Home\",\"item\":\"https:\\\/\\\/store.conimcert.com\\\/\"},{\"@type\":\"ListItem\",\"position\":2,\"name\":\"Shop\",\"item\":\"https:\\\/\\\/store.conimcert.com\\\/shop\\\/\"},{\"@type\":\"ListItem\",\"position\":3,\"name\":\"ISO 14001 Foundation\"}]},{\"@type\":\"WebSite\",\"@id\":\"https:\\\/\\\/store.conimcert.com\\\/#website\",\"url\":\"https:\\\/\\\/store.conimcert.com\\\/\",\"name\":\"Conimcert E-Store\",\"description\":\"\",\"publisher\":{\"@id\":\"https:\\\/\\\/store.conimcert.com\\\/#organization\"},\"potentialAction\":[{\"@type\":\"SearchAction\",\"target\":{\"@type\":\"EntryPoint\",\"urlTemplate\":\"https:\\\/\\\/store.conimcert.com\\\/?s={search_term_string}\"},\"query-input\":{\"@type\":\"PropertyValueSpecification\",\"valueRequired\":true,\"valueName\":\"search_term_string\"}}],\"inLanguage\":\"az\"},{\"@type\":\"Organization\",\"@id\":\"https:\\\/\\\/store.conimcert.com\\\/#organization\",\"name\":\"Conimcert E-Store\",\"url\":\"https:\\\/\\\/store.conimcert.com\\\/\",\"logo\":{\"@type\":\"ImageObject\",\"inLanguage\":\"az\",\"@id\":\"https:\\\/\\\/store.conimcert.com\\\/#\\\/schema\\\/logo\\\/image\\\/\",\"url\":\"https:\\\/\\\/store.conimcert.com\\\/wp-content\\\/uploads\\\/2025\\\/07\\\/Conim-LOGO-768x132-1.png\",\"contentUrl\":\"https:\\\/\\\/store.conimcert.com\\\/wp-content\\\/uploads\\\/2025\\\/07\\\/Conim-LOGO-768x132-1.png\",\"width\":768,\"height\":132,\"caption\":\"Conimcert E-Store\"},\"image\":{\"@id\":\"https:\\\/\\\/store.conimcert.com\\\/#\\\/schema\\\/logo\\\/image\\\/\"}}]}<\/script>\n<!-- \/ Yoast SEO plugin. -->","yoast_head_json":{"title":"ISO 14001 Foundation - Conimcert E-Store","robots":{"index":"index","follow":"follow","max-snippet":"max-snippet:-1","max-image-preview":"max-image-preview:large","max-video-preview":"max-video-preview:-1"},"canonical":"https:\/\/pecb.com\/en\/education-and-certification-for-individuals\/iso-14001\/iso-14001-foundation","og_locale":"az_AZ","og_type":"article","og_title":"ISO 14001 Foundation - Conimcert E-Store","og_description":"This package includes official registration for the PECB ISO 14001 Foundation exam, along with comprehensive training materials. It is designed for professionals who want to understand the fundamental concepts and requirements of an Environmental Management System (EMS) based on ISO 14001. Ideal for those looking to develop a strong foundation in environmental management practices and [&hellip;]","og_url":"https:\/\/pecb.com\/en\/education-and-certification-for-individuals\/iso-14001\/iso-14001-foundation","og_site_name":"Conimcert E-Store","article_modified_time":"2025-12-07T00:13:23+00:00","og_image":[{"width":451,"height":451,"url":"https:\/\/store.conimcert.com\/wp-content\/uploads\/2025\/09\/ISO-14001-Foundation.png","type":"image\/png"}],"twitter_card":"summary_large_image","twitter_misc":{"Est. reading time":"2 minutes"},"schema":{"@context":"https:\/\/schema.org","@graph":[{"@type":"WebPage","@id":"https:\/\/store.conimcert.com\/course\/quality-and-sustainability\/iso-14001-foundation\/","url":"https:\/\/pecb.com\/en\/education-and-certification-for-individuals\/iso-14001\/iso-14001-foundation","name":"ISO 14001 Foundation - Conimcert E-Store","isPartOf":{"@id":"https:\/\/store.conimcert.com\/#website"},"primaryImageOfPage":{"@id":"https:\/\/pecb.com\/en\/education-and-certification-for-individuals\/iso-14001\/iso-14001-foundation#primaryimage"},"image":{"@id":"https:\/\/pecb.com\/en\/education-and-certification-for-individuals\/iso-14001\/iso-14001-foundation#primaryimage"},"thumbnailUrl":"https:\/\/store.conimcert.com\/wp-content\/uploads\/2025\/09\/ISO-14001-Foundation.png","datePublished":"2025-09-01T07:37:28+00:00","dateModified":"2025-12-07T00:13:23+00:00","breadcrumb":{"@id":"https:\/\/pecb.com\/en\/education-and-certification-for-individuals\/iso-14001\/iso-14001-foundation#breadcrumb"},"inLanguage":"az","potentialAction":[{"@type":"ReadAction","target":["https:\/\/pecb.com\/en\/education-and-certification-for-individuals\/iso-14001\/iso-14001-foundation"]}]},{"@type":"ImageObject","inLanguage":"az","@id":"https:\/\/pecb.com\/en\/education-and-certification-for-individuals\/iso-14001\/iso-14001-foundation#primaryimage","url":"https:\/\/store.conimcert.com\/wp-content\/uploads\/2025\/09\/ISO-14001-Foundation.png","contentUrl":"https:\/\/store.conimcert.com\/wp-content\/uploads\/2025\/09\/ISO-14001-Foundation.png","width":451,"height":451},{"@type":"BreadcrumbList","@id":"https:\/\/pecb.com\/en\/education-and-certification-for-individuals\/iso-14001\/iso-14001-foundation#breadcrumb","itemListElement":[{"@type":"ListItem","position":1,"name":"Home","item":"https:\/\/store.conimcert.com\/"},{"@type":"ListItem","position":2,"name":"Shop","item":"https:\/\/store.conimcert.com\/shop\/"},{"@type":"ListItem","position":3,"name":"ISO 14001 Foundation"}]},{"@type":"WebSite","@id":"https:\/\/store.conimcert.com\/#website","url":"https:\/\/store.conimcert.com\/","name":"Conimcert E-Store","description":"","publisher":{"@id":"https:\/\/store.conimcert.com\/#organization"},"potentialAction":[{"@type":"SearchAction","target":{"@type":"EntryPoint","urlTemplate":"https:\/\/store.conimcert.com\/?s={search_term_string}"},"query-input":{"@type":"PropertyValueSpecification","valueRequired":true,"valueName":"search_term_string"}}],"inLanguage":"az"},{"@type":"Organization","@id":"https:\/\/store.conimcert.com\/#organization","name":"Conimcert E-Store","url":"https:\/\/store.conimcert.com\/","logo":{"@type":"ImageObject","inLanguage":"az","@id":"https:\/\/store.conimcert.com\/#\/schema\/logo\/image\/","url":"https:\/\/store.conimcert.com\/wp-content\/uploads\/2025\/07\/Conim-LOGO-768x132-1.png","contentUrl":"https:\/\/store.conimcert.com\/wp-content\/uploads\/2025\/07\/Conim-LOGO-768x132-1.png","width":768,"height":132,"caption":"Conimcert E-Store"},"image":{"@id":"https:\/\/store.conimcert.com\/#\/schema\/logo\/image\/"}}]}},"_links":{"self":[{"href":"https:\/\/store.conimcert.com\/az\/wp-json\/wp\/v2\/product\/356","targetHints":{"allow":["GET"]}}],"collection":[{"href":"https:\/\/store.conimcert.com\/az\/wp-json\/wp\/v2\/product"}],"about":[{"href":"https:\/\/store.conimcert.com\/az\/wp-json\/wp\/v2\/types\/product"}],"wp:featuredmedia":[{"embeddable":true,"href":"https:\/\/store.conimcert.com\/az\/wp-json\/wp\/v2\/media\/353"}],"wp:attachment":[{"href":"https:\/\/store.conimcert.com\/az\/wp-json\/wp\/v2\/media?parent=356"}],"wp:term":[{"taxonomy":"brand","embeddable":true,"href":"https:\/\/store.conimcert.com\/az\/wp-json\/wp\/v2\/brand?post=356"},{"taxonomy":"product_brand","embeddable":true,"href":"https:\/\/store.conimcert.com\/az\/wp-json\/wp\/v2\/product_brand?post=356"},{"taxonomy":"product_cat","embeddable":true,"href":"https:\/\/store.conimcert.com\/az\/wp-json\/wp\/v2\/product_cat?post=356"},{"taxonomy":"product_tag","embeddable":true,"href":"https:\/\/store.conimcert.com\/az\/wp-json\/wp\/v2\/product_tag?post=356"}],"curies":[{"name":"wp","href":"https:\/\/api.w.org\/{rel}","templated":true}]}}