{"id":354,"date":"2025-09-01T07:30:20","date_gmt":"2025-09-01T07:30:20","guid":{"rendered":"https:\/\/store.conimcert.com\/?post_type=product&#038;p=354"},"modified":"2025-12-07T00:13:23","modified_gmt":"2025-12-07T00:13:23","slug":"iso-45001-lead-implementer","status":"publish","type":"product","link":"https:\/\/store.conimcert.com\/az\/course\/quality-and-sustainability\/iso-45001-lead-implementer\/","title":{"rendered":"ISO 45001 Lead Implementer"},"content":{"rendered":"<p data-start=\"226\" data-end=\"591\">This package includes official registration for the <strong data-start=\"278\" data-end=\"318\">PECB ISO 45001 Lead Implementer exam<\/strong>, along with comprehensive training materials. It is designed for professionals who want to develop the expertise to establish, implement, manage, and maintain an <strong data-start=\"481\" data-end=\"543\">Occupational Health and Safety Management System (OH&amp;S MS)<\/strong> in accordance with ISO 45001:2018 requirements.<\/p>\n<p data-start=\"593\" data-end=\"775\">Ideal for those who want to create safer workplaces, improve organizational performance, and ensure the consistent delivery of a compliant OH&amp;S MS that meets international standards.<\/p>\n<p data-start=\"641\" data-end=\"809\"><a href=\"https:\/\/pecb.com\/en\/education-and-certification-for-individuals\/iso-45001\/iso-45001-lead-implementer\" target=\"_blank\" rel=\"noopener\">Click for more info<\/a><\/p>\n<h3 data-start=\"807\" data-end=\"827\">N\u0259 Daxildir:<\/h3>\n<ul data-start=\"829\" data-end=\"1156\">\n<li data-start=\"829\" data-end=\"891\">\n<p data-start=\"831\" data-end=\"891\">Official PECB ISO 45001 Lead Implementer exam registration<\/p>\n<\/li>\n<li data-start=\"892\" data-end=\"968\">\n<p data-start=\"894\" data-end=\"968\">Full training course materials with case studies, exercises, and quizzes<\/p>\n<\/li>\n<li data-start=\"969\" data-end=\"1021\">\n<p data-start=\"971\" data-end=\"1021\">Digital resources for study and exam preparation<\/p>\n<\/li>\n<li data-start=\"1022\" data-end=\"1046\">\n<p data-start=\"1024\" data-end=\"1046\">1 illik imtahan\u0131n etibarl\u0131l\u0131\u011f\u0131<\/p>\n<\/li>\n<li data-start=\"1047\" data-end=\"1085\">\n<p data-start=\"1049\" data-end=\"1085\">Free second exam attempt if needed<\/p>\n<\/li>\n<li data-start=\"1086\" data-end=\"1156\">\n<p data-start=\"1088\" data-end=\"1156\">Online exam format \u2013 take it from anywhere, anytime via PECB Exams<\/p>\n<\/li>\n<\/ul>\n<h3 data-start=\"1163\" data-end=\"1191\">Niy\u0259 bu paketi se\u00e7m\u0259lisiniz?<\/h3>\n<ul data-start=\"1193\" data-end=\"1633\">\n<li data-start=\"1193\" data-end=\"1273\">\n<p data-start=\"1195\" data-end=\"1273\">Gain in-depth knowledge of ISO 45001 requirements and OH&amp;S MS implementation<\/p>\n<\/li>\n<li data-start=\"1274\" data-end=\"1370\">\n<p data-start=\"1276\" data-end=\"1370\">Master methods and techniques for planning, managing, monitoring, and maintaining an OH&amp;S MS<\/p>\n<\/li>\n<li data-start=\"1371\" data-end=\"1450\">\n<p data-start=\"1373\" data-end=\"1450\">Learn how to align ISO 45001 with other standards and regulatory frameworks<\/p>\n<\/li>\n<li data-start=\"1451\" data-end=\"1549\">\n<p data-start=\"1453\" data-end=\"1549\">Acquire the expertise to advise organizations on occupational health and safety best practices<\/p>\n<\/li>\n<li data-start=\"1550\" data-end=\"1633\">\n<p data-start=\"1552\" data-end=\"1633\">Prepare with interactive exercises, role-playing, and practice exam simulations<\/p>\n<\/li>\n<\/ul>\n<h3 data-start=\"1640\" data-end=\"1660\">Kiml\u0259r \u00dc\u00e7\u00fcnd\u00fcr?<\/h3>\n<ul data-start=\"1662\" data-end=\"2129\">\n<li data-start=\"1662\" data-end=\"1736\">\n<p data-start=\"1664\" data-end=\"1736\">Individuals responsible for maintaining and improving workplace safety<\/p>\n<\/li>\n<li data-start=\"1737\" data-end=\"1807\">\n<p data-start=\"1739\" data-end=\"1807\">Occupational health and safety officers, consultants, and advisors<\/p>\n<\/li>\n<li data-start=\"1808\" data-end=\"1913\">\n<p data-start=\"1810\" data-end=\"1913\">Professionals wishing to acquaint themselves with PECB\u2019s IMS2 Methodology for implementing an OH&amp;S MS<\/p>\n<\/li>\n<li data-start=\"1914\" data-end=\"2009\">\n<p data-start=\"1916\" data-end=\"2009\">Individuals responsible for maintaining the conformity of OH&amp;S MS to ISO 45001 requirements<\/p>\n<\/li>\n<li data-start=\"2010\" data-end=\"2035\">\n<p data-start=\"2012\" data-end=\"2035\">Members of OH&amp;S teams<\/p>\n<\/li>\n<li data-start=\"2036\" data-end=\"2129\">\n<p data-start=\"2038\" data-end=\"2129\">Individuals aspiring to pursue a career as OH&amp;S MS implementers, consultants, or officers<\/p>\n<\/li>\n<\/ul>\n<p>&nbsp;<\/p>\n<p><a href=\"https:\/\/help.pecb.com\/index.php\/list-of-pecb-exams\/\" target=\"_blank\" rel=\"noopener\">Explore official exam details on PECB<\/a><\/p>","protected":false},"excerpt":{"rendered":"<p>This package includes official registration for the PECB ISO 45001 Lead Implementer exam, along with comprehensive training materials. It is designed for professionals who want to develop the expertise to establish, implement, manage, and maintain an Occupational Health and Safety Management System (OH&amp;S MS) in accordance with ISO 45001:2018 requirements. Ideal for those who want [&hellip;]<\/p>","protected":false},"featured_media":351,"template":"","meta":{"_acf_changed":false},"brand":[],"product_brand":[],"product_cat":[24,18],"product_tag":[],"class_list":{"0":"post-354","1":"product","2":"type-product","3":"status-publish","4":"has-post-thumbnail","6":"product_cat-health-and-safety","7":"product_cat-quality-and-sustainability","8":"pa_services-self-study","10":"first","11":"instock","12":"shipping-taxable","13":"purchasable","14":"product-type-simple"},"acf":[],"yoast_head":"<!-- This site is optimized with the Yoast SEO plugin v25.7 - https:\/\/yoast.com\/wordpress\/plugins\/seo\/ -->\n<title>ISO 45001 Lead Implementer - Conimcert E-Store<\/title>\n<meta name=\"robots\" content=\"index, follow, max-snippet:-1, max-image-preview:large, max-video-preview:-1\" \/>\n<link rel=\"canonical\" href=\"https:\/\/pecb.com\/en\/education-and-certification-for-individuals\/iso-45001\/iso-45001-lead-implementer\" \/>\n<meta property=\"og:locale\" content=\"az_AZ\" \/>\n<meta property=\"og:type\" content=\"article\" \/>\n<meta property=\"og:title\" content=\"ISO 45001 Lead Implementer - Conimcert E-Store\" \/>\n<meta property=\"og:description\" content=\"This package includes official registration for the PECB ISO 45001 Lead Implementer exam, along with comprehensive training materials. It is designed for professionals who want to develop the expertise to establish, implement, manage, and maintain an Occupational Health and Safety Management System (OH&amp;S MS) in accordance with ISO 45001:2018 requirements. Ideal for those who want [&hellip;]\" \/>\n<meta property=\"og:url\" content=\"https:\/\/pecb.com\/en\/education-and-certification-for-individuals\/iso-45001\/iso-45001-lead-implementer\" \/>\n<meta property=\"og:site_name\" content=\"Conimcert E-Store\" \/>\n<meta property=\"article:modified_time\" content=\"2025-12-07T00:13:23+00:00\" \/>\n<meta property=\"og:image\" content=\"https:\/\/store.conimcert.com\/wp-content\/uploads\/2025\/09\/ISO-45001-Lead-Implementer.png\" \/>\n\t<meta property=\"og:image:width\" content=\"452\" \/>\n\t<meta property=\"og:image:height\" content=\"452\" \/>\n\t<meta property=\"og:image:type\" content=\"image\/png\" \/>\n<meta name=\"twitter:card\" content=\"summary_large_image\" \/>\n<meta name=\"twitter:label1\" content=\"Est. reading time\" \/>\n\t<meta name=\"twitter:data1\" content=\"2 minutes\" \/>\n<script type=\"application\/ld+json\" class=\"yoast-schema-graph\">{\"@context\":\"https:\/\/schema.org\",\"@graph\":[{\"@type\":\"WebPage\",\"@id\":\"https:\/\/store.conimcert.com\/course\/quality-and-sustainability\/iso-45001-lead-implementer\/\",\"url\":\"https:\/\/pecb.com\/en\/education-and-certification-for-individuals\/iso-45001\/iso-45001-lead-implementer\",\"name\":\"ISO 45001 Lead Implementer - Conimcert E-Store\",\"isPartOf\":{\"@id\":\"https:\/\/store.conimcert.com\/#website\"},\"primaryImageOfPage\":{\"@id\":\"https:\/\/pecb.com\/en\/education-and-certification-for-individuals\/iso-45001\/iso-45001-lead-implementer#primaryimage\"},\"image\":{\"@id\":\"https:\/\/pecb.com\/en\/education-and-certification-for-individuals\/iso-45001\/iso-45001-lead-implementer#primaryimage\"},\"thumbnailUrl\":\"https:\/\/store.conimcert.com\/wp-content\/uploads\/2025\/09\/ISO-45001-Lead-Implementer.png\",\"datePublished\":\"2025-09-01T07:30:20+00:00\",\"dateModified\":\"2025-12-07T00:13:23+00:00\",\"breadcrumb\":{\"@id\":\"https:\/\/pecb.com\/en\/education-and-certification-for-individuals\/iso-45001\/iso-45001-lead-implementer#breadcrumb\"},\"inLanguage\":\"az\",\"potentialAction\":[{\"@type\":\"ReadAction\",\"target\":[\"https:\/\/pecb.com\/en\/education-and-certification-for-individuals\/iso-45001\/iso-45001-lead-implementer\"]}]},{\"@type\":\"ImageObject\",\"inLanguage\":\"az\",\"@id\":\"https:\/\/pecb.com\/en\/education-and-certification-for-individuals\/iso-45001\/iso-45001-lead-implementer#primaryimage\",\"url\":\"https:\/\/store.conimcert.com\/wp-content\/uploads\/2025\/09\/ISO-45001-Lead-Implementer.png\",\"contentUrl\":\"https:\/\/store.conimcert.com\/wp-content\/uploads\/2025\/09\/ISO-45001-Lead-Implementer.png\",\"width\":452,\"height\":452},{\"@type\":\"BreadcrumbList\",\"@id\":\"https:\/\/pecb.com\/en\/education-and-certification-for-individuals\/iso-45001\/iso-45001-lead-implementer#breadcrumb\",\"itemListElement\":[{\"@type\":\"ListItem\",\"position\":1,\"name\":\"Home\",\"item\":\"https:\/\/store.conimcert.com\/\"},{\"@type\":\"ListItem\",\"position\":2,\"name\":\"Shop\",\"item\":\"https:\/\/store.conimcert.com\/shop\/\"},{\"@type\":\"ListItem\",\"position\":3,\"name\":\"ISO 45001 Lead Implementer\"}]},{\"@type\":\"WebSite\",\"@id\":\"https:\/\/store.conimcert.com\/#website\",\"url\":\"https:\/\/store.conimcert.com\/\",\"name\":\"Conimcert E-Store\",\"description\":\"\",\"publisher\":{\"@id\":\"https:\/\/store.conimcert.com\/#organization\"},\"potentialAction\":[{\"@type\":\"SearchAction\",\"target\":{\"@type\":\"EntryPoint\",\"urlTemplate\":\"https:\/\/store.conimcert.com\/?s={search_term_string}\"},\"query-input\":{\"@type\":\"PropertyValueSpecification\",\"valueRequired\":true,\"valueName\":\"search_term_string\"}}],\"inLanguage\":\"az\"},{\"@type\":\"Organization\",\"@id\":\"https:\/\/store.conimcert.com\/#organization\",\"name\":\"Conimcert E-Store\",\"url\":\"https:\/\/store.conimcert.com\/\",\"logo\":{\"@type\":\"ImageObject\",\"inLanguage\":\"az\",\"@id\":\"https:\/\/store.conimcert.com\/#\/schema\/logo\/image\/\",\"url\":\"https:\/\/store.conimcert.com\/wp-content\/uploads\/2025\/07\/Conim-LOGO-768x132-1.png\",\"contentUrl\":\"https:\/\/store.conimcert.com\/wp-content\/uploads\/2025\/07\/Conim-LOGO-768x132-1.png\",\"width\":768,\"height\":132,\"caption\":\"Conimcert E-Store\"},\"image\":{\"@id\":\"https:\/\/store.conimcert.com\/#\/schema\/logo\/image\/\"}}]}<\/script>\n<!-- \/ Yoast SEO plugin. -->","yoast_head_json":{"title":"ISO 45001 Lead Implementer - Conimcert E-Store","robots":{"index":"index","follow":"follow","max-snippet":"max-snippet:-1","max-image-preview":"max-image-preview:large","max-video-preview":"max-video-preview:-1"},"canonical":"https:\/\/pecb.com\/en\/education-and-certification-for-individuals\/iso-45001\/iso-45001-lead-implementer","og_locale":"az_AZ","og_type":"article","og_title":"ISO 45001 Lead Implementer - Conimcert E-Store","og_description":"This package includes official registration for the PECB ISO 45001 Lead Implementer exam, along with comprehensive training materials. It is designed for professionals who want to develop the expertise to establish, implement, manage, and maintain an Occupational Health and Safety Management System (OH&amp;S MS) in accordance with ISO 45001:2018 requirements. Ideal for those who want [&hellip;]","og_url":"https:\/\/pecb.com\/en\/education-and-certification-for-individuals\/iso-45001\/iso-45001-lead-implementer","og_site_name":"Conimcert E-Store","article_modified_time":"2025-12-07T00:13:23+00:00","og_image":[{"width":452,"height":452,"url":"https:\/\/store.conimcert.com\/wp-content\/uploads\/2025\/09\/ISO-45001-Lead-Implementer.png","type":"image\/png"}],"twitter_card":"summary_large_image","twitter_misc":{"Est. reading time":"2 minutes"},"schema":{"@context":"https:\/\/schema.org","@graph":[{"@type":"WebPage","@id":"https:\/\/store.conimcert.com\/course\/quality-and-sustainability\/iso-45001-lead-implementer\/","url":"https:\/\/pecb.com\/en\/education-and-certification-for-individuals\/iso-45001\/iso-45001-lead-implementer","name":"ISO 45001 Lead Implementer - Conimcert E-Store","isPartOf":{"@id":"https:\/\/store.conimcert.com\/#website"},"primaryImageOfPage":{"@id":"https:\/\/pecb.com\/en\/education-and-certification-for-individuals\/iso-45001\/iso-45001-lead-implementer#primaryimage"},"image":{"@id":"https:\/\/pecb.com\/en\/education-and-certification-for-individuals\/iso-45001\/iso-45001-lead-implementer#primaryimage"},"thumbnailUrl":"https:\/\/store.conimcert.com\/wp-content\/uploads\/2025\/09\/ISO-45001-Lead-Implementer.png","datePublished":"2025-09-01T07:30:20+00:00","dateModified":"2025-12-07T00:13:23+00:00","breadcrumb":{"@id":"https:\/\/pecb.com\/en\/education-and-certification-for-individuals\/iso-45001\/iso-45001-lead-implementer#breadcrumb"},"inLanguage":"az","potentialAction":[{"@type":"ReadAction","target":["https:\/\/pecb.com\/en\/education-and-certification-for-individuals\/iso-45001\/iso-45001-lead-implementer"]}]},{"@type":"ImageObject","inLanguage":"az","@id":"https:\/\/pecb.com\/en\/education-and-certification-for-individuals\/iso-45001\/iso-45001-lead-implementer#primaryimage","url":"https:\/\/store.conimcert.com\/wp-content\/uploads\/2025\/09\/ISO-45001-Lead-Implementer.png","contentUrl":"https:\/\/store.conimcert.com\/wp-content\/uploads\/2025\/09\/ISO-45001-Lead-Implementer.png","width":452,"height":452},{"@type":"BreadcrumbList","@id":"https:\/\/pecb.com\/en\/education-and-certification-for-individuals\/iso-45001\/iso-45001-lead-implementer#breadcrumb","itemListElement":[{"@type":"ListItem","position":1,"name":"Home","item":"https:\/\/store.conimcert.com\/"},{"@type":"ListItem","position":2,"name":"Shop","item":"https:\/\/store.conimcert.com\/shop\/"},{"@type":"ListItem","position":3,"name":"ISO 45001 Lead Implementer"}]},{"@type":"WebSite","@id":"https:\/\/store.conimcert.com\/#website","url":"https:\/\/store.conimcert.com\/","name":"Conimcert E-Store","description":"","publisher":{"@id":"https:\/\/store.conimcert.com\/#organization"},"potentialAction":[{"@type":"SearchAction","target":{"@type":"EntryPoint","urlTemplate":"https:\/\/store.conimcert.com\/?s={search_term_string}"},"query-input":{"@type":"PropertyValueSpecification","valueRequired":true,"valueName":"search_term_string"}}],"inLanguage":"az"},{"@type":"Organization","@id":"https:\/\/store.conimcert.com\/#organization","name":"Conimcert E-Store","url":"https:\/\/store.conimcert.com\/","logo":{"@type":"ImageObject","inLanguage":"az","@id":"https:\/\/store.conimcert.com\/#\/schema\/logo\/image\/","url":"https:\/\/store.conimcert.com\/wp-content\/uploads\/2025\/07\/Conim-LOGO-768x132-1.png","contentUrl":"https:\/\/store.conimcert.com\/wp-content\/uploads\/2025\/07\/Conim-LOGO-768x132-1.png","width":768,"height":132,"caption":"Conimcert E-Store"},"image":{"@id":"https:\/\/store.conimcert.com\/#\/schema\/logo\/image\/"}}]}},"_links":{"self":[{"href":"https:\/\/store.conimcert.com\/az\/wp-json\/wp\/v2\/product\/354","targetHints":{"allow":["GET"]}}],"collection":[{"href":"https:\/\/store.conimcert.com\/az\/wp-json\/wp\/v2\/product"}],"about":[{"href":"https:\/\/store.conimcert.com\/az\/wp-json\/wp\/v2\/types\/product"}],"wp:featuredmedia":[{"embeddable":true,"href":"https:\/\/store.conimcert.com\/az\/wp-json\/wp\/v2\/media\/351"}],"wp:attachment":[{"href":"https:\/\/store.conimcert.com\/az\/wp-json\/wp\/v2\/media?parent=354"}],"wp:term":[{"taxonomy":"brand","embeddable":true,"href":"https:\/\/store.conimcert.com\/az\/wp-json\/wp\/v2\/brand?post=354"},{"taxonomy":"product_brand","embeddable":true,"href":"https:\/\/store.conimcert.com\/az\/wp-json\/wp\/v2\/product_brand?post=354"},{"taxonomy":"product_cat","embeddable":true,"href":"https:\/\/store.conimcert.com\/az\/wp-json\/wp\/v2\/product_cat?post=354"},{"taxonomy":"product_tag","embeddable":true,"href":"https:\/\/store.conimcert.com\/az\/wp-json\/wp\/v2\/product_tag?post=354"}],"curies":[{"name":"wp","href":"https:\/\/api.w.org\/{rel}","templated":true}]}}