{"id":349,"date":"2025-09-01T06:41:34","date_gmt":"2025-09-01T06:41:34","guid":{"rendered":"https:\/\/store.conimcert.com\/?post_type=product&#038;p=349"},"modified":"2025-12-07T00:13:22","modified_gmt":"2025-12-07T00:13:22","slug":"iso-45001-foundation","status":"publish","type":"product","link":"https:\/\/store.conimcert.com\/az\/course\/quality-and-sustainability\/iso-45001-foundation\/","title":{"rendered":"ISO 45001 Foundation"},"content":{"rendered":"<p data-start=\"250\" data-end=\"573\">This package includes official registration for the <strong data-start=\"302\" data-end=\"336\">PECB ISO 45001 Foundation exam<\/strong>, along with comprehensive training materials. It is designed for professionals who want to understand the fundamental principles and requirements of an <strong data-start=\"489\" data-end=\"551\">Occupational Health and Safety Management System (OH&amp;S MS)<\/strong> based on ISO 45001.<\/p>\n<p data-start=\"575\" data-end=\"768\">Ideal for those beginning their journey in occupational health and safety management, or for professionals seeking to build a solid foundation before advancing to higher-level certifications.<\/p>\n<p data-start=\"526\" data-end=\"698\"><a href=\"https:\/\/pecb.com\/en\/education-and-certification-for-individuals\/iso-45001\/iso-45001-foundation\" target=\"_blank\" rel=\"noopener\">Click for more info<\/a><\/p>\n<h3 data-start=\"802\" data-end=\"824\">N\u0259 Daxildir:<\/h3>\n<ul data-start=\"825\" data-end=\"1175\">\n<li data-start=\"825\" data-end=\"881\">\n<p data-start=\"827\" data-end=\"881\">Official PECB ISO 45001 Foundation exam registration<\/p>\n<\/li>\n<li data-start=\"882\" data-end=\"954\">\n<p data-start=\"884\" data-end=\"954\">Training course materials with explanations, examples, and exercises<\/p>\n<\/li>\n<li data-start=\"955\" data-end=\"1040\">\n<p data-start=\"957\" data-end=\"1040\">Interactive learning resources and practice questions to support exam preparation<\/p>\n<\/li>\n<li data-start=\"1041\" data-end=\"1065\">\n<p data-start=\"1043\" data-end=\"1065\">1 illik imtahan\u0131n etibarl\u0131l\u0131\u011f\u0131<\/p>\n<\/li>\n<li data-start=\"1066\" data-end=\"1104\">\n<p data-start=\"1068\" data-end=\"1104\">Free second exam attempt if needed<\/p>\n<\/li>\n<li data-start=\"1105\" data-end=\"1175\">\n<p data-start=\"1107\" data-end=\"1175\">Online exam format \u2013 take it from anywhere, anytime via PECB Exams<\/p>\n<\/li>\n<\/ul>\n<h3 data-start=\"1182\" data-end=\"1212\">Niy\u0259 bu paketi se\u00e7m\u0259lisiniz?<\/h3>\n<ul data-start=\"1213\" data-end=\"1717\">\n<li data-start=\"1213\" data-end=\"1299\">\n<p data-start=\"1215\" data-end=\"1299\">Learn the key concepts and approaches of occupational health and safety management<\/p>\n<\/li>\n<li data-start=\"1300\" data-end=\"1443\">\n<p data-start=\"1302\" data-end=\"1443\">Gain understanding of ISO 45001 requirements, including leadership commitment, worker participation, OH&amp;S policy, and continual improvement<\/p>\n<\/li>\n<li data-start=\"1444\" data-end=\"1547\">\n<p data-start=\"1446\" data-end=\"1547\">See how ISO 45001 integrates with operational planning, risk management, and emergency preparedness<\/p>\n<\/li>\n<li data-start=\"1548\" data-end=\"1623\">\n<p data-start=\"1550\" data-end=\"1623\">Acquire practical knowledge on performance evaluation and OH&amp;S controls<\/p>\n<\/li>\n<li data-start=\"1624\" data-end=\"1717\">\n<p data-start=\"1626\" data-end=\"1717\">Prepare effectively for certification with quizzes, examples, and interactive discussions<\/p>\n<\/li>\n<\/ul>\n<h3 data-start=\"1724\" data-end=\"1746\">Kiml\u0259r \u00dc\u00e7\u00fcnd\u00fcr?<\/h3>\n<ul data-start=\"1747\" data-end=\"2211\">\n<li data-start=\"1747\" data-end=\"1848\">\n<p data-start=\"1749\" data-end=\"1848\">Managers and consultants seeking to get acquainted with occupational health and safety principles<\/p>\n<\/li>\n<li data-start=\"1849\" data-end=\"1937\">\n<p data-start=\"1851\" data-end=\"1937\">Professionals aiming to create safer and healthier workplaces in their organizations<\/p>\n<\/li>\n<li data-start=\"1938\" data-end=\"2028\">\n<p data-start=\"1940\" data-end=\"2028\">Individuals interested in understanding the main requirements of ISO 45001 for OH&amp;S MS<\/p>\n<\/li>\n<li data-start=\"2029\" data-end=\"2123\">\n<p data-start=\"2031\" data-end=\"2123\">Early-career professionals or students pursuing a career in occupational health and safety<\/p>\n<\/li>\n<li data-start=\"2124\" data-end=\"2211\">\n<p data-start=\"2126\" data-end=\"2211\">Anyone looking to earn a globally recognized <strong data-start=\"2171\" data-end=\"2209\">ISO 45001 Foundation certification<\/strong><\/p>\n<\/li>\n<\/ul>\n<p>&nbsp;<\/p>\n<p><a href=\"https:\/\/help.pecb.com\/index.php\/list-of-pecb-exams\/\" target=\"_blank\" rel=\"noopener\">Explore official exam details on PECB<\/a><\/p>","protected":false},"excerpt":{"rendered":"<p>This package includes official registration for the PECB ISO 45001 Foundation exam, along with comprehensive training materials. It is designed for professionals who want to understand the fundamental principles and requirements of an Occupational Health and Safety Management System (OH&amp;S MS) based on ISO 45001. Ideal for those beginning their journey in occupational health and [&hellip;]<\/p>","protected":false},"featured_media":350,"template":"","meta":{"_acf_changed":false},"brand":[],"product_brand":[],"product_cat":[24,18],"product_tag":[],"class_list":{"0":"post-349","1":"product","2":"type-product","3":"status-publish","4":"has-post-thumbnail","6":"product_cat-health-and-safety","7":"product_cat-quality-and-sustainability","8":"pa_services-self-study","10":"first","11":"instock","12":"shipping-taxable","13":"purchasable","14":"product-type-simple"},"acf":[],"yoast_head":"<!-- This site is optimized with the Yoast SEO plugin v25.7 - https:\/\/yoast.com\/wordpress\/plugins\/seo\/ -->\n<title>ISO 45001 Foundation - Conimcert E-Store<\/title>\n<meta name=\"robots\" content=\"index, follow, max-snippet:-1, max-image-preview:large, max-video-preview:-1\" \/>\n<link rel=\"canonical\" href=\"https:\/\/pecb.com\/en\/education-and-certification-for-individuals\/iso-13485\/iso-13485-foundation\" \/>\n<meta property=\"og:locale\" content=\"az_AZ\" \/>\n<meta property=\"og:type\" content=\"article\" \/>\n<meta property=\"og:title\" content=\"ISO 45001 Foundation - Conimcert E-Store\" \/>\n<meta property=\"og:description\" content=\"This package includes official registration for the PECB ISO 45001 Foundation exam, along with comprehensive training materials. It is designed for professionals who want to understand the fundamental principles and requirements of an Occupational Health and Safety Management System (OH&amp;S MS) based on ISO 45001. Ideal for those beginning their journey in occupational health and [&hellip;]\" \/>\n<meta property=\"og:url\" content=\"https:\/\/pecb.com\/en\/education-and-certification-for-individuals\/iso-13485\/iso-13485-foundation\" \/>\n<meta property=\"og:site_name\" content=\"Conimcert E-Store\" \/>\n<meta property=\"article:modified_time\" content=\"2025-12-07T00:13:22+00:00\" \/>\n<meta property=\"og:image\" content=\"https:\/\/store.conimcert.com\/wp-content\/uploads\/2025\/09\/ISO-45001-Foundation.png\" \/>\n\t<meta property=\"og:image:width\" content=\"451\" \/>\n\t<meta property=\"og:image:height\" content=\"451\" \/>\n\t<meta property=\"og:image:type\" content=\"image\/png\" \/>\n<meta name=\"twitter:card\" content=\"summary_large_image\" \/>\n<meta name=\"twitter:label1\" content=\"Est. reading time\" \/>\n\t<meta name=\"twitter:data1\" content=\"2 minutes\" \/>\n<script type=\"application\/ld+json\" class=\"yoast-schema-graph\">{\"@context\":\"https:\/\/schema.org\",\"@graph\":[{\"@type\":\"WebPage\",\"@id\":\"https:\/\/store.conimcert.com\/course\/quality-and-sustainability\/iso-45001-foundation\/\",\"url\":\"https:\/\/pecb.com\/en\/education-and-certification-for-individuals\/iso-13485\/iso-13485-foundation\",\"name\":\"ISO 45001 Foundation - Conimcert E-Store\",\"isPartOf\":{\"@id\":\"https:\/\/store.conimcert.com\/#website\"},\"primaryImageOfPage\":{\"@id\":\"https:\/\/pecb.com\/en\/education-and-certification-for-individuals\/iso-13485\/iso-13485-foundation#primaryimage\"},\"image\":{\"@id\":\"https:\/\/pecb.com\/en\/education-and-certification-for-individuals\/iso-13485\/iso-13485-foundation#primaryimage\"},\"thumbnailUrl\":\"https:\/\/store.conimcert.com\/wp-content\/uploads\/2025\/09\/ISO-45001-Foundation.png\",\"datePublished\":\"2025-09-01T06:41:34+00:00\",\"dateModified\":\"2025-12-07T00:13:22+00:00\",\"breadcrumb\":{\"@id\":\"https:\/\/pecb.com\/en\/education-and-certification-for-individuals\/iso-13485\/iso-13485-foundation#breadcrumb\"},\"inLanguage\":\"az\",\"potentialAction\":[{\"@type\":\"ReadAction\",\"target\":[\"https:\/\/pecb.com\/en\/education-and-certification-for-individuals\/iso-13485\/iso-13485-foundation\"]}]},{\"@type\":\"ImageObject\",\"inLanguage\":\"az\",\"@id\":\"https:\/\/pecb.com\/en\/education-and-certification-for-individuals\/iso-13485\/iso-13485-foundation#primaryimage\",\"url\":\"https:\/\/store.conimcert.com\/wp-content\/uploads\/2025\/09\/ISO-45001-Foundation.png\",\"contentUrl\":\"https:\/\/store.conimcert.com\/wp-content\/uploads\/2025\/09\/ISO-45001-Foundation.png\",\"width\":451,\"height\":451},{\"@type\":\"BreadcrumbList\",\"@id\":\"https:\/\/pecb.com\/en\/education-and-certification-for-individuals\/iso-13485\/iso-13485-foundation#breadcrumb\",\"itemListElement\":[{\"@type\":\"ListItem\",\"position\":1,\"name\":\"Home\",\"item\":\"https:\/\/store.conimcert.com\/\"},{\"@type\":\"ListItem\",\"position\":2,\"name\":\"Shop\",\"item\":\"https:\/\/store.conimcert.com\/shop\/\"},{\"@type\":\"ListItem\",\"position\":3,\"name\":\"ISO 45001 Foundation\"}]},{\"@type\":\"WebSite\",\"@id\":\"https:\/\/store.conimcert.com\/#website\",\"url\":\"https:\/\/store.conimcert.com\/\",\"name\":\"Conimcert E-Store\",\"description\":\"\",\"publisher\":{\"@id\":\"https:\/\/store.conimcert.com\/#organization\"},\"potentialAction\":[{\"@type\":\"SearchAction\",\"target\":{\"@type\":\"EntryPoint\",\"urlTemplate\":\"https:\/\/store.conimcert.com\/?s={search_term_string}\"},\"query-input\":{\"@type\":\"PropertyValueSpecification\",\"valueRequired\":true,\"valueName\":\"search_term_string\"}}],\"inLanguage\":\"az\"},{\"@type\":\"Organization\",\"@id\":\"https:\/\/store.conimcert.com\/#organization\",\"name\":\"Conimcert E-Store\",\"url\":\"https:\/\/store.conimcert.com\/\",\"logo\":{\"@type\":\"ImageObject\",\"inLanguage\":\"az\",\"@id\":\"https:\/\/store.conimcert.com\/#\/schema\/logo\/image\/\",\"url\":\"https:\/\/store.conimcert.com\/wp-content\/uploads\/2025\/07\/Conim-LOGO-768x132-1.png\",\"contentUrl\":\"https:\/\/store.conimcert.com\/wp-content\/uploads\/2025\/07\/Conim-LOGO-768x132-1.png\",\"width\":768,\"height\":132,\"caption\":\"Conimcert E-Store\"},\"image\":{\"@id\":\"https:\/\/store.conimcert.com\/#\/schema\/logo\/image\/\"}}]}<\/script>\n<!-- \/ Yoast SEO plugin. -->","yoast_head_json":{"title":"ISO 45001 Foundation - Conimcert E-Store","robots":{"index":"index","follow":"follow","max-snippet":"max-snippet:-1","max-image-preview":"max-image-preview:large","max-video-preview":"max-video-preview:-1"},"canonical":"https:\/\/pecb.com\/en\/education-and-certification-for-individuals\/iso-13485\/iso-13485-foundation","og_locale":"az_AZ","og_type":"article","og_title":"ISO 45001 Foundation - Conimcert E-Store","og_description":"This package includes official registration for the PECB ISO 45001 Foundation exam, along with comprehensive training materials. It is designed for professionals who want to understand the fundamental principles and requirements of an Occupational Health and Safety Management System (OH&amp;S MS) based on ISO 45001. Ideal for those beginning their journey in occupational health and [&hellip;]","og_url":"https:\/\/pecb.com\/en\/education-and-certification-for-individuals\/iso-13485\/iso-13485-foundation","og_site_name":"Conimcert E-Store","article_modified_time":"2025-12-07T00:13:22+00:00","og_image":[{"width":451,"height":451,"url":"https:\/\/store.conimcert.com\/wp-content\/uploads\/2025\/09\/ISO-45001-Foundation.png","type":"image\/png"}],"twitter_card":"summary_large_image","twitter_misc":{"Est. reading time":"2 minutes"},"schema":{"@context":"https:\/\/schema.org","@graph":[{"@type":"WebPage","@id":"https:\/\/store.conimcert.com\/course\/quality-and-sustainability\/iso-45001-foundation\/","url":"https:\/\/pecb.com\/en\/education-and-certification-for-individuals\/iso-13485\/iso-13485-foundation","name":"ISO 45001 Foundation - Conimcert E-Store","isPartOf":{"@id":"https:\/\/store.conimcert.com\/#website"},"primaryImageOfPage":{"@id":"https:\/\/pecb.com\/en\/education-and-certification-for-individuals\/iso-13485\/iso-13485-foundation#primaryimage"},"image":{"@id":"https:\/\/pecb.com\/en\/education-and-certification-for-individuals\/iso-13485\/iso-13485-foundation#primaryimage"},"thumbnailUrl":"https:\/\/store.conimcert.com\/wp-content\/uploads\/2025\/09\/ISO-45001-Foundation.png","datePublished":"2025-09-01T06:41:34+00:00","dateModified":"2025-12-07T00:13:22+00:00","breadcrumb":{"@id":"https:\/\/pecb.com\/en\/education-and-certification-for-individuals\/iso-13485\/iso-13485-foundation#breadcrumb"},"inLanguage":"az","potentialAction":[{"@type":"ReadAction","target":["https:\/\/pecb.com\/en\/education-and-certification-for-individuals\/iso-13485\/iso-13485-foundation"]}]},{"@type":"ImageObject","inLanguage":"az","@id":"https:\/\/pecb.com\/en\/education-and-certification-for-individuals\/iso-13485\/iso-13485-foundation#primaryimage","url":"https:\/\/store.conimcert.com\/wp-content\/uploads\/2025\/09\/ISO-45001-Foundation.png","contentUrl":"https:\/\/store.conimcert.com\/wp-content\/uploads\/2025\/09\/ISO-45001-Foundation.png","width":451,"height":451},{"@type":"BreadcrumbList","@id":"https:\/\/pecb.com\/en\/education-and-certification-for-individuals\/iso-13485\/iso-13485-foundation#breadcrumb","itemListElement":[{"@type":"ListItem","position":1,"name":"Home","item":"https:\/\/store.conimcert.com\/"},{"@type":"ListItem","position":2,"name":"Shop","item":"https:\/\/store.conimcert.com\/shop\/"},{"@type":"ListItem","position":3,"name":"ISO 45001 Foundation"}]},{"@type":"WebSite","@id":"https:\/\/store.conimcert.com\/#website","url":"https:\/\/store.conimcert.com\/","name":"Conimcert E-Store","description":"","publisher":{"@id":"https:\/\/store.conimcert.com\/#organization"},"potentialAction":[{"@type":"SearchAction","target":{"@type":"EntryPoint","urlTemplate":"https:\/\/store.conimcert.com\/?s={search_term_string}"},"query-input":{"@type":"PropertyValueSpecification","valueRequired":true,"valueName":"search_term_string"}}],"inLanguage":"az"},{"@type":"Organization","@id":"https:\/\/store.conimcert.com\/#organization","name":"Conimcert E-Store","url":"https:\/\/store.conimcert.com\/","logo":{"@type":"ImageObject","inLanguage":"az","@id":"https:\/\/store.conimcert.com\/#\/schema\/logo\/image\/","url":"https:\/\/store.conimcert.com\/wp-content\/uploads\/2025\/07\/Conim-LOGO-768x132-1.png","contentUrl":"https:\/\/store.conimcert.com\/wp-content\/uploads\/2025\/07\/Conim-LOGO-768x132-1.png","width":768,"height":132,"caption":"Conimcert E-Store"},"image":{"@id":"https:\/\/store.conimcert.com\/#\/schema\/logo\/image\/"}}]}},"_links":{"self":[{"href":"https:\/\/store.conimcert.com\/az\/wp-json\/wp\/v2\/product\/349","targetHints":{"allow":["GET"]}}],"collection":[{"href":"https:\/\/store.conimcert.com\/az\/wp-json\/wp\/v2\/product"}],"about":[{"href":"https:\/\/store.conimcert.com\/az\/wp-json\/wp\/v2\/types\/product"}],"wp:featuredmedia":[{"embeddable":true,"href":"https:\/\/store.conimcert.com\/az\/wp-json\/wp\/v2\/media\/350"}],"wp:attachment":[{"href":"https:\/\/store.conimcert.com\/az\/wp-json\/wp\/v2\/media?parent=349"}],"wp:term":[{"taxonomy":"brand","embeddable":true,"href":"https:\/\/store.conimcert.com\/az\/wp-json\/wp\/v2\/brand?post=349"},{"taxonomy":"product_brand","embeddable":true,"href":"https:\/\/store.conimcert.com\/az\/wp-json\/wp\/v2\/product_brand?post=349"},{"taxonomy":"product_cat","embeddable":true,"href":"https:\/\/store.conimcert.com\/az\/wp-json\/wp\/v2\/product_cat?post=349"},{"taxonomy":"product_tag","embeddable":true,"href":"https:\/\/store.conimcert.com\/az\/wp-json\/wp\/v2\/product_tag?post=349"}],"curies":[{"name":"wp","href":"https:\/\/api.w.org\/{rel}","templated":true}]}}