{"id":327,"date":"2025-08-26T06:47:38","date_gmt":"2025-08-26T06:47:38","guid":{"rendered":"https:\/\/store.conimcert.com\/?post_type=product&#038;p=327"},"modified":"2025-12-07T00:13:22","modified_gmt":"2025-12-07T00:13:22","slug":"iso-13485-foundation","status":"publish","type":"product","link":"https:\/\/store.conimcert.com\/az\/course\/quality-and-sustainability\/iso-13485-foundation\/","title":{"rendered":"ISO 13485 Foundation"},"content":{"rendered":"<p data-start=\"247\" data-end=\"549\">This package includes official registration for the PECB ISO 13485 Foundation exam, along with comprehensive training materials. It is designed for professionals who want to understand the fundamental principles and processes of a <strong>Medical Devices Quality Management System<\/strong> (MDQMS) based on ISO 13485.<\/p>\n<p data-start=\"551\" data-end=\"748\">Ideal for those beginning their journey in medical device quality management, or for professionals seeking to build a clear understanding of MDQMS before advancing to higher-level certifications.<\/p>\n<p data-start=\"526\" data-end=\"698\"><a href=\"https:\/\/pecb.com\/en\/education-and-certification-for-individuals\/iso-13485\/iso-13485-foundation\" target=\"_blank\" rel=\"noopener\">Click for more info<\/a><\/p>\n<p data-start=\"750\" data-end=\"772\"><strong data-start=\"750\" data-end=\"770\">N\u0259 Daxildir:<\/strong><\/p>\n<ul data-start=\"773\" data-end=\"1110\">\n<li data-start=\"773\" data-end=\"829\">\n<p data-start=\"775\" data-end=\"829\">Official PECB ISO 13485 Foundation exam registration<\/p>\n<\/li>\n<li data-start=\"830\" data-end=\"902\">\n<p data-start=\"832\" data-end=\"902\">Training course materials with explanations, examples, and exercises<\/p>\n<\/li>\n<li data-start=\"903\" data-end=\"975\">\n<p data-start=\"905\" data-end=\"975\">Digital resources and practice questions to support exam preparation<\/p>\n<\/li>\n<li data-start=\"976\" data-end=\"1000\">\n<p data-start=\"978\" data-end=\"1000\">1 illik imtahan\u0131n etibarl\u0131l\u0131\u011f\u0131<\/p>\n<\/li>\n<li data-start=\"1001\" data-end=\"1039\">\n<p data-start=\"1003\" data-end=\"1039\">Free second exam attempt if needed<\/p>\n<\/li>\n<li data-start=\"1040\" data-end=\"1110\">\n<p data-start=\"1042\" data-end=\"1110\">Online exam format \u2013 take it from anywhere, anytime via PECB Exams<\/p>\n<\/li>\n<\/ul>\n<p data-start=\"1112\" data-end=\"1142\"><strong data-start=\"1112\" data-end=\"1140\">Niy\u0259 bu paketi se\u00e7m\u0259lisiniz?<\/strong><\/p>\n<ul data-start=\"1143\" data-end=\"1600\">\n<li data-start=\"1143\" data-end=\"1233\">\n<p data-start=\"1145\" data-end=\"1233\">Learn the basic concepts and operations of a Medical Devices Quality Management System<\/p>\n<\/li>\n<li data-start=\"1234\" data-end=\"1340\">\n<p data-start=\"1236\" data-end=\"1340\">Gain understanding of MDQMS policies, procedures, audits, reviews, and continual improvement processes<\/p>\n<\/li>\n<li data-start=\"1341\" data-end=\"1416\">\n<p data-start=\"1343\" data-end=\"1416\">See how ISO 13485 aligns with other standards and regulatory frameworks<\/p>\n<\/li>\n<li data-start=\"1417\" data-end=\"1512\">\n<p data-start=\"1419\" data-end=\"1512\">Acquire the methodologies, requirements, and management approaches for MDQMS implementation<\/p>\n<\/li>\n<li data-start=\"1513\" data-end=\"1600\">\n<p data-start=\"1515\" data-end=\"1600\">Prepare effectively for certification with interactive exercises and practice tests<\/p>\n<\/li>\n<\/ul>\n<p data-start=\"1602\" data-end=\"1624\"><strong data-start=\"1602\" data-end=\"1622\">Kiml\u0259r \u00dc\u00e7\u00fcnd\u00fcr?<\/strong><\/p>\n<ul data-start=\"1625\" data-end=\"1988\">\n<li data-start=\"1625\" data-end=\"1710\">\n<p data-start=\"1627\" data-end=\"1710\">Individuals working in or entering the field of medical device quality management<\/p>\n<\/li>\n<li data-start=\"1711\" data-end=\"1795\">\n<p data-start=\"1713\" data-end=\"1795\">Professionals seeking foundational knowledge of MDQMS processes and requirements<\/p>\n<\/li>\n<li data-start=\"1796\" data-end=\"1905\">\n<p data-start=\"1798\" data-end=\"1905\">Students and early-career professionals interested in pursuing a career in medical devices and compliance<\/p>\n<\/li>\n<li data-start=\"1906\" data-end=\"1988\">\n<p data-start=\"1908\" data-end=\"1988\">Anyone aiming to earn a globally recognized ISO 13485 Foundation certification<\/p>\n<\/li>\n<\/ul>\n<p>&nbsp;<\/p>\n<p><a href=\"https:\/\/help.pecb.com\/index.php\/list-of-pecb-exams\/\" target=\"_blank\" rel=\"noopener\">Explore official exam details on PECB<\/a><\/p>","protected":false},"excerpt":{"rendered":"<p>This package includes official registration for the PECB ISO 13485 Foundation exam, along with comprehensive training materials. It is designed for professionals who want to understand the fundamental principles and processes of a Medical Devices Quality Management System (MDQMS) based on ISO 13485. Ideal for those beginning their journey in medical device quality management, or [&hellip;]<\/p>","protected":false},"featured_media":321,"template":"","meta":{"_acf_changed":false},"brand":[],"product_brand":[],"product_cat":[24,18],"product_tag":[],"class_list":{"0":"post-327","1":"product","2":"type-product","3":"status-publish","4":"has-post-thumbnail","6":"product_cat-health-and-safety","7":"product_cat-quality-and-sustainability","8":"pa_services-self-study","10":"first","11":"instock","12":"shipping-taxable","13":"purchasable","14":"product-type-simple"},"acf":[],"yoast_head":"<!-- This site is optimized with the Yoast SEO plugin v27.4 - https:\/\/yoast.com\/product\/yoast-seo-wordpress\/ -->\n<title>ISO 13485 Foundation - Conimcert E-Store<\/title>\n<meta name=\"robots\" content=\"index, follow, max-snippet:-1, max-image-preview:large, max-video-preview:-1\" \/>\n<link rel=\"canonical\" href=\"https:\/\/pecb.com\/en\/education-and-certification-for-individuals\/iso-13485\/iso-13485-foundation\" \/>\n<meta property=\"og:locale\" content=\"az_AZ\" \/>\n<meta property=\"og:type\" content=\"article\" \/>\n<meta property=\"og:title\" content=\"ISO 13485 Foundation - Conimcert E-Store\" \/>\n<meta property=\"og:description\" content=\"This package includes official registration for the PECB ISO 13485 Foundation exam, along with comprehensive training materials. It is designed for professionals who want to understand the fundamental principles and processes of a Medical Devices Quality Management System (MDQMS) based on ISO 13485. Ideal for those beginning their journey in medical device quality management, or [&hellip;]\" \/>\n<meta property=\"og:url\" content=\"https:\/\/pecb.com\/en\/education-and-certification-for-individuals\/iso-13485\/iso-13485-foundation\" \/>\n<meta property=\"og:site_name\" content=\"Conimcert E-Store\" \/>\n<meta property=\"article:modified_time\" content=\"2025-12-07T00:13:22+00:00\" \/>\n<meta property=\"og:image\" content=\"https:\/\/store.conimcert.com\/wp-content\/uploads\/2025\/08\/ISO-13485-Foundation.png\" \/>\n\t<meta property=\"og:image:width\" content=\"451\" \/>\n\t<meta property=\"og:image:height\" content=\"451\" \/>\n\t<meta property=\"og:image:type\" content=\"image\/png\" \/>\n<meta name=\"twitter:card\" content=\"summary_large_image\" \/>\n<meta name=\"twitter:label1\" content=\"Est. reading time\" \/>\n\t<meta name=\"twitter:data1\" content=\"2 minutes\" \/>\n<script type=\"application\/ld+json\" class=\"yoast-schema-graph\">{\"@context\":\"https:\\\/\\\/schema.org\",\"@graph\":[{\"@type\":\"WebPage\",\"@id\":\"https:\\\/\\\/store.conimcert.com\\\/course\\\/quality-and-sustainability\\\/iso-13485-foundation\\\/\",\"url\":\"https:\\\/\\\/pecb.com\\\/en\\\/education-and-certification-for-individuals\\\/iso-13485\\\/iso-13485-foundation\",\"name\":\"ISO 13485 Foundation - Conimcert E-Store\",\"isPartOf\":{\"@id\":\"https:\\\/\\\/store.conimcert.com\\\/#website\"},\"primaryImageOfPage\":{\"@id\":\"https:\\\/\\\/pecb.com\\\/en\\\/education-and-certification-for-individuals\\\/iso-13485\\\/iso-13485-foundation#primaryimage\"},\"image\":{\"@id\":\"https:\\\/\\\/pecb.com\\\/en\\\/education-and-certification-for-individuals\\\/iso-13485\\\/iso-13485-foundation#primaryimage\"},\"thumbnailUrl\":\"https:\\\/\\\/store.conimcert.com\\\/wp-content\\\/uploads\\\/2025\\\/08\\\/ISO-13485-Foundation.png\",\"datePublished\":\"2025-08-26T06:47:38+00:00\",\"dateModified\":\"2025-12-07T00:13:22+00:00\",\"breadcrumb\":{\"@id\":\"https:\\\/\\\/pecb.com\\\/en\\\/education-and-certification-for-individuals\\\/iso-13485\\\/iso-13485-foundation#breadcrumb\"},\"inLanguage\":\"az\",\"potentialAction\":[{\"@type\":\"ReadAction\",\"target\":[\"https:\\\/\\\/pecb.com\\\/en\\\/education-and-certification-for-individuals\\\/iso-13485\\\/iso-13485-foundation\"]}]},{\"@type\":\"ImageObject\",\"inLanguage\":\"az\",\"@id\":\"https:\\\/\\\/pecb.com\\\/en\\\/education-and-certification-for-individuals\\\/iso-13485\\\/iso-13485-foundation#primaryimage\",\"url\":\"https:\\\/\\\/store.conimcert.com\\\/wp-content\\\/uploads\\\/2025\\\/08\\\/ISO-13485-Foundation.png\",\"contentUrl\":\"https:\\\/\\\/store.conimcert.com\\\/wp-content\\\/uploads\\\/2025\\\/08\\\/ISO-13485-Foundation.png\",\"width\":451,\"height\":451},{\"@type\":\"BreadcrumbList\",\"@id\":\"https:\\\/\\\/pecb.com\\\/en\\\/education-and-certification-for-individuals\\\/iso-13485\\\/iso-13485-foundation#breadcrumb\",\"itemListElement\":[{\"@type\":\"ListItem\",\"position\":1,\"name\":\"Home\",\"item\":\"https:\\\/\\\/store.conimcert.com\\\/\"},{\"@type\":\"ListItem\",\"position\":2,\"name\":\"Shop\",\"item\":\"https:\\\/\\\/store.conimcert.com\\\/shop\\\/\"},{\"@type\":\"ListItem\",\"position\":3,\"name\":\"ISO 13485 Foundation\"}]},{\"@type\":\"WebSite\",\"@id\":\"https:\\\/\\\/store.conimcert.com\\\/#website\",\"url\":\"https:\\\/\\\/store.conimcert.com\\\/\",\"name\":\"Conimcert E-Store\",\"description\":\"\",\"publisher\":{\"@id\":\"https:\\\/\\\/store.conimcert.com\\\/#organization\"},\"potentialAction\":[{\"@type\":\"SearchAction\",\"target\":{\"@type\":\"EntryPoint\",\"urlTemplate\":\"https:\\\/\\\/store.conimcert.com\\\/?s={search_term_string}\"},\"query-input\":{\"@type\":\"PropertyValueSpecification\",\"valueRequired\":true,\"valueName\":\"search_term_string\"}}],\"inLanguage\":\"az\"},{\"@type\":\"Organization\",\"@id\":\"https:\\\/\\\/store.conimcert.com\\\/#organization\",\"name\":\"Conimcert E-Store\",\"url\":\"https:\\\/\\\/store.conimcert.com\\\/\",\"logo\":{\"@type\":\"ImageObject\",\"inLanguage\":\"az\",\"@id\":\"https:\\\/\\\/store.conimcert.com\\\/#\\\/schema\\\/logo\\\/image\\\/\",\"url\":\"https:\\\/\\\/store.conimcert.com\\\/wp-content\\\/uploads\\\/2025\\\/07\\\/Conim-LOGO-768x132-1.png\",\"contentUrl\":\"https:\\\/\\\/store.conimcert.com\\\/wp-content\\\/uploads\\\/2025\\\/07\\\/Conim-LOGO-768x132-1.png\",\"width\":768,\"height\":132,\"caption\":\"Conimcert E-Store\"},\"image\":{\"@id\":\"https:\\\/\\\/store.conimcert.com\\\/#\\\/schema\\\/logo\\\/image\\\/\"}}]}<\/script>\n<!-- \/ Yoast SEO plugin. -->","yoast_head_json":{"title":"ISO 13485 Foundation - Conimcert E-Store","robots":{"index":"index","follow":"follow","max-snippet":"max-snippet:-1","max-image-preview":"max-image-preview:large","max-video-preview":"max-video-preview:-1"},"canonical":"https:\/\/pecb.com\/en\/education-and-certification-for-individuals\/iso-13485\/iso-13485-foundation","og_locale":"az_AZ","og_type":"article","og_title":"ISO 13485 Foundation - Conimcert E-Store","og_description":"This package includes official registration for the PECB ISO 13485 Foundation exam, along with comprehensive training materials. It is designed for professionals who want to understand the fundamental principles and processes of a Medical Devices Quality Management System (MDQMS) based on ISO 13485. Ideal for those beginning their journey in medical device quality management, or [&hellip;]","og_url":"https:\/\/pecb.com\/en\/education-and-certification-for-individuals\/iso-13485\/iso-13485-foundation","og_site_name":"Conimcert E-Store","article_modified_time":"2025-12-07T00:13:22+00:00","og_image":[{"width":451,"height":451,"url":"https:\/\/store.conimcert.com\/wp-content\/uploads\/2025\/08\/ISO-13485-Foundation.png","type":"image\/png"}],"twitter_card":"summary_large_image","twitter_misc":{"Est. reading time":"2 minutes"},"schema":{"@context":"https:\/\/schema.org","@graph":[{"@type":"WebPage","@id":"https:\/\/store.conimcert.com\/course\/quality-and-sustainability\/iso-13485-foundation\/","url":"https:\/\/pecb.com\/en\/education-and-certification-for-individuals\/iso-13485\/iso-13485-foundation","name":"ISO 13485 Foundation - Conimcert E-Store","isPartOf":{"@id":"https:\/\/store.conimcert.com\/#website"},"primaryImageOfPage":{"@id":"https:\/\/pecb.com\/en\/education-and-certification-for-individuals\/iso-13485\/iso-13485-foundation#primaryimage"},"image":{"@id":"https:\/\/pecb.com\/en\/education-and-certification-for-individuals\/iso-13485\/iso-13485-foundation#primaryimage"},"thumbnailUrl":"https:\/\/store.conimcert.com\/wp-content\/uploads\/2025\/08\/ISO-13485-Foundation.png","datePublished":"2025-08-26T06:47:38+00:00","dateModified":"2025-12-07T00:13:22+00:00","breadcrumb":{"@id":"https:\/\/pecb.com\/en\/education-and-certification-for-individuals\/iso-13485\/iso-13485-foundation#breadcrumb"},"inLanguage":"az","potentialAction":[{"@type":"ReadAction","target":["https:\/\/pecb.com\/en\/education-and-certification-for-individuals\/iso-13485\/iso-13485-foundation"]}]},{"@type":"ImageObject","inLanguage":"az","@id":"https:\/\/pecb.com\/en\/education-and-certification-for-individuals\/iso-13485\/iso-13485-foundation#primaryimage","url":"https:\/\/store.conimcert.com\/wp-content\/uploads\/2025\/08\/ISO-13485-Foundation.png","contentUrl":"https:\/\/store.conimcert.com\/wp-content\/uploads\/2025\/08\/ISO-13485-Foundation.png","width":451,"height":451},{"@type":"BreadcrumbList","@id":"https:\/\/pecb.com\/en\/education-and-certification-for-individuals\/iso-13485\/iso-13485-foundation#breadcrumb","itemListElement":[{"@type":"ListItem","position":1,"name":"Home","item":"https:\/\/store.conimcert.com\/"},{"@type":"ListItem","position":2,"name":"Shop","item":"https:\/\/store.conimcert.com\/shop\/"},{"@type":"ListItem","position":3,"name":"ISO 13485 Foundation"}]},{"@type":"WebSite","@id":"https:\/\/store.conimcert.com\/#website","url":"https:\/\/store.conimcert.com\/","name":"Conimcert E-Store","description":"","publisher":{"@id":"https:\/\/store.conimcert.com\/#organization"},"potentialAction":[{"@type":"SearchAction","target":{"@type":"EntryPoint","urlTemplate":"https:\/\/store.conimcert.com\/?s={search_term_string}"},"query-input":{"@type":"PropertyValueSpecification","valueRequired":true,"valueName":"search_term_string"}}],"inLanguage":"az"},{"@type":"Organization","@id":"https:\/\/store.conimcert.com\/#organization","name":"Conimcert E-Store","url":"https:\/\/store.conimcert.com\/","logo":{"@type":"ImageObject","inLanguage":"az","@id":"https:\/\/store.conimcert.com\/#\/schema\/logo\/image\/","url":"https:\/\/store.conimcert.com\/wp-content\/uploads\/2025\/07\/Conim-LOGO-768x132-1.png","contentUrl":"https:\/\/store.conimcert.com\/wp-content\/uploads\/2025\/07\/Conim-LOGO-768x132-1.png","width":768,"height":132,"caption":"Conimcert E-Store"},"image":{"@id":"https:\/\/store.conimcert.com\/#\/schema\/logo\/image\/"}}]}},"_links":{"self":[{"href":"https:\/\/store.conimcert.com\/az\/wp-json\/wp\/v2\/product\/327","targetHints":{"allow":["GET"]}}],"collection":[{"href":"https:\/\/store.conimcert.com\/az\/wp-json\/wp\/v2\/product"}],"about":[{"href":"https:\/\/store.conimcert.com\/az\/wp-json\/wp\/v2\/types\/product"}],"wp:featuredmedia":[{"embeddable":true,"href":"https:\/\/store.conimcert.com\/az\/wp-json\/wp\/v2\/media\/321"}],"wp:attachment":[{"href":"https:\/\/store.conimcert.com\/az\/wp-json\/wp\/v2\/media?parent=327"}],"wp:term":[{"taxonomy":"brand","embeddable":true,"href":"https:\/\/store.conimcert.com\/az\/wp-json\/wp\/v2\/brand?post=327"},{"taxonomy":"product_brand","embeddable":true,"href":"https:\/\/store.conimcert.com\/az\/wp-json\/wp\/v2\/product_brand?post=327"},{"taxonomy":"product_cat","embeddable":true,"href":"https:\/\/store.conimcert.com\/az\/wp-json\/wp\/v2\/product_cat?post=327"},{"taxonomy":"product_tag","embeddable":true,"href":"https:\/\/store.conimcert.com\/az\/wp-json\/wp\/v2\/product_tag?post=327"}],"curies":[{"name":"wp","href":"https:\/\/api.w.org\/{rel}","templated":true}]}}