{"id":326,"date":"2025-08-26T06:41:53","date_gmt":"2025-08-26T06:41:53","guid":{"rendered":"https:\/\/store.conimcert.com\/?post_type=product&#038;p=326"},"modified":"2025-12-07T00:13:22","modified_gmt":"2025-12-07T00:13:22","slug":"iso-13485-lead-implementer","status":"publish","type":"product","link":"https:\/\/store.conimcert.com\/az\/course\/quality-and-sustainability\/iso-13485-lead-implementer\/","title":{"rendered":"ISO 13485 Lead Implementer"},"content":{"rendered":"<p data-start=\"204\" data-end=\"528\">This package includes official registration for the PECB ISO 13485 Lead Implementer exam, together with comprehensive training materials. It is designed for professionals who want to develop the expertise to establish, implement, manage, and maintain a <strong>Medical Devices Quality Management System<\/strong> (MDQMS) based on ISO 13485.<\/p>\n<p data-start=\"530\" data-end=\"728\">Ideal for those who want to apply best practices in medical device quality management, improve organizational performance, and ensure the consistent delivery of safe, high-quality medical devices.<\/p>\n<p data-start=\"641\" data-end=\"809\"><a href=\"https:\/\/pecb.com\/en\/education-and-certification-for-individuals\/iso-13485\/iso-13485-lead-implementer\" target=\"_blank\" rel=\"noopener\">Click for more info<\/a><\/p>\n<p data-start=\"730\" data-end=\"752\"><strong data-start=\"730\" data-end=\"750\">N\u0259 Daxildir:<\/strong><\/p>\n<ul data-start=\"753\" data-end=\"1080\">\n<li data-start=\"753\" data-end=\"815\">\n<p data-start=\"755\" data-end=\"815\">Official PECB ISO 13485 Lead Implementer exam registration<\/p>\n<\/li>\n<li data-start=\"816\" data-end=\"892\">\n<p data-start=\"818\" data-end=\"892\">Full training course materials with case studies, exercises, and quizzes<\/p>\n<\/li>\n<li data-start=\"893\" data-end=\"945\">\n<p data-start=\"895\" data-end=\"945\">Digital resources for study and exam preparation<\/p>\n<\/li>\n<li data-start=\"946\" data-end=\"970\">\n<p data-start=\"948\" data-end=\"970\">1 illik imtahan\u0131n etibarl\u0131l\u0131\u011f\u0131<\/p>\n<\/li>\n<li data-start=\"971\" data-end=\"1009\">\n<p data-start=\"973\" data-end=\"1009\">Free second exam attempt if needed<\/p>\n<\/li>\n<li data-start=\"1010\" data-end=\"1080\">\n<p data-start=\"1012\" data-end=\"1080\">Online exam format \u2013 take it from anywhere, anytime via PECB Exams<\/p>\n<\/li>\n<\/ul>\n<p data-start=\"1082\" data-end=\"1112\"><strong data-start=\"1082\" data-end=\"1110\">Niy\u0259 bu paketi se\u00e7m\u0259lisiniz?<\/strong><\/p>\n<ul data-start=\"1113\" data-end=\"1541\">\n<li data-start=\"1113\" data-end=\"1191\">\n<p data-start=\"1115\" data-end=\"1191\">Gain in-depth knowledge of ISO 13485 requirements and MDQMS implementation<\/p>\n<\/li>\n<li data-start=\"1192\" data-end=\"1286\">\n<p data-start=\"1194\" data-end=\"1286\">Master methods and techniques for planning, managing, monitoring, and maintaining an MDQMS<\/p>\n<\/li>\n<li data-start=\"1287\" data-end=\"1366\">\n<p data-start=\"1289\" data-end=\"1366\">Learn how to align ISO 13485 with other standards and regulatory frameworks<\/p>\n<\/li>\n<li data-start=\"1367\" data-end=\"1457\">\n<p data-start=\"1369\" data-end=\"1457\">Acquire the expertise to advise organizations on medical device quality best practices<\/p>\n<\/li>\n<li data-start=\"1458\" data-end=\"1541\">\n<p data-start=\"1460\" data-end=\"1541\">Prepare with interactive exercises, role-playing, and practice exam simulations<\/p>\n<\/li>\n<\/ul>\n<p data-start=\"1543\" data-end=\"1565\"><strong data-start=\"1543\" data-end=\"1563\">Kiml\u0259r \u00dc\u00e7\u00fcnd\u00fcr?<\/strong><\/p>\n<ul data-start=\"1566\" data-end=\"1927\">\n<li data-start=\"1566\" data-end=\"1639\">\n<p data-start=\"1568\" data-end=\"1639\">Managers and consultants working in medical device quality management<\/p>\n<\/li>\n<li data-start=\"1640\" data-end=\"1698\">\n<p data-start=\"1642\" data-end=\"1698\">Expert advisors seeking to master MDQMS implementation<\/p>\n<\/li>\n<li data-start=\"1699\" data-end=\"1779\">\n<p data-start=\"1701\" data-end=\"1779\">Professionals responsible for maintaining compliance with MDQMS requirements<\/p>\n<\/li>\n<li data-start=\"1780\" data-end=\"1836\">\n<p data-start=\"1782\" data-end=\"1836\">Members of MDQMS implementation and operations teams<\/p>\n<\/li>\n<li data-start=\"1837\" data-end=\"1927\">\n<p data-start=\"1839\" data-end=\"1927\">Anyone aiming to earn the globally recognized ISO 13485 Lead Implementer certification<\/p>\n<\/li>\n<\/ul>\n<p>&nbsp;<\/p>\n<p><a href=\"https:\/\/help.pecb.com\/index.php\/list-of-pecb-exams\/\" target=\"_blank\" rel=\"noopener\">Explore official exam details on PECB<\/a><\/p>","protected":false},"excerpt":{"rendered":"<p>This package includes official registration for the PECB ISO 13485 Lead Implementer exam, together with comprehensive training materials. It is designed for professionals who want to develop the expertise to establish, implement, manage, and maintain a Medical Devices Quality Management System (MDQMS) based on ISO 13485. Ideal for those who want to apply best practices [&hellip;]<\/p>","protected":false},"featured_media":323,"template":"","meta":{"_acf_changed":false},"brand":[],"product_brand":[],"product_cat":[24,18],"product_tag":[],"class_list":{"0":"post-326","1":"product","2":"type-product","3":"status-publish","4":"has-post-thumbnail","6":"product_cat-health-and-safety","7":"product_cat-quality-and-sustainability","8":"pa_services-self-study","10":"first","11":"instock","12":"shipping-taxable","13":"purchasable","14":"product-type-simple"},"acf":[],"yoast_head":"<!-- This site is optimized with the Yoast SEO plugin v27.4 - https:\/\/yoast.com\/product\/yoast-seo-wordpress\/ -->\n<title>ISO 13485 Lead Implementer - Conimcert E-Store<\/title>\n<meta name=\"robots\" content=\"index, follow, max-snippet:-1, max-image-preview:large, max-video-preview:-1\" \/>\n<link rel=\"canonical\" href=\"https:\/\/pecb.com\/en\/education-and-certification-for-individuals\/iso-13485\/iso-13485-lead-implementer\" \/>\n<meta property=\"og:locale\" content=\"az_AZ\" \/>\n<meta property=\"og:type\" content=\"article\" \/>\n<meta property=\"og:title\" content=\"ISO 13485 Lead Implementer - Conimcert E-Store\" \/>\n<meta property=\"og:description\" content=\"This package includes official registration for the PECB ISO 13485 Lead Implementer exam, together with comprehensive training materials. It is designed for professionals who want to develop the expertise to establish, implement, manage, and maintain a Medical Devices Quality Management System (MDQMS) based on ISO 13485. Ideal for those who want to apply best practices [&hellip;]\" \/>\n<meta property=\"og:url\" content=\"https:\/\/pecb.com\/en\/education-and-certification-for-individuals\/iso-13485\/iso-13485-lead-implementer\" \/>\n<meta property=\"og:site_name\" content=\"Conimcert E-Store\" \/>\n<meta property=\"article:modified_time\" content=\"2025-12-07T00:13:22+00:00\" \/>\n<meta property=\"og:image\" content=\"https:\/\/store.conimcert.com\/wp-content\/uploads\/2025\/08\/ISO-13485-Lead-Implementer.png\" \/>\n\t<meta property=\"og:image:width\" content=\"451\" \/>\n\t<meta property=\"og:image:height\" content=\"451\" \/>\n\t<meta property=\"og:image:type\" content=\"image\/png\" \/>\n<meta name=\"twitter:card\" content=\"summary_large_image\" \/>\n<meta name=\"twitter:label1\" content=\"Est. reading time\" \/>\n\t<meta name=\"twitter:data1\" content=\"2 minutes\" \/>\n<script type=\"application\/ld+json\" class=\"yoast-schema-graph\">{\"@context\":\"https:\\\/\\\/schema.org\",\"@graph\":[{\"@type\":\"WebPage\",\"@id\":\"https:\\\/\\\/store.conimcert.com\\\/course\\\/quality-and-sustainability\\\/iso-13485-lead-implementer\\\/\",\"url\":\"https:\\\/\\\/pecb.com\\\/en\\\/education-and-certification-for-individuals\\\/iso-13485\\\/iso-13485-lead-implementer\",\"name\":\"ISO 13485 Lead Implementer - Conimcert E-Store\",\"isPartOf\":{\"@id\":\"https:\\\/\\\/store.conimcert.com\\\/#website\"},\"primaryImageOfPage\":{\"@id\":\"https:\\\/\\\/pecb.com\\\/en\\\/education-and-certification-for-individuals\\\/iso-13485\\\/iso-13485-lead-implementer#primaryimage\"},\"image\":{\"@id\":\"https:\\\/\\\/pecb.com\\\/en\\\/education-and-certification-for-individuals\\\/iso-13485\\\/iso-13485-lead-implementer#primaryimage\"},\"thumbnailUrl\":\"https:\\\/\\\/store.conimcert.com\\\/wp-content\\\/uploads\\\/2025\\\/08\\\/ISO-13485-Lead-Implementer.png\",\"datePublished\":\"2025-08-26T06:41:53+00:00\",\"dateModified\":\"2025-12-07T00:13:22+00:00\",\"breadcrumb\":{\"@id\":\"https:\\\/\\\/pecb.com\\\/en\\\/education-and-certification-for-individuals\\\/iso-13485\\\/iso-13485-lead-implementer#breadcrumb\"},\"inLanguage\":\"az\",\"potentialAction\":[{\"@type\":\"ReadAction\",\"target\":[\"https:\\\/\\\/pecb.com\\\/en\\\/education-and-certification-for-individuals\\\/iso-13485\\\/iso-13485-lead-implementer\"]}]},{\"@type\":\"ImageObject\",\"inLanguage\":\"az\",\"@id\":\"https:\\\/\\\/pecb.com\\\/en\\\/education-and-certification-for-individuals\\\/iso-13485\\\/iso-13485-lead-implementer#primaryimage\",\"url\":\"https:\\\/\\\/store.conimcert.com\\\/wp-content\\\/uploads\\\/2025\\\/08\\\/ISO-13485-Lead-Implementer.png\",\"contentUrl\":\"https:\\\/\\\/store.conimcert.com\\\/wp-content\\\/uploads\\\/2025\\\/08\\\/ISO-13485-Lead-Implementer.png\",\"width\":451,\"height\":451},{\"@type\":\"BreadcrumbList\",\"@id\":\"https:\\\/\\\/pecb.com\\\/en\\\/education-and-certification-for-individuals\\\/iso-13485\\\/iso-13485-lead-implementer#breadcrumb\",\"itemListElement\":[{\"@type\":\"ListItem\",\"position\":1,\"name\":\"Home\",\"item\":\"https:\\\/\\\/store.conimcert.com\\\/\"},{\"@type\":\"ListItem\",\"position\":2,\"name\":\"Shop\",\"item\":\"https:\\\/\\\/store.conimcert.com\\\/shop\\\/\"},{\"@type\":\"ListItem\",\"position\":3,\"name\":\"ISO 13485 Lead Implementer\"}]},{\"@type\":\"WebSite\",\"@id\":\"https:\\\/\\\/store.conimcert.com\\\/#website\",\"url\":\"https:\\\/\\\/store.conimcert.com\\\/\",\"name\":\"Conimcert E-Store\",\"description\":\"\",\"publisher\":{\"@id\":\"https:\\\/\\\/store.conimcert.com\\\/#organization\"},\"potentialAction\":[{\"@type\":\"SearchAction\",\"target\":{\"@type\":\"EntryPoint\",\"urlTemplate\":\"https:\\\/\\\/store.conimcert.com\\\/?s={search_term_string}\"},\"query-input\":{\"@type\":\"PropertyValueSpecification\",\"valueRequired\":true,\"valueName\":\"search_term_string\"}}],\"inLanguage\":\"az\"},{\"@type\":\"Organization\",\"@id\":\"https:\\\/\\\/store.conimcert.com\\\/#organization\",\"name\":\"Conimcert E-Store\",\"url\":\"https:\\\/\\\/store.conimcert.com\\\/\",\"logo\":{\"@type\":\"ImageObject\",\"inLanguage\":\"az\",\"@id\":\"https:\\\/\\\/store.conimcert.com\\\/#\\\/schema\\\/logo\\\/image\\\/\",\"url\":\"https:\\\/\\\/store.conimcert.com\\\/wp-content\\\/uploads\\\/2025\\\/07\\\/Conim-LOGO-768x132-1.png\",\"contentUrl\":\"https:\\\/\\\/store.conimcert.com\\\/wp-content\\\/uploads\\\/2025\\\/07\\\/Conim-LOGO-768x132-1.png\",\"width\":768,\"height\":132,\"caption\":\"Conimcert E-Store\"},\"image\":{\"@id\":\"https:\\\/\\\/store.conimcert.com\\\/#\\\/schema\\\/logo\\\/image\\\/\"}}]}<\/script>\n<!-- \/ Yoast SEO plugin. -->","yoast_head_json":{"title":"ISO 13485 Lead Implementer - Conimcert E-Store","robots":{"index":"index","follow":"follow","max-snippet":"max-snippet:-1","max-image-preview":"max-image-preview:large","max-video-preview":"max-video-preview:-1"},"canonical":"https:\/\/pecb.com\/en\/education-and-certification-for-individuals\/iso-13485\/iso-13485-lead-implementer","og_locale":"az_AZ","og_type":"article","og_title":"ISO 13485 Lead Implementer - Conimcert E-Store","og_description":"This package includes official registration for the PECB ISO 13485 Lead Implementer exam, together with comprehensive training materials. It is designed for professionals who want to develop the expertise to establish, implement, manage, and maintain a Medical Devices Quality Management System (MDQMS) based on ISO 13485. Ideal for those who want to apply best practices [&hellip;]","og_url":"https:\/\/pecb.com\/en\/education-and-certification-for-individuals\/iso-13485\/iso-13485-lead-implementer","og_site_name":"Conimcert E-Store","article_modified_time":"2025-12-07T00:13:22+00:00","og_image":[{"width":451,"height":451,"url":"https:\/\/store.conimcert.com\/wp-content\/uploads\/2025\/08\/ISO-13485-Lead-Implementer.png","type":"image\/png"}],"twitter_card":"summary_large_image","twitter_misc":{"Est. reading time":"2 minutes"},"schema":{"@context":"https:\/\/schema.org","@graph":[{"@type":"WebPage","@id":"https:\/\/store.conimcert.com\/course\/quality-and-sustainability\/iso-13485-lead-implementer\/","url":"https:\/\/pecb.com\/en\/education-and-certification-for-individuals\/iso-13485\/iso-13485-lead-implementer","name":"ISO 13485 Lead Implementer - Conimcert E-Store","isPartOf":{"@id":"https:\/\/store.conimcert.com\/#website"},"primaryImageOfPage":{"@id":"https:\/\/pecb.com\/en\/education-and-certification-for-individuals\/iso-13485\/iso-13485-lead-implementer#primaryimage"},"image":{"@id":"https:\/\/pecb.com\/en\/education-and-certification-for-individuals\/iso-13485\/iso-13485-lead-implementer#primaryimage"},"thumbnailUrl":"https:\/\/store.conimcert.com\/wp-content\/uploads\/2025\/08\/ISO-13485-Lead-Implementer.png","datePublished":"2025-08-26T06:41:53+00:00","dateModified":"2025-12-07T00:13:22+00:00","breadcrumb":{"@id":"https:\/\/pecb.com\/en\/education-and-certification-for-individuals\/iso-13485\/iso-13485-lead-implementer#breadcrumb"},"inLanguage":"az","potentialAction":[{"@type":"ReadAction","target":["https:\/\/pecb.com\/en\/education-and-certification-for-individuals\/iso-13485\/iso-13485-lead-implementer"]}]},{"@type":"ImageObject","inLanguage":"az","@id":"https:\/\/pecb.com\/en\/education-and-certification-for-individuals\/iso-13485\/iso-13485-lead-implementer#primaryimage","url":"https:\/\/store.conimcert.com\/wp-content\/uploads\/2025\/08\/ISO-13485-Lead-Implementer.png","contentUrl":"https:\/\/store.conimcert.com\/wp-content\/uploads\/2025\/08\/ISO-13485-Lead-Implementer.png","width":451,"height":451},{"@type":"BreadcrumbList","@id":"https:\/\/pecb.com\/en\/education-and-certification-for-individuals\/iso-13485\/iso-13485-lead-implementer#breadcrumb","itemListElement":[{"@type":"ListItem","position":1,"name":"Home","item":"https:\/\/store.conimcert.com\/"},{"@type":"ListItem","position":2,"name":"Shop","item":"https:\/\/store.conimcert.com\/shop\/"},{"@type":"ListItem","position":3,"name":"ISO 13485 Lead Implementer"}]},{"@type":"WebSite","@id":"https:\/\/store.conimcert.com\/#website","url":"https:\/\/store.conimcert.com\/","name":"Conimcert E-Store","description":"","publisher":{"@id":"https:\/\/store.conimcert.com\/#organization"},"potentialAction":[{"@type":"SearchAction","target":{"@type":"EntryPoint","urlTemplate":"https:\/\/store.conimcert.com\/?s={search_term_string}"},"query-input":{"@type":"PropertyValueSpecification","valueRequired":true,"valueName":"search_term_string"}}],"inLanguage":"az"},{"@type":"Organization","@id":"https:\/\/store.conimcert.com\/#organization","name":"Conimcert E-Store","url":"https:\/\/store.conimcert.com\/","logo":{"@type":"ImageObject","inLanguage":"az","@id":"https:\/\/store.conimcert.com\/#\/schema\/logo\/image\/","url":"https:\/\/store.conimcert.com\/wp-content\/uploads\/2025\/07\/Conim-LOGO-768x132-1.png","contentUrl":"https:\/\/store.conimcert.com\/wp-content\/uploads\/2025\/07\/Conim-LOGO-768x132-1.png","width":768,"height":132,"caption":"Conimcert E-Store"},"image":{"@id":"https:\/\/store.conimcert.com\/#\/schema\/logo\/image\/"}}]}},"_links":{"self":[{"href":"https:\/\/store.conimcert.com\/az\/wp-json\/wp\/v2\/product\/326","targetHints":{"allow":["GET"]}}],"collection":[{"href":"https:\/\/store.conimcert.com\/az\/wp-json\/wp\/v2\/product"}],"about":[{"href":"https:\/\/store.conimcert.com\/az\/wp-json\/wp\/v2\/types\/product"}],"wp:featuredmedia":[{"embeddable":true,"href":"https:\/\/store.conimcert.com\/az\/wp-json\/wp\/v2\/media\/323"}],"wp:attachment":[{"href":"https:\/\/store.conimcert.com\/az\/wp-json\/wp\/v2\/media?parent=326"}],"wp:term":[{"taxonomy":"brand","embeddable":true,"href":"https:\/\/store.conimcert.com\/az\/wp-json\/wp\/v2\/brand?post=326"},{"taxonomy":"product_brand","embeddable":true,"href":"https:\/\/store.conimcert.com\/az\/wp-json\/wp\/v2\/product_brand?post=326"},{"taxonomy":"product_cat","embeddable":true,"href":"https:\/\/store.conimcert.com\/az\/wp-json\/wp\/v2\/product_cat?post=326"},{"taxonomy":"product_tag","embeddable":true,"href":"https:\/\/store.conimcert.com\/az\/wp-json\/wp\/v2\/product_tag?post=326"}],"curies":[{"name":"wp","href":"https:\/\/api.w.org\/{rel}","templated":true}]}}