{"id":320,"date":"2025-08-26T05:26:43","date_gmt":"2025-08-26T05:26:43","guid":{"rendered":"https:\/\/store.conimcert.com\/?post_type=product&#038;p=320"},"modified":"2025-12-07T00:13:21","modified_gmt":"2025-12-07T00:13:21","slug":"iso-13485-lead-auditor","status":"publish","type":"product","link":"https:\/\/store.conimcert.com\/az\/course\/quality-and-sustainability\/iso-13485-lead-auditor\/","title":{"rendered":"ISO 13485 Lead Auditor"},"content":{"rendered":"<p data-start=\"223\" data-end=\"569\">This package includes official registration for the PECB ISO 13485 Lead Auditor exam, together with comprehensive training materials. It is designed for professionals who want to develop the expertise to perform <strong>Medical Devices Quality Management System<\/strong> (MDQMS) audits by applying widely recognized audit principles, procedures, and techniques.<\/p>\n<p data-start=\"571\" data-end=\"777\">Ideal for those who want to master audit planning, execution, and reporting, while building the competence to lead audit teams and ensure conformance with ISO 13485 requirements and global best practices.<\/p>\n<p data-start=\"615\" data-end=\"747\"><a href=\"https:\/\/pecb.com\/en\/education-and-certification-for-individuals\/iso-13485\/iso-13485-lead-auditor\" target=\"_blank\" rel=\"noopener\">Click for more info<\/a><\/p>\n<p data-start=\"779\" data-end=\"801\"><strong data-start=\"779\" data-end=\"799\">N\u0259 Daxildir:<\/strong><\/p>\n<ul data-start=\"802\" data-end=\"1130\">\n<li data-start=\"802\" data-end=\"860\">\n<p data-start=\"804\" data-end=\"860\">Official PECB ISO 13485 Lead Auditor exam registration<\/p>\n<\/li>\n<li data-start=\"861\" data-end=\"937\">\n<p data-start=\"863\" data-end=\"937\">Full training course materials with case studies, exercises, and quizzes<\/p>\n<\/li>\n<li data-start=\"938\" data-end=\"995\">\n<p data-start=\"940\" data-end=\"995\">Digital resources for self-study and exam preparation<\/p>\n<\/li>\n<li data-start=\"996\" data-end=\"1020\">\n<p data-start=\"998\" data-end=\"1020\">1 illik imtahan\u0131n etibarl\u0131l\u0131\u011f\u0131<\/p>\n<\/li>\n<li data-start=\"1021\" data-end=\"1059\">\n<p data-start=\"1023\" data-end=\"1059\">Free second exam attempt if needed<\/p>\n<\/li>\n<li data-start=\"1060\" data-end=\"1130\">\n<p data-start=\"1062\" data-end=\"1130\">Online exam format \u2013 take it from anywhere, anytime via PECB Exams<\/p>\n<\/li>\n<\/ul>\n<p data-start=\"1132\" data-end=\"1162\"><strong data-start=\"1132\" data-end=\"1160\">Niy\u0259 bu paketi se\u00e7m\u0259lisiniz?<\/strong><\/p>\n<ul data-start=\"1163\" data-end=\"1719\">\n<li data-start=\"1163\" data-end=\"1287\">\n<p data-start=\"1165\" data-end=\"1287\">Gain knowledge and skills to perform internal and external MDQMS audits in compliance with ISO 19011 and ISO\/IEC 17021-1<\/p>\n<\/li>\n<li data-start=\"1288\" data-end=\"1400\">\n<p data-start=\"1290\" data-end=\"1400\">Master audit techniques and learn how to manage an audit program, audit team, and communication with clients<\/p>\n<\/li>\n<li data-start=\"1401\" data-end=\"1512\">\n<p data-start=\"1403\" data-end=\"1512\">Understand the operations of an MDQMS and the correlation between ISO 13485 and other regulatory frameworks<\/p>\n<\/li>\n<li data-start=\"1513\" data-end=\"1618\">\n<p data-start=\"1515\" data-end=\"1618\">Learn how to interpret ISO 13485 requirements in the context of auditing medical device organizations<\/p>\n<\/li>\n<li data-start=\"1619\" data-end=\"1719\">\n<p data-start=\"1621\" data-end=\"1719\">Prepare effectively for certification with practical exercises, role-playing, and practice tests<\/p>\n<\/li>\n<\/ul>\n<p data-start=\"1721\" data-end=\"1743\"><strong data-start=\"1721\" data-end=\"1741\">Kiml\u0259r \u00dc\u00e7\u00fcnd\u00fcr?<\/strong><\/p>\n<ul data-start=\"1744\" data-end=\"2160\">\n<li data-start=\"1744\" data-end=\"1811\">\n<p data-start=\"1746\" data-end=\"1811\">Auditors seeking to perform and lead MDQMS certification audits<\/p>\n<\/li>\n<li data-start=\"1812\" data-end=\"1884\">\n<p data-start=\"1814\" data-end=\"1884\">Managers and consultants mastering the medical devices audit process<\/p>\n<\/li>\n<li data-start=\"1885\" data-end=\"1970\">\n<p data-start=\"1887\" data-end=\"1970\">Professionals responsible for maintaining MDQMS conformity in their organizations<\/p>\n<\/li>\n<li data-start=\"1971\" data-end=\"2023\">\n<p data-start=\"1973\" data-end=\"2023\">Technical experts preparing for ISO 13485 audits<\/p>\n<\/li>\n<li data-start=\"2024\" data-end=\"2073\">\n<p data-start=\"2026\" data-end=\"2073\">Advisors in medical device quality management<\/p>\n<\/li>\n<li data-start=\"2074\" data-end=\"2160\">\n<p data-start=\"2076\" data-end=\"2160\">Anyone aiming to earn the globally recognized ISO 13485 Lead Auditor certification<\/p>\n<\/li>\n<\/ul>\n<p>&nbsp;<\/p>\n<p><a href=\"https:\/\/help.pecb.com\/index.php\/list-of-pecb-exams\/\" target=\"_blank\" rel=\"noopener\">Explore official exam details on PECB<\/a><\/p>","protected":false},"excerpt":{"rendered":"<p>This package includes official registration for the PECB ISO 13485 Lead Auditor exam, together with comprehensive training materials. It is designed for professionals who want to develop the expertise to perform Medical Devices Quality Management System (MDQMS) audits by applying widely recognized audit principles, procedures, and techniques. Ideal for those who want to master audit [&hellip;]<\/p>","protected":false},"featured_media":322,"template":"","meta":{"_acf_changed":false},"brand":[],"product_brand":[],"product_cat":[24,18],"product_tag":[],"class_list":{"0":"post-320","1":"product","2":"type-product","3":"status-publish","4":"has-post-thumbnail","6":"product_cat-health-and-safety","7":"product_cat-quality-and-sustainability","8":"pa_services-self-study","10":"first","11":"instock","12":"shipping-taxable","13":"purchasable","14":"product-type-simple"},"acf":[],"yoast_head":"<!-- This site is optimized with the Yoast SEO plugin v27.4 - https:\/\/yoast.com\/product\/yoast-seo-wordpress\/ -->\n<title>ISO 13485 Lead Auditor - Conimcert E-Store<\/title>\n<meta name=\"robots\" content=\"index, follow, max-snippet:-1, max-image-preview:large, max-video-preview:-1\" \/>\n<link rel=\"canonical\" href=\"https:\/\/pecb.com\/en\/education-and-certification-for-individuals\/iso-13485\/iso-13485-lead-auditor\" \/>\n<meta property=\"og:locale\" content=\"az_AZ\" \/>\n<meta property=\"og:type\" content=\"article\" \/>\n<meta property=\"og:title\" content=\"ISO 13485 Lead Auditor - Conimcert E-Store\" \/>\n<meta property=\"og:description\" content=\"This package includes official registration for the PECB ISO 13485 Lead Auditor exam, together with comprehensive training materials. It is designed for professionals who want to develop the expertise to perform Medical Devices Quality Management System (MDQMS) audits by applying widely recognized audit principles, procedures, and techniques. Ideal for those who want to master audit [&hellip;]\" \/>\n<meta property=\"og:url\" content=\"https:\/\/pecb.com\/en\/education-and-certification-for-individuals\/iso-13485\/iso-13485-lead-auditor\" \/>\n<meta property=\"og:site_name\" content=\"Conimcert E-Store\" \/>\n<meta property=\"article:modified_time\" content=\"2025-12-07T00:13:21+00:00\" \/>\n<meta property=\"og:image\" content=\"https:\/\/store.conimcert.com\/wp-content\/uploads\/2025\/08\/ISO-13485-Lead-Auditor.png\" \/>\n\t<meta property=\"og:image:width\" content=\"451\" \/>\n\t<meta property=\"og:image:height\" content=\"451\" \/>\n\t<meta property=\"og:image:type\" content=\"image\/png\" \/>\n<meta name=\"twitter:card\" content=\"summary_large_image\" \/>\n<meta name=\"twitter:label1\" content=\"Est. reading time\" \/>\n\t<meta name=\"twitter:data1\" content=\"2 minutes\" \/>\n<script type=\"application\/ld+json\" class=\"yoast-schema-graph\">{\"@context\":\"https:\\\/\\\/schema.org\",\"@graph\":[{\"@type\":\"WebPage\",\"@id\":\"https:\\\/\\\/store.conimcert.com\\\/course\\\/quality-and-sustainability\\\/iso-13485-lead-auditor\\\/\",\"url\":\"https:\\\/\\\/pecb.com\\\/en\\\/education-and-certification-for-individuals\\\/iso-13485\\\/iso-13485-lead-auditor\",\"name\":\"ISO 13485 Lead Auditor - Conimcert E-Store\",\"isPartOf\":{\"@id\":\"https:\\\/\\\/store.conimcert.com\\\/#website\"},\"primaryImageOfPage\":{\"@id\":\"https:\\\/\\\/pecb.com\\\/en\\\/education-and-certification-for-individuals\\\/iso-13485\\\/iso-13485-lead-auditor#primaryimage\"},\"image\":{\"@id\":\"https:\\\/\\\/pecb.com\\\/en\\\/education-and-certification-for-individuals\\\/iso-13485\\\/iso-13485-lead-auditor#primaryimage\"},\"thumbnailUrl\":\"https:\\\/\\\/store.conimcert.com\\\/wp-content\\\/uploads\\\/2025\\\/08\\\/ISO-13485-Lead-Auditor.png\",\"datePublished\":\"2025-08-26T05:26:43+00:00\",\"dateModified\":\"2025-12-07T00:13:21+00:00\",\"breadcrumb\":{\"@id\":\"https:\\\/\\\/pecb.com\\\/en\\\/education-and-certification-for-individuals\\\/iso-13485\\\/iso-13485-lead-auditor#breadcrumb\"},\"inLanguage\":\"az\",\"potentialAction\":[{\"@type\":\"ReadAction\",\"target\":[\"https:\\\/\\\/pecb.com\\\/en\\\/education-and-certification-for-individuals\\\/iso-13485\\\/iso-13485-lead-auditor\"]}]},{\"@type\":\"ImageObject\",\"inLanguage\":\"az\",\"@id\":\"https:\\\/\\\/pecb.com\\\/en\\\/education-and-certification-for-individuals\\\/iso-13485\\\/iso-13485-lead-auditor#primaryimage\",\"url\":\"https:\\\/\\\/store.conimcert.com\\\/wp-content\\\/uploads\\\/2025\\\/08\\\/ISO-13485-Lead-Auditor.png\",\"contentUrl\":\"https:\\\/\\\/store.conimcert.com\\\/wp-content\\\/uploads\\\/2025\\\/08\\\/ISO-13485-Lead-Auditor.png\",\"width\":451,\"height\":451},{\"@type\":\"BreadcrumbList\",\"@id\":\"https:\\\/\\\/pecb.com\\\/en\\\/education-and-certification-for-individuals\\\/iso-13485\\\/iso-13485-lead-auditor#breadcrumb\",\"itemListElement\":[{\"@type\":\"ListItem\",\"position\":1,\"name\":\"Home\",\"item\":\"https:\\\/\\\/store.conimcert.com\\\/\"},{\"@type\":\"ListItem\",\"position\":2,\"name\":\"Shop\",\"item\":\"https:\\\/\\\/store.conimcert.com\\\/shop\\\/\"},{\"@type\":\"ListItem\",\"position\":3,\"name\":\"ISO 13485 Lead Auditor\"}]},{\"@type\":\"WebSite\",\"@id\":\"https:\\\/\\\/store.conimcert.com\\\/#website\",\"url\":\"https:\\\/\\\/store.conimcert.com\\\/\",\"name\":\"Conimcert E-Store\",\"description\":\"\",\"publisher\":{\"@id\":\"https:\\\/\\\/store.conimcert.com\\\/#organization\"},\"potentialAction\":[{\"@type\":\"SearchAction\",\"target\":{\"@type\":\"EntryPoint\",\"urlTemplate\":\"https:\\\/\\\/store.conimcert.com\\\/?s={search_term_string}\"},\"query-input\":{\"@type\":\"PropertyValueSpecification\",\"valueRequired\":true,\"valueName\":\"search_term_string\"}}],\"inLanguage\":\"az\"},{\"@type\":\"Organization\",\"@id\":\"https:\\\/\\\/store.conimcert.com\\\/#organization\",\"name\":\"Conimcert E-Store\",\"url\":\"https:\\\/\\\/store.conimcert.com\\\/\",\"logo\":{\"@type\":\"ImageObject\",\"inLanguage\":\"az\",\"@id\":\"https:\\\/\\\/store.conimcert.com\\\/#\\\/schema\\\/logo\\\/image\\\/\",\"url\":\"https:\\\/\\\/store.conimcert.com\\\/wp-content\\\/uploads\\\/2025\\\/07\\\/Conim-LOGO-768x132-1.png\",\"contentUrl\":\"https:\\\/\\\/store.conimcert.com\\\/wp-content\\\/uploads\\\/2025\\\/07\\\/Conim-LOGO-768x132-1.png\",\"width\":768,\"height\":132,\"caption\":\"Conimcert E-Store\"},\"image\":{\"@id\":\"https:\\\/\\\/store.conimcert.com\\\/#\\\/schema\\\/logo\\\/image\\\/\"}}]}<\/script>\n<!-- \/ Yoast SEO plugin. -->","yoast_head_json":{"title":"ISO 13485 Lead Auditor - Conimcert E-Store","robots":{"index":"index","follow":"follow","max-snippet":"max-snippet:-1","max-image-preview":"max-image-preview:large","max-video-preview":"max-video-preview:-1"},"canonical":"https:\/\/pecb.com\/en\/education-and-certification-for-individuals\/iso-13485\/iso-13485-lead-auditor","og_locale":"az_AZ","og_type":"article","og_title":"ISO 13485 Lead Auditor - Conimcert E-Store","og_description":"This package includes official registration for the PECB ISO 13485 Lead Auditor exam, together with comprehensive training materials. It is designed for professionals who want to develop the expertise to perform Medical Devices Quality Management System (MDQMS) audits by applying widely recognized audit principles, procedures, and techniques. Ideal for those who want to master audit [&hellip;]","og_url":"https:\/\/pecb.com\/en\/education-and-certification-for-individuals\/iso-13485\/iso-13485-lead-auditor","og_site_name":"Conimcert E-Store","article_modified_time":"2025-12-07T00:13:21+00:00","og_image":[{"width":451,"height":451,"url":"https:\/\/store.conimcert.com\/wp-content\/uploads\/2025\/08\/ISO-13485-Lead-Auditor.png","type":"image\/png"}],"twitter_card":"summary_large_image","twitter_misc":{"Est. reading time":"2 minutes"},"schema":{"@context":"https:\/\/schema.org","@graph":[{"@type":"WebPage","@id":"https:\/\/store.conimcert.com\/course\/quality-and-sustainability\/iso-13485-lead-auditor\/","url":"https:\/\/pecb.com\/en\/education-and-certification-for-individuals\/iso-13485\/iso-13485-lead-auditor","name":"ISO 13485 Lead Auditor - Conimcert E-Store","isPartOf":{"@id":"https:\/\/store.conimcert.com\/#website"},"primaryImageOfPage":{"@id":"https:\/\/pecb.com\/en\/education-and-certification-for-individuals\/iso-13485\/iso-13485-lead-auditor#primaryimage"},"image":{"@id":"https:\/\/pecb.com\/en\/education-and-certification-for-individuals\/iso-13485\/iso-13485-lead-auditor#primaryimage"},"thumbnailUrl":"https:\/\/store.conimcert.com\/wp-content\/uploads\/2025\/08\/ISO-13485-Lead-Auditor.png","datePublished":"2025-08-26T05:26:43+00:00","dateModified":"2025-12-07T00:13:21+00:00","breadcrumb":{"@id":"https:\/\/pecb.com\/en\/education-and-certification-for-individuals\/iso-13485\/iso-13485-lead-auditor#breadcrumb"},"inLanguage":"az","potentialAction":[{"@type":"ReadAction","target":["https:\/\/pecb.com\/en\/education-and-certification-for-individuals\/iso-13485\/iso-13485-lead-auditor"]}]},{"@type":"ImageObject","inLanguage":"az","@id":"https:\/\/pecb.com\/en\/education-and-certification-for-individuals\/iso-13485\/iso-13485-lead-auditor#primaryimage","url":"https:\/\/store.conimcert.com\/wp-content\/uploads\/2025\/08\/ISO-13485-Lead-Auditor.png","contentUrl":"https:\/\/store.conimcert.com\/wp-content\/uploads\/2025\/08\/ISO-13485-Lead-Auditor.png","width":451,"height":451},{"@type":"BreadcrumbList","@id":"https:\/\/pecb.com\/en\/education-and-certification-for-individuals\/iso-13485\/iso-13485-lead-auditor#breadcrumb","itemListElement":[{"@type":"ListItem","position":1,"name":"Home","item":"https:\/\/store.conimcert.com\/"},{"@type":"ListItem","position":2,"name":"Shop","item":"https:\/\/store.conimcert.com\/shop\/"},{"@type":"ListItem","position":3,"name":"ISO 13485 Lead Auditor"}]},{"@type":"WebSite","@id":"https:\/\/store.conimcert.com\/#website","url":"https:\/\/store.conimcert.com\/","name":"Conimcert E-Store","description":"","publisher":{"@id":"https:\/\/store.conimcert.com\/#organization"},"potentialAction":[{"@type":"SearchAction","target":{"@type":"EntryPoint","urlTemplate":"https:\/\/store.conimcert.com\/?s={search_term_string}"},"query-input":{"@type":"PropertyValueSpecification","valueRequired":true,"valueName":"search_term_string"}}],"inLanguage":"az"},{"@type":"Organization","@id":"https:\/\/store.conimcert.com\/#organization","name":"Conimcert E-Store","url":"https:\/\/store.conimcert.com\/","logo":{"@type":"ImageObject","inLanguage":"az","@id":"https:\/\/store.conimcert.com\/#\/schema\/logo\/image\/","url":"https:\/\/store.conimcert.com\/wp-content\/uploads\/2025\/07\/Conim-LOGO-768x132-1.png","contentUrl":"https:\/\/store.conimcert.com\/wp-content\/uploads\/2025\/07\/Conim-LOGO-768x132-1.png","width":768,"height":132,"caption":"Conimcert E-Store"},"image":{"@id":"https:\/\/store.conimcert.com\/#\/schema\/logo\/image\/"}}]}},"_links":{"self":[{"href":"https:\/\/store.conimcert.com\/az\/wp-json\/wp\/v2\/product\/320","targetHints":{"allow":["GET"]}}],"collection":[{"href":"https:\/\/store.conimcert.com\/az\/wp-json\/wp\/v2\/product"}],"about":[{"href":"https:\/\/store.conimcert.com\/az\/wp-json\/wp\/v2\/types\/product"}],"wp:featuredmedia":[{"embeddable":true,"href":"https:\/\/store.conimcert.com\/az\/wp-json\/wp\/v2\/media\/322"}],"wp:attachment":[{"href":"https:\/\/store.conimcert.com\/az\/wp-json\/wp\/v2\/media?parent=320"}],"wp:term":[{"taxonomy":"brand","embeddable":true,"href":"https:\/\/store.conimcert.com\/az\/wp-json\/wp\/v2\/brand?post=320"},{"taxonomy":"product_brand","embeddable":true,"href":"https:\/\/store.conimcert.com\/az\/wp-json\/wp\/v2\/product_brand?post=320"},{"taxonomy":"product_cat","embeddable":true,"href":"https:\/\/store.conimcert.com\/az\/wp-json\/wp\/v2\/product_cat?post=320"},{"taxonomy":"product_tag","embeddable":true,"href":"https:\/\/store.conimcert.com\/az\/wp-json\/wp\/v2\/product_tag?post=320"}],"curies":[{"name":"wp","href":"https:\/\/api.w.org\/{rel}","templated":true}]}}