{"id":311,"date":"2025-08-22T10:47:59","date_gmt":"2025-08-22T10:47:59","guid":{"rendered":"https:\/\/store.conimcert.com\/?post_type=product&#038;p=311"},"modified":"2026-01-16T19:39:59","modified_gmt":"2026-01-16T19:39:59","slug":"iso-27001-lead-implementer-e-learning","status":"publish","type":"product","link":"https:\/\/store.conimcert.com\/az\/course\/information-security\/iso-27001-lead-implementer-e-learning\/","title":{"rendered":"ISO 27001 Lead Implementer &#8211; E-learning"},"content":{"rendered":"<p data-start=\"254\" data-end=\"646\">This package includes official registration for the PECB ISO\/IEC 27001 Lead Implementer exam, together with full access to interactive eLearning training via the PECB KATE app. It\u2019s designed for professionals who want to master the implementation, management, and continual improvement of an Information Security Management System (ISMS) \u2014 all through a flexible online learning experience.<\/p>\n<p data-start=\"648\" data-end=\"825\">Ideal for those who prefer a self-paced, video-based training format enriched with quizzes, animations, and digital course materials, without the need to attend live sessions.<\/p>\n<p data-start=\"648\" data-end=\"825\"><a href=\"https:\/\/pecb.com\/pdf\/brochures\/iso-iec-27001-lead-implementer-elearning.pdf\" target=\"_blank\" rel=\"noopener\">Click for more info<\/a><\/p>\n<p data-start=\"827\" data-end=\"849\"><strong data-start=\"827\" data-end=\"847\">N\u0259 Daxildir:<\/strong><\/p>\n<ul data-start=\"850\" data-end=\"1290\">\n<li data-start=\"850\" data-end=\"908\">\n<p data-start=\"852\" data-end=\"908\">Official PECB Lead Implementer-level exam registration<\/p>\n<\/li>\n<li data-start=\"909\" data-end=\"985\">\n<p data-start=\"911\" data-end=\"985\">Full eLearning training course on the KATE app (video modules + quizzes)<\/p>\n<\/li>\n<li data-start=\"986\" data-end=\"1082\">\n<p data-start=\"988\" data-end=\"1082\">Digital training materials (over 450 pages with case studies, exercises, and best practices)<\/p>\n<\/li>\n<li data-start=\"1083\" data-end=\"1155\">\n<p data-start=\"1085\" data-end=\"1155\">31 CPD (Continuing Professional Development) credits upon completion<\/p>\n<\/li>\n<li data-start=\"1156\" data-end=\"1180\">\n<p data-start=\"1158\" data-end=\"1180\">1 illik imtahan\u0131n etibarl\u0131l\u0131\u011f\u0131<\/p>\n<\/li>\n<li data-start=\"1181\" data-end=\"1219\">\n<p data-start=\"1183\" data-end=\"1219\">Free second exam attempt if needed<\/p>\n<\/li>\n<li data-start=\"1220\" data-end=\"1290\">\n<p data-start=\"1222\" data-end=\"1290\">Online exam format \u2013 take it from anywhere, anytime via PECB Exams<\/p>\n<\/li>\n<\/ul>\n<p data-start=\"1292\" data-end=\"1322\"><strong data-start=\"1292\" data-end=\"1320\">Niy\u0259 bu paketi se\u00e7m\u0259lisiniz?<\/strong><\/p>\n<ul data-start=\"1323\" data-end=\"1946\">\n<li data-start=\"1323\" data-end=\"1386\">\n<p data-start=\"1325\" data-end=\"1386\">100% online eLearning format \u2013 accessible anytime, anywhere<\/p>\n<\/li>\n<li data-start=\"1387\" data-end=\"1453\">\n<p data-start=\"1389\" data-end=\"1453\">Learn at your own pace with unlimited access to course modules<\/p>\n<\/li>\n<li data-start=\"1454\" data-end=\"1840\">\n<p data-start=\"1456\" data-end=\"1525\">Covers the full ISO\/IEC 27001:2022 implementation cycle, including:<\/p>\n<ul data-start=\"1528\" data-end=\"1840\">\n<li data-start=\"1528\" data-end=\"1575\">\n<p data-start=\"1530\" data-end=\"1575\">ISMS principles, concepts, and requirements<\/p>\n<\/li>\n<li data-start=\"1578\" data-end=\"1646\">\n<p data-start=\"1580\" data-end=\"1646\">Risk assessment, treatment, and Statement of Applicability (SoA)<\/p>\n<\/li>\n<li data-start=\"1649\" data-end=\"1700\">\n<p data-start=\"1651\" data-end=\"1700\">Policies, controls, and documentation practices<\/p>\n<\/li>\n<li data-start=\"1703\" data-end=\"1765\">\n<p data-start=\"1705\" data-end=\"1765\">Implementation planning and security operations management<\/p>\n<\/li>\n<li data-start=\"1768\" data-end=\"1840\">\n<p data-start=\"1770\" data-end=\"1840\">Internal audit, continual improvement, and certification preparation<\/p>\n<\/li>\n<\/ul>\n<\/li>\n<li data-start=\"1841\" data-end=\"1946\">\n<p data-start=\"1843\" data-end=\"1946\">Delivered by experienced international trainers with engaging video content and interactive exercises<\/p>\n<\/li>\n<\/ul>\n<p data-start=\"1948\" data-end=\"1970\"><strong data-start=\"1948\" data-end=\"1968\">Kiml\u0259r \u00dc\u00e7\u00fcnd\u00fcr?<\/strong><\/p>\n<ul data-start=\"1971\" data-end=\"2290\">\n<li data-start=\"1971\" data-end=\"2039\">\n<p data-start=\"1973\" data-end=\"2039\">Project managers and consultants involved in ISMS implementation<\/p>\n<\/li>\n<li data-start=\"2040\" data-end=\"2093\">\n<p data-start=\"2042\" data-end=\"2093\">Information security and compliance professionals<\/p>\n<\/li>\n<li data-start=\"2094\" data-end=\"2156\">\n<p data-start=\"2096\" data-end=\"2156\">Expert advisors seeking to strengthen their ISMS knowledge<\/p>\n<\/li>\n<li data-start=\"2157\" data-end=\"2197\">\n<p data-start=\"2159\" data-end=\"2197\">Members of ISMS implementation teams<\/p>\n<\/li>\n<li data-start=\"2198\" data-end=\"2290\">\n<p data-start=\"2200\" data-end=\"2290\">Anyone aiming to earn a globally recognized ISO\/IEC 27001 Lead Implementer certification<\/p>\n<\/li>\n<\/ul>\n<p>&nbsp;<\/p>\n<p><a href=\"https:\/\/help.pecb.com\/index.php\/list-of-pecb-exams\/\" target=\"_blank\" rel=\"noopener\">Explore official exam details on PECB<\/a><\/p>","protected":false},"excerpt":{"rendered":"<p>This package includes official registration for the PECB ISO\/IEC 27001 Lead Implementer exam, together with full access to interactive eLearning training via the PECB KATE app. It\u2019s designed for professionals who want to master the implementation, management, and continual improvement of an Information Security Management System (ISMS) \u2014 all through a flexible online learning experience. [&hellip;]<\/p>","protected":false},"featured_media":314,"template":"","meta":{"_acf_changed":false},"brand":[],"product_brand":[],"product_cat":[22],"product_tag":[],"class_list":{"0":"post-311","1":"product","2":"type-product","3":"status-publish","4":"has-post-thumbnail","6":"product_cat-information-security","7":"pa_services-e-learning","9":"first","10":"instock","11":"shipping-taxable","12":"purchasable","13":"product-type-simple"},"acf":[],"yoast_head":"<!-- This site is optimized with the Yoast SEO plugin v25.7 - https:\/\/yoast.com\/wordpress\/plugins\/seo\/ -->\n<title>ISO 27001 Lead Implementer - E-learning - Conimcert E-Store<\/title>\n<meta name=\"robots\" content=\"index, follow, max-snippet:-1, max-image-preview:large, max-video-preview:-1\" \/>\n<link rel=\"canonical\" href=\"https:\/\/pecb.com\/pdf\/brochures\/iso-iec-27001-lead-implementer-elearning.pdf\" \/>\n<meta property=\"og:locale\" content=\"az_AZ\" \/>\n<meta property=\"og:type\" content=\"article\" \/>\n<meta property=\"og:title\" content=\"ISO 27001 Lead Implementer - E-learning - Conimcert E-Store\" \/>\n<meta property=\"og:description\" content=\"This package includes official registration for the PECB ISO\/IEC 27001 Lead Implementer exam, together with full access to interactive eLearning training via the PECB KATE app. It\u2019s designed for professionals who want to master the implementation, management, and continual improvement of an Information Security Management System (ISMS) \u2014 all through a flexible online learning experience. [&hellip;]\" \/>\n<meta property=\"og:url\" content=\"https:\/\/pecb.com\/pdf\/brochures\/iso-iec-27001-lead-implementer-elearning.pdf\" \/>\n<meta property=\"og:site_name\" content=\"Conimcert E-Store\" \/>\n<meta property=\"article:modified_time\" content=\"2026-01-16T19:39:59+00:00\" \/>\n<meta property=\"og:image\" content=\"https:\/\/store.conimcert.com\/wp-content\/uploads\/2025\/08\/IEC-27001-Lead-Implementer-e-learning.png\" \/>\n\t<meta property=\"og:image:width\" content=\"452\" \/>\n\t<meta property=\"og:image:height\" content=\"451\" \/>\n\t<meta property=\"og:image:type\" content=\"image\/png\" \/>\n<meta name=\"twitter:card\" content=\"summary_large_image\" \/>\n<meta name=\"twitter:label1\" content=\"Est. reading time\" \/>\n\t<meta name=\"twitter:data1\" content=\"2 minutes\" \/>\n<script type=\"application\/ld+json\" class=\"yoast-schema-graph\">{\"@context\":\"https:\/\/schema.org\",\"@graph\":[{\"@type\":\"WebPage\",\"@id\":\"https:\/\/store.conimcert.com\/course\/information-security\/iso-27001-lead-implementer-e-learning\/\",\"url\":\"https:\/\/pecb.com\/pdf\/brochures\/iso-iec-27001-lead-implementer-elearning.pdf\",\"name\":\"ISO 27001 Lead Implementer - E-learning - Conimcert E-Store\",\"isPartOf\":{\"@id\":\"https:\/\/store.conimcert.com\/#website\"},\"primaryImageOfPage\":{\"@id\":\"https:\/\/pecb.com\/pdf\/brochures\/iso-iec-27001-lead-implementer-elearning.pdf#primaryimage\"},\"image\":{\"@id\":\"https:\/\/pecb.com\/pdf\/brochures\/iso-iec-27001-lead-implementer-elearning.pdf#primaryimage\"},\"thumbnailUrl\":\"https:\/\/store.conimcert.com\/wp-content\/uploads\/2025\/08\/IEC-27001-Lead-Implementer-e-learning.png\",\"datePublished\":\"2025-08-22T10:47:59+00:00\",\"dateModified\":\"2026-01-16T19:39:59+00:00\",\"breadcrumb\":{\"@id\":\"https:\/\/pecb.com\/pdf\/brochures\/iso-iec-27001-lead-implementer-elearning.pdf#breadcrumb\"},\"inLanguage\":\"az\",\"potentialAction\":[{\"@type\":\"ReadAction\",\"target\":[\"https:\/\/pecb.com\/pdf\/brochures\/iso-iec-27001-lead-implementer-elearning.pdf\"]}]},{\"@type\":\"ImageObject\",\"inLanguage\":\"az\",\"@id\":\"https:\/\/pecb.com\/pdf\/brochures\/iso-iec-27001-lead-implementer-elearning.pdf#primaryimage\",\"url\":\"https:\/\/store.conimcert.com\/wp-content\/uploads\/2025\/08\/IEC-27001-Lead-Implementer-e-learning.png\",\"contentUrl\":\"https:\/\/store.conimcert.com\/wp-content\/uploads\/2025\/08\/IEC-27001-Lead-Implementer-e-learning.png\",\"width\":452,\"height\":451},{\"@type\":\"BreadcrumbList\",\"@id\":\"https:\/\/pecb.com\/pdf\/brochures\/iso-iec-27001-lead-implementer-elearning.pdf#breadcrumb\",\"itemListElement\":[{\"@type\":\"ListItem\",\"position\":1,\"name\":\"Home\",\"item\":\"https:\/\/store.conimcert.com\/\"},{\"@type\":\"ListItem\",\"position\":2,\"name\":\"Shop\",\"item\":\"https:\/\/store.conimcert.com\/shop\/\"},{\"@type\":\"ListItem\",\"position\":3,\"name\":\"ISO 27001 Lead Implementer &#8211; E-learning\"}]},{\"@type\":\"WebSite\",\"@id\":\"https:\/\/store.conimcert.com\/#website\",\"url\":\"https:\/\/store.conimcert.com\/\",\"name\":\"Conimcert E-Store\",\"description\":\"\",\"publisher\":{\"@id\":\"https:\/\/store.conimcert.com\/#organization\"},\"potentialAction\":[{\"@type\":\"SearchAction\",\"target\":{\"@type\":\"EntryPoint\",\"urlTemplate\":\"https:\/\/store.conimcert.com\/?s={search_term_string}\"},\"query-input\":{\"@type\":\"PropertyValueSpecification\",\"valueRequired\":true,\"valueName\":\"search_term_string\"}}],\"inLanguage\":\"az\"},{\"@type\":\"Organization\",\"@id\":\"https:\/\/store.conimcert.com\/#organization\",\"name\":\"Conimcert E-Store\",\"url\":\"https:\/\/store.conimcert.com\/\",\"logo\":{\"@type\":\"ImageObject\",\"inLanguage\":\"az\",\"@id\":\"https:\/\/store.conimcert.com\/#\/schema\/logo\/image\/\",\"url\":\"https:\/\/store.conimcert.com\/wp-content\/uploads\/2025\/07\/Conim-LOGO-768x132-1.png\",\"contentUrl\":\"https:\/\/store.conimcert.com\/wp-content\/uploads\/2025\/07\/Conim-LOGO-768x132-1.png\",\"width\":768,\"height\":132,\"caption\":\"Conimcert E-Store\"},\"image\":{\"@id\":\"https:\/\/store.conimcert.com\/#\/schema\/logo\/image\/\"}}]}<\/script>\n<!-- \/ Yoast SEO plugin. -->","yoast_head_json":{"title":"ISO 27001 Lead Implementer - E-learning - Conimcert E-Store","robots":{"index":"index","follow":"follow","max-snippet":"max-snippet:-1","max-image-preview":"max-image-preview:large","max-video-preview":"max-video-preview:-1"},"canonical":"https:\/\/pecb.com\/pdf\/brochures\/iso-iec-27001-lead-implementer-elearning.pdf","og_locale":"az_AZ","og_type":"article","og_title":"ISO 27001 Lead Implementer - E-learning - Conimcert E-Store","og_description":"This package includes official registration for the PECB ISO\/IEC 27001 Lead Implementer exam, together with full access to interactive eLearning training via the PECB KATE app. It\u2019s designed for professionals who want to master the implementation, management, and continual improvement of an Information Security Management System (ISMS) \u2014 all through a flexible online learning experience. [&hellip;]","og_url":"https:\/\/pecb.com\/pdf\/brochures\/iso-iec-27001-lead-implementer-elearning.pdf","og_site_name":"Conimcert E-Store","article_modified_time":"2026-01-16T19:39:59+00:00","og_image":[{"width":452,"height":451,"url":"https:\/\/store.conimcert.com\/wp-content\/uploads\/2025\/08\/IEC-27001-Lead-Implementer-e-learning.png","type":"image\/png"}],"twitter_card":"summary_large_image","twitter_misc":{"Est. reading time":"2 minutes"},"schema":{"@context":"https:\/\/schema.org","@graph":[{"@type":"WebPage","@id":"https:\/\/store.conimcert.com\/course\/information-security\/iso-27001-lead-implementer-e-learning\/","url":"https:\/\/pecb.com\/pdf\/brochures\/iso-iec-27001-lead-implementer-elearning.pdf","name":"ISO 27001 Lead Implementer - E-learning - Conimcert E-Store","isPartOf":{"@id":"https:\/\/store.conimcert.com\/#website"},"primaryImageOfPage":{"@id":"https:\/\/pecb.com\/pdf\/brochures\/iso-iec-27001-lead-implementer-elearning.pdf#primaryimage"},"image":{"@id":"https:\/\/pecb.com\/pdf\/brochures\/iso-iec-27001-lead-implementer-elearning.pdf#primaryimage"},"thumbnailUrl":"https:\/\/store.conimcert.com\/wp-content\/uploads\/2025\/08\/IEC-27001-Lead-Implementer-e-learning.png","datePublished":"2025-08-22T10:47:59+00:00","dateModified":"2026-01-16T19:39:59+00:00","breadcrumb":{"@id":"https:\/\/pecb.com\/pdf\/brochures\/iso-iec-27001-lead-implementer-elearning.pdf#breadcrumb"},"inLanguage":"az","potentialAction":[{"@type":"ReadAction","target":["https:\/\/pecb.com\/pdf\/brochures\/iso-iec-27001-lead-implementer-elearning.pdf"]}]},{"@type":"ImageObject","inLanguage":"az","@id":"https:\/\/pecb.com\/pdf\/brochures\/iso-iec-27001-lead-implementer-elearning.pdf#primaryimage","url":"https:\/\/store.conimcert.com\/wp-content\/uploads\/2025\/08\/IEC-27001-Lead-Implementer-e-learning.png","contentUrl":"https:\/\/store.conimcert.com\/wp-content\/uploads\/2025\/08\/IEC-27001-Lead-Implementer-e-learning.png","width":452,"height":451},{"@type":"BreadcrumbList","@id":"https:\/\/pecb.com\/pdf\/brochures\/iso-iec-27001-lead-implementer-elearning.pdf#breadcrumb","itemListElement":[{"@type":"ListItem","position":1,"name":"Home","item":"https:\/\/store.conimcert.com\/"},{"@type":"ListItem","position":2,"name":"Shop","item":"https:\/\/store.conimcert.com\/shop\/"},{"@type":"ListItem","position":3,"name":"ISO 27001 Lead Implementer &#8211; E-learning"}]},{"@type":"WebSite","@id":"https:\/\/store.conimcert.com\/#website","url":"https:\/\/store.conimcert.com\/","name":"Conimcert E-Store","description":"","publisher":{"@id":"https:\/\/store.conimcert.com\/#organization"},"potentialAction":[{"@type":"SearchAction","target":{"@type":"EntryPoint","urlTemplate":"https:\/\/store.conimcert.com\/?s={search_term_string}"},"query-input":{"@type":"PropertyValueSpecification","valueRequired":true,"valueName":"search_term_string"}}],"inLanguage":"az"},{"@type":"Organization","@id":"https:\/\/store.conimcert.com\/#organization","name":"Conimcert E-Store","url":"https:\/\/store.conimcert.com\/","logo":{"@type":"ImageObject","inLanguage":"az","@id":"https:\/\/store.conimcert.com\/#\/schema\/logo\/image\/","url":"https:\/\/store.conimcert.com\/wp-content\/uploads\/2025\/07\/Conim-LOGO-768x132-1.png","contentUrl":"https:\/\/store.conimcert.com\/wp-content\/uploads\/2025\/07\/Conim-LOGO-768x132-1.png","width":768,"height":132,"caption":"Conimcert E-Store"},"image":{"@id":"https:\/\/store.conimcert.com\/#\/schema\/logo\/image\/"}}]}},"_links":{"self":[{"href":"https:\/\/store.conimcert.com\/az\/wp-json\/wp\/v2\/product\/311","targetHints":{"allow":["GET"]}}],"collection":[{"href":"https:\/\/store.conimcert.com\/az\/wp-json\/wp\/v2\/product"}],"about":[{"href":"https:\/\/store.conimcert.com\/az\/wp-json\/wp\/v2\/types\/product"}],"wp:featuredmedia":[{"embeddable":true,"href":"https:\/\/store.conimcert.com\/az\/wp-json\/wp\/v2\/media\/314"}],"wp:attachment":[{"href":"https:\/\/store.conimcert.com\/az\/wp-json\/wp\/v2\/media?parent=311"}],"wp:term":[{"taxonomy":"brand","embeddable":true,"href":"https:\/\/store.conimcert.com\/az\/wp-json\/wp\/v2\/brand?post=311"},{"taxonomy":"product_brand","embeddable":true,"href":"https:\/\/store.conimcert.com\/az\/wp-json\/wp\/v2\/product_brand?post=311"},{"taxonomy":"product_cat","embeddable":true,"href":"https:\/\/store.conimcert.com\/az\/wp-json\/wp\/v2\/product_cat?post=311"},{"taxonomy":"product_tag","embeddable":true,"href":"https:\/\/store.conimcert.com\/az\/wp-json\/wp\/v2\/product_tag?post=311"}],"curies":[{"name":"wp","href":"https:\/\/api.w.org\/{rel}","templated":true}]}}