{"id":306,"date":"2025-08-20T10:28:04","date_gmt":"2025-08-20T10:28:04","guid":{"rendered":"https:\/\/store.conimcert.com\/?post_type=product&#038;p=306"},"modified":"2026-01-16T19:39:58","modified_gmt":"2026-01-16T19:39:58","slug":"iso-27001-lead-auditor","status":"publish","type":"product","link":"https:\/\/store.conimcert.com\/az\/course\/information-security\/iso-27001-lead-auditor\/","title":{"rendered":"ISO 27001 Apar\u0131c\u0131 Auditor"},"content":{"rendered":"<p data-start=\"286\" data-end=\"613\">Bu paket\u0259 PECB ISO\/IEC 27001 Apar\u0131c\u0131 Auditor imtahan\u0131na r\u0259smi qeydiyyat v\u0259 \u0259hat\u0259li r\u0259q\u0259msal \u00f6z\u00fcn\u00fct\u0259hsil materiallar\u0131 daxildir. O, canl\u0131 t\u0259limd\u0259 i\u015ftirak etm\u0259d\u0259n \u0130nformasiya T\u0259hl\u00fck\u0259sizliyi \u0130dar\u0259etm\u0259 Sisteminin (ISMS) auditini aparmaq, qiym\u0259tl\u0259ndirm\u0259k v\u0259 sertifikatla\u015fd\u0131rmaq \u00fczr\u0259 bilik v\u0259 bacar\u0131qlar\u0131n\u0131 inki\u015faf etdirm\u0259k ist\u0259y\u0259n m\u00fct\u0259x\u0259ssisl\u0259r \u00fc\u00e7\u00fcn haz\u0131rlan\u0131b.<\/p>\n<p data-start=\"615\" data-end=\"747\">ISMS auditl\u0259rin\u0259 r\u0259hb\u0259rlik etm\u0259k v\u0259 ya onlar\u0131 d\u0259st\u0259kl\u0259m\u0259k, el\u0259c\u0259 d\u0259 t\u0259\u015fkilatlar\u0131n qlobal informasiya t\u0259hl\u00fck\u0259sizliyi standartlar\u0131na uy\u011funlu\u011funu t\u0259min etm\u0259k ist\u0259y\u0259nl\u0259r \u00fc\u00e7\u00fcn ideald\u0131r.<\/p>\n<p data-start=\"615\" data-end=\"747\"><a href=\"https:\/\/pecb.com\/en\/education-and-certification-for-individuals\/iso-iec-27001\/iso-iec-27001-lead-auditor\" target=\"_blank\" rel=\"noopener\">Click for more info<\/a><\/p>\n<p data-start=\"749\" data-end=\"771\"><strong data-start=\"749\" data-end=\"769\">N\u0259 Daxildir:<\/strong><\/p>\n<ul data-start=\"772\" data-end=\"1015\">\n<li data-start=\"772\" data-end=\"826\">\n<p data-start=\"774\" data-end=\"826\">R\u0259smi PECB Apar\u0131c\u0131 Auditor s\u0259viyy\u0259sind\u0259 imtahan qeydiyyat\u0131<\/p>\n<\/li>\n<li data-start=\"827\" data-end=\"882\">\n<p data-start=\"829\" data-end=\"882\">T\u0259lim materiallar\u0131 (r\u0259q\u0259msal) + n\u00fcmun\u0259vi imtahan suallar\u0131<\/p>\n<\/li>\n<li data-start=\"883\" data-end=\"907\">\n<p data-start=\"885\" data-end=\"907\">1 illik imtahan\u0131n etibarl\u0131l\u0131\u011f\u0131<\/p>\n<\/li>\n<li data-start=\"908\" data-end=\"941\">\n<p data-start=\"910\" data-end=\"941\">\u00d6d\u0259ni\u015fsiz ikinci c\u0259hd (1-ci imtahandan k\u0259sils\u0259niz)<\/p>\n<\/li>\n<li data-start=\"942\" data-end=\"1015\">\n<p data-start=\"944\" data-end=\"1015\">Onlayn imtahan format\u0131 \u2013 CONIM ofisind\u0259n v\u0259 ya siz\u0259 rahat m\u0259kanda imtahana daxil olun<\/p>\n<\/li>\n<\/ul>\n<p data-start=\"1017\" data-end=\"1047\"><strong data-start=\"1017\" data-end=\"1045\">Niy\u0259 bu paketi se\u00e7m\u0259lisiniz?<\/strong><\/p>\n<ul data-start=\"1048\" data-end=\"1599\">\n<li data-start=\"1048\" data-end=\"1096\">\n<p data-start=\"1050\" data-end=\"1096\">100% \u00f6z\u00fcn\u00fct\u0259dris \u2013 ist\u0259diyiniz vaxt v\u0259 tempd\u0259 oxuyun<\/p>\n<\/li>\n<li data-start=\"1097\" data-end=\"1162\">\n<p data-start=\"1099\" data-end=\"1162\">ISO\/IEC 27001:2022 standart\u0131 v\u0259 ISO 19011 \u00fczr\u0259 t\u0259limatlara \u0259saslan\u0131r.<\/p>\n<\/li>\n<li data-start=\"1163\" data-end=\"1599\">\n<p data-start=\"1165\" data-end=\"1214\">\u018fsas ISMS audit m\u00f6vzular\u0131n\u0131 \u0259hat\u0259 edir, o c\u00fcml\u0259d\u0259n:<\/p>\n<ul data-start=\"1217\" data-end=\"1599\">\n<li data-start=\"1217\" data-end=\"1265\">\n<p data-start=\"1219\" data-end=\"1265\">ISMS-in \u0259sas prinsipl\u0259ri v\u0259 t\u0259l\u0259bl\u0259ri<\/p>\n<\/li>\n<li data-start=\"1268\" data-end=\"1312\">\n<p data-start=\"1270\" data-end=\"1312\">Auditl\u0259rin planla\u015fd\u0131r\u0131lmas\u0131, icras\u0131 v\u0259 hesabatland\u0131r\u0131lmas\u0131<\/p>\n<\/li>\n<li data-start=\"1315\" data-end=\"1367\">\n<p data-start=\"1317\" data-end=\"1367\">Risk\u0259 \u0259saslanan audit yana\u015fmalar\u0131 v\u0259 n\u00fcmun\u0259 g\u00f6t\u00fcrm\u0259 metodlar\u0131<\/p>\n<\/li>\n<li data-start=\"1370\" data-end=\"1430\">\n<p data-start=\"1372\" data-end=\"1430\">Daxili v\u0259 xarici auditl\u0259r (sertifikatla\u015fd\u0131rma bax\u0131m\u0131ndan)<\/p>\n<\/li>\n<li data-start=\"1433\" data-end=\"1476\">\n<p data-start=\"1435\" data-end=\"1476\">Audit proqramlar\u0131n\u0131n v\u0259 audit qruplar\u0131n\u0131n idar\u0259 edilm\u0259si<\/p>\n<\/li>\n<li data-start=\"1479\" data-end=\"1541\">\n<p data-start=\"1481\" data-end=\"1541\">\u00dcnsiyy\u0259t, m\u00fcnaqi\u015f\u0259l\u0259rin h\u0259lli v\u0259 n\u0259tic\u0259l\u0259rin hesabat\u0131<\/p>\n<\/li>\n<li data-start=\"1544\" data-end=\"1599\">\n<p data-start=\"1546\" data-end=\"1599\">Davaml\u0131 t\u0259kmill\u0259\u015fdirm\u0259 v\u0259 auditd\u0259n sonrak\u0131 prosesl\u0259r<\/p>\n<\/li>\n<\/ul>\n<\/li>\n<\/ul>\n<p data-start=\"1601\" data-end=\"1623\"><strong data-start=\"1601\" data-end=\"1621\">Kiml\u0259r \u00dc\u00e7\u00fcnd\u00fcr?<\/strong><\/p>\n<ul data-start=\"1624\" data-end=\"1941\">\n<li data-start=\"1624\" data-end=\"1676\">\n<p data-start=\"1626\" data-end=\"1676\">ISMS auditl\u0259rini aparmaq v\u0259 onlara r\u0259hb\u0259rlik etm\u0259k ist\u0259y\u0259n auditorlar<\/p>\n<\/li>\n<li data-start=\"1677\" data-end=\"1730\">\n<p data-start=\"1679\" data-end=\"1730\">\u0130T menecerl\u0259ri, m\u0259sl\u0259h\u0259t\u00e7il\u0259r v\u0259 uy\u011funluq \u00fczr\u0259 m\u0259sul \u015f\u0259xsl\u0259r<\/p>\n<\/li>\n<li data-start=\"1731\" data-end=\"1792\">\n<p data-start=\"1733\" data-end=\"1792\">ISMS t\u0259l\u0259bl\u0259rin\u0259 uy\u011funlu\u011fu qoruma\u011fa cavabdeh olan m\u00fct\u0259x\u0259ssisl\u0259r<\/p>\n<\/li>\n<li data-start=\"1793\" data-end=\"1856\">\n<p data-start=\"1795\" data-end=\"1856\">\u0130nformasiya t\u0259hl\u00fck\u0259sizliyi auditl\u0259rin\u0259 haz\u0131rla\u015fan texniki m\u00fct\u0259x\u0259ssisl\u0259r<\/p>\n<\/li>\n<li data-start=\"1857\" data-end=\"1941\">\n<p data-start=\"1859\" data-end=\"1941\">Beyn\u0259lxalq s\u0259viyy\u0259d\u0259 tan\u0131nan ISO 27001 Apar\u0131c\u0131 Auditor sertifikat\u0131n\u0131 \u0259ld\u0259 etm\u0259yi h\u0259d\u0259fl\u0259y\u0259n h\u0259r k\u0259s<\/p>\n<\/li>\n<\/ul>\n<p>&nbsp;<\/p>\n<p><a href=\"https:\/\/help.pecb.com\/index.php\/list-of-pecb-exams\/\" target=\"_blank\" rel=\"noopener\">Explore official exam details on PECB<\/a><\/p>\n<p>&nbsp;<\/p>","protected":false},"excerpt":{"rendered":"<p>This package includes official registration for the PECB ISO\/IEC 27001 Lead Auditor exam, along with comprehensive digital self-study materials. It\u2019s tailored for professionals seeking to develop the expertise to audit, evaluate, and certify an Information Security Management System (ISMS) \u2014 without attending live training. Ideal for those who want to lead or support ISMS audits [&hellip;]<\/p>","protected":false},"featured_media":182,"template":"","meta":{"_acf_changed":false},"brand":[],"product_brand":[],"product_cat":[22],"product_tag":[],"class_list":{"0":"post-306","1":"product","2":"type-product","3":"status-publish","4":"has-post-thumbnail","6":"product_cat-information-security","7":"pa_services-self-study","9":"first","10":"instock","11":"shipping-taxable","12":"purchasable","13":"product-type-simple"},"acf":[],"yoast_head":"<!-- This site is optimized with the Yoast SEO plugin v27.4 - https:\/\/yoast.com\/product\/yoast-seo-wordpress\/ -->\n<title>ISO 27001 Lead Auditor - Conimcert E-Store<\/title>\n<meta name=\"robots\" content=\"index, follow, max-snippet:-1, max-image-preview:large, max-video-preview:-1\" \/>\n<link rel=\"canonical\" href=\"https:\/\/pecb.com\/en\/education-and-certification-for-individuals\/iso-iec-27001\/iso-iec-27001-lead-auditor\" \/>\n<meta property=\"og:locale\" content=\"az_AZ\" \/>\n<meta property=\"og:type\" content=\"article\" \/>\n<meta property=\"og:title\" content=\"ISO 27001 Lead Auditor - Conimcert E-Store\" \/>\n<meta property=\"og:description\" content=\"This package includes official registration for the PECB ISO\/IEC 27001 Lead Auditor exam, along with comprehensive digital self-study materials. It\u2019s tailored for professionals seeking to develop the expertise to audit, evaluate, and certify an Information Security Management System (ISMS) \u2014 without attending live training. Ideal for those who want to lead or support ISMS audits [&hellip;]\" \/>\n<meta property=\"og:url\" content=\"https:\/\/pecb.com\/en\/education-and-certification-for-individuals\/iso-iec-27001\/iso-iec-27001-lead-auditor\" \/>\n<meta property=\"og:site_name\" content=\"Conimcert E-Store\" \/>\n<meta property=\"article:modified_time\" content=\"2026-01-16T19:39:58+00:00\" \/>\n<meta property=\"og:image\" content=\"https:\/\/store.conimcert.com\/wp-content\/uploads\/2025\/07\/WhatsApp-Image-2025-07-21-at-12.56.58-PM.jpeg\" \/>\n\t<meta property=\"og:image:width\" content=\"452\" \/>\n\t<meta property=\"og:image:height\" content=\"452\" \/>\n\t<meta property=\"og:image:type\" content=\"image\/jpeg\" \/>\n<meta name=\"twitter:card\" content=\"summary_large_image\" \/>\n<meta name=\"twitter:label1\" content=\"Est. reading time\" \/>\n\t<meta name=\"twitter:data1\" content=\"2 minutes\" \/>\n<script type=\"application\/ld+json\" class=\"yoast-schema-graph\">{\"@context\":\"https:\\\/\\\/schema.org\",\"@graph\":[{\"@type\":\"WebPage\",\"@id\":\"https:\\\/\\\/store.conimcert.com\\\/course\\\/information-security\\\/iso-27001-lead-auditor\\\/\",\"url\":\"https:\\\/\\\/pecb.com\\\/en\\\/education-and-certification-for-individuals\\\/iso-iec-27001\\\/iso-iec-27001-lead-auditor\",\"name\":\"ISO 27001 Lead Auditor - Conimcert E-Store\",\"isPartOf\":{\"@id\":\"https:\\\/\\\/store.conimcert.com\\\/#website\"},\"primaryImageOfPage\":{\"@id\":\"https:\\\/\\\/pecb.com\\\/en\\\/education-and-certification-for-individuals\\\/iso-iec-27001\\\/iso-iec-27001-lead-auditor#primaryimage\"},\"image\":{\"@id\":\"https:\\\/\\\/pecb.com\\\/en\\\/education-and-certification-for-individuals\\\/iso-iec-27001\\\/iso-iec-27001-lead-auditor#primaryimage\"},\"thumbnailUrl\":\"https:\\\/\\\/store.conimcert.com\\\/wp-content\\\/uploads\\\/2025\\\/07\\\/WhatsApp-Image-2025-07-21-at-12.56.58-PM.jpeg\",\"datePublished\":\"2025-08-20T10:28:04+00:00\",\"dateModified\":\"2026-01-16T19:39:58+00:00\",\"breadcrumb\":{\"@id\":\"https:\\\/\\\/pecb.com\\\/en\\\/education-and-certification-for-individuals\\\/iso-iec-27001\\\/iso-iec-27001-lead-auditor#breadcrumb\"},\"inLanguage\":\"az\",\"potentialAction\":[{\"@type\":\"ReadAction\",\"target\":[\"https:\\\/\\\/pecb.com\\\/en\\\/education-and-certification-for-individuals\\\/iso-iec-27001\\\/iso-iec-27001-lead-auditor\"]}]},{\"@type\":\"ImageObject\",\"inLanguage\":\"az\",\"@id\":\"https:\\\/\\\/pecb.com\\\/en\\\/education-and-certification-for-individuals\\\/iso-iec-27001\\\/iso-iec-27001-lead-auditor#primaryimage\",\"url\":\"https:\\\/\\\/store.conimcert.com\\\/wp-content\\\/uploads\\\/2025\\\/07\\\/WhatsApp-Image-2025-07-21-at-12.56.58-PM.jpeg\",\"contentUrl\":\"https:\\\/\\\/store.conimcert.com\\\/wp-content\\\/uploads\\\/2025\\\/07\\\/WhatsApp-Image-2025-07-21-at-12.56.58-PM.jpeg\",\"width\":452,\"height\":452},{\"@type\":\"BreadcrumbList\",\"@id\":\"https:\\\/\\\/pecb.com\\\/en\\\/education-and-certification-for-individuals\\\/iso-iec-27001\\\/iso-iec-27001-lead-auditor#breadcrumb\",\"itemListElement\":[{\"@type\":\"ListItem\",\"position\":1,\"name\":\"Home\",\"item\":\"https:\\\/\\\/store.conimcert.com\\\/\"},{\"@type\":\"ListItem\",\"position\":2,\"name\":\"Shop\",\"item\":\"https:\\\/\\\/store.conimcert.com\\\/shop\\\/\"},{\"@type\":\"ListItem\",\"position\":3,\"name\":\"ISO 27001 Lead Auditor\"}]},{\"@type\":\"WebSite\",\"@id\":\"https:\\\/\\\/store.conimcert.com\\\/#website\",\"url\":\"https:\\\/\\\/store.conimcert.com\\\/\",\"name\":\"Conimcert E-Store\",\"description\":\"\",\"publisher\":{\"@id\":\"https:\\\/\\\/store.conimcert.com\\\/#organization\"},\"potentialAction\":[{\"@type\":\"SearchAction\",\"target\":{\"@type\":\"EntryPoint\",\"urlTemplate\":\"https:\\\/\\\/store.conimcert.com\\\/?s={search_term_string}\"},\"query-input\":{\"@type\":\"PropertyValueSpecification\",\"valueRequired\":true,\"valueName\":\"search_term_string\"}}],\"inLanguage\":\"az\"},{\"@type\":\"Organization\",\"@id\":\"https:\\\/\\\/store.conimcert.com\\\/#organization\",\"name\":\"Conimcert E-Store\",\"url\":\"https:\\\/\\\/store.conimcert.com\\\/\",\"logo\":{\"@type\":\"ImageObject\",\"inLanguage\":\"az\",\"@id\":\"https:\\\/\\\/store.conimcert.com\\\/#\\\/schema\\\/logo\\\/image\\\/\",\"url\":\"https:\\\/\\\/store.conimcert.com\\\/wp-content\\\/uploads\\\/2025\\\/07\\\/Conim-LOGO-768x132-1.png\",\"contentUrl\":\"https:\\\/\\\/store.conimcert.com\\\/wp-content\\\/uploads\\\/2025\\\/07\\\/Conim-LOGO-768x132-1.png\",\"width\":768,\"height\":132,\"caption\":\"Conimcert E-Store\"},\"image\":{\"@id\":\"https:\\\/\\\/store.conimcert.com\\\/#\\\/schema\\\/logo\\\/image\\\/\"}}]}<\/script>\n<!-- \/ Yoast SEO plugin. -->","yoast_head_json":{"title":"ISO 27001 Lead Auditor - Conimcert E-Store","robots":{"index":"index","follow":"follow","max-snippet":"max-snippet:-1","max-image-preview":"max-image-preview:large","max-video-preview":"max-video-preview:-1"},"canonical":"https:\/\/pecb.com\/en\/education-and-certification-for-individuals\/iso-iec-27001\/iso-iec-27001-lead-auditor","og_locale":"az_AZ","og_type":"article","og_title":"ISO 27001 Lead Auditor - Conimcert E-Store","og_description":"This package includes official registration for the PECB ISO\/IEC 27001 Lead Auditor exam, along with comprehensive digital self-study materials. It\u2019s tailored for professionals seeking to develop the expertise to audit, evaluate, and certify an Information Security Management System (ISMS) \u2014 without attending live training. Ideal for those who want to lead or support ISMS audits [&hellip;]","og_url":"https:\/\/pecb.com\/en\/education-and-certification-for-individuals\/iso-iec-27001\/iso-iec-27001-lead-auditor","og_site_name":"Conimcert E-Store","article_modified_time":"2026-01-16T19:39:58+00:00","og_image":[{"width":452,"height":452,"url":"https:\/\/store.conimcert.com\/wp-content\/uploads\/2025\/07\/WhatsApp-Image-2025-07-21-at-12.56.58-PM.jpeg","type":"image\/jpeg"}],"twitter_card":"summary_large_image","twitter_misc":{"Est. reading time":"2 minutes"},"schema":{"@context":"https:\/\/schema.org","@graph":[{"@type":"WebPage","@id":"https:\/\/store.conimcert.com\/course\/information-security\/iso-27001-lead-auditor\/","url":"https:\/\/pecb.com\/en\/education-and-certification-for-individuals\/iso-iec-27001\/iso-iec-27001-lead-auditor","name":"ISO 27001 Lead Auditor - Conimcert E-Store","isPartOf":{"@id":"https:\/\/store.conimcert.com\/#website"},"primaryImageOfPage":{"@id":"https:\/\/pecb.com\/en\/education-and-certification-for-individuals\/iso-iec-27001\/iso-iec-27001-lead-auditor#primaryimage"},"image":{"@id":"https:\/\/pecb.com\/en\/education-and-certification-for-individuals\/iso-iec-27001\/iso-iec-27001-lead-auditor#primaryimage"},"thumbnailUrl":"https:\/\/store.conimcert.com\/wp-content\/uploads\/2025\/07\/WhatsApp-Image-2025-07-21-at-12.56.58-PM.jpeg","datePublished":"2025-08-20T10:28:04+00:00","dateModified":"2026-01-16T19:39:58+00:00","breadcrumb":{"@id":"https:\/\/pecb.com\/en\/education-and-certification-for-individuals\/iso-iec-27001\/iso-iec-27001-lead-auditor#breadcrumb"},"inLanguage":"az","potentialAction":[{"@type":"ReadAction","target":["https:\/\/pecb.com\/en\/education-and-certification-for-individuals\/iso-iec-27001\/iso-iec-27001-lead-auditor"]}]},{"@type":"ImageObject","inLanguage":"az","@id":"https:\/\/pecb.com\/en\/education-and-certification-for-individuals\/iso-iec-27001\/iso-iec-27001-lead-auditor#primaryimage","url":"https:\/\/store.conimcert.com\/wp-content\/uploads\/2025\/07\/WhatsApp-Image-2025-07-21-at-12.56.58-PM.jpeg","contentUrl":"https:\/\/store.conimcert.com\/wp-content\/uploads\/2025\/07\/WhatsApp-Image-2025-07-21-at-12.56.58-PM.jpeg","width":452,"height":452},{"@type":"BreadcrumbList","@id":"https:\/\/pecb.com\/en\/education-and-certification-for-individuals\/iso-iec-27001\/iso-iec-27001-lead-auditor#breadcrumb","itemListElement":[{"@type":"ListItem","position":1,"name":"Home","item":"https:\/\/store.conimcert.com\/"},{"@type":"ListItem","position":2,"name":"Shop","item":"https:\/\/store.conimcert.com\/shop\/"},{"@type":"ListItem","position":3,"name":"ISO 27001 Lead Auditor"}]},{"@type":"WebSite","@id":"https:\/\/store.conimcert.com\/#website","url":"https:\/\/store.conimcert.com\/","name":"Conimcert E-Store","description":"","publisher":{"@id":"https:\/\/store.conimcert.com\/#organization"},"potentialAction":[{"@type":"SearchAction","target":{"@type":"EntryPoint","urlTemplate":"https:\/\/store.conimcert.com\/?s={search_term_string}"},"query-input":{"@type":"PropertyValueSpecification","valueRequired":true,"valueName":"search_term_string"}}],"inLanguage":"az"},{"@type":"Organization","@id":"https:\/\/store.conimcert.com\/#organization","name":"Conimcert E-Store","url":"https:\/\/store.conimcert.com\/","logo":{"@type":"ImageObject","inLanguage":"az","@id":"https:\/\/store.conimcert.com\/#\/schema\/logo\/image\/","url":"https:\/\/store.conimcert.com\/wp-content\/uploads\/2025\/07\/Conim-LOGO-768x132-1.png","contentUrl":"https:\/\/store.conimcert.com\/wp-content\/uploads\/2025\/07\/Conim-LOGO-768x132-1.png","width":768,"height":132,"caption":"Conimcert E-Store"},"image":{"@id":"https:\/\/store.conimcert.com\/#\/schema\/logo\/image\/"}}]}},"_links":{"self":[{"href":"https:\/\/store.conimcert.com\/az\/wp-json\/wp\/v2\/product\/306","targetHints":{"allow":["GET"]}}],"collection":[{"href":"https:\/\/store.conimcert.com\/az\/wp-json\/wp\/v2\/product"}],"about":[{"href":"https:\/\/store.conimcert.com\/az\/wp-json\/wp\/v2\/types\/product"}],"wp:featuredmedia":[{"embeddable":true,"href":"https:\/\/store.conimcert.com\/az\/wp-json\/wp\/v2\/media\/182"}],"wp:attachment":[{"href":"https:\/\/store.conimcert.com\/az\/wp-json\/wp\/v2\/media?parent=306"}],"wp:term":[{"taxonomy":"brand","embeddable":true,"href":"https:\/\/store.conimcert.com\/az\/wp-json\/wp\/v2\/brand?post=306"},{"taxonomy":"product_brand","embeddable":true,"href":"https:\/\/store.conimcert.com\/az\/wp-json\/wp\/v2\/product_brand?post=306"},{"taxonomy":"product_cat","embeddable":true,"href":"https:\/\/store.conimcert.com\/az\/wp-json\/wp\/v2\/product_cat?post=306"},{"taxonomy":"product_tag","embeddable":true,"href":"https:\/\/store.conimcert.com\/az\/wp-json\/wp\/v2\/product_tag?post=306"}],"curies":[{"name":"wp","href":"https:\/\/api.w.org\/{rel}","templated":true}]}}