{"id":291,"date":"2025-08-19T01:33:37","date_gmt":"2025-08-19T01:33:37","guid":{"rendered":"https:\/\/store.conimcert.com\/?post_type=product&#038;p=291"},"modified":"2026-01-16T19:39:57","modified_gmt":"2026-01-16T19:39:57","slug":"iso-27001-foundation","status":"publish","type":"product","link":"https:\/\/store.conimcert.com\/az\/course\/information-security\/iso-27001-foundation\/","title":{"rendered":"ISO 27001 Foundation"},"content":{"rendered":"<p data-start=\"190\" data-end=\"524\">This package includes official registration for the PECB ISO\/IEC 27001 Foundation exam, along with comprehensive digital self-study materials. It\u2019s designed for professionals who want to understand the core concepts, principles, and requirements of an Information Security Management System (ISMS) \u2014 without attending live training.<\/p>\n<p data-start=\"526\" data-end=\"698\">Perfect for those beginning their journey into information security or aiming to build a solid understanding of ISO\/IEC 27001 before moving on to advanced certifications.<\/p>\n<p data-start=\"526\" data-end=\"698\"><a href=\"https:\/\/pecb.com\/en\/education-and-certification-for-individuals\/iso-iec-27001\/iso-iec-27001-foundation\" target=\"_blank\" rel=\"noopener\">Click for more info<\/a><\/p>\n<p data-start=\"700\" data-end=\"722\"><strong data-start=\"700\" data-end=\"720\">N\u0259 Daxildir:<\/strong><\/p>\n<ul data-start=\"723\" data-end=\"964\">\n<li data-start=\"723\" data-end=\"775\">\n<p data-start=\"725\" data-end=\"775\">R\u0259smi PECB Foundation s\u0259viyy\u0259sind\u0259 imtahan qeydiyyat\u0131<\/p>\n<\/li>\n<li data-start=\"776\" data-end=\"831\">\n<p data-start=\"778\" data-end=\"831\">T\u0259lim materiallar\u0131 (r\u0259q\u0259msal) + n\u00fcmun\u0259vi imtahan suallar\u0131<\/p>\n<\/li>\n<li data-start=\"832\" data-end=\"856\">\n<p data-start=\"834\" data-end=\"856\">1 illik imtahan\u0131n etibarl\u0131l\u0131\u011f\u0131<\/p>\n<\/li>\n<li data-start=\"857\" data-end=\"890\">\n<p data-start=\"859\" data-end=\"890\">\u00d6d\u0259ni\u015fsiz ikinci c\u0259hd (1-ci imtahandan k\u0259sils\u0259niz)<\/p>\n<\/li>\n<li data-start=\"891\" data-end=\"964\">\n<p data-start=\"893\" data-end=\"964\">Onlayn imtahan format\u0131 \u2013 CONIM ofisind\u0259n v\u0259 ya siz\u0259 rahat m\u0259kanda imtahana daxil olun<\/p>\n<\/li>\n<\/ul>\n<p data-start=\"966\" data-end=\"996\"><strong data-start=\"966\" data-end=\"994\">Niy\u0259 bu paketi se\u00e7m\u0259lisiniz?<\/strong><\/p>\n<ul data-start=\"997\" data-end=\"1420\">\n<li data-start=\"997\" data-end=\"1042\">\n<p data-start=\"999\" data-end=\"1042\">100% self-paced \u2013 learn at your own speed<\/p>\n<\/li>\n<li data-start=\"1043\" data-end=\"1083\">\n<p data-start=\"1045\" data-end=\"1083\">Based on ISO\/IEC 27001:2022 standard<\/p>\n<\/li>\n<li data-start=\"1084\" data-end=\"1420\">\n<p data-start=\"1086\" data-end=\"1128\">Covers fundamental ISMS topics, such as:<\/p>\n<ul data-start=\"1131\" data-end=\"1420\">\n<li data-start=\"1131\" data-end=\"1184\">\n<p data-start=\"1133\" data-end=\"1184\">Core information security concepts and principles<\/p>\n<\/li>\n<li data-start=\"1187\" data-end=\"1231\">\n<p data-start=\"1189\" data-end=\"1231\">ISO\/IEC 27001 requirements and framework<\/p>\n<\/li>\n<li data-start=\"1234\" data-end=\"1287\">\n<p data-start=\"1236\" data-end=\"1287\">ISMS policies, processes, and basic documentation<\/p>\n<\/li>\n<li data-start=\"1290\" data-end=\"1353\">\n<p data-start=\"1292\" data-end=\"1353\">Approaches and techniques for managing information security<\/p>\n<\/li>\n<li data-start=\"1356\" data-end=\"1420\">\n<p data-start=\"1358\" data-end=\"1420\">The role of ISMS in organizational governance and compliance<\/p>\n<\/li>\n<\/ul>\n<\/li>\n<\/ul>\n<p data-start=\"1422\" data-end=\"1444\"><strong data-start=\"1422\" data-end=\"1442\">Kiml\u0259r \u00dc\u00e7\u00fcnd\u00fcr?<\/strong><\/p>\n<ul data-start=\"1445\" data-end=\"1868\">\n<li data-start=\"1445\" data-end=\"1523\">\n<p data-start=\"1447\" data-end=\"1523\">Managers and consultants seeking to understand information security basics<\/p>\n<\/li>\n<li data-start=\"1524\" data-end=\"1599\">\n<p data-start=\"1526\" data-end=\"1599\">Professionals wanting to get acquainted with ISO\/IEC 27001 requirements<\/p>\n<\/li>\n<li data-start=\"1600\" data-end=\"1695\">\n<p data-start=\"1602\" data-end=\"1695\">Individuals responsible for or engaged in security-related activities in their organization<\/p>\n<\/li>\n<li data-start=\"1696\" data-end=\"1785\">\n<p data-start=\"1698\" data-end=\"1785\">Students or early-career professionals pursuing a path in cybersecurity or compliance<\/p>\n<\/li>\n<li data-start=\"1786\" data-end=\"1868\">\n<p data-start=\"1788\" data-end=\"1868\">Anyone aiming to earn a globally recognized ISO 27001 Foundation certification<\/p>\n<\/li>\n<\/ul>\n<p>&nbsp;<\/p>\n<p><a href=\"https:\/\/help.pecb.com\/index.php\/list-of-pecb-exams\/\" target=\"_blank\" rel=\"noopener\">Explore official exam details on PECB<\/a><\/p>","protected":false},"excerpt":{"rendered":"<p>This package includes official registration for the PECB ISO\/IEC 27001 Foundation exam, along with comprehensive digital self-study materials. It\u2019s designed for professionals who want to understand the core concepts, principles, and requirements of an Information Security Management System (ISMS) \u2014 without attending live training. Perfect for those beginning their journey into information security or aiming [&hellip;]<\/p>","protected":false},"featured_media":304,"template":"","meta":{"_acf_changed":false},"brand":[],"product_brand":[],"product_cat":[22],"product_tag":[],"class_list":{"0":"post-291","1":"product","2":"type-product","3":"status-publish","4":"has-post-thumbnail","6":"product_cat-information-security","7":"pa_services-self-study","9":"first","10":"instock","11":"virtual","12":"purchasable","13":"product-type-simple"},"acf":[],"yoast_head":"<!-- This site is optimized with the Yoast SEO plugin v27.4 - https:\/\/yoast.com\/product\/yoast-seo-wordpress\/ -->\n<title>ISO 27001 Foundation - Conimcert E-Store<\/title>\n<meta name=\"robots\" content=\"index, follow, max-snippet:-1, max-image-preview:large, max-video-preview:-1\" \/>\n<link rel=\"canonical\" href=\"https:\/\/pecb.com\/en\/education-and-certification-for-individuals\/iso-iec-27001\/iso-iec-27001-foundation\" \/>\n<meta property=\"og:locale\" content=\"az_AZ\" \/>\n<meta property=\"og:type\" content=\"article\" \/>\n<meta property=\"og:title\" content=\"ISO 27001 Foundation - Conimcert E-Store\" \/>\n<meta property=\"og:description\" content=\"This package includes official registration for the PECB ISO\/IEC 27001 Foundation exam, along with comprehensive digital self-study materials. It\u2019s designed for professionals who want to understand the core concepts, principles, and requirements of an Information Security Management System (ISMS) \u2014 without attending live training. Perfect for those beginning their journey into information security or aiming [&hellip;]\" \/>\n<meta property=\"og:url\" content=\"https:\/\/pecb.com\/en\/education-and-certification-for-individuals\/iso-iec-27001\/iso-iec-27001-foundation\" \/>\n<meta property=\"og:site_name\" content=\"Conimcert E-Store\" \/>\n<meta property=\"article:modified_time\" content=\"2026-01-16T19:39:57+00:00\" \/>\n<meta property=\"og:image\" content=\"https:\/\/store.conimcert.com\/wp-content\/uploads\/2025\/08\/ISO-27001-Foundation.png\" \/>\n\t<meta property=\"og:image:width\" content=\"451\" \/>\n\t<meta property=\"og:image:height\" content=\"451\" \/>\n\t<meta property=\"og:image:type\" content=\"image\/png\" \/>\n<meta name=\"twitter:card\" content=\"summary_large_image\" \/>\n<meta name=\"twitter:label1\" content=\"Est. reading time\" \/>\n\t<meta name=\"twitter:data1\" content=\"2 minutes\" \/>\n<script type=\"application\/ld+json\" class=\"yoast-schema-graph\">{\"@context\":\"https:\\\/\\\/schema.org\",\"@graph\":[{\"@type\":\"WebPage\",\"@id\":\"https:\\\/\\\/store.conimcert.com\\\/course\\\/information-security\\\/iso-27001-foundation\\\/\",\"url\":\"https:\\\/\\\/pecb.com\\\/en\\\/education-and-certification-for-individuals\\\/iso-iec-27001\\\/iso-iec-27001-foundation\",\"name\":\"ISO 27001 Foundation - Conimcert E-Store\",\"isPartOf\":{\"@id\":\"https:\\\/\\\/store.conimcert.com\\\/#website\"},\"primaryImageOfPage\":{\"@id\":\"https:\\\/\\\/pecb.com\\\/en\\\/education-and-certification-for-individuals\\\/iso-iec-27001\\\/iso-iec-27001-foundation#primaryimage\"},\"image\":{\"@id\":\"https:\\\/\\\/pecb.com\\\/en\\\/education-and-certification-for-individuals\\\/iso-iec-27001\\\/iso-iec-27001-foundation#primaryimage\"},\"thumbnailUrl\":\"https:\\\/\\\/store.conimcert.com\\\/wp-content\\\/uploads\\\/2025\\\/08\\\/ISO-27001-Foundation.png\",\"datePublished\":\"2025-08-19T01:33:37+00:00\",\"dateModified\":\"2026-01-16T19:39:57+00:00\",\"breadcrumb\":{\"@id\":\"https:\\\/\\\/pecb.com\\\/en\\\/education-and-certification-for-individuals\\\/iso-iec-27001\\\/iso-iec-27001-foundation#breadcrumb\"},\"inLanguage\":\"az\",\"potentialAction\":[{\"@type\":\"ReadAction\",\"target\":[\"https:\\\/\\\/pecb.com\\\/en\\\/education-and-certification-for-individuals\\\/iso-iec-27001\\\/iso-iec-27001-foundation\"]}]},{\"@type\":\"ImageObject\",\"inLanguage\":\"az\",\"@id\":\"https:\\\/\\\/pecb.com\\\/en\\\/education-and-certification-for-individuals\\\/iso-iec-27001\\\/iso-iec-27001-foundation#primaryimage\",\"url\":\"https:\\\/\\\/store.conimcert.com\\\/wp-content\\\/uploads\\\/2025\\\/08\\\/ISO-27001-Foundation.png\",\"contentUrl\":\"https:\\\/\\\/store.conimcert.com\\\/wp-content\\\/uploads\\\/2025\\\/08\\\/ISO-27001-Foundation.png\",\"width\":451,\"height\":451},{\"@type\":\"BreadcrumbList\",\"@id\":\"https:\\\/\\\/pecb.com\\\/en\\\/education-and-certification-for-individuals\\\/iso-iec-27001\\\/iso-iec-27001-foundation#breadcrumb\",\"itemListElement\":[{\"@type\":\"ListItem\",\"position\":1,\"name\":\"Home\",\"item\":\"https:\\\/\\\/store.conimcert.com\\\/\"},{\"@type\":\"ListItem\",\"position\":2,\"name\":\"Shop\",\"item\":\"https:\\\/\\\/store.conimcert.com\\\/shop\\\/\"},{\"@type\":\"ListItem\",\"position\":3,\"name\":\"ISO 27001 Foundation\"}]},{\"@type\":\"WebSite\",\"@id\":\"https:\\\/\\\/store.conimcert.com\\\/#website\",\"url\":\"https:\\\/\\\/store.conimcert.com\\\/\",\"name\":\"Conimcert E-Store\",\"description\":\"\",\"publisher\":{\"@id\":\"https:\\\/\\\/store.conimcert.com\\\/#organization\"},\"potentialAction\":[{\"@type\":\"SearchAction\",\"target\":{\"@type\":\"EntryPoint\",\"urlTemplate\":\"https:\\\/\\\/store.conimcert.com\\\/?s={search_term_string}\"},\"query-input\":{\"@type\":\"PropertyValueSpecification\",\"valueRequired\":true,\"valueName\":\"search_term_string\"}}],\"inLanguage\":\"az\"},{\"@type\":\"Organization\",\"@id\":\"https:\\\/\\\/store.conimcert.com\\\/#organization\",\"name\":\"Conimcert E-Store\",\"url\":\"https:\\\/\\\/store.conimcert.com\\\/\",\"logo\":{\"@type\":\"ImageObject\",\"inLanguage\":\"az\",\"@id\":\"https:\\\/\\\/store.conimcert.com\\\/#\\\/schema\\\/logo\\\/image\\\/\",\"url\":\"https:\\\/\\\/store.conimcert.com\\\/wp-content\\\/uploads\\\/2025\\\/07\\\/Conim-LOGO-768x132-1.png\",\"contentUrl\":\"https:\\\/\\\/store.conimcert.com\\\/wp-content\\\/uploads\\\/2025\\\/07\\\/Conim-LOGO-768x132-1.png\",\"width\":768,\"height\":132,\"caption\":\"Conimcert E-Store\"},\"image\":{\"@id\":\"https:\\\/\\\/store.conimcert.com\\\/#\\\/schema\\\/logo\\\/image\\\/\"}}]}<\/script>\n<!-- \/ Yoast SEO plugin. -->","yoast_head_json":{"title":"ISO 27001 Foundation - Conimcert E-Store","robots":{"index":"index","follow":"follow","max-snippet":"max-snippet:-1","max-image-preview":"max-image-preview:large","max-video-preview":"max-video-preview:-1"},"canonical":"https:\/\/pecb.com\/en\/education-and-certification-for-individuals\/iso-iec-27001\/iso-iec-27001-foundation","og_locale":"az_AZ","og_type":"article","og_title":"ISO 27001 Foundation - Conimcert E-Store","og_description":"This package includes official registration for the PECB ISO\/IEC 27001 Foundation exam, along with comprehensive digital self-study materials. It\u2019s designed for professionals who want to understand the core concepts, principles, and requirements of an Information Security Management System (ISMS) \u2014 without attending live training. Perfect for those beginning their journey into information security or aiming [&hellip;]","og_url":"https:\/\/pecb.com\/en\/education-and-certification-for-individuals\/iso-iec-27001\/iso-iec-27001-foundation","og_site_name":"Conimcert E-Store","article_modified_time":"2026-01-16T19:39:57+00:00","og_image":[{"width":451,"height":451,"url":"https:\/\/store.conimcert.com\/wp-content\/uploads\/2025\/08\/ISO-27001-Foundation.png","type":"image\/png"}],"twitter_card":"summary_large_image","twitter_misc":{"Est. reading time":"2 minutes"},"schema":{"@context":"https:\/\/schema.org","@graph":[{"@type":"WebPage","@id":"https:\/\/store.conimcert.com\/course\/information-security\/iso-27001-foundation\/","url":"https:\/\/pecb.com\/en\/education-and-certification-for-individuals\/iso-iec-27001\/iso-iec-27001-foundation","name":"ISO 27001 Foundation - Conimcert E-Store","isPartOf":{"@id":"https:\/\/store.conimcert.com\/#website"},"primaryImageOfPage":{"@id":"https:\/\/pecb.com\/en\/education-and-certification-for-individuals\/iso-iec-27001\/iso-iec-27001-foundation#primaryimage"},"image":{"@id":"https:\/\/pecb.com\/en\/education-and-certification-for-individuals\/iso-iec-27001\/iso-iec-27001-foundation#primaryimage"},"thumbnailUrl":"https:\/\/store.conimcert.com\/wp-content\/uploads\/2025\/08\/ISO-27001-Foundation.png","datePublished":"2025-08-19T01:33:37+00:00","dateModified":"2026-01-16T19:39:57+00:00","breadcrumb":{"@id":"https:\/\/pecb.com\/en\/education-and-certification-for-individuals\/iso-iec-27001\/iso-iec-27001-foundation#breadcrumb"},"inLanguage":"az","potentialAction":[{"@type":"ReadAction","target":["https:\/\/pecb.com\/en\/education-and-certification-for-individuals\/iso-iec-27001\/iso-iec-27001-foundation"]}]},{"@type":"ImageObject","inLanguage":"az","@id":"https:\/\/pecb.com\/en\/education-and-certification-for-individuals\/iso-iec-27001\/iso-iec-27001-foundation#primaryimage","url":"https:\/\/store.conimcert.com\/wp-content\/uploads\/2025\/08\/ISO-27001-Foundation.png","contentUrl":"https:\/\/store.conimcert.com\/wp-content\/uploads\/2025\/08\/ISO-27001-Foundation.png","width":451,"height":451},{"@type":"BreadcrumbList","@id":"https:\/\/pecb.com\/en\/education-and-certification-for-individuals\/iso-iec-27001\/iso-iec-27001-foundation#breadcrumb","itemListElement":[{"@type":"ListItem","position":1,"name":"Home","item":"https:\/\/store.conimcert.com\/"},{"@type":"ListItem","position":2,"name":"Shop","item":"https:\/\/store.conimcert.com\/shop\/"},{"@type":"ListItem","position":3,"name":"ISO 27001 Foundation"}]},{"@type":"WebSite","@id":"https:\/\/store.conimcert.com\/#website","url":"https:\/\/store.conimcert.com\/","name":"Conimcert E-Store","description":"","publisher":{"@id":"https:\/\/store.conimcert.com\/#organization"},"potentialAction":[{"@type":"SearchAction","target":{"@type":"EntryPoint","urlTemplate":"https:\/\/store.conimcert.com\/?s={search_term_string}"},"query-input":{"@type":"PropertyValueSpecification","valueRequired":true,"valueName":"search_term_string"}}],"inLanguage":"az"},{"@type":"Organization","@id":"https:\/\/store.conimcert.com\/#organization","name":"Conimcert E-Store","url":"https:\/\/store.conimcert.com\/","logo":{"@type":"ImageObject","inLanguage":"az","@id":"https:\/\/store.conimcert.com\/#\/schema\/logo\/image\/","url":"https:\/\/store.conimcert.com\/wp-content\/uploads\/2025\/07\/Conim-LOGO-768x132-1.png","contentUrl":"https:\/\/store.conimcert.com\/wp-content\/uploads\/2025\/07\/Conim-LOGO-768x132-1.png","width":768,"height":132,"caption":"Conimcert E-Store"},"image":{"@id":"https:\/\/store.conimcert.com\/#\/schema\/logo\/image\/"}}]}},"_links":{"self":[{"href":"https:\/\/store.conimcert.com\/az\/wp-json\/wp\/v2\/product\/291","targetHints":{"allow":["GET"]}}],"collection":[{"href":"https:\/\/store.conimcert.com\/az\/wp-json\/wp\/v2\/product"}],"about":[{"href":"https:\/\/store.conimcert.com\/az\/wp-json\/wp\/v2\/types\/product"}],"wp:featuredmedia":[{"embeddable":true,"href":"https:\/\/store.conimcert.com\/az\/wp-json\/wp\/v2\/media\/304"}],"wp:attachment":[{"href":"https:\/\/store.conimcert.com\/az\/wp-json\/wp\/v2\/media?parent=291"}],"wp:term":[{"taxonomy":"brand","embeddable":true,"href":"https:\/\/store.conimcert.com\/az\/wp-json\/wp\/v2\/brand?post=291"},{"taxonomy":"product_brand","embeddable":true,"href":"https:\/\/store.conimcert.com\/az\/wp-json\/wp\/v2\/product_brand?post=291"},{"taxonomy":"product_cat","embeddable":true,"href":"https:\/\/store.conimcert.com\/az\/wp-json\/wp\/v2\/product_cat?post=291"},{"taxonomy":"product_tag","embeddable":true,"href":"https:\/\/store.conimcert.com\/az\/wp-json\/wp\/v2\/product_tag?post=291"}],"curies":[{"name":"wp","href":"https:\/\/api.w.org\/{rel}","templated":true}]}}