{"id":172,"date":"2025-07-22T05:37:31","date_gmt":"2025-07-22T05:37:31","guid":{"rendered":"https:\/\/store.conimcert.com\/?post_type=product&#038;p=172"},"modified":"2025-08-26T06:41:31","modified_gmt":"2025-08-26T06:41:31","slug":"iso-9001-foundation","status":"publish","type":"product","link":"https:\/\/store.conimcert.com\/az\/course\/quality-and-sustainability\/iso-9001-foundation\/","title":{"rendered":"ISO 9001 Keyfiyy\u0259t \u0130dar\u0259etm\u0259 Sistemi \u018fsaslar\u0131"},"content":{"rendered":"<p data-start=\"223\" data-end=\"608\">Sertifikatl\u0131 Keyfiyy\u0259t \u0130dar\u0259etm\u0259 Sistemi (QMS) m\u00fct\u0259x\u0259ssisi olun - \u00f6z s\u00fcr\u0259tinizl\u0259.<br data-start=\"306\" data-end=\"309\" \/>Bu paket\u0259 h\u0259rt\u0259r\u0259fli r\u0259q\u0259msal \u00f6z\u00fcn\u00fct\u0259dqiqat materiallar\u0131 il\u0259 yana\u015f\u0131, PECB ISO 9001 Foundation imtahan\u0131 \u00fc\u00e7\u00fcn r\u0259smi qeydiyyat daxildir. Canl\u0131 t\u0259limd\u0259 i\u015ftirak etm\u0259d\u0259n, ISO 9001:2015-\u0259 \u0259saslanan QMS-in t\u0259tbiqi v\u0259 d\u0259st\u0259kl\u0259nm\u0259sinin \u0259saslar\u0131n\u0131 anlamaq ist\u0259y\u0259n pe\u015f\u0259karlar \u00fc\u00e7\u00fcn n\u0259z\u0259rd\u0259 tutulmu\u015fdur.<\/p>\n<p data-start=\"610\" data-end=\"760\">Bu, keyfiyy\u0259tin t\u0259minat\u0131 t\u0259\u015f\u0259bb\u00fcsl\u0259rin\u0259 t\u00f6hf\u0259 verm\u0259k v\u0259 t\u0259\u015fkilatlar\u0131n beyn\u0259lxalq keyfiyy\u0259t standartlar\u0131na uy\u011funla\u015fmas\u0131na k\u00f6m\u0259k etm\u0259k m\u0259qs\u0259di da\u015f\u0131yan \u015f\u0259xsl\u0259r \u00fc\u00e7\u00fcn ideald\u0131r.<\/p>\n<p data-start=\"610\" data-end=\"760\"><a href=\"https:\/\/pecb.com\/en\/education-and-certification-for-individuals\/iso-9001\/iso-9001-foundation\" target=\"_blank\" rel=\"noopener\">Click for more info<\/a><\/p>\n<p data-start=\"762\" data-end=\"778\"><strong>N\u0259 Daxildir:<\/strong><\/p>\n<ul data-start=\"780\" data-end=\"1064\">\n<li data-start=\"780\" data-end=\"832\">\n<p data-start=\"782\" data-end=\"832\">R\u0259smi PECB Foundation s\u0259viyy\u0259sind\u0259 imtahan qeydiyyat\u0131<\/p>\n<\/li>\n<li data-start=\"833\" data-end=\"891\">\n<p data-start=\"835\" data-end=\"891\">T\u0259lim materiallar\u0131 (r\u0259q\u0259msal) + n\u00fcmun\u0259 imtahan suallar\u0131<\/p>\n<\/li>\n<li data-start=\"892\" data-end=\"916\">\n<p data-start=\"894\" data-end=\"916\">1 illik imtahan\u0131n etibarl\u0131l\u0131\u011f\u0131<\/p>\n<\/li>\n<li data-start=\"917\" data-end=\"950\">\n<p data-start=\"919\" data-end=\"950\">\u00d6d\u0259ni\u015fsiz ikinci c\u0259hd (1-ci imtahandan k\u0259sils\u0259niz)<\/p>\n<\/li>\n<li data-start=\"991\" data-end=\"1064\">\n<p data-start=\"993\" data-end=\"1064\">Onlayn imtahan format\u0131 \u2013 CONIM ofisind\u0259n v\u0259 ya siz\u0259 rahat m\u0259kanda imtahana daxil olun<\/p>\n<\/li>\n<\/ul>\n<p data-start=\"1066\" data-end=\"1090\"><strong>Niy\u0259 bu paketi se\u00e7m\u0259lisiniz?<\/strong><\/p>\n<ul data-start=\"1092\" data-end=\"1485\">\n<li data-start=\"1092\" data-end=\"1140\">\n<p data-start=\"1094\" data-end=\"1140\">100% \u00f6z\u00fcn\u00fct\u0259dris \u2013 ist\u0259diyiniz vaxt v\u0259 tempd\u0259 oxuyun<\/p>\n<\/li>\n<li data-start=\"1141\" data-end=\"1187\">\n<p data-start=\"1143\" data-end=\"1187\">ISO 9001:2015 standart\u0131na \u0259saslan\u0131r<\/p>\n<\/li>\n<li data-start=\"1188\" data-end=\"1485\">\n<p data-start=\"1190\" data-end=\"1224\">A\u015fa\u011f\u0131dak\u0131 \u0259sas m\u00f6vzular\u0131 \u0259hat\u0259 edir:<\/p>\n<ul data-start=\"1227\" data-end=\"1485\">\n<li data-start=\"1227\" data-end=\"1287\">\n<p data-start=\"1229\" data-end=\"1287\">Keyfiyy\u0259t idar\u0259etm\u0259 prinsipl\u0259ri v\u0259 prosesy\u00f6nl\u00fc yana\u015fma<\/p>\n<\/li>\n<li data-start=\"1290\" data-end=\"1336\">\n<p data-start=\"1292\" data-end=\"1336\">ISO 9001-in strukturu v\u0259 t\u0259l\u0259bl\u0259ri<\/p>\n<\/li>\n<li data-start=\"1339\" data-end=\"1389\">\n<p data-start=\"1341\" data-end=\"1389\">Risk \u0259sasl\u0131 d\u00fc\u015f\u00fcnc\u0259 v\u0259 davaml\u0131 t\u0259kmill\u0259\u015fm\u0259<\/p>\n<\/li>\n<li data-start=\"1392\" data-end=\"1439\">\n<p data-start=\"1394\" data-end=\"1439\">S\u0259n\u0259dl\u0259\u015fm\u0259, n\u0259zar\u0259t v\u0259 daxili auditl\u0259r<\/p>\n<\/li>\n<li data-start=\"1442\" data-end=\"1485\">\n<p data-start=\"1444\" data-end=\"1485\">QMS-d\u0259 rollar v\u0259 m\u0259suliyy\u0259tl\u0259r<\/p>\n<\/li>\n<\/ul>\n<\/li>\n<\/ul>\n<p data-start=\"1487\" data-end=\"1503\"><strong>Kiml\u0259r \u00dc\u00e7\u00fcnd\u00fcr?<\/strong><\/p>\n<ul data-start=\"1505\" data-end=\"1729\">\n<li data-start=\"1505\" data-end=\"1553\">\n<p data-start=\"1507\" data-end=\"1553\">Keyfiyy\u0259t \u00fczr\u0259 koordinatorlar v\u0259 uy\u011funluq m\u00fct\u0259x\u0259ssisl\u0259ri<\/p>\n<\/li>\n<li data-start=\"1554\" data-end=\"1615\">\n<p data-start=\"1556\" data-end=\"1615\">QMS-in d\u0259st\u0259kl\u0259nm\u0259sind\u0259 v\u0259 t\u0259tbiqind\u0259 i\u015ftirak ed\u0259n \u015f\u0259xsl\u0259r<\/p>\n<\/li>\n<li data-start=\"1616\" data-end=\"1652\">\n<p data-start=\"1618\" data-end=\"1652\">Daxili auditorlar v\u0259 komanda r\u0259hb\u0259rl\u0259ri<\/p>\n<\/li>\n<li data-start=\"1653\" data-end=\"1729\">\n<p data-start=\"1655\" data-end=\"1729\">Keyfiyy\u0259t idar\u0259etm\u0259si \u00fczr\u0259 beyn\u0259lxalq tan\u0131nan sertifikat \u0259ld\u0259 etm\u0259k ist\u0259y\u0259n \u015f\u0259xsl\u0259r<\/p>\n<\/li>\n<\/ul>\n<p>&nbsp;<\/p>\n<p><a href=\"https:\/\/help.pecb.com\/index.php\/list-of-pecb-exams\/\" target=\"_blank\" rel=\"noopener\">Explore official exam details on PECB<\/a><\/p>","protected":false},"excerpt":{"rendered":"<p>Become a certified Quality Management System (QMS) professional \u2014 at your own pace.This package includes official registration for the PECB ISO 9001 Foundation exam, along with comprehensive digital self-study materials. Designed for professionals who want to understand the fundamentals of implementing and supporting a QMS based on ISO 9001:2015 \u2014 without attending live training. This [&hellip;]<\/p>","protected":false},"featured_media":175,"template":"","meta":{"_acf_changed":false},"brand":[],"product_brand":[],"product_cat":[18],"product_tag":[],"class_list":{"0":"post-172","1":"product","2":"type-product","3":"status-publish","4":"has-post-thumbnail","6":"product_cat-quality-and-sustainability","7":"pa_services-self-study","9":"first","10":"instock","11":"sale","12":"shipping-taxable","13":"purchasable","14":"product-type-simple"},"acf":[],"yoast_head":"<!-- This site is optimized with the Yoast SEO plugin v25.7 - https:\/\/yoast.com\/wordpress\/plugins\/seo\/ -->\n<title>ISO 9001 Quality Management System Foundation - Conimcert E-Store<\/title>\n<meta name=\"robots\" content=\"index, follow, max-snippet:-1, max-image-preview:large, max-video-preview:-1\" \/>\n<link rel=\"canonical\" href=\"https:\/\/pecb.com\/en\/education-and-certification-for-individuals\/iso-9001\/iso-9001-foundation\" \/>\n<meta property=\"og:locale\" content=\"az_AZ\" \/>\n<meta property=\"og:type\" content=\"article\" \/>\n<meta property=\"og:title\" content=\"ISO 9001 Quality Management System Foundation - Conimcert E-Store\" \/>\n<meta property=\"og:description\" content=\"Become a certified Quality Management System (QMS) professional \u2014 at your own pace.This package includes official registration for the PECB ISO 9001 Foundation exam, along with comprehensive digital self-study materials. Designed for professionals who want to understand the fundamentals of implementing and supporting a QMS based on ISO 9001:2015 \u2014 without attending live training. This [&hellip;]\" \/>\n<meta property=\"og:url\" content=\"https:\/\/pecb.com\/en\/education-and-certification-for-individuals\/iso-9001\/iso-9001-foundation\" \/>\n<meta property=\"og:site_name\" content=\"Conimcert E-Store\" \/>\n<meta property=\"article:modified_time\" content=\"2025-08-26T06:41:31+00:00\" \/>\n<meta property=\"og:image\" content=\"https:\/\/store.conimcert.com\/wp-content\/uploads\/2025\/07\/WhatsApp-Image-2025-07-21-at-12.44.25-PM-2.jpeg\" \/>\n\t<meta property=\"og:image:width\" content=\"452\" \/>\n\t<meta property=\"og:image:height\" content=\"452\" \/>\n\t<meta property=\"og:image:type\" content=\"image\/jpeg\" \/>\n<meta name=\"twitter:card\" content=\"summary_large_image\" \/>\n<meta name=\"twitter:label1\" content=\"Est. reading time\" \/>\n\t<meta name=\"twitter:data1\" content=\"2 minutes\" \/>\n<script type=\"application\/ld+json\" class=\"yoast-schema-graph\">{\"@context\":\"https:\/\/schema.org\",\"@graph\":[{\"@type\":\"WebPage\",\"@id\":\"https:\/\/store.conimcert.com\/course\/quality-and-sustainability\/iso-9001-foundation\/\",\"url\":\"https:\/\/pecb.com\/en\/education-and-certification-for-individuals\/iso-9001\/iso-9001-foundation\",\"name\":\"ISO 9001 Quality Management System Foundation - Conimcert E-Store\",\"isPartOf\":{\"@id\":\"https:\/\/store.conimcert.com\/#website\"},\"primaryImageOfPage\":{\"@id\":\"https:\/\/pecb.com\/en\/education-and-certification-for-individuals\/iso-9001\/iso-9001-foundation#primaryimage\"},\"image\":{\"@id\":\"https:\/\/pecb.com\/en\/education-and-certification-for-individuals\/iso-9001\/iso-9001-foundation#primaryimage\"},\"thumbnailUrl\":\"https:\/\/store.conimcert.com\/wp-content\/uploads\/2025\/07\/WhatsApp-Image-2025-07-21-at-12.44.25-PM-2.jpeg\",\"datePublished\":\"2025-07-22T05:37:31+00:00\",\"dateModified\":\"2025-08-26T06:41:31+00:00\",\"breadcrumb\":{\"@id\":\"https:\/\/pecb.com\/en\/education-and-certification-for-individuals\/iso-9001\/iso-9001-foundation#breadcrumb\"},\"inLanguage\":\"az\",\"potentialAction\":[{\"@type\":\"ReadAction\",\"target\":[\"https:\/\/pecb.com\/en\/education-and-certification-for-individuals\/iso-9001\/iso-9001-foundation\"]}]},{\"@type\":\"ImageObject\",\"inLanguage\":\"az\",\"@id\":\"https:\/\/pecb.com\/en\/education-and-certification-for-individuals\/iso-9001\/iso-9001-foundation#primaryimage\",\"url\":\"https:\/\/store.conimcert.com\/wp-content\/uploads\/2025\/07\/WhatsApp-Image-2025-07-21-at-12.44.25-PM-2.jpeg\",\"contentUrl\":\"https:\/\/store.conimcert.com\/wp-content\/uploads\/2025\/07\/WhatsApp-Image-2025-07-21-at-12.44.25-PM-2.jpeg\",\"width\":452,\"height\":452},{\"@type\":\"BreadcrumbList\",\"@id\":\"https:\/\/pecb.com\/en\/education-and-certification-for-individuals\/iso-9001\/iso-9001-foundation#breadcrumb\",\"itemListElement\":[{\"@type\":\"ListItem\",\"position\":1,\"name\":\"Home\",\"item\":\"https:\/\/store.conimcert.com\/\"},{\"@type\":\"ListItem\",\"position\":2,\"name\":\"Shop\",\"item\":\"https:\/\/store.conimcert.com\/shop\/\"},{\"@type\":\"ListItem\",\"position\":3,\"name\":\"ISO 9001 Quality Management System Foundation\"}]},{\"@type\":\"WebSite\",\"@id\":\"https:\/\/store.conimcert.com\/#website\",\"url\":\"https:\/\/store.conimcert.com\/\",\"name\":\"Conimcert E-Store\",\"description\":\"\",\"publisher\":{\"@id\":\"https:\/\/store.conimcert.com\/#organization\"},\"potentialAction\":[{\"@type\":\"SearchAction\",\"target\":{\"@type\":\"EntryPoint\",\"urlTemplate\":\"https:\/\/store.conimcert.com\/?s={search_term_string}\"},\"query-input\":{\"@type\":\"PropertyValueSpecification\",\"valueRequired\":true,\"valueName\":\"search_term_string\"}}],\"inLanguage\":\"az\"},{\"@type\":\"Organization\",\"@id\":\"https:\/\/store.conimcert.com\/#organization\",\"name\":\"Conimcert E-Store\",\"url\":\"https:\/\/store.conimcert.com\/\",\"logo\":{\"@type\":\"ImageObject\",\"inLanguage\":\"az\",\"@id\":\"https:\/\/store.conimcert.com\/#\/schema\/logo\/image\/\",\"url\":\"https:\/\/store.conimcert.com\/wp-content\/uploads\/2025\/07\/Conim-LOGO-768x132-1.png\",\"contentUrl\":\"https:\/\/store.conimcert.com\/wp-content\/uploads\/2025\/07\/Conim-LOGO-768x132-1.png\",\"width\":768,\"height\":132,\"caption\":\"Conimcert E-Store\"},\"image\":{\"@id\":\"https:\/\/store.conimcert.com\/#\/schema\/logo\/image\/\"}}]}<\/script>\n<!-- \/ Yoast SEO plugin. -->","yoast_head_json":{"title":"ISO 9001 Quality Management System Foundation - Conimcert E-Store","robots":{"index":"index","follow":"follow","max-snippet":"max-snippet:-1","max-image-preview":"max-image-preview:large","max-video-preview":"max-video-preview:-1"},"canonical":"https:\/\/pecb.com\/en\/education-and-certification-for-individuals\/iso-9001\/iso-9001-foundation","og_locale":"az_AZ","og_type":"article","og_title":"ISO 9001 Quality Management System Foundation - Conimcert E-Store","og_description":"Become a certified Quality Management System (QMS) professional \u2014 at your own pace.This package includes official registration for the PECB ISO 9001 Foundation exam, along with comprehensive digital self-study materials. Designed for professionals who want to understand the fundamentals of implementing and supporting a QMS based on ISO 9001:2015 \u2014 without attending live training. This [&hellip;]","og_url":"https:\/\/pecb.com\/en\/education-and-certification-for-individuals\/iso-9001\/iso-9001-foundation","og_site_name":"Conimcert E-Store","article_modified_time":"2025-08-26T06:41:31+00:00","og_image":[{"width":452,"height":452,"url":"https:\/\/store.conimcert.com\/wp-content\/uploads\/2025\/07\/WhatsApp-Image-2025-07-21-at-12.44.25-PM-2.jpeg","type":"image\/jpeg"}],"twitter_card":"summary_large_image","twitter_misc":{"Est. reading time":"2 minutes"},"schema":{"@context":"https:\/\/schema.org","@graph":[{"@type":"WebPage","@id":"https:\/\/store.conimcert.com\/course\/quality-and-sustainability\/iso-9001-foundation\/","url":"https:\/\/pecb.com\/en\/education-and-certification-for-individuals\/iso-9001\/iso-9001-foundation","name":"ISO 9001 Quality Management System Foundation - Conimcert E-Store","isPartOf":{"@id":"https:\/\/store.conimcert.com\/#website"},"primaryImageOfPage":{"@id":"https:\/\/pecb.com\/en\/education-and-certification-for-individuals\/iso-9001\/iso-9001-foundation#primaryimage"},"image":{"@id":"https:\/\/pecb.com\/en\/education-and-certification-for-individuals\/iso-9001\/iso-9001-foundation#primaryimage"},"thumbnailUrl":"https:\/\/store.conimcert.com\/wp-content\/uploads\/2025\/07\/WhatsApp-Image-2025-07-21-at-12.44.25-PM-2.jpeg","datePublished":"2025-07-22T05:37:31+00:00","dateModified":"2025-08-26T06:41:31+00:00","breadcrumb":{"@id":"https:\/\/pecb.com\/en\/education-and-certification-for-individuals\/iso-9001\/iso-9001-foundation#breadcrumb"},"inLanguage":"az","potentialAction":[{"@type":"ReadAction","target":["https:\/\/pecb.com\/en\/education-and-certification-for-individuals\/iso-9001\/iso-9001-foundation"]}]},{"@type":"ImageObject","inLanguage":"az","@id":"https:\/\/pecb.com\/en\/education-and-certification-for-individuals\/iso-9001\/iso-9001-foundation#primaryimage","url":"https:\/\/store.conimcert.com\/wp-content\/uploads\/2025\/07\/WhatsApp-Image-2025-07-21-at-12.44.25-PM-2.jpeg","contentUrl":"https:\/\/store.conimcert.com\/wp-content\/uploads\/2025\/07\/WhatsApp-Image-2025-07-21-at-12.44.25-PM-2.jpeg","width":452,"height":452},{"@type":"BreadcrumbList","@id":"https:\/\/pecb.com\/en\/education-and-certification-for-individuals\/iso-9001\/iso-9001-foundation#breadcrumb","itemListElement":[{"@type":"ListItem","position":1,"name":"Home","item":"https:\/\/store.conimcert.com\/"},{"@type":"ListItem","position":2,"name":"Shop","item":"https:\/\/store.conimcert.com\/shop\/"},{"@type":"ListItem","position":3,"name":"ISO 9001 Quality Management System Foundation"}]},{"@type":"WebSite","@id":"https:\/\/store.conimcert.com\/#website","url":"https:\/\/store.conimcert.com\/","name":"Conimcert E-Store","description":"","publisher":{"@id":"https:\/\/store.conimcert.com\/#organization"},"potentialAction":[{"@type":"SearchAction","target":{"@type":"EntryPoint","urlTemplate":"https:\/\/store.conimcert.com\/?s={search_term_string}"},"query-input":{"@type":"PropertyValueSpecification","valueRequired":true,"valueName":"search_term_string"}}],"inLanguage":"az"},{"@type":"Organization","@id":"https:\/\/store.conimcert.com\/#organization","name":"Conimcert E-Store","url":"https:\/\/store.conimcert.com\/","logo":{"@type":"ImageObject","inLanguage":"az","@id":"https:\/\/store.conimcert.com\/#\/schema\/logo\/image\/","url":"https:\/\/store.conimcert.com\/wp-content\/uploads\/2025\/07\/Conim-LOGO-768x132-1.png","contentUrl":"https:\/\/store.conimcert.com\/wp-content\/uploads\/2025\/07\/Conim-LOGO-768x132-1.png","width":768,"height":132,"caption":"Conimcert E-Store"},"image":{"@id":"https:\/\/store.conimcert.com\/#\/schema\/logo\/image\/"}}]}},"_links":{"self":[{"href":"https:\/\/store.conimcert.com\/az\/wp-json\/wp\/v2\/product\/172","targetHints":{"allow":["GET"]}}],"collection":[{"href":"https:\/\/store.conimcert.com\/az\/wp-json\/wp\/v2\/product"}],"about":[{"href":"https:\/\/store.conimcert.com\/az\/wp-json\/wp\/v2\/types\/product"}],"wp:featuredmedia":[{"embeddable":true,"href":"https:\/\/store.conimcert.com\/az\/wp-json\/wp\/v2\/media\/175"}],"wp:attachment":[{"href":"https:\/\/store.conimcert.com\/az\/wp-json\/wp\/v2\/media?parent=172"}],"wp:term":[{"taxonomy":"brand","embeddable":true,"href":"https:\/\/store.conimcert.com\/az\/wp-json\/wp\/v2\/brand?post=172"},{"taxonomy":"product_brand","embeddable":true,"href":"https:\/\/store.conimcert.com\/az\/wp-json\/wp\/v2\/product_brand?post=172"},{"taxonomy":"product_cat","embeddable":true,"href":"https:\/\/store.conimcert.com\/az\/wp-json\/wp\/v2\/product_cat?post=172"},{"taxonomy":"product_tag","embeddable":true,"href":"https:\/\/store.conimcert.com\/az\/wp-json\/wp\/v2\/product_tag?post=172"}],"curies":[{"name":"wp","href":"https:\/\/api.w.org\/{rel}","templated":true}]}}