{"id":139,"date":"2025-07-21T16:47:25","date_gmt":"2025-07-21T16:47:25","guid":{"rendered":"https:\/\/store.conimcert.com\/?post_type=product&#038;p=139"},"modified":"2025-12-11T07:25:52","modified_gmt":"2025-12-11T07:25:52","slug":"iso-31000-risk-management-guidelines-risk-manager","status":"publish","type":"product","link":"https:\/\/store.conimcert.com\/az\/course\/governance-risk-and-compliance\/iso-31000-risk-management-guidelines-risk-manager\/","title":{"rendered":"ISO 31000 Risk \u0130dar\u0259etm\u0259 T\u0259limatlar\u0131 \u2013 Risk Meneceri"},"content":{"rendered":"<p data-start=\"278\" data-end=\"709\">This package includes official registration for the PECB ISO 31000 Risk Manager exam, together with comprehensive training materials. It\u2019s designed for professionals who want to acquire the knowledge and practical ability to integrate ISO 31000 risk management guidelines into an organization. The course covers the principles of risk management, the framework for managing risk, and the key steps of the risk management process.<\/p>\n<p data-start=\"711\" data-end=\"912\">Ideal for those who want to strengthen their expertise in identifying, assessing, and managing risk across a wide range of business situations, while aligning with globally recognized best practices.<\/p>\n<p data-start=\"711\" data-end=\"912\"><a href=\"https:\/\/pecb.com\/en\/education-and-certification-for-individuals\/iso-31000\/iso-31000-risk-manager\" target=\"_blank\" rel=\"noopener\">Click for more info<\/a><\/p>\n<p data-start=\"914\" data-end=\"936\"><strong data-start=\"914\" data-end=\"934\">N\u0259 Daxildir:<\/strong><\/p>\n<ul data-start=\"938\" data-end=\"1273\">\n<li data-start=\"938\" data-end=\"996\">\n<p data-start=\"940\" data-end=\"996\">Official PECB ISO 31000 Risk Manager exam registration<\/p>\n<\/li>\n<li data-start=\"997\" data-end=\"1062\">\n<p data-start=\"999\" data-end=\"1062\">Training course content with practical examples and exercises<\/p>\n<\/li>\n<li data-start=\"1063\" data-end=\"1138\">\n<p data-start=\"1065\" data-end=\"1138\">Digital training materials with explanations, case studies, and quizzes<\/p>\n<\/li>\n<li data-start=\"1139\" data-end=\"1163\">\n<p data-start=\"1141\" data-end=\"1163\">1 illik imtahan\u0131n etibarl\u0131l\u0131\u011f\u0131<\/p>\n<\/li>\n<li data-start=\"1164\" data-end=\"1202\">\n<p data-start=\"1166\" data-end=\"1202\">Free second exam attempt if needed<\/p>\n<\/li>\n<li data-start=\"1203\" data-end=\"1273\">\n<p data-start=\"1205\" data-end=\"1273\">Online exam format \u2013 take it from anywhere, anytime via PECB Exams<\/p>\n<\/li>\n<\/ul>\n<p data-start=\"1275\" data-end=\"1305\"><strong data-start=\"1275\" data-end=\"1303\">Niy\u0259 bu paketi se\u00e7m\u0259lisiniz?<\/strong><\/p>\n<ul data-start=\"1307\" data-end=\"1700\">\n<li data-start=\"1307\" data-end=\"1390\">\n<p data-start=\"1309\" data-end=\"1390\">Based on ISO 31000 guidelines \u2013 the international benchmark for risk management<\/p>\n<\/li>\n<li data-start=\"1391\" data-end=\"1485\">\n<p data-start=\"1393\" data-end=\"1485\">Gain knowledge to establish, maintain, and continually improve a risk management framework<\/p>\n<\/li>\n<li data-start=\"1486\" data-end=\"1564\">\n<p data-start=\"1488\" data-end=\"1564\">Learn to apply the risk management process in real organizational contexts<\/p>\n<\/li>\n<li data-start=\"1565\" data-end=\"1631\">\n<p data-start=\"1567\" data-end=\"1631\">Training combines theory with practical examples and exercises<\/p>\n<\/li>\n<li data-start=\"1632\" data-end=\"1700\">\n<p data-start=\"1634\" data-end=\"1700\">Structured to prepare you effectively for the certification exam<\/p>\n<\/li>\n<\/ul>\n<p data-start=\"1702\" data-end=\"1724\"><strong data-start=\"1702\" data-end=\"1722\">Kiml\u0259r \u00dc\u00e7\u00fcnd\u00fcr?<\/strong><\/p>\n<ul data-start=\"1726\" data-end=\"2113\">\n<li data-start=\"1726\" data-end=\"1803\">\n<p data-start=\"1728\" data-end=\"1803\">Managers and consultants responsible for risk management in organizations<\/p>\n<\/li>\n<li data-start=\"1804\" data-end=\"1886\">\n<p data-start=\"1806\" data-end=\"1886\">Individuals seeking to understand ISO 31000 principles, framework, and process<\/p>\n<\/li>\n<li data-start=\"1887\" data-end=\"1973\">\n<p data-start=\"1889\" data-end=\"1973\">Professionals responsible for protecting and creating value in their organizations<\/p>\n<\/li>\n<li data-start=\"1974\" data-end=\"2021\">\n<p data-start=\"1976\" data-end=\"2021\">Anyone pursuing a career in risk management<\/p>\n<\/li>\n<li data-start=\"2022\" data-end=\"2113\">\n<p data-start=\"2024\" data-end=\"2113\">Individuals aiming to earn the globally recognized ISO 31000 Risk Manager certification<\/p>\n<\/li>\n<\/ul>\n<p>&nbsp;<\/p>\n<p><a href=\"https:\/\/help.pecb.com\/index.php\/list-of-pecb-exams\/\" target=\"_blank\" rel=\"noopener\">Explore official exam details on PECB<\/a><\/p>","protected":false},"excerpt":{"rendered":"<p><a href=\"https:\/\/store.conimcert.com\/wp-content\/uploads\/2025\/07\/WhatsApp-Image-2025-07-21-at-13.22.10_40245695.jpg\"><img loading=\"lazy\" decoding=\"async\" class=\"alignnone size-medium wp-image-140\" src=\"https:\/\/store.conimcert.com\/wp-content\/uploads\/2025\/07\/WhatsApp-Image-2025-07-21-at-13.22.10_40245695-300x300.jpg\" alt=\"\" width=\"300\" height=\"300\" srcset=\"https:\/\/store.conimcert.com\/wp-content\/uploads\/2025\/07\/WhatsApp-Image-2025-07-21-at-13.22.10_40245695-300x300.jpg 300w, https:\/\/store.conimcert.com\/wp-content\/uploads\/2025\/07\/WhatsApp-Image-2025-07-21-at-13.22.10_40245695-100x100.jpg 100w, https:\/\/store.conimcert.com\/wp-content\/uploads\/2025\/07\/WhatsApp-Image-2025-07-21-at-13.22.10_40245695-416x416.jpg 416w, https:\/\/store.conimcert.com\/wp-content\/uploads\/2025\/07\/WhatsApp-Image-2025-07-21-at-13.22.10_40245695-150x150.jpg 150w, https:\/\/store.conimcert.com\/wp-content\/uploads\/2025\/07\/WhatsApp-Image-2025-07-21-at-13.22.10_40245695-12x12.jpg 12w, https:\/\/store.conimcert.com\/wp-content\/uploads\/2025\/07\/WhatsApp-Image-2025-07-21-at-13.22.10_40245695.jpg 452w\" sizes=\"auto, (max-width: 300px) 100vw, 300px\" \/><\/a><\/p>","protected":false},"featured_media":318,"template":"","meta":{"_acf_changed":false},"brand":[],"product_brand":[],"product_cat":[20],"product_tag":[],"class_list":{"0":"post-139","1":"product","2":"type-product","3":"status-publish","4":"has-post-thumbnail","6":"product_cat-governance-risk-and-compliance","7":"pa_services-e-learning","9":"first","10":"instock","11":"shipping-taxable","12":"purchasable","13":"product-type-simple"},"acf":[],"yoast_head":"<!-- This site is optimized with the Yoast SEO plugin v25.7 - https:\/\/yoast.com\/wordpress\/plugins\/seo\/ -->\n<title>ISO 31000 Risk Management Guidelines \u2013 Risk Manager - Conimcert E-Store<\/title>\n<meta name=\"robots\" content=\"index, follow, max-snippet:-1, max-image-preview:large, max-video-preview:-1\" \/>\n<link rel=\"canonical\" href=\"https:\/\/pecb.com\/en\/education-and-certification-for-individuals\/iso-31000\/iso-31000-risk-manager\" \/>\n<meta property=\"og:locale\" content=\"az_AZ\" \/>\n<meta property=\"og:type\" content=\"article\" \/>\n<meta property=\"og:title\" content=\"ISO 31000 Risk Management Guidelines \u2013 Risk Manager - Conimcert E-Store\" \/>\n<meta property=\"og:url\" content=\"https:\/\/pecb.com\/en\/education-and-certification-for-individuals\/iso-31000\/iso-31000-risk-manager\" \/>\n<meta property=\"og:site_name\" content=\"Conimcert E-Store\" \/>\n<meta property=\"article:modified_time\" content=\"2025-12-11T07:25:52+00:00\" \/>\n<meta property=\"og:image\" content=\"https:\/\/store.conimcert.com\/wp-content\/uploads\/2025\/07\/IEC-31000-Risk-Manager-exam-voucher.jpeg\" \/>\n\t<meta property=\"og:image:width\" content=\"452\" \/>\n\t<meta property=\"og:image:height\" content=\"451\" \/>\n\t<meta property=\"og:image:type\" content=\"image\/jpeg\" \/>\n<meta name=\"twitter:card\" content=\"summary_large_image\" \/>\n<meta name=\"twitter:label1\" content=\"Est. reading time\" \/>\n\t<meta name=\"twitter:data1\" content=\"2 minutes\" \/>\n<script type=\"application\/ld+json\" class=\"yoast-schema-graph\">{\"@context\":\"https:\/\/schema.org\",\"@graph\":[{\"@type\":\"WebPage\",\"@id\":\"https:\/\/store.conimcert.com\/course\/governance-risk-and-compliance\/iso-31000-risk-management-guidelines-risk-manager\/\",\"url\":\"https:\/\/pecb.com\/en\/education-and-certification-for-individuals\/iso-31000\/iso-31000-risk-manager\",\"name\":\"ISO 31000 Risk Management Guidelines \u2013 Risk Manager - Conimcert E-Store\",\"isPartOf\":{\"@id\":\"https:\/\/store.conimcert.com\/#website\"},\"primaryImageOfPage\":{\"@id\":\"https:\/\/pecb.com\/en\/education-and-certification-for-individuals\/iso-31000\/iso-31000-risk-manager#primaryimage\"},\"image\":{\"@id\":\"https:\/\/pecb.com\/en\/education-and-certification-for-individuals\/iso-31000\/iso-31000-risk-manager#primaryimage\"},\"thumbnailUrl\":\"https:\/\/store.conimcert.com\/wp-content\/uploads\/2025\/07\/IEC-31000-Risk-Manager-exam-voucher.jpeg\",\"datePublished\":\"2025-07-21T16:47:25+00:00\",\"dateModified\":\"2025-12-11T07:25:52+00:00\",\"breadcrumb\":{\"@id\":\"https:\/\/pecb.com\/en\/education-and-certification-for-individuals\/iso-31000\/iso-31000-risk-manager#breadcrumb\"},\"inLanguage\":\"az\",\"potentialAction\":[{\"@type\":\"ReadAction\",\"target\":[\"https:\/\/pecb.com\/en\/education-and-certification-for-individuals\/iso-31000\/iso-31000-risk-manager\"]}]},{\"@type\":\"ImageObject\",\"inLanguage\":\"az\",\"@id\":\"https:\/\/pecb.com\/en\/education-and-certification-for-individuals\/iso-31000\/iso-31000-risk-manager#primaryimage\",\"url\":\"https:\/\/store.conimcert.com\/wp-content\/uploads\/2025\/07\/IEC-31000-Risk-Manager-exam-voucher.jpeg\",\"contentUrl\":\"https:\/\/store.conimcert.com\/wp-content\/uploads\/2025\/07\/IEC-31000-Risk-Manager-exam-voucher.jpeg\",\"width\":452,\"height\":451},{\"@type\":\"BreadcrumbList\",\"@id\":\"https:\/\/pecb.com\/en\/education-and-certification-for-individuals\/iso-31000\/iso-31000-risk-manager#breadcrumb\",\"itemListElement\":[{\"@type\":\"ListItem\",\"position\":1,\"name\":\"Home\",\"item\":\"https:\/\/store.conimcert.com\/\"},{\"@type\":\"ListItem\",\"position\":2,\"name\":\"Shop\",\"item\":\"https:\/\/store.conimcert.com\/shop\/\"},{\"@type\":\"ListItem\",\"position\":3,\"name\":\"ISO 31000 Risk Management Guidelines \u2013 Risk Manager\"}]},{\"@type\":\"WebSite\",\"@id\":\"https:\/\/store.conimcert.com\/#website\",\"url\":\"https:\/\/store.conimcert.com\/\",\"name\":\"Conimcert E-Store\",\"description\":\"\",\"publisher\":{\"@id\":\"https:\/\/store.conimcert.com\/#organization\"},\"potentialAction\":[{\"@type\":\"SearchAction\",\"target\":{\"@type\":\"EntryPoint\",\"urlTemplate\":\"https:\/\/store.conimcert.com\/?s={search_term_string}\"},\"query-input\":{\"@type\":\"PropertyValueSpecification\",\"valueRequired\":true,\"valueName\":\"search_term_string\"}}],\"inLanguage\":\"az\"},{\"@type\":\"Organization\",\"@id\":\"https:\/\/store.conimcert.com\/#organization\",\"name\":\"Conimcert E-Store\",\"url\":\"https:\/\/store.conimcert.com\/\",\"logo\":{\"@type\":\"ImageObject\",\"inLanguage\":\"az\",\"@id\":\"https:\/\/store.conimcert.com\/#\/schema\/logo\/image\/\",\"url\":\"https:\/\/store.conimcert.com\/wp-content\/uploads\/2025\/07\/Conim-LOGO-768x132-1.png\",\"contentUrl\":\"https:\/\/store.conimcert.com\/wp-content\/uploads\/2025\/07\/Conim-LOGO-768x132-1.png\",\"width\":768,\"height\":132,\"caption\":\"Conimcert E-Store\"},\"image\":{\"@id\":\"https:\/\/store.conimcert.com\/#\/schema\/logo\/image\/\"}}]}<\/script>\n<!-- \/ Yoast SEO plugin. -->","yoast_head_json":{"title":"ISO 31000 Risk Management Guidelines \u2013 Risk Manager - Conimcert E-Store","robots":{"index":"index","follow":"follow","max-snippet":"max-snippet:-1","max-image-preview":"max-image-preview:large","max-video-preview":"max-video-preview:-1"},"canonical":"https:\/\/pecb.com\/en\/education-and-certification-for-individuals\/iso-31000\/iso-31000-risk-manager","og_locale":"az_AZ","og_type":"article","og_title":"ISO 31000 Risk Management Guidelines \u2013 Risk Manager - Conimcert E-Store","og_url":"https:\/\/pecb.com\/en\/education-and-certification-for-individuals\/iso-31000\/iso-31000-risk-manager","og_site_name":"Conimcert E-Store","article_modified_time":"2025-12-11T07:25:52+00:00","og_image":[{"width":452,"height":451,"url":"https:\/\/store.conimcert.com\/wp-content\/uploads\/2025\/07\/IEC-31000-Risk-Manager-exam-voucher.jpeg","type":"image\/jpeg"}],"twitter_card":"summary_large_image","twitter_misc":{"Est. reading time":"2 minutes"},"schema":{"@context":"https:\/\/schema.org","@graph":[{"@type":"WebPage","@id":"https:\/\/store.conimcert.com\/course\/governance-risk-and-compliance\/iso-31000-risk-management-guidelines-risk-manager\/","url":"https:\/\/pecb.com\/en\/education-and-certification-for-individuals\/iso-31000\/iso-31000-risk-manager","name":"ISO 31000 Risk Management Guidelines \u2013 Risk Manager - Conimcert E-Store","isPartOf":{"@id":"https:\/\/store.conimcert.com\/#website"},"primaryImageOfPage":{"@id":"https:\/\/pecb.com\/en\/education-and-certification-for-individuals\/iso-31000\/iso-31000-risk-manager#primaryimage"},"image":{"@id":"https:\/\/pecb.com\/en\/education-and-certification-for-individuals\/iso-31000\/iso-31000-risk-manager#primaryimage"},"thumbnailUrl":"https:\/\/store.conimcert.com\/wp-content\/uploads\/2025\/07\/IEC-31000-Risk-Manager-exam-voucher.jpeg","datePublished":"2025-07-21T16:47:25+00:00","dateModified":"2025-12-11T07:25:52+00:00","breadcrumb":{"@id":"https:\/\/pecb.com\/en\/education-and-certification-for-individuals\/iso-31000\/iso-31000-risk-manager#breadcrumb"},"inLanguage":"az","potentialAction":[{"@type":"ReadAction","target":["https:\/\/pecb.com\/en\/education-and-certification-for-individuals\/iso-31000\/iso-31000-risk-manager"]}]},{"@type":"ImageObject","inLanguage":"az","@id":"https:\/\/pecb.com\/en\/education-and-certification-for-individuals\/iso-31000\/iso-31000-risk-manager#primaryimage","url":"https:\/\/store.conimcert.com\/wp-content\/uploads\/2025\/07\/IEC-31000-Risk-Manager-exam-voucher.jpeg","contentUrl":"https:\/\/store.conimcert.com\/wp-content\/uploads\/2025\/07\/IEC-31000-Risk-Manager-exam-voucher.jpeg","width":452,"height":451},{"@type":"BreadcrumbList","@id":"https:\/\/pecb.com\/en\/education-and-certification-for-individuals\/iso-31000\/iso-31000-risk-manager#breadcrumb","itemListElement":[{"@type":"ListItem","position":1,"name":"Home","item":"https:\/\/store.conimcert.com\/"},{"@type":"ListItem","position":2,"name":"Shop","item":"https:\/\/store.conimcert.com\/shop\/"},{"@type":"ListItem","position":3,"name":"ISO 31000 Risk Management Guidelines \u2013 Risk Manager"}]},{"@type":"WebSite","@id":"https:\/\/store.conimcert.com\/#website","url":"https:\/\/store.conimcert.com\/","name":"Conimcert E-Store","description":"","publisher":{"@id":"https:\/\/store.conimcert.com\/#organization"},"potentialAction":[{"@type":"SearchAction","target":{"@type":"EntryPoint","urlTemplate":"https:\/\/store.conimcert.com\/?s={search_term_string}"},"query-input":{"@type":"PropertyValueSpecification","valueRequired":true,"valueName":"search_term_string"}}],"inLanguage":"az"},{"@type":"Organization","@id":"https:\/\/store.conimcert.com\/#organization","name":"Conimcert E-Store","url":"https:\/\/store.conimcert.com\/","logo":{"@type":"ImageObject","inLanguage":"az","@id":"https:\/\/store.conimcert.com\/#\/schema\/logo\/image\/","url":"https:\/\/store.conimcert.com\/wp-content\/uploads\/2025\/07\/Conim-LOGO-768x132-1.png","contentUrl":"https:\/\/store.conimcert.com\/wp-content\/uploads\/2025\/07\/Conim-LOGO-768x132-1.png","width":768,"height":132,"caption":"Conimcert E-Store"},"image":{"@id":"https:\/\/store.conimcert.com\/#\/schema\/logo\/image\/"}}]}},"_links":{"self":[{"href":"https:\/\/store.conimcert.com\/az\/wp-json\/wp\/v2\/product\/139","targetHints":{"allow":["GET"]}}],"collection":[{"href":"https:\/\/store.conimcert.com\/az\/wp-json\/wp\/v2\/product"}],"about":[{"href":"https:\/\/store.conimcert.com\/az\/wp-json\/wp\/v2\/types\/product"}],"wp:featuredmedia":[{"embeddable":true,"href":"https:\/\/store.conimcert.com\/az\/wp-json\/wp\/v2\/media\/318"}],"wp:attachment":[{"href":"https:\/\/store.conimcert.com\/az\/wp-json\/wp\/v2\/media?parent=139"}],"wp:term":[{"taxonomy":"brand","embeddable":true,"href":"https:\/\/store.conimcert.com\/az\/wp-json\/wp\/v2\/brand?post=139"},{"taxonomy":"product_brand","embeddable":true,"href":"https:\/\/store.conimcert.com\/az\/wp-json\/wp\/v2\/product_brand?post=139"},{"taxonomy":"product_cat","embeddable":true,"href":"https:\/\/store.conimcert.com\/az\/wp-json\/wp\/v2\/product_cat?post=139"},{"taxonomy":"product_tag","embeddable":true,"href":"https:\/\/store.conimcert.com\/az\/wp-json\/wp\/v2\/product_tag?post=139"}],"curies":[{"name":"wp","href":"https:\/\/api.w.org\/{rel}","templated":true}]}}