{"id":97,"date":"2025-07-21T10:19:33","date_gmt":"2025-07-21T10:19:33","guid":{"rendered":"https:\/\/store.conimcert.com\/?page_id=97"},"modified":"2025-07-21T10:20:56","modified_gmt":"2025-07-21T10:20:56","slug":"terms-and-conditions","status":"publish","type":"page","link":"https:\/\/store.conimcert.com\/az\/terms-and-conditions\/","title":{"rendered":"\u015e\u0259rtl\u0259r v\u0259 qaydalar"},"content":{"rendered":"<p><strong>Son Yenil\u0259nm\u0259 Tarixi: 16.07.2025<\/strong><\/p>\n\n\n\n<p>CONIM Store-un r\u0259smi veb sayt\u0131na xo\u015f g\u0259lmisiniz. <strong>Bu veb saytdan istifad\u0259 a\u015fa\u011f\u0131da g\u00f6st\u0259ril\u0259n<\/strong>\u015e\u0259rtl\u0259r v\u0259 Qaydalarla t\u0259nziml\u0259nir. Z\u018fHM\u018fT OLMASA, BU \u015e\u018fRTL\u018fR\u0130 D\u0130QQ\u018fTL\u018f OXUYUN. Bu veb sayt vasit\u0259sil\u0259 m\u0259lumatlara baxmaqla, onlar\u0131 y\u00fckl\u0259m\u0259kl\u0259 v\u0259 ya istifad\u0259 etm\u0259kl\u0259, burada g\u00f6st\u0259ril\u0259n v\u0259 g\u0259l\u0259c\u0259k CONIM Store qar\u015f\u0131l\u0131ql\u0131 \u0259laq\u0259l\u0259rin\u0259 t\u0259tbiq olunan \u015f\u0259rtl\u0259rl\u0259 raz\u0131la\u015fm\u0131\u015f olursunuz.<\/p>\n\n\n\n<p>CONIM Store ist\u0259nil\u0259n vaxt bu \u015f\u0259rtl\u0259ri d\u0259yi\u015fdirm\u0259k h\u00fcququnu \u00f6z\u00fcnd\u0259 saxlay\u0131r. Siz bu s\u0259hif\u0259ni vaxta\u015f\u0131r\u0131 n\u0259z\u0259rd\u0259n ke\u00e7irm\u0259kl\u0259 h\u0259r hans\u0131 yenilikl\u0259rd\u0259n x\u0259b\u0259rdar olmaqla m\u0259sulsunuz.<\/p>\n\n\n\n<hr class=\"wp-block-separator has-alpha-channel-opacity\"\/>\n\n\n\n<h3 class=\"wp-block-heading\"><strong>1. H\u00dcQUQ\u0130 B\u0130LD\u0130R\u0130\u015e<\/strong><\/h3>\n\n\n\n<p>\u00a9 Copyright CONIM Company. B\u00fct\u00fcn h\u00fcquqlar qorunur. M\u0259lumatlar\u0131n icaz\u0259siz sur\u0259tinin \u00e7\u0131xar\u0131lmas\u0131 v\u0259 ya yay\u0131lmas\u0131 qada\u011fand\u0131r, yaln\u0131z q\u00fcvv\u0259d\u0259 olan m\u00fc\u0259llif h\u00fcquqlar\u0131 qanunlar\u0131na uy\u011fun icaz\u0259 veril\u0259 bil\u0259r.<\/p>\n\n\n\n<p>\u201cCONIM\u201d v\u0259 ya \u201cbiz\u201d ifad\u0259si veb sayt\u0131n sahibi olan v\u0259 ba\u015f ofisi Bak\u0131, Az\u0259rbaycan-da yerl\u0259\u015f\u0259n \u015firk\u0259t\u0259 aiddir. \u201cSiz\u201d \u2014 bu veb sayt\u0131n istifad\u0259\u00e7isi v\u0259 ya izl\u0259yicisisiniz.<\/p>\n\n\n\n<h3 class=\"wp-block-heading\"><strong>2. \u0130ST\u0130FAD\u018f M\u018fHDUD\u0130YY\u018fTL\u018fR\u0130<\/strong><\/h3>\n\n\n\n<p>CONIM Store m\u0259hsullar\u0131 il\u0259 ba\u011fl\u0131 olaraq \u015f\u0259xsi, qeyri-kommersiya v\u0259 ya t\u0259\u015fkilatdaxili m\u0259qs\u0259dl\u0259rl\u0259 kontenti baxa, y\u00fckl\u0259y\u0259 v\u0259 \u00e7ap ed\u0259 bil\u0259rsiniz. M\u00fc\u0259llif h\u00fcquqlar\u0131 v\u0259 ya m\u00fclkiyy\u0259t qeydinin d\u0259yi\u015fdirilm\u0259si v\u0259 ya silinm\u0259si q\u0259ti qada\u011fand\u0131r.<\/p>\n\n\n\n<p>M\u0259zmunun icaz\u0259siz istifad\u0259si m\u00fc\u0259llif h\u00fcquqlar\u0131, ticar\u0259t ni\u015fan\u0131 v\u0259 dig\u0259r \u0259qli m\u00fclkiyy\u0259t qanunlar\u0131n\u0131n pozulmas\u0131 dem\u0259kdir v\u0259 h\u00fcquqi v\u0259 ya cinay\u0259t m\u0259suliyy\u0259tin\u0259 s\u0259b\u0259b ola bil\u0259r.<\/p>\n\n\n\n<h3 class=\"wp-block-heading\"><strong>3. \u018fQL\u0130 M\u00dcLK\u0130YY\u018fT<\/strong><\/h3>\n\n\n\n<p>Bu veb saytdak\u0131 b\u00fct\u00fcn m\u0259zmun \u2013 vizuallar, s\u0259n\u0259dl\u0259r, kurs t\u0259svirl\u0259ri, al\u0259tl\u0259r v\u0259 loqotipl\u0259r \u2013 CONIM v\u0259 ya onun t\u0259r\u0259fda\u015flar\u0131n\u0131n (m\u0259s\u0259l\u0259n, PECB) \u0259qli m\u00fclkiyy\u0259tidir. \u0130caz\u0259siz istifad\u0259 v\u0259 ya yay\u0131m qada\u011fand\u0131r.<\/p>\n\n\n\n<p>\u00dc\u00e7\u00fcnc\u00fc t\u0259r\u0259fl\u0259r\u0259 m\u0259xsus ticar\u0259t ni\u015fanlar\u0131 onlar\u0131n m\u00fcvafiq sahibl\u0259rin\u0259 m\u0259xsusdur.<\/p>\n\n\n\n<h3 class=\"wp-block-heading\"><strong>4. M\u018fHSUL N\u00d6VL\u018fR\u0130 V\u018f \u00c7ATDIRILMA<\/strong><\/h3>\n\n\n\n<p>CONIM Store yaln\u0131z r\u0259q\u0259msal m\u0259hsullar t\u0259qdim edir. Al\u0131\u015fdan sonra m\u0259hsullar e-po\u00e7t v\u0259 ya y\u00fckl\u0259m\u0259 linki vasit\u0259sil\u0259 t\u0259qdim olunur. M\u0259hsullar yaln\u0131z al\u0131c\u0131n\u0131n istifad\u0259si \u00fc\u00e7\u00fcnd\u00fcr v\u0259 ba\u015fqas\u0131na \u00f6t\u00fcr\u00fcl\u0259 bilm\u0259z.<\/p>\n\n\n\n<h3 class=\"wp-block-heading\"><strong>5. \u00d6D\u018fN\u0130\u015e V\u018f T\u018fHL\u00dcK\u018fS\u0130ZL\u0130K<\/strong><\/h3>\n\n\n\n<p>\u00d6d\u0259ni\u015fl\u0259r etibarl\u0131 v\u0259 t\u0259hl\u00fck\u0259siz \u00fc\u00e7\u00fcnc\u00fc t\u0259r\u0259f platformalar\u0131 vasit\u0259sil\u0259 q\u0259bul olunur. CONIM \u00f6d\u0259ni\u015f kart\u0131 m\u0259lumatlar\u0131n\u0131 saxlam\u0131r. B\u00fct\u00fcn onlayn \u0259m\u0259liyyatlar SSL\/TLS standartlar\u0131 il\u0259 \u015fifr\u0259l\u0259nmi\u015f \u015f\u0259kild\u0259 h\u0259yata ke\u00e7irilir.<\/p>\n\n\n\n<h3 class=\"wp-block-heading\"><strong>6. QAYTARMA V\u018f L\u018f\u011eV S\u0130YAS\u018fT\u0130<\/strong><\/h3>\n\n\n\n<p>M\u0259hsullar r\u0259q\u0259msal xarakter da\u015f\u0131d\u0131\u011f\u0131ndan, m\u0259zmun t\u0259qdim olunduqdan v\u0259 ya istifad\u0259 edildikd\u0259n sonra geri qaytarma h\u0259yata ke\u00e7irilmir. Yaln\u0131z texniki nasazl\u0131q hallar\u0131nda istisnalar m\u00fcmk\u00fcnd\u00fcr.<\/p>\n\n\n\n<h3 class=\"wp-block-heading\"><strong>7. \u00dc\u00c7\u00dcNC\u00dc T\u018fR\u018fF KE\u00c7\u0130DL\u018fR\u0130<\/strong><\/h3>\n\n\n\n<p>Sayt \u00fc\u00e7\u00fcnc\u00fc t\u0259r\u0259f platformalara ke\u00e7idl\u0259r t\u0259qdim ed\u0259 bil\u0259r. CONIM h\u0259min veb saytlar\u0131n m\u0259zmununa v\u0259 ya \u0259l\u00e7atanl\u0131\u011f\u0131na g\u00f6r\u0259 m\u0259suliyy\u0259t da\u015f\u0131m\u0131r. Bu ke\u00e7idl\u0259rd\u0259n istifad\u0259 tamamil\u0259 sizin m\u0259suliyy\u0259tiniz alt\u0131ndad\u0131r.<\/p>\n\n\n\n<h3 class=\"wp-block-heading\"><strong>8. GER\u0130 B\u0130LD\u0130R\u0130M<\/strong><\/h3>\n\n\n\n<p>CONIM-\u0259 t\u0259qdim etdiyiniz ist\u0259nil\u0259n r\u0259y v\u0259 t\u0259klifl\u0259r (e-po\u00e7t v\u0259 ya veb formalar vasit\u0259sil\u0259) \u015firk\u0259tin m\u00fclkiyy\u0259tin\u0259 ke\u00e7ir. Bu m\u0259lumatlar m\u0259hsul t\u0259kmill\u0259\u015fdirilm\u0259si v\u0259 ya tan\u0131t\u0131m m\u0259qs\u0259dl\u0259ri il\u0259 istifad\u0259 oluna bil\u0259r \u2013 istifad\u0259\u00e7iy\u0259 qar\u015f\u0131 he\u00e7 bir \u00f6hd\u0259lik olmadan.<\/p>\n\n\n\n<h3 class=\"wp-block-heading\"><strong>9. Z\u018fMAN\u018fT\u0130N \u0130NKAR ED\u0130LM\u018fS\u0130<\/strong><\/h3>\n\n\n\n<p>Veb saytdak\u0131 b\u00fct\u00fcn m\u0259zmun \u201coldu\u011fu kimi\u201d t\u0259qdim olunur v\u0259 he\u00e7 bir z\u0259man\u0259t verilmir. CONIM birba\u015fa v\u0259 dolay\u0131 z\u0259man\u0259tl\u0259ri, o c\u00fcml\u0259d\u0259n \u201csat\u0131\u015f \u00fc\u00e7\u00fcn yararl\u0131l\u0131q\u201d v\u0259 \u201cx\u00fcsusi m\u0259qs\u0259dl\u0259r\u0259 uy\u011funluq\u201d kimi z\u0259man\u0259tl\u0259ri inkar edir.<\/p>\n\n\n\n<p>Sayta fasil\u0259siz \u00e7\u0131x\u0131\u015f v\u0259 ya texniki nasazl\u0131qlardan azad f\u0259aliyy\u0259t z\u0259man\u0259t verilmir.<\/p>\n\n\n\n<h3 class=\"wp-block-heading\"><strong>10. M\u018fSUL\u0130YY\u018fT\u0130N M\u018fHDUDLA\u015eDIRILMASI<\/strong><\/h3>\n\n\n\n<p>Qanunla icaz\u0259 veril\u0259n maksimum h\u0259dd\u0259 q\u0259d\u0259r CONIM a\u015fa\u011f\u0131dak\u0131 hallarda m\u0259suliyy\u0259t da\u015f\u0131m\u0131r:<\/p>\n\n\n\n<ul class=\"wp-block-list\">\n<li>Biznes v\u0259 ya m\u0259nf\u0259\u0259t itkisi<\/li>\n\n\n\n<li>M\u0259lumat itkisi<\/li>\n\n\n\n<li>F\u0259aliyy\u0259tin dayand\u0131r\u0131lmas\u0131<\/li>\n\n\n\n<li>Dolay\u0131, t\u0259sad\u00fcfi v\u0259 ya n\u0259tic\u0259 etibaril\u0259 yaranan z\u0259r\u0259rl\u0259r<\/li>\n<\/ul>\n\n\n\n<p>Sertifikatla\u015fd\u0131rma proqram\u0131na qo\u015fula bilm\u0259m\u0259yiniz (proqram t\u0259l\u0259bl\u0259rin\u0259 \u0259m\u0259l etm\u0259diyiniz\u0259 v\u0259 ya texniki s\u0259b\u0259bl\u0259r\u0259 g\u00f6r\u0259) \u00fc\u00e7\u00fcn CONIM m\u0259suliyy\u0259t da\u015f\u0131m\u0131r.<\/p>\n\n\n\n<h3 class=\"wp-block-heading\"><strong>11. \u0130ST\u0130FAD\u018fN\u0130N DAYANDIRILMASI<\/strong><\/h3>\n\n\n\n<p>Bu \u015f\u0259rtl\u0259rin pozulmas\u0131 hal\u0131nda CONIM x\u0259b\u0259rdarl\u0131q etm\u0259d\u0259n veb sayta giri\u015finizi dayand\u0131ra v\u0259 ya m\u0259hdudla\u015fd\u0131ra bil\u0259r.<\/p>\n\n\n\n<h3 class=\"wp-block-heading\"><strong>12. D\u018fY\u0130\u015e\u0130KL\u0130KL\u018fR<\/strong><\/h3>\n\n\n\n<p>CONIM ist\u0259nil\u0259n vaxt bu \u015f\u0259rtl\u0259ri, m\u0259hsul m\u00f6vcudlu\u011funu v\u0259 qiym\u0259tl\u0259ri d\u0259yi\u015fdirm\u0259k h\u00fcququna malikdir. Saytdan istifad\u0259 etm\u0259y\u0259 davam etm\u0259yiniz bu d\u0259yi\u015fiklikl\u0259rl\u0259 raz\u0131 oldu\u011funuzu g\u00f6st\u0259rir.<\/p>\n\n\n\n<h3 class=\"wp-block-heading\"><strong>13. T\u018fTB\u0130Q OLUNAN QANUNVER\u0130C\u0130L\u0130K<\/strong><\/h3>\n\n\n\n<p>Bu m\u00fcqavil\u0259 Az\u0259rbaycan Respublikas\u0131n\u0131n qanunvericiliyi il\u0259 t\u0259nziml\u0259nir. M\u00fcbahis\u0259l\u0259r yaln\u0131z Bak\u0131 m\u0259hk\u0259m\u0259l\u0259rind\u0259 h\u0259ll olunacaq.<\/p>\n\n\n\n<h3 class=\"wp-block-heading\"><strong>14. M\u018fXF\u0130L\u0130K S\u0130YAS\u018fT\u0130<\/strong><\/h3>\n\n\n\n<p>Sizin m\u0259xfiliyiniz bizim \u00fc\u00e7\u00fcn \u00f6n\u0259mlidir. Bu b\u00f6lm\u0259d\u0259 m\u0259lumatlar\u0131n\u0131z\u0131n nec\u0259 toplanmas\u0131, istifad\u0259si v\u0259 qorunmas\u0131 izah olunur.<\/p>\n\n\n\n<p><strong>Toplad\u0131\u011f\u0131m\u0131z M\u0259lumatlar:<\/strong><\/p>\n\n\n\n<ul class=\"wp-block-list\">\n<li>Ad v\u0259 \u0259laq\u0259 m\u0259lumatlar\u0131<\/li>\n\n\n\n<li>Al\u0131\u015f tarix\u00e7\u0259si<\/li>\n\n\n\n<li>Cihaz v\u0259 brauzer m\u0259lumatlar\u0131<\/li>\n\n\n\n<li>Saytdak\u0131 istifad\u0259 davran\u0131\u015f\u0131 (saytda s\u0259rf olunan m\u00fcdd\u0259t, bax\u0131lan s\u0259hif\u0259l\u0259r v\u0259 s.)<\/li>\n<\/ul>\n\n\n\n<p><strong>M\u0259lumatlardan Nec\u0259 \u0130stifad\u0259 Edirik:<\/strong><\/p>\n\n\n\n<ul class=\"wp-block-list\">\n<li>Sifari\u015fl\u0259rinizi emal etm\u0259k \u00fc\u00e7\u00fcn<\/li>\n\n\n\n<li>M\u00fc\u015ft\u0259ri d\u0259st\u0259yi t\u0259min etm\u0259k \u00fc\u00e7\u00fcn<\/li>\n\n\n\n<li>Yaln\u0131z raz\u0131l\u0131\u011f\u0131n\u0131zla promo v\u0259 \u0259m\u0259liyyat e-maill\u0259ri g\u00f6nd\u0259rm\u0259k \u00fc\u00e7\u00fcn<\/li>\n\n\n\n<li>Platformam\u0131z\u0131n istifad\u0259 t\u0259cr\u00fcb\u0259sini yax\u015f\u0131la\u015fd\u0131rmaq \u00fc\u00e7\u00fcn<\/li>\n<\/ul>\n\n\n\n<p><strong>M\u0259lumatlar\u0131n Saxlanmas\u0131 v\u0259 Qorunmas\u0131:<\/strong> Veril\u0259nl\u0259riniz SSL \u015fifr\u0259l\u0259m\u0259si v\u0259 m\u0259hdud giri\u015f n\u0259zar\u0259ti il\u0259 qorunur. \u00d6d\u0259ni\u015f platformalar\u0131 kimi \u00fc\u00e7\u00fcnc\u00fc t\u0259r\u0259f xidm\u0259tl\u0259r y\u00fcks\u0259k t\u0259hl\u00fck\u0259sizlik standartlar\u0131na uy\u011fun se\u00e7ilir.<\/p>\n\n\n\n<p><strong>Cookies v\u0259 Analitika:<\/strong> \u0130stifad\u0259 t\u0259cr\u00fcb\u0259sini f\u0259rdil\u0259\u015fdirm\u0259k, trafiki t\u0259hlil etm\u0259k v\u0259 se\u00e7iml\u0259ri yadda saxlamaq \u00fc\u00e7\u00fcn cookies istifad\u0259 olunur. \u0130st\u0259s\u0259niz brauzerinizd\u0259 deaktiv ed\u0259 bil\u0259rsiniz.<\/p>\n\n\n\n<p><strong>\u00dc\u00e7\u00fcnc\u00fc T\u0259r\u0259fl\u0259rl\u0259 Payla\u015f\u0131m:<\/strong> \u015e\u0259xsi m\u0259lumatlar\u0131n\u0131z sat\u0131lm\u0131r v\u0259 m\u00fcv\u0259qq\u0259ti payla\u015f\u0131lm\u0131r. T\u0259r\u0259fda\u015flara yaln\u0131z xidm\u0259t t\u0259qdim etm\u0259k m\u0259qs\u0259dil\u0259 minimal payla\u015f\u0131m m\u00fcmk\u00fcnd\u00fcr (m\u0259s\u0259l\u0259n: kursa giri\u015f).<\/p>\n\n\n\n<p><strong>Sizin H\u00fcquqlar\u0131n\u0131z:<\/strong> \u015e\u0259xsi m\u0259lumatlar\u0131n\u0131za daxil olmaq, d\u0259yi\u015fdirm\u0259k v\u0259 ya silm\u0259k h\u00fcququnuz var. <strong>customer.care@conimcert.com<\/strong> customer.care@conimcert.com<\/p>\n\n\n\n<h3 class=\"wp-block-heading\"><strong>15. \u018fLAQ\u018f<\/strong><\/h3>\n\n\n\n<p>Bu \u015e\u0259rtl\u0259r v\u0259 Qaydalar v\u0259 ya M\u0259xfilik Siyas\u0259ti il\u0259 ba\u011fl\u0131 suallar \u00fc\u00e7\u00fcn biziml\u0259 \u0259laq\u0259 saxlay\u0131n. <strong>customer.care@conimcert.com<\/strong><\/p>\n\n\n\n<hr class=\"wp-block-separator has-alpha-channel-opacity\"\/>\n\n\n\n<p><strong>Copyright \u00a9 CONIM Company. B\u00fct\u00fcn h\u00fcquqlar qorunur.<\/strong><\/p>","protected":false},"excerpt":{"rendered":"<p>Last Updated: 16.07.2025 Welcome to the official website of CONIM Store. Use of this site is governed by the Terms and Conditions set forth below. PLEASE READ THESE TERMS CAREFULLY BEFORE USING THIS WEBSITE. By accessing, browsing, or downloading content from this website, you agree to abide by the terms and conditions contained herein, which [&hellip;]<\/p>","protected":false},"author":2,"featured_media":0,"parent":0,"menu_order":0,"comment_status":"closed","ping_status":"closed","template":"","meta":{"_acf_changed":false,"footnotes":""},"class_list":["post-97","page","type-page","status-publish","hentry"],"acf":[],"yoast_head":"<!-- This site is optimized with the Yoast SEO plugin v27.4 - https:\/\/yoast.com\/product\/yoast-seo-wordpress\/ -->\n<title>Terms and Conditions - Conimcert E-Store<\/title>\n<meta name=\"robots\" content=\"index, follow, max-snippet:-1, max-image-preview:large, max-video-preview:-1\" \/>\n<link rel=\"canonical\" href=\"https:\/\/store.conimcert.com\/az\/terms-and-conditions\/\" \/>\n<meta property=\"og:locale\" content=\"az_AZ\" \/>\n<meta property=\"og:type\" content=\"article\" \/>\n<meta property=\"og:title\" content=\"Terms and Conditions - Conimcert E-Store\" \/>\n<meta property=\"og:description\" content=\"Last Updated: 16.07.2025 Welcome to the official website of CONIM Store. Use of this site is governed by the Terms and Conditions set forth below. PLEASE READ THESE TERMS CAREFULLY BEFORE USING THIS WEBSITE. By accessing, browsing, or downloading content from this website, you agree to abide by the terms and conditions contained herein, which [&hellip;]\" \/>\n<meta property=\"og:url\" content=\"https:\/\/store.conimcert.com\/az\/terms-and-conditions\/\" \/>\n<meta property=\"og:site_name\" content=\"Conimcert E-Store\" \/>\n<meta property=\"article:modified_time\" content=\"2025-07-21T10:20:56+00:00\" \/>\n<meta name=\"twitter:card\" content=\"summary_large_image\" \/>\n<meta name=\"twitter:label1\" content=\"Est. reading time\" \/>\n\t<meta name=\"twitter:data1\" content=\"4 minutes\" \/>\n<script type=\"application\/ld+json\" class=\"yoast-schema-graph\">{\"@context\":\"https:\\\/\\\/schema.org\",\"@graph\":[{\"@type\":\"WebPage\",\"@id\":\"https:\\\/\\\/store.conimcert.com\\\/terms-and-conditions\\\/\",\"url\":\"https:\\\/\\\/store.conimcert.com\\\/terms-and-conditions\\\/\",\"name\":\"Terms and Conditions - Conimcert E-Store\",\"isPartOf\":{\"@id\":\"https:\\\/\\\/store.conimcert.com\\\/#website\"},\"datePublished\":\"2025-07-21T10:19:33+00:00\",\"dateModified\":\"2025-07-21T10:20:56+00:00\",\"breadcrumb\":{\"@id\":\"https:\\\/\\\/store.conimcert.com\\\/terms-and-conditions\\\/#breadcrumb\"},\"inLanguage\":\"az\",\"potentialAction\":[{\"@type\":\"ReadAction\",\"target\":[\"https:\\\/\\\/store.conimcert.com\\\/terms-and-conditions\\\/\"]}]},{\"@type\":\"BreadcrumbList\",\"@id\":\"https:\\\/\\\/store.conimcert.com\\\/terms-and-conditions\\\/#breadcrumb\",\"itemListElement\":[{\"@type\":\"ListItem\",\"position\":1,\"name\":\"Home\",\"item\":\"https:\\\/\\\/store.conimcert.com\\\/\"},{\"@type\":\"ListItem\",\"position\":2,\"name\":\"Terms and Conditions\"}]},{\"@type\":\"WebSite\",\"@id\":\"https:\\\/\\\/store.conimcert.com\\\/#website\",\"url\":\"https:\\\/\\\/store.conimcert.com\\\/\",\"name\":\"Conimcert E-Store\",\"description\":\"\",\"publisher\":{\"@id\":\"https:\\\/\\\/store.conimcert.com\\\/#organization\"},\"potentialAction\":[{\"@type\":\"SearchAction\",\"target\":{\"@type\":\"EntryPoint\",\"urlTemplate\":\"https:\\\/\\\/store.conimcert.com\\\/?s={search_term_string}\"},\"query-input\":{\"@type\":\"PropertyValueSpecification\",\"valueRequired\":true,\"valueName\":\"search_term_string\"}}],\"inLanguage\":\"az\"},{\"@type\":\"Organization\",\"@id\":\"https:\\\/\\\/store.conimcert.com\\\/#organization\",\"name\":\"Conimcert E-Store\",\"url\":\"https:\\\/\\\/store.conimcert.com\\\/\",\"logo\":{\"@type\":\"ImageObject\",\"inLanguage\":\"az\",\"@id\":\"https:\\\/\\\/store.conimcert.com\\\/#\\\/schema\\\/logo\\\/image\\\/\",\"url\":\"https:\\\/\\\/store.conimcert.com\\\/wp-content\\\/uploads\\\/2025\\\/07\\\/Conim-LOGO-768x132-1.png\",\"contentUrl\":\"https:\\\/\\\/store.conimcert.com\\\/wp-content\\\/uploads\\\/2025\\\/07\\\/Conim-LOGO-768x132-1.png\",\"width\":768,\"height\":132,\"caption\":\"Conimcert E-Store\"},\"image\":{\"@id\":\"https:\\\/\\\/store.conimcert.com\\\/#\\\/schema\\\/logo\\\/image\\\/\"}}]}<\/script>\n<!-- \/ Yoast SEO plugin. -->","yoast_head_json":{"title":"Terms and Conditions - Conimcert E-Store","robots":{"index":"index","follow":"follow","max-snippet":"max-snippet:-1","max-image-preview":"max-image-preview:large","max-video-preview":"max-video-preview:-1"},"canonical":"https:\/\/store.conimcert.com\/az\/terms-and-conditions\/","og_locale":"az_AZ","og_type":"article","og_title":"Terms and Conditions - Conimcert E-Store","og_description":"Last Updated: 16.07.2025 Welcome to the official website of CONIM Store. Use of this site is governed by the Terms and Conditions set forth below. PLEASE READ THESE TERMS CAREFULLY BEFORE USING THIS WEBSITE. By accessing, browsing, or downloading content from this website, you agree to abide by the terms and conditions contained herein, which [&hellip;]","og_url":"https:\/\/store.conimcert.com\/az\/terms-and-conditions\/","og_site_name":"Conimcert E-Store","article_modified_time":"2025-07-21T10:20:56+00:00","twitter_card":"summary_large_image","twitter_misc":{"Est. reading time":"4 minutes"},"schema":{"@context":"https:\/\/schema.org","@graph":[{"@type":"WebPage","@id":"https:\/\/store.conimcert.com\/terms-and-conditions\/","url":"https:\/\/store.conimcert.com\/terms-and-conditions\/","name":"Terms and Conditions - Conimcert E-Store","isPartOf":{"@id":"https:\/\/store.conimcert.com\/#website"},"datePublished":"2025-07-21T10:19:33+00:00","dateModified":"2025-07-21T10:20:56+00:00","breadcrumb":{"@id":"https:\/\/store.conimcert.com\/terms-and-conditions\/#breadcrumb"},"inLanguage":"az","potentialAction":[{"@type":"ReadAction","target":["https:\/\/store.conimcert.com\/terms-and-conditions\/"]}]},{"@type":"BreadcrumbList","@id":"https:\/\/store.conimcert.com\/terms-and-conditions\/#breadcrumb","itemListElement":[{"@type":"ListItem","position":1,"name":"Home","item":"https:\/\/store.conimcert.com\/"},{"@type":"ListItem","position":2,"name":"Terms and Conditions"}]},{"@type":"WebSite","@id":"https:\/\/store.conimcert.com\/#website","url":"https:\/\/store.conimcert.com\/","name":"Conimcert E-Store","description":"","publisher":{"@id":"https:\/\/store.conimcert.com\/#organization"},"potentialAction":[{"@type":"SearchAction","target":{"@type":"EntryPoint","urlTemplate":"https:\/\/store.conimcert.com\/?s={search_term_string}"},"query-input":{"@type":"PropertyValueSpecification","valueRequired":true,"valueName":"search_term_string"}}],"inLanguage":"az"},{"@type":"Organization","@id":"https:\/\/store.conimcert.com\/#organization","name":"Conimcert E-Store","url":"https:\/\/store.conimcert.com\/","logo":{"@type":"ImageObject","inLanguage":"az","@id":"https:\/\/store.conimcert.com\/#\/schema\/logo\/image\/","url":"https:\/\/store.conimcert.com\/wp-content\/uploads\/2025\/07\/Conim-LOGO-768x132-1.png","contentUrl":"https:\/\/store.conimcert.com\/wp-content\/uploads\/2025\/07\/Conim-LOGO-768x132-1.png","width":768,"height":132,"caption":"Conimcert E-Store"},"image":{"@id":"https:\/\/store.conimcert.com\/#\/schema\/logo\/image\/"}}]}},"_links":{"self":[{"href":"https:\/\/store.conimcert.com\/az\/wp-json\/wp\/v2\/pages\/97","targetHints":{"allow":["GET"]}}],"collection":[{"href":"https:\/\/store.conimcert.com\/az\/wp-json\/wp\/v2\/pages"}],"about":[{"href":"https:\/\/store.conimcert.com\/az\/wp-json\/wp\/v2\/types\/page"}],"author":[{"embeddable":true,"href":"https:\/\/store.conimcert.com\/az\/wp-json\/wp\/v2\/users\/2"}],"replies":[{"embeddable":true,"href":"https:\/\/store.conimcert.com\/az\/wp-json\/wp\/v2\/comments?post=97"}],"version-history":[{"count":2,"href":"https:\/\/store.conimcert.com\/az\/wp-json\/wp\/v2\/pages\/97\/revisions"}],"predecessor-version":[{"id":101,"href":"https:\/\/store.conimcert.com\/az\/wp-json\/wp\/v2\/pages\/97\/revisions\/101"}],"wp:attachment":[{"href":"https:\/\/store.conimcert.com\/az\/wp-json\/wp\/v2\/media?parent=97"}],"curies":[{"name":"wp","href":"https:\/\/api.w.org\/{rel}","templated":true}]}}